{"id":11530,"date":"2021-10-21T15:03:53","date_gmt":"2021-10-21T19:03:53","guid":{"rendered":"https:\/\/www.carrefourfga.ca\/ticfga\/16\/?page_id=11530"},"modified":"2021-12-20T15:31:43","modified_gmt":"2021-12-20T20:31:43","slug":"a13","status":"publish","type":"page","link":"https:\/\/www.carrefourfga.ca\/ticfga\/16\/developpement-professionnel\/post-jpmv-2021\/bloc-a\/a13\/","title":{"rendered":"A13 &#8211; Capsules vid\u00e9o \u00e0 la rescousse du MAT-3051"},"content":{"rendered":"\n<style type=\"text\/css\" data-created_by=\"avia_inline_auto\" id=\"style-css-av-kc2mb8s5-ef0be15da7a34288d04334397018ecf9\">\n.avia-section.av-kc2mb8s5-ef0be15da7a34288d04334397018ecf9 .av-parallax .av-parallax-inner{\nbackground-repeat:no-repeat;\nbackground-image:url(https:\/\/www.carrefourfga.ca\/ticfga\/16\/wp-content\/uploads\/sites\/55\/2021\/06\/capsules-vide\u0301o1s.png);\nbackground-position:50% 100%;\nbackground-attachment:scroll;\n}\n.avia-section.av-kc2mb8s5-ef0be15da7a34288d04334397018ecf9 .av-section-color-overlay{\nopacity:0.5;\nbackground-color:#000000;\n}\n<\/style>\n<div id='av_section_1'  class='avia-section av-kc2mb8s5-ef0be15da7a34288d04334397018ecf9 main_color avia-section-default avia-no-border-styling  avia-builder-el-0  el_before_av_hr  avia-builder-el-first  avia-full-stretch av-parallax-section avia-bg-style-parallax av-section-color-overlay-active container_wrap sidebar_right'  data-section-bg-repeat='stretch'><div class='av-parallax' data-avia-parallax-ratio='0.3' ><div class='av-parallax-inner main_color avia-full-stretch'><\/div><\/div><div class=\"av-section-color-overlay-wrap\"><div class=\"av-section-color-overlay\"><\/div><div class='container av-section-cont-open' ><main  role=\"main\" itemprop=\"mainContentOfPage\"  class='template-page content  av-content-small alpha units'><div class='post-entry post-entry-type-page post-entry-11530'><div class='entry-content-wrapper clearfix'><\/div><\/div><\/main><!-- close content main element --><\/div><\/div><\/div><div id='after_section_1'  class='main_color av_default_container_wrap container_wrap sidebar_right'  ><div class='container av-section-cont-open' ><div class='template-page content  av-content-small alpha units'><div class='post-entry post-entry-type-page post-entry-11530'><div class='entry-content-wrapper clearfix'>\n<div  class='hr av-mmasq9-b5393e5734702f536109f72a154796be hr-default  avia-builder-el-1  el_after_av_section  el_before_av_textblock  avia-builder-el-first '><span class='hr-inner '><span class=\"hr-inner-style\"><\/span><\/span><\/div>\n<section  class='av_textblock_section av-2iojx4-4ea608dd2b702aaa196ddd9a7f30e282 '   itemscope=\"itemscope\" itemtype=\"https:\/\/schema.org\/CreativeWork\" ><div class='avia_textblock'  itemprop=\"text\" ><h3>Capsules vid\u00e9o \u00e0 la rescousse du MAT-3051<\/h3>\n<p>Math\u00e9matique<\/p>\n<\/div><\/section>\n\n<style type=\"text\/css\" data-created_by=\"avia_inline_auto\" id=\"style-css-av-kuyfjd53-6ec413cecd56e2d5811a607ec81bbd6a\">\n#top .hr.av-kuyfjd53-6ec413cecd56e2d5811a607ec81bbd6a{\nmargin-top:10;\nmargin-bottom:10;\n}\n.hr.av-kuyfjd53-6ec413cecd56e2d5811a607ec81bbd6a .hr-inner{\nwidth:50px;\n}\n<\/style>\n<div  class='hr av-kuyfjd53-6ec413cecd56e2d5811a607ec81bbd6a hr-custom  avia-builder-el-3  el_after_av_textblock  el_before_av_textblock  hr-center hr-icon-no'><span class='hr-inner inner-border-av-border-thin'><span class=\"hr-inner-style\"><\/span><\/span><\/div>\n<section  class='av_textblock_section av-2iojx4-4ea608dd2b702aaa196ddd9a7f30e282 '   itemscope=\"itemscope\" itemtype=\"https:\/\/schema.org\/CreativeWork\" ><div class='avia_textblock'  itemprop=\"text\" ><h4 style=\"color: #0f9de8;\">Genevi\u00e8ve Beauvais<\/h4>\n<h5>Enseignante<\/h5>\n<p><em>Centre de services scolaire des Sommets<\/em><\/p>\n<hr \/>\n<\/div><\/section>\n<section  class='av_textblock_section av-2iojx4-4ea608dd2b702aaa196ddd9a7f30e282 '   itemscope=\"itemscope\" itemtype=\"https:\/\/schema.org\/CreativeWork\" ><div class='avia_textblock'  itemprop=\"text\" ><p>Pr\u00e9sentation du projet r\u00e9alis\u00e9 au Centre d&#8217;\u00c9ducation des Adultes de Val-des-Sources afin d&#8217;aider les \u00e9l\u00e8ves \u00e0 r\u00e9ussir le MAT-3051 plus rapidement!<br \/>\nCe projet de petites capsules vid\u00e9o (pr\u00e8s d&#8217;une soixantaine!) est n\u00e9 du fait que, malgr\u00e9 que les \u00e9l\u00e8ves compl\u00e9taient leur manuel de MAT-3051, ils ne maitrisaient pas les comp\u00e9tences de base afin d&#8217;\u00eatre en mesure de bien r\u00e9ussir le cours. Pour pallier cette situation, j&#8217;ai d\u00e9cid\u00e9 de recourir au manuel de math\u00e9matique d\u00e9contextualis\u00e9e, de faire des capsules vid\u00e9o et de compl\u00e9ter avec le manuel &#8220;Intervalle&#8221;. Lors de cet atelier, le projet sera pr\u00e9sent\u00e9 et les ressources seront partag\u00e9es.<\/p>\n<\/div><\/section>\n\n<style type=\"text\/css\" data-created_by=\"avia_inline_auto\" id=\"style-css-av-11uxqx6-27b31bbd6dc6d20db5fa8109e1ec84a7\">\n.flex_column.av-11uxqx6-27b31bbd6dc6d20db5fa8109e1ec84a7{\nborder-radius:0px 0px 0px 0px;\npadding:0px 0px 0px 0px;\n}\n<\/style>\n<div  class='flex_column av-11uxqx6-27b31bbd6dc6d20db5fa8109e1ec84a7 av_one_half  avia-builder-el-6  el_after_av_textblock  el_before_av_one_half  first flex_column_div av-zero-column-padding  column-top-margin'     ><\/div>\n\n<style type=\"text\/css\" data-created_by=\"avia_inline_auto\" id=\"style-css-av-rmgkmi-4542ec4871e90887958707275c0e7304\">\n.flex_column.av-rmgkmi-4542ec4871e90887958707275c0e7304{\nborder-radius:0px 0px 0px 0px;\npadding:0px 0px 0px 0px;\n}\n<\/style>\n<div  class='flex_column av-rmgkmi-4542ec4871e90887958707275c0e7304 av_one_half  avia-builder-el-8  el_after_av_one_half  el_before_av_hr  flex_column_div av-zero-column-padding  column-top-margin'     ><br \/>\n<div  class='avia-button-wrap av-kxf4jeh0-2ecde6e0b8eea4e7e4e24be3467e6489-wrap avia-button-center  avia-builder-el-10  el_after_av_codeblock  el_before_av_button '><a href='https:\/\/csdessommets-my.sharepoint.com\/:w:\/g\/personal\/genevieve_beauvais_csdessommets_qc_ca\/Ef0T44BJzp5CrfNqk7TxxXYB3FhOFNkE2YRA0fJHH-NbIw?rtime=5J_MR_bD2Ug'  class='avia-button av-kxf4jeh0-2ecde6e0b8eea4e7e4e24be3467e6489 avia-icon_select-yes-left-icon avia-size-small avia-position-center avia-color-theme-color'  ><span class='avia_button_icon avia_button_icon_left' aria-hidden='true' data-av_icon='\ue822' data-av_iconfont='entypo-fontello'><\/span><span class='avia_iconbox_title' >Feuille de route<\/span><\/a><\/div><br \/>\n<div  class='avia-button-wrap av-kxf4jeh0-676858c87c6d1af2e00a4576d19f3ab1-wrap avia-button-center  avia-builder-el-11  el_after_av_button  el_before_av_button '><a href='https:\/\/moodle.recitfga.ca\/course\/view.php?id=2675'  class='avia-button av-kxf4jeh0-676858c87c6d1af2e00a4576d19f3ab1 avia-icon_select-yes-left-icon avia-size-small avia-position-center avia-color-theme-color'  ><span class='avia_button_icon avia_button_icon_left' aria-hidden='true' data-av_icon='\ue822' data-av_iconfont='entypo-fontello'><\/span><span class='avia_iconbox_title' >Cours Moodle FGA<\/span><\/a><\/div><br \/>\n<div  class='avia-button-wrap av-kxf4jeh0-6a54e49c498cafcf4eef5b15a704a7df-wrap avia-button-center  avia-builder-el-12  el_after_av_button  el_before_av_button '><a href='https:\/\/moodle.recitfga.ca\/course\/view.php?id=2839'  class='avia-button av-kxf4jeh0-6a54e49c498cafcf4eef5b15a704a7df avia-icon_select-yes-left-icon avia-size-small avia-position-center avia-color-theme-color'  ><span class='avia_button_icon avia_button_icon_left' aria-hidden='true' data-av_icon='\ue822' data-av_iconfont='entypo-fontello'><\/span><span class='avia_iconbox_title' >Cours Moodle FGA - Cl\u00e9 : Soleil1<\/span><\/a><\/div><br \/>\n<div  class='avia-button-wrap av-kxf4jeh0-ca245025d0d882918bb3bbd33fd95988-wrap avia-button-center  avia-builder-el-13  el_after_av_button  el_before_av_button '><a href='https:\/\/www.youtube.com\/channel\/UCEWGMOv1BMeVTysieFOS0NQ\/videos'  class='avia-button av-kxf4jeh0-ca245025d0d882918bb3bbd33fd95988 avia-icon_select-yes-left-icon avia-size-small avia-position-center avia-color-theme-color'  ><span class='avia_button_icon avia_button_icon_left' aria-hidden='true' data-av_icon='\ue822' data-av_iconfont='entypo-fontello'><\/span><span class='avia_iconbox_title' >Cha\u00eene Youtube<\/span><\/a><\/div><br \/>\n<div  class='avia-button-wrap av-kxf4jeh0-8acaa961c99e94782de18aaf52f9e02a-wrap avia-button-center  avia-builder-el-14  el_after_av_button  avia-builder-el-last '><a href='http:\/\/matfga.weebly.com\/cahiers-de-math.html'  class='avia-button av-kxf4jeh0-8acaa961c99e94782de18aaf52f9e02a avia-icon_select-yes-left-icon avia-size-small avia-position-center avia-color-theme-color'  ><span class='avia_button_icon avia_button_icon_left' aria-hidden='true' data-av_icon='\ue822' data-av_iconfont='entypo-fontello'><\/span><span class='avia_iconbox_title' >Cahiers d\u00e9contextualis\u00e9s<\/span><\/a><\/div><\/p><\/div><div  class='hr av-rko9kh-060e468589f3275007bb5a7db7798c46 hr-default  avia-builder-el-15  el_after_av_one_half  el_before_av_button '><span class='hr-inner '><span class=\"hr-inner-style\"><\/span><\/span><\/div><\/p>\n<div  class='avia-button-wrap av-ksz9n4x7-dc7908295f422331f07b53fb5c272112-wrap avia-button-center  avia-builder-el-16  el_after_av_hr  avia-builder-el-last '><a href='https:\/\/www.carrefourfga.ca\/ticfga\/16\/developpement-professionnel\/post-jpmv-2021\/'  class='avia-button av-ksz9n4x7-dc7908295f422331f07b53fb5c272112 avia-icon_select-yes-left-icon avia-size-medium avia-position-center avia-color-theme-color'  ><span class='avia_button_icon avia_button_icon_left' aria-hidden='true' data-av_icon='\ue84e' data-av_iconfont='entypo-fontello'><\/span><span class='avia_iconbox_title' >Revenir au programme<\/span><\/a><\/div>\n","protected":false},"excerpt":{"rendered":"","protected":false},"author":20,"featured_media":0,"parent":11316,"menu_order":13,"comment_status":"closed","ping_status":"closed","template":"","meta":{"footnotes":""},"class_list":["post-11530","page","type-page","status-publish","hentry"],"rttpg_featured_image_url":null,"rttpg_author":{"display_name":"Laurent Demers","author_link":"https:\/\/www.carrefourfga.ca\/ticfga\/16\/author\/ldemers\/"},"rttpg_comment":0,"rttpg_category":null,"rttpg_excerpt":null,"_links":{"self":[{"href":"https:\/\/www.carrefourfga.ca\/ticfga\/16\/wp-json\/wp\/v2\/pages\/11530"}],"collection":[{"href":"https:\/\/www.carrefourfga.ca\/ticfga\/16\/wp-json\/wp\/v2\/pages"}],"about":[{"href":"https:\/\/www.carrefourfga.ca\/ticfga\/16\/wp-json\/wp\/v2\/types\/page"}],"author":[{"embeddable":true,"href":"https:\/\/www.carrefourfga.ca\/ticfga\/16\/wp-json\/wp\/v2\/users\/20"}],"replies":[{"embeddable":true,"href":"https:\/\/www.carrefourfga.ca\/ticfga\/16\/wp-json\/wp\/v2\/comments?post=11530"}],"version-history":[{"count":18,"href":"https:\/\/www.carrefourfga.ca\/ticfga\/16\/wp-json\/wp\/v2\/pages\/11530\/revisions"}],"predecessor-version":[{"id":13003,"href":"https:\/\/www.carrefourfga.ca\/ticfga\/16\/wp-json\/wp\/v2\/pages\/11530\/revisions\/13003"}],"up":[{"embeddable":true,"href":"https:\/\/www.carrefourfga.ca\/ticfga\/16\/wp-json\/wp\/v2\/pages\/11316"}],"wp:attachment":[{"href":"https:\/\/www.carrefourfga.ca\/ticfga\/16\/wp-json\/wp\/v2\/media?parent=11530"}],"curies":[{"name":"wp","href":"https:\/\/api.w.org\/{rel}","templated":true}]}}