{"id":11457,"date":"2021-10-21T14:41:26","date_gmt":"2021-10-21T18:41:26","guid":{"rendered":"https:\/\/www.carrefourfga.ca\/ticfga\/16\/?page_id=11457"},"modified":"2022-01-24T18:35:46","modified_gmt":"2022-01-24T23:35:46","slug":"b11","status":"publish","type":"page","link":"https:\/\/www.carrefourfga.ca\/ticfga\/16\/developpement-professionnel\/post-jpmv-2021\/bloc-b2\/b11\/","title":{"rendered":"B11 &#8211; Cours cl\u00e9 en main : INF-5052-2 Introduction \u00e0 la programmation et \u00e0 la robotique"},"content":{"rendered":"\n<style type=\"text\/css\" data-created_by=\"avia_inline_auto\" id=\"style-css-av-kc2mb8s5-ef0be15da7a34288d04334397018ecf9\">\n.avia-section.av-kc2mb8s5-ef0be15da7a34288d04334397018ecf9 .av-parallax .av-parallax-inner{\nbackground-repeat:no-repeat;\nbackground-image:url(https:\/\/www.carrefourfga.ca\/ticfga\/16\/wp-content\/uploads\/sites\/55\/2021\/06\/capsules-vide\u0301o1s.png);\nbackground-position:50% 100%;\nbackground-attachment:scroll;\n}\n.avia-section.av-kc2mb8s5-ef0be15da7a34288d04334397018ecf9 .av-section-color-overlay{\nopacity:0.5;\nbackground-color:#000000;\n}\n<\/style>\n<div id='av_section_1'  class='avia-section av-kc2mb8s5-ef0be15da7a34288d04334397018ecf9 main_color avia-section-default avia-no-border-styling  avia-builder-el-0  el_before_av_hr  avia-builder-el-first  avia-full-stretch av-parallax-section avia-bg-style-parallax av-section-color-overlay-active container_wrap sidebar_right'  data-section-bg-repeat='stretch'><div class='av-parallax' data-avia-parallax-ratio='0.3' ><div class='av-parallax-inner main_color avia-full-stretch'><\/div><\/div><div class=\"av-section-color-overlay-wrap\"><div class=\"av-section-color-overlay\"><\/div><div class='container av-section-cont-open' ><main  role=\"main\" itemprop=\"mainContentOfPage\"  class='template-page content  av-content-small alpha units'><div class='post-entry post-entry-type-page post-entry-11457'><div class='entry-content-wrapper clearfix'><\/div><\/div><\/main><!-- close content main element --><\/div><\/div><\/div><div id='after_section_1'  class='main_color av_default_container_wrap container_wrap sidebar_right'  ><div class='container av-section-cont-open' ><div class='template-page content  av-content-small alpha units'><div class='post-entry post-entry-type-page post-entry-11457'><div class='entry-content-wrapper clearfix'>\n<div  class='hr av-mmasq9-b5393e5734702f536109f72a154796be hr-default  avia-builder-el-1  el_after_av_section  el_before_av_textblock  avia-builder-el-first '><span class='hr-inner '><span class=\"hr-inner-style\"><\/span><\/span><\/div>\n<section  class='av_textblock_section av-2iojx4-4ea608dd2b702aaa196ddd9a7f30e282 '   itemscope=\"itemscope\" itemtype=\"https:\/\/schema.org\/CreativeWork\" ><div class='avia_textblock'  itemprop=\"text\" ><h3>Cours cl\u00e9 en main : INF-5052-2 Introduction \u00e0 la programmation et \u00e0 la robotique<\/h3>\n<p>Informatique<\/p>\n<\/div><\/section>\n\n<style type=\"text\/css\" data-created_by=\"avia_inline_auto\" id=\"style-css-av-kuyfjd53-6ec413cecd56e2d5811a607ec81bbd6a\">\n#top .hr.av-kuyfjd53-6ec413cecd56e2d5811a607ec81bbd6a{\nmargin-top:10;\nmargin-bottom:10;\n}\n.hr.av-kuyfjd53-6ec413cecd56e2d5811a607ec81bbd6a .hr-inner{\nwidth:50px;\n}\n<\/style>\n<div  class='hr av-kuyfjd53-6ec413cecd56e2d5811a607ec81bbd6a hr-custom  avia-builder-el-3  el_after_av_textblock  el_before_av_textblock  hr-center hr-icon-no'><span class='hr-inner inner-border-av-border-thin'><span class=\"hr-inner-style\"><\/span><\/span><\/div>\n<section  class='av_textblock_section av-2iojx4-4ea608dd2b702aaa196ddd9a7f30e282 '   itemscope=\"itemscope\" itemtype=\"https:\/\/schema.org\/CreativeWork\" ><div class='avia_textblock'  itemprop=\"text\" ><h4 style=\"color: #0f9de8;\">Ga\u00e9tan Villemure<\/h4>\n<h5>Enseignant<\/h5>\n<p><em>Centre de services scolaire des Hautes-Rivi\u00e8res<\/em><\/p>\n<hr \/>\n<\/div><\/section>\n<section  class='av_textblock_section av-2iojx4-4ea608dd2b702aaa196ddd9a7f30e282 '   itemscope=\"itemscope\" itemtype=\"https:\/\/schema.org\/CreativeWork\" ><div class='avia_textblock'  itemprop=\"text\" ><p>But de l&#8217;atelier :<\/p>\n<p>&#8211; donner un aper\u00e7u des diff\u00e9rentes sections de ce cours cl\u00e9 en main;<br \/>\n&#8211; d\u00e9montrer quelques d\u00e9fis que les \u00e9l\u00e8ves ont \u00e0 relever;<br \/>\n&#8211; donner les lignes directrices de l&#8217;inscription et de l&#8217;\u00e9valuation finale.<\/p>\n<p>Ce cours est structur\u00e9 autour de d\u00e9fis. Ceux-ci permettent d\u2019int\u00e9grer de nouveaux &#8220;blocs&#8221; ou fonctions de programmation. L\u2019accent est mis sur la d\u00e9marche de r\u00e9solution de probl\u00e8me (comprendre, planifier, ex\u00e9cuter et r\u00e9fl\u00e9chir). Diff\u00e9rents robots et langages de programmation y sont utilis\u00e9s (Toxicode, Scratch, Ozobot et Microbit).<\/p>\n<p>Bon atelier!<\/p>\n<\/div><\/section>\n\n<style type=\"text\/css\" data-created_by=\"avia_inline_auto\" id=\"style-css-av-zr0z8h-96cae40db631a6507237599c776c5022\">\n.flex_column.av-zr0z8h-96cae40db631a6507237599c776c5022{\nborder-radius:0px 0px 0px 0px;\npadding:0px 0px 0px 0px;\n}\n<\/style>\n<div  class='flex_column av-zr0z8h-96cae40db631a6507237599c776c5022 av_one_half  avia-builder-el-6  el_after_av_textblock  el_before_av_one_half  first flex_column_div av-zero-column-padding  column-top-margin'     ><\/div>\n\n<style type=\"text\/css\" data-created_by=\"avia_inline_auto\" id=\"style-css-av-sy38yp-11b2e0b68a0fc2a350cddbe387812b5e\">\n.flex_column.av-sy38yp-11b2e0b68a0fc2a350cddbe387812b5e{\nborder-radius:0px 0px 0px 0px;\npadding:0px 0px 0px 0px;\n}\n<\/style>\n<div  class='flex_column av-sy38yp-11b2e0b68a0fc2a350cddbe387812b5e av_one_half  avia-builder-el-8  el_after_av_one_half  el_before_av_hr  flex_column_div av-zero-column-padding  column-top-margin'     ><p><div  class='avia-button-wrap av-kyt86p3r-be5e7a7430012d3ab945ff04126ecbc5-wrap avia-button-center  avia-builder-el-9  el_before_av_button  avia-builder-el-first '><a href='https:\/\/moodle.recitfga.ca\/course\/view.php?id=2493'  class='avia-button av-kyt86p3r-be5e7a7430012d3ab945ff04126ecbc5 avia-icon_select-yes-left-icon avia-size-small avia-position-center avia-color-theme-color'  ><span class='avia_button_icon avia_button_icon_left' aria-hidden='true' data-av_icon='\ue822' data-av_iconfont='entypo-fontello'><\/span><span class='avia_iconbox_title' >Cours Moodle<\/span><\/a><\/div><br \/>\n<div  class='avia-button-wrap av-kxf6z9xr-85b0f74c66f3c4e8193fb5f30dfdc0a5-wrap avia-button-center  avia-builder-el-10  el_after_av_button  el_before_av_button '><a href='https:\/\/www.technext.fr\/distribution?pgid=kn4e4xth-7b002139-9a3b-41bb-a94c-562af7565c35'  class='avia-button av-kxf6z9xr-85b0f74c66f3c4e8193fb5f30dfdc0a5 avia-icon_select-yes-left-icon avia-size-small avia-position-center avia-color-theme-color'  ><span class='avia_button_icon avia_button_icon_left' aria-hidden='true' data-av_icon='\ue822' data-av_iconfont='entypo-fontello'><\/span><span class='avia_iconbox_title' >Les produits - Ozobot<\/span><\/a><\/div><br \/>\n<div  class='avia-button-wrap av-kxf6z9xr-a8558fc4daa45c5d43996e606ccf080e-wrap avia-button-center  avia-builder-el-11  el_after_av_button  el_before_av_button '><a href='https:\/\/ozoblockly.com\/editor?lang=fr&amp;robot=evo&amp;mode=1'  class='avia-button av-kxf6z9xr-a8558fc4daa45c5d43996e606ccf080e avia-icon_select-yes-left-icon avia-size-small avia-position-center avia-color-theme-color'  ><span class='avia_button_icon avia_button_icon_left' aria-hidden='true' data-av_icon='\ue822' data-av_iconfont='entypo-fontello'><\/span><span class='avia_iconbox_title' >Ozoblockly<\/span><\/a><\/div><br \/>\n<div  class='avia-button-wrap av-kxf6z9xr-f471997b8d136acc60d02789f6ef4fe1-wrap avia-button-center  avia-builder-el-12  el_after_av_button  el_before_av_button '><a href='https:\/\/compute-it.toxicode.fr\/'  class='avia-button av-kxf6z9xr-f471997b8d136acc60d02789f6ef4fe1 avia-icon_select-yes-left-icon avia-size-small avia-position-center avia-color-theme-color'  ><span class='avia_button_icon avia_button_icon_left' aria-hidden='true' data-av_icon='\ue822' data-av_iconfont='entypo-fontello'><\/span><span class='avia_iconbox_title' >Compute-it<\/span><\/a><\/div><br \/>\n<div  class='avia-button-wrap av-kxf6z9xr-db434101539ebaa169ea496750af6dc9-wrap avia-button-center  avia-builder-el-13  el_after_av_button  el_before_av_button '><a href='https:\/\/scratch.mit.edu\/'  class='avia-button av-kxf6z9xr-db434101539ebaa169ea496750af6dc9 avia-icon_select-yes-left-icon avia-size-small avia-position-center avia-color-theme-color'  ><span class='avia_button_icon avia_button_icon_left' aria-hidden='true' data-av_icon='\ue822' data-av_iconfont='entypo-fontello'><\/span><span class='avia_iconbox_title' >Scratch<\/span><\/a><\/div><br \/>\n<div  class='avia-button-wrap av-kxf6z9xr-3a756c6cb9e08553efe1933b5b3f7988-wrap avia-button-center  avia-builder-el-14  el_after_av_button  avia-builder-el-last '><a href='https:\/\/can01.safelinks.protection.outlook.com\/?url=https%3A%2F%2Fsti2d.ecolelamache.org%2Fi_prsentation_de_la_carte_microbit.html&amp;data=04%7C01%7Cmironl1%40csvt.qc.ca%7C65007a688fc44171011708d9aacc9d7a%7C00819708a9ac461088047191779f2d53%7C0%7C1%7C637728618064383641%7CUnknown%7CTWFpbGZsb3d8eyJWIjoiMC4wLjAwMDAiLCJQIjoiV2luMzIiLCJBTiI6Ik1haWwiLCJXVCI6Mn0%3D%7C1000&amp;sdata=Pf8AhRJqmi1kjTDUgCi2%2B7GKd28DMbHQTqY2MJ4X3YY%3D&amp;reserved=0'  class='avia-button av-kxf6z9xr-3a756c6cb9e08553efe1933b5b3f7988 avia-icon_select-yes-left-icon avia-size-small avia-position-center avia-color-theme-color'  ><span class='avia_button_icon avia_button_icon_left' aria-hidden='true' data-av_icon='\ue822' data-av_iconfont='entypo-fontello'><\/span><span class='avia_iconbox_title' >Bac STI 2D - Micro:bit<\/span><\/a><\/div><\/p><\/div><div  class='hr av-rko9kh-060e468589f3275007bb5a7db7798c46 hr-default  avia-builder-el-15  el_after_av_one_half  el_before_av_button '><span class='hr-inner '><span class=\"hr-inner-style\"><\/span><\/span><\/div><\/p>\n<div  class='avia-button-wrap av-ksz9n4x7-dc7908295f422331f07b53fb5c272112-wrap avia-button-center  avia-builder-el-16  el_after_av_hr  avia-builder-el-last '><a href='https:\/\/www.carrefourfga.ca\/ticfga\/16\/developpement-professionnel\/post-jpmv-2021\/'  class='avia-button av-ksz9n4x7-dc7908295f422331f07b53fb5c272112 avia-icon_select-yes-left-icon avia-size-medium avia-position-center avia-color-theme-color'  ><span class='avia_button_icon avia_button_icon_left' aria-hidden='true' data-av_icon='\ue84e' data-av_iconfont='entypo-fontello'><\/span><span class='avia_iconbox_title' >Revenir au programme<\/span><\/a><\/div>\n","protected":false},"excerpt":{"rendered":"","protected":false},"author":20,"featured_media":0,"parent":11220,"menu_order":11,"comment_status":"closed","ping_status":"closed","template":"","meta":{"footnotes":""},"class_list":["post-11457","page","type-page","status-publish","hentry"],"rttpg_featured_image_url":null,"rttpg_author":{"display_name":"Laurent Demers","author_link":"https:\/\/www.carrefourfga.ca\/ticfga\/16\/author\/ldemers\/"},"rttpg_comment":0,"rttpg_category":null,"rttpg_excerpt":null,"_links":{"self":[{"href":"https:\/\/www.carrefourfga.ca\/ticfga\/16\/wp-json\/wp\/v2\/pages\/11457"}],"collection":[{"href":"https:\/\/www.carrefourfga.ca\/ticfga\/16\/wp-json\/wp\/v2\/pages"}],"about":[{"href":"https:\/\/www.carrefourfga.ca\/ticfga\/16\/wp-json\/wp\/v2\/types\/page"}],"author":[{"embeddable":true,"href":"https:\/\/www.carrefourfga.ca\/ticfga\/16\/wp-json\/wp\/v2\/users\/20"}],"replies":[{"embeddable":true,"href":"https:\/\/www.carrefourfga.ca\/ticfga\/16\/wp-json\/wp\/v2\/comments?post=11457"}],"version-history":[{"count":16,"href":"https:\/\/www.carrefourfga.ca\/ticfga\/16\/wp-json\/wp\/v2\/pages\/11457\/revisions"}],"predecessor-version":[{"id":14416,"href":"https:\/\/www.carrefourfga.ca\/ticfga\/16\/wp-json\/wp\/v2\/pages\/11457\/revisions\/14416"}],"up":[{"embeddable":true,"href":"https:\/\/www.carrefourfga.ca\/ticfga\/16\/wp-json\/wp\/v2\/pages\/11220"}],"wp:attachment":[{"href":"https:\/\/www.carrefourfga.ca\/ticfga\/16\/wp-json\/wp\/v2\/media?parent=11457"}],"curies":[{"name":"wp","href":"https:\/\/api.w.org\/{rel}","templated":true}]}}