{"id":11455,"date":"2021-10-21T14:26:54","date_gmt":"2021-10-21T18:26:54","guid":{"rendered":"https:\/\/www.carrefourfga.ca\/ticfga\/16\/?page_id=11455"},"modified":"2021-12-20T12:50:29","modified_gmt":"2021-12-20T17:50:29","slug":"a07","status":"publish","type":"page","link":"https:\/\/www.carrefourfga.ca\/ticfga\/16\/developpement-professionnel\/post-jpmv-2021\/bloc-a\/a07\/","title":{"rendered":"A07 &#8211; Enseigner en fran\u00e7ais \u00e0 la FGA : postures enseignantes et difficult\u00e9s"},"content":{"rendered":"\n<style type=\"text\/css\" data-created_by=\"avia_inline_auto\" id=\"style-css-av-kc2mb8s5-ef0be15da7a34288d04334397018ecf9\">\n.avia-section.av-kc2mb8s5-ef0be15da7a34288d04334397018ecf9 .av-parallax .av-parallax-inner{\nbackground-repeat:no-repeat;\nbackground-image:url(https:\/\/www.carrefourfga.ca\/ticfga\/16\/wp-content\/uploads\/sites\/55\/2021\/06\/capsules-vide\u0301o1s.png);\nbackground-position:50% 100%;\nbackground-attachment:scroll;\n}\n.avia-section.av-kc2mb8s5-ef0be15da7a34288d04334397018ecf9 .av-section-color-overlay{\nopacity:0.5;\nbackground-color:#000000;\n}\n<\/style>\n<div id='av_section_1'  class='avia-section av-kc2mb8s5-ef0be15da7a34288d04334397018ecf9 main_color avia-section-default avia-no-border-styling  avia-builder-el-0  el_before_av_hr  avia-builder-el-first  avia-full-stretch av-parallax-section avia-bg-style-parallax av-section-color-overlay-active container_wrap sidebar_right'  data-section-bg-repeat='stretch'><div class='av-parallax' data-avia-parallax-ratio='0.3' ><div class='av-parallax-inner main_color avia-full-stretch'><\/div><\/div><div class=\"av-section-color-overlay-wrap\"><div class=\"av-section-color-overlay\"><\/div><div class='container av-section-cont-open' ><main  role=\"main\" itemprop=\"mainContentOfPage\"  class='template-page content  av-content-small alpha units'><div class='post-entry post-entry-type-page post-entry-11455'><div class='entry-content-wrapper clearfix'>\n<\/div><\/div><\/main><!-- close content main element --><\/div><\/div><\/div><div id='after_section_1'  class='main_color av_default_container_wrap container_wrap sidebar_right'  ><div class='container av-section-cont-open' ><div class='template-page content  av-content-small alpha units'><div class='post-entry post-entry-type-page post-entry-11455'><div class='entry-content-wrapper clearfix'><div  class='hr av-mmasq9-b5393e5734702f536109f72a154796be hr-default  avia-builder-el-1  el_after_av_section  el_before_av_textblock  avia-builder-el-first '><span class='hr-inner '><span class=\"hr-inner-style\"><\/span><\/span><\/div><\/p>\n<section  class='av_textblock_section av-2iojx4-4ea608dd2b702aaa196ddd9a7f30e282 '   itemscope=\"itemscope\" itemtype=\"https:\/\/schema.org\/CreativeWork\" ><div class='avia_textblock'  itemprop=\"text\" ><h3>Enseigner en fran\u00e7ais \u00e0 la FGA : postures enseignantes et difficult\u00e9s<\/h3>\n<p>Fran\u00e7ais, langue d&#8217;enseignement<\/p>\n<\/div><\/section>\n\n<style type=\"text\/css\" data-created_by=\"avia_inline_auto\" id=\"style-css-av-kuyfjd53-6ec413cecd56e2d5811a607ec81bbd6a\">\n#top .hr.av-kuyfjd53-6ec413cecd56e2d5811a607ec81bbd6a{\nmargin-top:10;\nmargin-bottom:10;\n}\n.hr.av-kuyfjd53-6ec413cecd56e2d5811a607ec81bbd6a .hr-inner{\nwidth:50px;\n}\n<\/style>\n<div  class='hr av-kuyfjd53-6ec413cecd56e2d5811a607ec81bbd6a hr-custom  avia-builder-el-3  el_after_av_textblock  el_before_av_textblock  hr-center hr-icon-no'><span class='hr-inner inner-border-av-border-thin'><span class=\"hr-inner-style\"><\/span><\/span><\/div>\n<section  class='av_textblock_section av-2iojx4-4ea608dd2b702aaa196ddd9a7f30e282 '   itemscope=\"itemscope\" itemtype=\"https:\/\/schema.org\/CreativeWork\" ><div class='avia_textblock'  itemprop=\"text\" ><h4 style=\"color: #0f9de8;\">Brigitte Voyer<\/h4>\n<h5>Professeure<\/h5>\n<h6><span style=\"color: #ffffff;\">*<\/span><\/h6>\n<h4 style=\"color: #0f9de8;\">Jean-Pierre Mercier<\/h4>\n<h5>Professeur<\/h5>\n<p><em>Universit\u00e9 du Qu\u00e9bec \u00e0 Montr\u00e9al<\/em><\/p>\n<hr \/>\n<\/div><\/section>\n<section  class='av_textblock_section av-2iojx4-4ea608dd2b702aaa196ddd9a7f30e282 '   itemscope=\"itemscope\" itemtype=\"https:\/\/schema.org\/CreativeWork\" ><div class='avia_textblock'  itemprop=\"text\" ><p>Pour aider les adultes de la FGA \u00e0 lire et \u00e0 \u00e9crire le fran\u00e7ais, un groupe d\u2019enseignantes, de conseill\u00e8res p\u00e9dagogiques et de personnes chercheuses universitaires ont examin\u00e9 des situations d\u2019enseignement consid\u00e9r\u00e9es difficiles \u00e0 travers une recherche-action. Cette d\u00e9marche a permis d\u2019identifier des aspects positifs et des aspects pouvant \u00eatre am\u00e9lior\u00e9s dans la pratique des enseignantes participantes. L\u2019atelier fera \u00e9tat des principaux r\u00e9sultats de recherche qui mettront en relief trois postures d\u2019enseignement : l\u2019accompagnement, le contr\u00f4le et le laisser-faire. Durant l\u2019atelier qui laissera place aux \u00e9changes, deux questions seront soumises aux participants : vous reconnaissez-vous dans l\u2019une de ces postures et quelles conditions permettraient d\u2019am\u00e9liorer votre pratique d\u2019enseignement ?<\/p>\n<\/div><\/section>\n\n<style type=\"text\/css\" data-created_by=\"avia_inline_auto\" id=\"style-css-av-1fyo7jz-e9ba41321bf66d8a0180a2fad05c39a5\">\n.flex_column.av-1fyo7jz-e9ba41321bf66d8a0180a2fad05c39a5{\nborder-radius:0px 0px 0px 0px;\npadding:0px 0px 0px 0px;\n}\n<\/style>\n<div  class='flex_column av-1fyo7jz-e9ba41321bf66d8a0180a2fad05c39a5 av_one_half  avia-builder-el-6  el_after_av_textblock  el_before_av_one_half  first flex_column_div av-zero-column-padding  column-top-margin'     ><\/div>\n\n<style type=\"text\/css\" data-created_by=\"avia_inline_auto\" id=\"style-css-av-nzlhsv-63723b6e8b6f4a5995433403b8935c20\">\n.flex_column.av-nzlhsv-63723b6e8b6f4a5995433403b8935c20{\nborder-radius:0px 0px 0px 0px;\npadding:0px 0px 0px 0px;\n}\n<\/style>\n<div  class='flex_column av-nzlhsv-63723b6e8b6f4a5995433403b8935c20 av_one_half  avia-builder-el-8  el_after_av_one_half  el_before_av_hr  flex_column_div av-zero-column-padding  column-top-margin'     ><p>\n<style type=\"text\/css\" data-created_by=\"avia_inline_auto\" id=\"style-css-av-kxaxs5va-5ca60a70525083d64b00fe1f8d7f2870\">\n.avia-image-container.av-kxaxs5va-5ca60a70525083d64b00fe1f8d7f2870 img.avia_image{\nbox-shadow:none;\n}\n.avia-image-container.av-kxaxs5va-5ca60a70525083d64b00fe1f8d7f2870 .av-image-caption-overlay-center{\ncolor:#ffffff;\n}\n<\/style>\n<div  class='avia-image-container av-kxaxs5va-5ca60a70525083d64b00fe1f8d7f2870 av-styling- avia-align-center  avia-builder-el-9  el_before_av_textblock  avia-builder-el-first '   itemprop=\"image\" itemscope=\"itemscope\" itemtype=\"https:\/\/schema.org\/ImageObject\" ><div class=\"avia-image-container-inner\"><div class=\"avia-image-overlay-wrap\"><a href=\"https:\/\/fgamonteregie-my.sharepoint.com\/:b:\/g\/personal\/jpmv_fgamonteregie_qc_ca\/EQoU09xgrDpJm7k9HMMx5ncBWsPIKGfKM4tTH0-6VzxA1w?e=UDxJrZ\" class='avia_image' target=\"_blank\" rel=\"noopener noreferrer\" aria-label='A07-titre'><img fetchpriority=\"high\" fetchpriority=\"high\" decoding=\"async\" fetchpriority=\"high\" class='wp-image-12790 avia-img-lazy-loading-not-12790 avia_image ' src=\"https:\/\/www.carrefourfga.ca\/ticfga\/16\/wp-content\/uploads\/sites\/55\/2021\/12\/A07-titre.jpg\" alt='' title='A07-titre'  height=\"273\" width=\"368\"  itemprop=\"thumbnailUrl\"  \/><\/a><\/div><\/div><\/div><br \/>\n<section  class='av_textblock_section av-kxaxms2p-2570120dd34f31c9aa07cba2444dd3eb '   itemscope=\"itemscope\" itemtype=\"https:\/\/schema.org\/CreativeWork\" ><div class='avia_textblock'  itemprop=\"text\" ><p><a href=\"https:\/\/fgamonteregie-my.sharepoint.com\/:b:\/g\/personal\/jpmv_fgamonteregie_qc_ca\/EcEsg3979P1BvekJjHWBjd8BOI5s7Xsy7vKUtQ2Uf884eg?e=5Y9aDa\">Rapport de recherche &#8211; Programme actions concert\u00e9es<\/a><\/p>\n<p><a href=\"https:\/\/fgamonteregie-my.sharepoint.com\/:b:\/g\/personal\/jpmv_fgamonteregie_qc_ca\/ESL_v7V4joJMkImrDktz4HUBHi6BkCyqbrMb5mYEqlkgmQ?e=VVe0fR\">Rapport de recherche &#8211; Programme actions concert\u00e9es &#8211; R\u00e9sum\u00e9<\/a><\/p>\n<\/div><\/section><\/p><\/div>\n<div  class='hr av-rko9kh-060e468589f3275007bb5a7db7798c46 hr-default  avia-builder-el-11  el_after_av_one_half  el_before_av_button '><span class='hr-inner '><span class=\"hr-inner-style\"><\/span><\/span><\/div>\n<div  class='avia-button-wrap av-ksz9n4x7-dc7908295f422331f07b53fb5c272112-wrap avia-button-center  avia-builder-el-12  el_after_av_hr  avia-builder-el-last '><a href='https:\/\/www.carrefourfga.ca\/ticfga\/16\/developpement-professionnel\/post-jpmv-2021\/'  class='avia-button av-ksz9n4x7-dc7908295f422331f07b53fb5c272112 avia-icon_select-yes-left-icon avia-size-medium avia-position-center avia-color-theme-color'  ><span class='avia_button_icon avia_button_icon_left' aria-hidden='true' data-av_icon='\ue84e' data-av_iconfont='entypo-fontello'><\/span><span class='avia_iconbox_title' >Revenir au programme<\/span><\/a><\/div>\n","protected":false},"excerpt":{"rendered":"","protected":false},"author":20,"featured_media":0,"parent":11316,"menu_order":7,"comment_status":"closed","ping_status":"closed","template":"","meta":{"footnotes":""},"class_list":["post-11455","page","type-page","status-publish","hentry"],"rttpg_featured_image_url":null,"rttpg_author":{"display_name":"Laurent Demers","author_link":"https:\/\/www.carrefourfga.ca\/ticfga\/16\/author\/ldemers\/"},"rttpg_comment":0,"rttpg_category":null,"rttpg_excerpt":null,"_links":{"self":[{"href":"https:\/\/www.carrefourfga.ca\/ticfga\/16\/wp-json\/wp\/v2\/pages\/11455"}],"collection":[{"href":"https:\/\/www.carrefourfga.ca\/ticfga\/16\/wp-json\/wp\/v2\/pages"}],"about":[{"href":"https:\/\/www.carrefourfga.ca\/ticfga\/16\/wp-json\/wp\/v2\/types\/page"}],"author":[{"embeddable":true,"href":"https:\/\/www.carrefourfga.ca\/ticfga\/16\/wp-json\/wp\/v2\/users\/20"}],"replies":[{"embeddable":true,"href":"https:\/\/www.carrefourfga.ca\/ticfga\/16\/wp-json\/wp\/v2\/comments?post=11455"}],"version-history":[{"count":13,"href":"https:\/\/www.carrefourfga.ca\/ticfga\/16\/wp-json\/wp\/v2\/pages\/11455\/revisions"}],"predecessor-version":[{"id":12903,"href":"https:\/\/www.carrefourfga.ca\/ticfga\/16\/wp-json\/wp\/v2\/pages\/11455\/revisions\/12903"}],"up":[{"embeddable":true,"href":"https:\/\/www.carrefourfga.ca\/ticfga\/16\/wp-json\/wp\/v2\/pages\/11316"}],"wp:attachment":[{"href":"https:\/\/www.carrefourfga.ca\/ticfga\/16\/wp-json\/wp\/v2\/media?parent=11455"}],"curies":[{"name":"wp","href":"https:\/\/api.w.org\/{rel}","templated":true}]}}