{"id":11453,"date":"2021-10-21T14:28:16","date_gmt":"2021-10-21T18:28:16","guid":{"rendered":"https:\/\/www.carrefourfga.ca\/ticfga\/16\/?page_id=11453"},"modified":"2021-12-20T12:51:51","modified_gmt":"2021-12-20T17:51:51","slug":"a08","status":"publish","type":"page","link":"https:\/\/www.carrefourfga.ca\/ticfga\/16\/developpement-professionnel\/post-jpmv-2021\/bloc-a\/a08\/","title":{"rendered":"A08 &#8211; G\u00e9ographie r\u00e9gionale"},"content":{"rendered":"\n<style type=\"text\/css\" data-created_by=\"avia_inline_auto\" id=\"style-css-av-kc2mb8s5-ef0be15da7a34288d04334397018ecf9\">\n.avia-section.av-kc2mb8s5-ef0be15da7a34288d04334397018ecf9 .av-parallax .av-parallax-inner{\nbackground-repeat:no-repeat;\nbackground-image:url(https:\/\/www.carrefourfga.ca\/ticfga\/16\/wp-content\/uploads\/sites\/55\/2021\/06\/capsules-vide\u0301o1s.png);\nbackground-position:50% 100%;\nbackground-attachment:scroll;\n}\n.avia-section.av-kc2mb8s5-ef0be15da7a34288d04334397018ecf9 .av-section-color-overlay{\nopacity:0.5;\nbackground-color:#000000;\n}\n<\/style>\n<div id='av_section_1'  class='avia-section av-kc2mb8s5-ef0be15da7a34288d04334397018ecf9 main_color avia-section-default avia-no-border-styling  avia-builder-el-0  el_before_av_hr  avia-builder-el-first  avia-full-stretch av-parallax-section avia-bg-style-parallax av-section-color-overlay-active container_wrap sidebar_right'  data-section-bg-repeat='stretch'><div class='av-parallax' data-avia-parallax-ratio='0.3' ><div class='av-parallax-inner main_color avia-full-stretch'><\/div><\/div><div class=\"av-section-color-overlay-wrap\"><div class=\"av-section-color-overlay\"><\/div><div class='container av-section-cont-open' ><main  role=\"main\" itemprop=\"mainContentOfPage\"  class='template-page content  av-content-small alpha units'><div class='post-entry post-entry-type-page post-entry-11453'><div class='entry-content-wrapper clearfix'>\n<\/div><\/div><\/main><!-- close content main element --><\/div><\/div><\/div><div id='after_section_1'  class='main_color av_default_container_wrap container_wrap sidebar_right'  ><div class='container av-section-cont-open' ><div class='template-page content  av-content-small alpha units'><div class='post-entry post-entry-type-page post-entry-11453'><div class='entry-content-wrapper clearfix'><div  class='hr av-mmasq9-b5393e5734702f536109f72a154796be hr-default  avia-builder-el-1  el_after_av_section  el_before_av_textblock  avia-builder-el-first '><span class='hr-inner '><span class=\"hr-inner-style\"><\/span><\/span><\/div><\/p>\n<section  class='av_textblock_section av-2iojx4-4ea608dd2b702aaa196ddd9a7f30e282 '   itemscope=\"itemscope\" itemtype=\"https:\/\/schema.org\/CreativeWork\" ><div class='avia_textblock'  itemprop=\"text\" ><h3>G\u00e9ographie r\u00e9gionale<\/h3>\n<p>Univers social<\/p>\n<\/div><\/section>\n\n<style type=\"text\/css\" data-created_by=\"avia_inline_auto\" id=\"style-css-av-kuyfjd53-6ec413cecd56e2d5811a607ec81bbd6a\">\n#top .hr.av-kuyfjd53-6ec413cecd56e2d5811a607ec81bbd6a{\nmargin-top:10;\nmargin-bottom:10;\n}\n.hr.av-kuyfjd53-6ec413cecd56e2d5811a607ec81bbd6a .hr-inner{\nwidth:50px;\n}\n<\/style>\n<div  class='hr av-kuyfjd53-6ec413cecd56e2d5811a607ec81bbd6a hr-custom  avia-builder-el-3  el_after_av_textblock  el_before_av_textblock  hr-center hr-icon-no'><span class='hr-inner inner-border-av-border-thin'><span class=\"hr-inner-style\"><\/span><\/span><\/div>\n<section  class='av_textblock_section av-2iojx4-4ea608dd2b702aaa196ddd9a7f30e282 '   itemscope=\"itemscope\" itemtype=\"https:\/\/schema.org\/CreativeWork\" ><div class='avia_textblock'  itemprop=\"text\" ><h4 style=\"color: #0f9de8;\">Daphn\u00e9e Payment<\/h4>\n<h5>Enseignante<\/h5>\n<h6><span style=\"color: #ffffff;\">*<\/span><\/h6>\n<h4 style=\"color: #0f9de8;\">Marie-Armance Gouvastos<\/h4>\n<h5>Enseignante<\/h5>\n<p><em>Centre de services scolaire du Val-des-Cerfs<\/em><\/p>\n<hr \/>\n<\/div><\/section>\n<section  class='av_textblock_section av-2iojx4-4ea608dd2b702aaa196ddd9a7f30e282 '   itemscope=\"itemscope\" itemtype=\"https:\/\/schema.org\/CreativeWork\" ><div class='avia_textblock'  itemprop=\"text\" ><p>Nous vous pr\u00e9senterons notre nouveau cours de g\u00e9ographie r\u00e9gionale GEO-5101 <em>Population et \u00e9conomie<\/em>. Ce cours du domaine de l&#8217;univers social a \u00e9t\u00e9 cr\u00e9\u00e9 pour les \u00e9l\u00e8ves de l&#8217;\u00e9cole du p\u00e9nitencier de Cowansville Carpe Diem. Bien que le cours s&#8217;articule autour de la MRC Brome-Missisquoi, il comporte des aspects plus g\u00e9n\u00e9riques sur la Mont\u00e9r\u00e9gie et des activit\u00e9s que vous pourrez adapter \u00e0 votre municipalit\u00e9. Le mat\u00e9riel sera disponible en pi\u00e8ces d\u00e9tach\u00e9es, dans un cours Moodle, pour en faciliter l&#8217;adaptation.<\/p>\n<\/div><\/section>\n\n<style type=\"text\/css\" data-created_by=\"avia_inline_auto\" id=\"style-css-av-1aqj8e5-d7f5aef1b9e4354c73560720724501cb\">\n.flex_column.av-1aqj8e5-d7f5aef1b9e4354c73560720724501cb{\nborder-radius:0px 0px 0px 0px;\npadding:0px 0px 0px 0px;\n}\n<\/style>\n<div  class='flex_column av-1aqj8e5-d7f5aef1b9e4354c73560720724501cb av_one_half  avia-builder-el-6  el_after_av_textblock  el_before_av_one_half  first flex_column_div av-zero-column-padding  column-top-margin'     ><\/div>\n\n<style type=\"text\/css\" data-created_by=\"avia_inline_auto\" id=\"style-css-av-owrc71-f112d2dbee44fecfd0145879de9e0fd7\">\n.flex_column.av-owrc71-f112d2dbee44fecfd0145879de9e0fd7{\nborder-radius:0px 0px 0px 0px;\npadding:0px 0px 0px 0px;\n}\n<\/style>\n<div  class='flex_column av-owrc71-f112d2dbee44fecfd0145879de9e0fd7 av_one_half  avia-builder-el-8  el_after_av_one_half  el_before_av_hr  flex_column_div av-zero-column-padding  column-top-margin'     ><\/div>\n<div  class='hr av-rko9kh-060e468589f3275007bb5a7db7798c46 hr-default  avia-builder-el-9  el_after_av_one_half  el_before_av_button '><span class='hr-inner '><span class=\"hr-inner-style\"><\/span><\/span><\/div>\n<div  class='avia-button-wrap av-ksz9n4x7-dc7908295f422331f07b53fb5c272112-wrap avia-button-center  avia-builder-el-10  el_after_av_hr  avia-builder-el-last '><a href='https:\/\/www.carrefourfga.ca\/ticfga\/16\/developpement-professionnel\/post-jpmv-2021\/'  class='avia-button av-ksz9n4x7-dc7908295f422331f07b53fb5c272112 avia-icon_select-yes-left-icon avia-size-medium avia-position-center avia-color-theme-color'  ><span class='avia_button_icon avia_button_icon_left' aria-hidden='true' data-av_icon='\ue84e' data-av_iconfont='entypo-fontello'><\/span><span class='avia_iconbox_title' >Revenir au programme<\/span><\/a><\/div>\n","protected":false},"excerpt":{"rendered":"","protected":false},"author":20,"featured_media":0,"parent":11316,"menu_order":8,"comment_status":"closed","ping_status":"closed","template":"","meta":{"footnotes":""},"class_list":["post-11453","page","type-page","status-publish","hentry"],"rttpg_featured_image_url":null,"rttpg_author":{"display_name":"Laurent Demers","author_link":"https:\/\/www.carrefourfga.ca\/ticfga\/16\/author\/ldemers\/"},"rttpg_comment":0,"rttpg_category":null,"rttpg_excerpt":null,"_links":{"self":[{"href":"https:\/\/www.carrefourfga.ca\/ticfga\/16\/wp-json\/wp\/v2\/pages\/11453"}],"collection":[{"href":"https:\/\/www.carrefourfga.ca\/ticfga\/16\/wp-json\/wp\/v2\/pages"}],"about":[{"href":"https:\/\/www.carrefourfga.ca\/ticfga\/16\/wp-json\/wp\/v2\/types\/page"}],"author":[{"embeddable":true,"href":"https:\/\/www.carrefourfga.ca\/ticfga\/16\/wp-json\/wp\/v2\/users\/20"}],"replies":[{"embeddable":true,"href":"https:\/\/www.carrefourfga.ca\/ticfga\/16\/wp-json\/wp\/v2\/comments?post=11453"}],"version-history":[{"count":11,"href":"https:\/\/www.carrefourfga.ca\/ticfga\/16\/wp-json\/wp\/v2\/pages\/11453\/revisions"}],"predecessor-version":[{"id":12905,"href":"https:\/\/www.carrefourfga.ca\/ticfga\/16\/wp-json\/wp\/v2\/pages\/11453\/revisions\/12905"}],"up":[{"embeddable":true,"href":"https:\/\/www.carrefourfga.ca\/ticfga\/16\/wp-json\/wp\/v2\/pages\/11316"}],"wp:attachment":[{"href":"https:\/\/www.carrefourfga.ca\/ticfga\/16\/wp-json\/wp\/v2\/media?parent=11453"}],"curies":[{"name":"wp","href":"https:\/\/api.w.org\/{rel}","templated":true}]}}