{"id":11448,"date":"2021-10-21T12:45:52","date_gmt":"2021-10-21T16:45:52","guid":{"rendered":"https:\/\/www.carrefourfga.ca\/ticfga\/16\/?page_id=11448"},"modified":"2022-02-02T12:20:05","modified_gmt":"2022-02-02T17:20:05","slug":"a03","status":"publish","type":"page","link":"https:\/\/www.carrefourfga.ca\/ticfga\/16\/developpement-professionnel\/post-jpmv-2021\/bloc-a\/a03\/","title":{"rendered":"A03 &#8211; Les jardins verts du CFM"},"content":{"rendered":"\n<style type=\"text\/css\" data-created_by=\"avia_inline_auto\" id=\"style-css-av-kc2mb8s5-ef0be15da7a34288d04334397018ecf9\">\n.avia-section.av-kc2mb8s5-ef0be15da7a34288d04334397018ecf9 .av-parallax .av-parallax-inner{\nbackground-repeat:no-repeat;\nbackground-image:url(https:\/\/www.carrefourfga.ca\/ticfga\/16\/wp-content\/uploads\/sites\/55\/2021\/06\/capsules-vide\u0301o1s.png);\nbackground-position:50% 100%;\nbackground-attachment:scroll;\n}\n.avia-section.av-kc2mb8s5-ef0be15da7a34288d04334397018ecf9 .av-section-color-overlay{\nopacity:0.5;\nbackground-color:#000000;\n}\n<\/style>\n<div id='av_section_1'  class='avia-section av-kc2mb8s5-ef0be15da7a34288d04334397018ecf9 main_color avia-section-default avia-no-border-styling  avia-builder-el-0  el_before_av_hr  avia-builder-el-first  avia-full-stretch av-parallax-section avia-bg-style-parallax av-section-color-overlay-active container_wrap sidebar_right'  data-section-bg-repeat='stretch'><div class='av-parallax' data-avia-parallax-ratio='0.3' ><div class='av-parallax-inner main_color avia-full-stretch'><\/div><\/div><div class=\"av-section-color-overlay-wrap\"><div class=\"av-section-color-overlay\"><\/div><div class='container av-section-cont-open' ><main  role=\"main\" itemprop=\"mainContentOfPage\"  class='template-page content  av-content-small alpha units'><div class='post-entry post-entry-type-page post-entry-11448'><div class='entry-content-wrapper clearfix'><\/div><\/div><\/main><!-- close content main element --><\/div><\/div><\/div><div id='after_section_1'  class='main_color av_default_container_wrap container_wrap sidebar_right'  ><div class='container av-section-cont-open' ><div class='template-page content  av-content-small alpha units'><div class='post-entry post-entry-type-page post-entry-11448'><div class='entry-content-wrapper clearfix'>\n<div  class='hr av-mmasq9-b5393e5734702f536109f72a154796be hr-default  avia-builder-el-1  el_after_av_section  el_before_av_textblock  avia-builder-el-first '><span class='hr-inner '><span class=\"hr-inner-style\"><\/span><\/span><\/div>\n<section  class='av_textblock_section av-2iojx4-4ea608dd2b702aaa196ddd9a7f30e282 '   itemscope=\"itemscope\" itemtype=\"https:\/\/schema.org\/CreativeWork\" ><div class='avia_textblock'  itemprop=\"text\" ><h3>Les jardins verts du CFM<\/h3>\n<p>Pour tous<\/p>\n<\/div><\/section>\n\n<style type=\"text\/css\" data-created_by=\"avia_inline_auto\" id=\"style-css-av-kuyfjd53-6ec413cecd56e2d5811a607ec81bbd6a\">\n#top .hr.av-kuyfjd53-6ec413cecd56e2d5811a607ec81bbd6a{\nmargin-top:10;\nmargin-bottom:10;\n}\n.hr.av-kuyfjd53-6ec413cecd56e2d5811a607ec81bbd6a .hr-inner{\nwidth:50px;\n}\n<\/style>\n<div  class='hr av-kuyfjd53-6ec413cecd56e2d5811a607ec81bbd6a hr-custom  avia-builder-el-3  el_after_av_textblock  el_before_av_textblock  hr-center hr-icon-no'><span class='hr-inner inner-border-av-border-thin'><span class=\"hr-inner-style\"><\/span><\/span><\/div>\n<section  class='av_textblock_section av-2iojx4-4ea608dd2b702aaa196ddd9a7f30e282 '   itemscope=\"itemscope\" itemtype=\"https:\/\/schema.org\/CreativeWork\" ><div class='avia_textblock'  itemprop=\"text\" ><h4 style=\"color: #0f9de8;\">Mylaine Goulet<\/h4>\n<h5>Conseill\u00e8re p\u00e9dagogique<\/h5>\n<p><em>Centre de services scolaire de Saint-Hyacinthe<\/em><\/p>\n<hr \/>\n<\/div><\/section>\n<section  class='av_textblock_section av-2iojx4-4ea608dd2b702aaa196ddd9a7f30e282 '   itemscope=\"itemscope\" itemtype=\"https:\/\/schema.org\/CreativeWork\" ><div class='avia_textblock'  itemprop=\"text\" ><p>En collaboration avec Espace Carri\u00e8re, le Centre offre la chance \u00e0 des \u00e9l\u00e8ves de s&#8217;engager dans un projet &#8220;communautaire vert&#8221;. Venez en apprendre davantage sur les serres du CFM et sur comment l&#8217;enseignant a r\u00e9ussi \u00e0 mobiliser des \u00e9l\u00e8ves \u00e0 travers des projets personnels et entrepreneuriaux \u00e0 travers la mise en place d&#8217;une petite serre faite maison. Venez aussi entendre nos id\u00e9es d&#8217;agrandissement!<\/p>\n<h6>L&#8217;atelier n&#8217;a pas \u00e9t\u00e9 enregistr\u00e9.<\/h6>\n<\/div><\/section>\n\n<style type=\"text\/css\" data-created_by=\"avia_inline_auto\" id=\"style-css-av-yvw0ag-a45f7082f3aa5285c17d14c8582fa1c2\">\n.flex_column.av-yvw0ag-a45f7082f3aa5285c17d14c8582fa1c2{\nborder-radius:0px 0px 0px 0px;\npadding:0px 0px 0px 0px;\n}\n<\/style>\n<div  class='flex_column av-yvw0ag-a45f7082f3aa5285c17d14c8582fa1c2 av_one_half  avia-builder-el-6  el_after_av_textblock  el_before_av_one_half  first flex_column_div av-zero-column-padding  column-top-margin'     ><style type=\"text\/css\" data-created_by=\"avia_inline_auto\" id=\"style-css-av-ky3erh8g-94f6be8e181381bd89bfe4cc87d612ac\">\n.avia-image-container.av-ky3erh8g-94f6be8e181381bd89bfe4cc87d612ac img.avia_image{\nbox-shadow:none;\n}\n.avia-image-container.av-ky3erh8g-94f6be8e181381bd89bfe4cc87d612ac .av-image-caption-overlay-center{\ncolor:#ffffff;\n}\n<\/style>\n<div  class='avia-image-container av-ky3erh8g-94f6be8e181381bd89bfe4cc87d612ac av-styling- avia-align-center  avia-builder-el-7  avia-builder-el-no-sibling '   itemprop=\"image\" itemscope=\"itemscope\" itemtype=\"https:\/\/schema.org\/ImageObject\" ><div class=\"avia-image-container-inner\"><div class=\"avia-image-overlay-wrap\"><a href=\"https:\/\/www.canva.com\/design\/DAEvKzZYRyE\/yieZ5m1XghLD-ftlUPF6cg\/view?utm_content=DAEvKzZYRyE&amp;utm_campaign=designshare&amp;utm_medium=link&amp;utm_source=sharebutton\" class='avia_image' target=\"_blank\" rel=\"noopener noreferrer\" aria-label='2022-01-06 15_12_15-Les Jardins Verts du CFM - Video Presentation'><img fetchpriority=\"high\" fetchpriority=\"high\" decoding=\"async\" fetchpriority=\"high\" class='wp-image-13156 avia-img-lazy-loading-not-13156 avia_image ' src=\"https:\/\/www.carrefourfga.ca\/ticfga\/16\/wp-content\/uploads\/sites\/55\/2022\/01\/2022-01-06-15_12_15-Les-Jardins-Verts-du-CFM-Video-Presentation-scaled.jpg\" alt='' title='2022-01-06 15_12_15-Les Jardins Verts du CFM - Video Presentation'  height=\"1440\" width=\"2560\"  itemprop=\"thumbnailUrl\"  \/><\/a><\/div><\/div><\/div><\/div>\n\n<style type=\"text\/css\" data-created_by=\"avia_inline_auto\" id=\"style-css-av-u65bq0-ebd7405c1a59b5c360f5e6b7dfaab0b0\">\n.flex_column.av-u65bq0-ebd7405c1a59b5c360f5e6b7dfaab0b0{\nborder-radius:0px 0px 0px 0px;\npadding:0px 0px 0px 0px;\n}\n<\/style>\n<div  class='flex_column av-u65bq0-ebd7405c1a59b5c360f5e6b7dfaab0b0 av_one_half  avia-builder-el-8  el_after_av_one_half  el_before_av_hr  flex_column_div av-zero-column-padding  column-top-margin'     ><p><div  class='avia-button-wrap av-ky3f7xf6-e0380a260fd5d0f51adced465929fca8-wrap avia-button-center  avia-builder-el-9  el_before_av_textblock  avia-builder-el-first '><a href='https:\/\/fgamonteregie-my.sharepoint.com\/:f:\/g\/personal\/jpmv_fgamonteregie_qc_ca\/EruhhCRwrn1DrAQpbbuAIjIBjqlpBLHwuN6yUriLH5-XKQ?e=Gp6zC2'  class='avia-button av-ky3f7xf6-e0380a260fd5d0f51adced465929fca8 avia-icon_select-yes-left-icon avia-size-small avia-position-center avia-color-theme-color'  ><span class='avia_button_icon avia_button_icon_left' aria-hidden='true' data-av_icon='\ue80f' data-av_iconfont='entypo-fontello'><\/span><span class='avia_iconbox_title' >Photos<\/span><\/a><\/div><br \/>\n<section  class='av_textblock_section av-ky3evk02-5ec860032b4f6ae07edce790b61a12c4 '   itemscope=\"itemscope\" itemtype=\"https:\/\/schema.org\/CreativeWork\" ><div class='avia_textblock'  itemprop=\"text\" ><ul>\n<li>\u00c9tag\u00e8re: 120$ chacune<\/li>\n<li>1 ensemble de lumi\u00e8re: 50$<\/li>\n<li>Heures de lib\u00e9ration de l&#8217;enseignant: 24 (excluant toutes les heures apr\u00e8s l&#8217;\u00e9cole, les achats sur l&#8217;heure du midi, etc.) Le fait d&#8217;avoir eu les sous de la mesure 15114 (projet entrepreneuriat) en mars a ajout\u00e9 une pression au projet et sur l&#8217;enseignant. Nous avons commenc\u00e9 d\u00e8s le d\u00e9but de l&#8217;ann\u00e9e et avons r\u00e9organis\u00e9 certains proc\u00e9d\u00e9s.<\/li>\n<li>Comptes ouverts chez Rona et une entreprise locale de Ste-Madeleine pour l&#8217;achat de mat\u00e9riel, plantes, terres, etc. Sinon il faut pr\u00e9voir faire les achats selon ses propres moyens et se faire rembourser ensuite.<\/li>\n<li>Nous avons sigl\u00e9 des sigles pour le projet: EVR-5004, PER-4063 et PER-4064<\/li>\n<li>Entr\u00e9es d&#8217;argent principales: projet b\u00e9n\u00e9volat avec Espace Carri\u00e8re (1000$) et mesure 15114 (6500$). Nous avons fait des profits des ventes. Nous utilisons cet argent pour partir le projet plus t\u00f4t cette ann\u00e9e. Nous avons un nouveau 1000$ d&#8217;Espace Carri\u00e8re et avons refait une demande de la mesure.<\/li>\n<\/ul>\n<\/div><\/section><\/p><\/div>\n<div  class='hr av-rko9kh-060e468589f3275007bb5a7db7798c46 hr-default  avia-builder-el-11  el_after_av_one_half  el_before_av_button '><span class='hr-inner '><span class=\"hr-inner-style\"><\/span><\/span><\/div>\n<div  class='avia-button-wrap av-ksz9n4x7-dc7908295f422331f07b53fb5c272112-wrap avia-button-center  avia-builder-el-12  el_after_av_hr  avia-builder-el-last '><a href='https:\/\/www.carrefourfga.ca\/ticfga\/16\/developpement-professionnel\/post-jpmv-2021\/'  class='avia-button av-ksz9n4x7-dc7908295f422331f07b53fb5c272112 avia-icon_select-yes-left-icon avia-size-medium avia-position-center avia-color-theme-color'  ><span class='avia_button_icon avia_button_icon_left' aria-hidden='true' data-av_icon='\ue84e' data-av_iconfont='entypo-fontello'><\/span><span class='avia_iconbox_title' >Revenir au programme<\/span><\/a><\/div>\n","protected":false},"excerpt":{"rendered":"","protected":false},"author":199,"featured_media":0,"parent":11316,"menu_order":3,"comment_status":"closed","ping_status":"closed","template":"","meta":{"footnotes":""},"class_list":["post-11448","page","type-page","status-publish","hentry"],"rttpg_featured_image_url":null,"rttpg_author":{"display_name":"mariefrancesurprenant","author_link":"https:\/\/www.carrefourfga.ca\/ticfga\/16\/author\/mariefrancesurprenant\/"},"rttpg_comment":0,"rttpg_category":null,"rttpg_excerpt":null,"_links":{"self":[{"href":"https:\/\/www.carrefourfga.ca\/ticfga\/16\/wp-json\/wp\/v2\/pages\/11448"}],"collection":[{"href":"https:\/\/www.carrefourfga.ca\/ticfga\/16\/wp-json\/wp\/v2\/pages"}],"about":[{"href":"https:\/\/www.carrefourfga.ca\/ticfga\/16\/wp-json\/wp\/v2\/types\/page"}],"author":[{"embeddable":true,"href":"https:\/\/www.carrefourfga.ca\/ticfga\/16\/wp-json\/wp\/v2\/users\/199"}],"replies":[{"embeddable":true,"href":"https:\/\/www.carrefourfga.ca\/ticfga\/16\/wp-json\/wp\/v2\/comments?post=11448"}],"version-history":[{"count":15,"href":"https:\/\/www.carrefourfga.ca\/ticfga\/16\/wp-json\/wp\/v2\/pages\/11448\/revisions"}],"predecessor-version":[{"id":14758,"href":"https:\/\/www.carrefourfga.ca\/ticfga\/16\/wp-json\/wp\/v2\/pages\/11448\/revisions\/14758"}],"up":[{"embeddable":true,"href":"https:\/\/www.carrefourfga.ca\/ticfga\/16\/wp-json\/wp\/v2\/pages\/11316"}],"wp:attachment":[{"href":"https:\/\/www.carrefourfga.ca\/ticfga\/16\/wp-json\/wp\/v2\/media?parent=11448"}],"curies":[{"name":"wp","href":"https:\/\/api.w.org\/{rel}","templated":true}]}}