{"id":11447,"date":"2021-10-21T12:42:35","date_gmt":"2021-10-21T16:42:35","guid":{"rendered":"https:\/\/www.carrefourfga.ca\/ticfga\/16\/?page_id=11447"},"modified":"2021-12-21T10:24:02","modified_gmt":"2021-12-21T15:24:02","slug":"a02","status":"publish","type":"page","link":"https:\/\/www.carrefourfga.ca\/ticfga\/16\/developpement-professionnel\/post-jpmv-2021\/bloc-a\/a02\/","title":{"rendered":"A02 &#8211; La conception universelle des apprentissages"},"content":{"rendered":"\n<style type=\"text\/css\" data-created_by=\"avia_inline_auto\" id=\"style-css-av-kc2mb8s5-ef0be15da7a34288d04334397018ecf9\">\n.avia-section.av-kc2mb8s5-ef0be15da7a34288d04334397018ecf9 .av-parallax .av-parallax-inner{\nbackground-repeat:no-repeat;\nbackground-image:url(https:\/\/www.carrefourfga.ca\/ticfga\/16\/wp-content\/uploads\/sites\/55\/2021\/06\/capsules-vide\u0301o1s.png);\nbackground-position:50% 100%;\nbackground-attachment:scroll;\n}\n.avia-section.av-kc2mb8s5-ef0be15da7a34288d04334397018ecf9 .av-section-color-overlay{\nopacity:0.5;\nbackground-color:#000000;\n}\n<\/style>\n<div id='av_section_1'  class='avia-section av-kc2mb8s5-ef0be15da7a34288d04334397018ecf9 main_color avia-section-default avia-no-border-styling  avia-builder-el-0  el_before_av_hr  avia-builder-el-first  avia-full-stretch av-parallax-section avia-bg-style-parallax av-section-color-overlay-active container_wrap sidebar_right'  data-section-bg-repeat='stretch'><div class='av-parallax' data-avia-parallax-ratio='0.3' ><div class='av-parallax-inner main_color avia-full-stretch'><\/div><\/div><div class=\"av-section-color-overlay-wrap\"><div class=\"av-section-color-overlay\"><\/div><div class='container av-section-cont-open' ><main  role=\"main\" itemprop=\"mainContentOfPage\"  class='template-page content  av-content-small alpha units'><div class='post-entry post-entry-type-page post-entry-11447'><div class='entry-content-wrapper clearfix'><\/div><\/div><\/main><!-- close content main element --><\/div><\/div><\/div><div id='after_section_1'  class='main_color av_default_container_wrap container_wrap sidebar_right'  ><div class='container av-section-cont-open' ><div class='template-page content  av-content-small alpha units'><div class='post-entry post-entry-type-page post-entry-11447'><div class='entry-content-wrapper clearfix'>\n<div  class='hr av-mmasq9-b5393e5734702f536109f72a154796be hr-default  avia-builder-el-1  el_after_av_section  el_before_av_textblock  avia-builder-el-first '><span class='hr-inner '><span class=\"hr-inner-style\"><\/span><\/span><\/div>\n<section  class='av_textblock_section av-2iojx4-4ea608dd2b702aaa196ddd9a7f30e282 '   itemscope=\"itemscope\" itemtype=\"https:\/\/schema.org\/CreativeWork\" ><div class='avia_textblock'  itemprop=\"text\" ><h3>La conception universelle des apprentissages<\/h3>\n<p>Pour tous<\/p>\n<\/div><\/section>\n\n<style type=\"text\/css\" data-created_by=\"avia_inline_auto\" id=\"style-css-av-kuyfjd53-6ec413cecd56e2d5811a607ec81bbd6a\">\n#top .hr.av-kuyfjd53-6ec413cecd56e2d5811a607ec81bbd6a{\nmargin-top:10;\nmargin-bottom:10;\n}\n.hr.av-kuyfjd53-6ec413cecd56e2d5811a607ec81bbd6a .hr-inner{\nwidth:50px;\n}\n<\/style>\n<div  class='hr av-kuyfjd53-6ec413cecd56e2d5811a607ec81bbd6a hr-custom  avia-builder-el-3  el_after_av_textblock  el_before_av_textblock  hr-center hr-icon-no'><span class='hr-inner inner-border-av-border-thin'><span class=\"hr-inner-style\"><\/span><\/span><\/div>\n<section  class='av_textblock_section av-2iojx4-4ea608dd2b702aaa196ddd9a7f30e282 '   itemscope=\"itemscope\" itemtype=\"https:\/\/schema.org\/CreativeWork\" ><div class='avia_textblock'  itemprop=\"text\" ><h4 style=\"color: #0f9de8;\">Karine Martin<\/h4>\n<h5>Orthop\u00e9dagogue<\/h5>\n<p><em>\u00c9quipe-choc Services \u00e9ducatifs compl\u00e9mentaires<\/em><\/p>\n<hr \/>\n<\/div><\/section>\n<section  class='av_textblock_section av-2iojx4-4ea608dd2b702aaa196ddd9a7f30e282 '   itemscope=\"itemscope\" itemtype=\"https:\/\/schema.org\/CreativeWork\" ><div class='avia_textblock'  itemprop=\"text\" ><p>La conception universelle des apprentissages est une fa\u00e7on novatrice de planifier les apprentissages en les rendant accessibles au plus grand nombre d&#8217;apprenants possible. Accessibilit\u00e9, flexibilit\u00e9 et diversit\u00e9 seront au menu de cette formation qui vous permettra de voir l&#8217;acte d&#8217;enseigner sous un nouvel angle.<\/p>\n<\/div><\/section>\n\n<style type=\"text\/css\" data-created_by=\"avia_inline_auto\" id=\"style-css-av-1paxu0n-158a4e5e608c8d8d9af1dc30e7ccbfd5\">\n.flex_column.av-1paxu0n-158a4e5e608c8d8d9af1dc30e7ccbfd5{\nborder-radius:0px 0px 0px 0px;\npadding:0px 0px 0px 0px;\n}\n<\/style>\n<div  class='flex_column av-1paxu0n-158a4e5e608c8d8d9af1dc30e7ccbfd5 av_one_half  avia-builder-el-6  el_after_av_textblock  el_before_av_one_half  first flex_column_div av-zero-column-padding  column-top-margin'     ><\/div>\n\n<style type=\"text\/css\" data-created_by=\"avia_inline_auto\" id=\"style-css-av-185u1hz-afa5599e8cdceb927783f31ce08b8701\">\n.flex_column.av-185u1hz-afa5599e8cdceb927783f31ce08b8701{\nborder-radius:0px 0px 0px 0px;\npadding:0px 0px 0px 0px;\n}\n<\/style>\n<div  class='flex_column av-185u1hz-afa5599e8cdceb927783f31ce08b8701 av_one_half  avia-builder-el-8  el_after_av_one_half  el_before_av_hr  flex_column_div av-zero-column-padding  column-top-margin'     ><p>\n<style type=\"text\/css\" data-created_by=\"avia_inline_auto\" id=\"style-css-av-kxavrv1h-ccac0e8228789a0bc06fae158209ebb2\">\n.avia-image-container.av-kxavrv1h-ccac0e8228789a0bc06fae158209ebb2 img.avia_image{\nbox-shadow:none;\n}\n.avia-image-container.av-kxavrv1h-ccac0e8228789a0bc06fae158209ebb2 .av-image-caption-overlay-center{\ncolor:#ffffff;\n}\n<\/style>\n<div  class='avia-image-container av-kxavrv1h-ccac0e8228789a0bc06fae158209ebb2 av-styling- avia-align-center  avia-builder-el-9  el_before_av_button  avia-builder-el-first '   itemprop=\"image\" itemscope=\"itemscope\" itemtype=\"https:\/\/schema.org\/ImageObject\" ><div class=\"avia-image-container-inner\"><div class=\"avia-image-overlay-wrap\"><a href=\"https:\/\/drive.google.com\/file\/d\/1uUFi1oJt9Ah1p58_ZcaeSsqxCqdRdKAM\/view?usp=sharing\" class='avia_image'  aria-label='A02 - page titre'><img fetchpriority=\"high\" fetchpriority=\"high\" decoding=\"async\" fetchpriority=\"high\" class='wp-image-12757 avia-img-lazy-loading-not-12757 avia_image ' src=\"https:\/\/www.carrefourfga.ca\/ticfga\/16\/wp-content\/uploads\/sites\/55\/2021\/12\/A02-page-titre.jpg\" alt='' title='A02 - page titre'  height=\"710\" width=\"1250\"  itemprop=\"thumbnailUrl\"  \/><\/a><\/div><\/div><\/div><br \/>\n<div  class='avia-button-wrap av-kxg9ben6-f2fc56d22f83ba834206a33abb7b33d0-wrap avia-button-center  avia-builder-el-10  el_after_av_image  avia-builder-el-last '><a href='http:\/\/www.ctreq.qc.ca\/wp-content\/uploads\/2019\/06\/Coup-de-pouce_VF3.pdf'  class='avia-button av-kxg9ben6-f2fc56d22f83ba834206a33abb7b33d0 avia-icon_select-yes-left-icon avia-size-small avia-position-center avia-color-theme-color'  ><span class='avia_button_icon avia_button_icon_left' aria-hidden='true' data-av_icon='\ue822' data-av_iconfont='entypo-fontello'><\/span><span class='avia_iconbox_title' >Coup de pouce \u00e0 la r\u00e9ussite<\/span><\/a><\/div><\/p><\/div><div  class='hr av-rko9kh-060e468589f3275007bb5a7db7798c46 hr-default  avia-builder-el-11  el_after_av_one_half  el_before_av_button '><span class='hr-inner '><span class=\"hr-inner-style\"><\/span><\/span><\/div><\/p>\n<div  class='avia-button-wrap av-ksz9n4x7-dc7908295f422331f07b53fb5c272112-wrap avia-button-center  avia-builder-el-12  el_after_av_hr  avia-builder-el-last '><a href='https:\/\/www.carrefourfga.ca\/ticfga\/16\/developpement-professionnel\/post-jpmv-2021\/'  class='avia-button av-ksz9n4x7-dc7908295f422331f07b53fb5c272112 avia-icon_select-yes-left-icon avia-size-medium avia-position-center avia-color-theme-color'  ><span class='avia_button_icon avia_button_icon_left' aria-hidden='true' data-av_icon='\ue84e' data-av_iconfont='entypo-fontello'><\/span><span class='avia_iconbox_title' >Revenir au programme<\/span><\/a><\/div>\n","protected":false},"excerpt":{"rendered":"","protected":false},"author":20,"featured_media":0,"parent":11316,"menu_order":2,"comment_status":"closed","ping_status":"closed","template":"","meta":{"footnotes":""},"class_list":["post-11447","page","type-page","status-publish","hentry"],"rttpg_featured_image_url":null,"rttpg_author":{"display_name":"Laurent Demers","author_link":"https:\/\/www.carrefourfga.ca\/ticfga\/16\/author\/ldemers\/"},"rttpg_comment":0,"rttpg_category":null,"rttpg_excerpt":null,"_links":{"self":[{"href":"https:\/\/www.carrefourfga.ca\/ticfga\/16\/wp-json\/wp\/v2\/pages\/11447"}],"collection":[{"href":"https:\/\/www.carrefourfga.ca\/ticfga\/16\/wp-json\/wp\/v2\/pages"}],"about":[{"href":"https:\/\/www.carrefourfga.ca\/ticfga\/16\/wp-json\/wp\/v2\/types\/page"}],"author":[{"embeddable":true,"href":"https:\/\/www.carrefourfga.ca\/ticfga\/16\/wp-json\/wp\/v2\/users\/20"}],"replies":[{"embeddable":true,"href":"https:\/\/www.carrefourfga.ca\/ticfga\/16\/wp-json\/wp\/v2\/comments?post=11447"}],"version-history":[{"count":20,"href":"https:\/\/www.carrefourfga.ca\/ticfga\/16\/wp-json\/wp\/v2\/pages\/11447\/revisions"}],"predecessor-version":[{"id":13132,"href":"https:\/\/www.carrefourfga.ca\/ticfga\/16\/wp-json\/wp\/v2\/pages\/11447\/revisions\/13132"}],"up":[{"embeddable":true,"href":"https:\/\/www.carrefourfga.ca\/ticfga\/16\/wp-json\/wp\/v2\/pages\/11316"}],"wp:attachment":[{"href":"https:\/\/www.carrefourfga.ca\/ticfga\/16\/wp-json\/wp\/v2\/media?parent=11447"}],"curies":[{"name":"wp","href":"https:\/\/api.w.org\/{rel}","templated":true}]}}