{"id":11352,"date":"2021-10-19T14:51:17","date_gmt":"2021-10-19T18:51:17","guid":{"rendered":"https:\/\/www.carrefourfga.ca\/ticfga\/16\/?page_id=11352"},"modified":"2021-12-20T16:52:10","modified_gmt":"2021-12-20T21:52:10","slug":"b14","status":"publish","type":"page","link":"https:\/\/www.carrefourfga.ca\/ticfga\/16\/developpement-professionnel\/post-jpmv-2021\/bloc-b2\/b14\/","title":{"rendered":"B14 &#8211; Les t\u00e2ches \u00e9labor\u00e9es en SCT"},"content":{"rendered":"\n<style type=\"text\/css\" data-created_by=\"avia_inline_auto\" id=\"style-css-av-kc2mb8s5-ef0be15da7a34288d04334397018ecf9\">\n.avia-section.av-kc2mb8s5-ef0be15da7a34288d04334397018ecf9 .av-parallax .av-parallax-inner{\nbackground-repeat:no-repeat;\nbackground-image:url(https:\/\/www.carrefourfga.ca\/ticfga\/16\/wp-content\/uploads\/sites\/55\/2021\/06\/capsules-vide\u0301o1s.png);\nbackground-position:50% 100%;\nbackground-attachment:scroll;\n}\n.avia-section.av-kc2mb8s5-ef0be15da7a34288d04334397018ecf9 .av-section-color-overlay{\nopacity:0.5;\nbackground-color:#000000;\n}\n<\/style>\n<div id='av_section_1'  class='avia-section av-kc2mb8s5-ef0be15da7a34288d04334397018ecf9 main_color avia-section-default avia-no-border-styling  avia-builder-el-0  el_before_av_hr  avia-builder-el-first  avia-full-stretch av-parallax-section avia-bg-style-parallax av-section-color-overlay-active container_wrap sidebar_right'  data-section-bg-repeat='stretch'><div class='av-parallax' data-avia-parallax-ratio='0.3' ><div class='av-parallax-inner main_color avia-full-stretch'><\/div><\/div><div class=\"av-section-color-overlay-wrap\"><div class=\"av-section-color-overlay\"><\/div><div class='container av-section-cont-open' ><main  role=\"main\" itemprop=\"mainContentOfPage\"  class='template-page content  av-content-small alpha units'><div class='post-entry post-entry-type-page post-entry-11352'><div class='entry-content-wrapper clearfix'><\/div><\/div><\/main><!-- close content main element --><\/div><\/div><\/div><div id='after_section_1'  class='main_color av_default_container_wrap container_wrap sidebar_right'  ><div class='container av-section-cont-open' ><div class='template-page content  av-content-small alpha units'><div class='post-entry post-entry-type-page post-entry-11352'><div class='entry-content-wrapper clearfix'>\n<div  class='hr av-mmasq9-b5393e5734702f536109f72a154796be hr-default  avia-builder-el-1  el_after_av_section  el_before_av_textblock  avia-builder-el-first '><span class='hr-inner '><span class=\"hr-inner-style\"><\/span><\/span><\/div>\n<section  class='av_textblock_section av-2iojx4-4ea608dd2b702aaa196ddd9a7f30e282 '   itemscope=\"itemscope\" itemtype=\"https:\/\/schema.org\/CreativeWork\" ><div class='avia_textblock'  itemprop=\"text\" ><h3>Les t\u00e2ches \u00e9labor\u00e9es en SCT<\/h3>\n<p>Science et technologie<br \/>\nFran\u00e7ais, langue d&#8217;enseignement<\/p>\n<\/div><\/section>\n\n<style type=\"text\/css\" data-created_by=\"avia_inline_auto\" id=\"style-css-av-kuyfjd53-6ec413cecd56e2d5811a607ec81bbd6a\">\n#top .hr.av-kuyfjd53-6ec413cecd56e2d5811a607ec81bbd6a{\nmargin-top:10;\nmargin-bottom:10;\n}\n.hr.av-kuyfjd53-6ec413cecd56e2d5811a607ec81bbd6a .hr-inner{\nwidth:50px;\n}\n<\/style>\n<div  class='hr av-kuyfjd53-6ec413cecd56e2d5811a607ec81bbd6a hr-custom  avia-builder-el-3  el_after_av_textblock  el_before_av_textblock  hr-center hr-icon-no'><span class='hr-inner inner-border-av-border-thin'><span class=\"hr-inner-style\"><\/span><\/span><\/div>\n<section  class='av_textblock_section av-2iojx4-4ea608dd2b702aaa196ddd9a7f30e282 '   itemscope=\"itemscope\" itemtype=\"https:\/\/schema.org\/CreativeWork\" ><div class='avia_textblock'  itemprop=\"text\" ><h4 style=\"color: #0f9de8;\">Fran\u00e7ois Guay-Fleurent<\/h4>\n<h5>Enseignant<\/h5>\n<p><em>\u00c9quipe-choc p\u00e9dagogique\/Centre de services scolaire de la Riveraine<\/em><span style=\"color: #ffffff;\">*<\/span><\/p>\n<h4 style=\"color: #0f9de8;\">Laurent Demers<\/h4>\n<h5>Agent de d\u00e9veloppement<\/h5>\n<p><em>\u00c9quipe-choc p\u00e9dagogique\/FGA Mont\u00e9r\u00e9gie<\/em><\/p>\n<hr \/>\n<\/div><\/section>\n<section  class='av_textblock_section av-2iojx4-4ea608dd2b702aaa196ddd9a7f30e282 '   itemscope=\"itemscope\" itemtype=\"https:\/\/schema.org\/CreativeWork\" ><div class='avia_textblock'  itemprop=\"text\" ><p>Dans les diff\u00e9rentes \u00e9preuves de science et technologie, il est demand\u00e9 aux \u00e9l\u00e8ves, entre autres, d&#8217;expliquer et de justifier leurs r\u00e9ponses. Pour r\u00e9aliser ces t\u00e2ches, ils doivent mobiliser des savoirs inscrits dans le programme d&#8217;\u00e9tudes <em>Fran\u00e7ais, langue d&#8217;enseignement<\/em>. Les \u00e9l\u00e8ves transf\u00e8rent-ils ces savoirs dans les cours de science? Pas certain&#8230;\u00a0 Nous vous pr\u00e9senterons donc des strat\u00e9gies pour les aider \u00e0\u00a0 expliquer et \u00e0 justifier leurs r\u00e9ponses. Du m\u00eame coup, vous pourrez constater comment ces strat\u00e9gies peuvent vous aider \u00e0 exercer votre jugement professionnel avec ces questions.<\/p>\n<\/div><\/section>\n\n<style type=\"text\/css\" data-created_by=\"avia_inline_auto\" id=\"style-css-av-16w63bs-e946be13e357d157e7a5d6213a0f6bb4\">\n.flex_column.av-16w63bs-e946be13e357d157e7a5d6213a0f6bb4{\nborder-radius:0px 0px 0px 0px;\npadding:0px 0px 0px 0px;\n}\n<\/style>\n<div  class='flex_column av-16w63bs-e946be13e357d157e7a5d6213a0f6bb4 av_one_half  avia-builder-el-6  el_after_av_textblock  el_before_av_one_half  first flex_column_div av-zero-column-padding  column-top-margin'     ><\/div>\n\n<style type=\"text\/css\" data-created_by=\"avia_inline_auto\" id=\"style-css-av-qcm6wo-1204991e130830bb8f7d235b8cde2d2d\">\n.flex_column.av-qcm6wo-1204991e130830bb8f7d235b8cde2d2d{\nborder-radius:0px 0px 0px 0px;\npadding:0px 0px 0px 0px;\n}\n<\/style>\n<div  class='flex_column av-qcm6wo-1204991e130830bb8f7d235b8cde2d2d av_one_half  avia-builder-el-8  el_after_av_one_half  el_before_av_hr  flex_column_div av-zero-column-padding  column-top-margin'     ><p>\n<style type=\"text\/css\" data-created_by=\"avia_inline_auto\" id=\"style-css-av-kxf7iuc0-6e57901387eb01a06488b99c6d719318\">\n.avia-image-container.av-kxf7iuc0-6e57901387eb01a06488b99c6d719318 img.avia_image{\nbox-shadow:none;\n}\n.avia-image-container.av-kxf7iuc0-6e57901387eb01a06488b99c6d719318 .av-image-caption-overlay-center{\ncolor:#ffffff;\n}\n<\/style>\n<div  class='avia-image-container av-kxf7iuc0-6e57901387eb01a06488b99c6d719318 av-styling- avia-align-center  avia-builder-el-9  el_before_av_button  avia-builder-el-first '   itemprop=\"image\" itemscope=\"itemscope\" itemtype=\"https:\/\/schema.org\/ImageObject\" ><div class=\"avia-image-container-inner\"><div class=\"avia-image-overlay-wrap\"><a href=\"https:\/\/fgamonteregie-my.sharepoint.com\/:p:\/g\/personal\/jpmv_fgamonteregie_qc_ca\/ERGhZ5Cc5AVBtXTlrB_OoSMBzmVW0RYC59cGYV7j7nY7oQ?e=uqT6Zs\" class='avia_image'  aria-label='B14 - Les t\u00e2ches \u00e9labor\u00e9es en SCT_JPMV'><img fetchpriority=\"high\" fetchpriority=\"high\" decoding=\"async\" fetchpriority=\"high\" class='wp-image-13046 avia-img-lazy-loading-not-13046 avia_image ' src=\"https:\/\/www.carrefourfga.ca\/ticfga\/16\/wp-content\/uploads\/sites\/55\/2021\/12\/B14-Les-taches-elaborees-en-SCT_JPMV.jpg\" alt='' title='B14 - Les t\u00e2ches \u00e9labor\u00e9es en SCT_JPMV'  height=\"540\" width=\"960\"  itemprop=\"thumbnailUrl\"  \/><\/a><\/div><\/div><\/div><br \/>\n<div  class='avia-button-wrap av-kxf7nb3k-88efb2b81d89c6f28bfe1b2f927e1c1f-wrap avia-button-center  avia-builder-el-10  el_after_av_image  el_before_av_button '><a href='https:\/\/fgamonteregie-my.sharepoint.com\/:w:\/g\/personal\/jpmv_fgamonteregie_qc_ca\/EdWpJIusEitIq9w9FQgT4PQBkuAt89cICuf6ZpqEbjo2Dw?e=1o4equ'  class='avia-button av-kxf7nb3k-88efb2b81d89c6f28bfe1b2f927e1c1f avia-icon_select-yes-left-icon avia-size-small avia-position-center avia-color-theme-color'  ><span class='avia_button_icon avia_button_icon_left' aria-hidden='true' data-av_icon='\ue822' data-av_iconfont='entypo-fontello'><\/span><span class='avia_iconbox_title' >Strat\u00e9gie - t\u00e2che de justification - Word<\/span><\/a><\/div><br \/>\n<div  class='avia-button-wrap av-kxf7nb3k-b51182b7a173c8b46d729831a864234b-wrap avia-button-center  avia-builder-el-11  el_after_av_button  el_before_av_button '><a href='https:\/\/fgamonteregie-my.sharepoint.com\/:b:\/g\/personal\/jpmv_fgamonteregie_qc_ca\/EcZ2eGcGQ5dAq-4vP6cElh0BK3x6zvVFbLQjq1-HaliVWg?e=N6i3Ln'  class='avia-button av-kxf7nb3k-b51182b7a173c8b46d729831a864234b avia-icon_select-yes-left-icon avia-size-small avia-position-center avia-color-theme-color'  ><span class='avia_button_icon avia_button_icon_left' aria-hidden='true' data-av_icon='\ue822' data-av_iconfont='entypo-fontello'><\/span><span class='avia_iconbox_title' >Strat\u00e9gie - t\u00e2che de justification - PDF<\/span><\/a><\/div><br \/>\n<div  class='avia-button-wrap av-kxf7nb3k-1e8b5d05d752a5eaa37f7147b214ddef-wrap avia-button-center  avia-builder-el-12  el_after_av_button  el_before_av_button '><a href='https:\/\/fgamonteregie-my.sharepoint.com\/:w:\/g\/personal\/jpmv_fgamonteregie_qc_ca\/EYDTL5k3GkpErnLawA4ryKwBGLyZiJJJGi0pm3-zaikzbQ?e=OId92B'  class='avia-button av-kxf7nb3k-1e8b5d05d752a5eaa37f7147b214ddef avia-icon_select-yes-left-icon avia-size-small avia-position-center avia-color-theme-color'  ><span class='avia_button_icon avia_button_icon_left' aria-hidden='true' data-av_icon='\ue822' data-av_iconfont='entypo-fontello'><\/span><span class='avia_iconbox_title' >Strat\u00e9gie - t\u00e2che d\u2019explication - Word<\/span><\/a><\/div><br \/>\n<div  class='avia-button-wrap av-kxf7nb3k-c6d316e112e4e27b0eb1fb6243d80235-wrap avia-button-center  avia-builder-el-13  el_after_av_button  avia-builder-el-last '><a href='https:\/\/fgamonteregie-my.sharepoint.com\/:b:\/g\/personal\/jpmv_fgamonteregie_qc_ca\/EbsQOkT83LZDvqKCUoOglWkBq6h0hvLgj9ibUgpaeaBcIQ?e=sN6IWm'  class='avia-button av-kxf7nb3k-c6d316e112e4e27b0eb1fb6243d80235 avia-icon_select-yes-left-icon avia-size-small avia-position-center avia-color-theme-color'  ><span class='avia_button_icon avia_button_icon_left' aria-hidden='true' data-av_icon='\ue822' data-av_iconfont='entypo-fontello'><\/span><span class='avia_iconbox_title' >Strat\u00e9gie - t\u00e2che d\u2019explication - PDF<\/span><\/a><\/div><\/p><\/div><div  class='hr av-rko9kh-060e468589f3275007bb5a7db7798c46 hr-default  avia-builder-el-14  el_after_av_one_half  el_before_av_button '><span class='hr-inner '><span class=\"hr-inner-style\"><\/span><\/span><\/div><\/p>\n<div  class='avia-button-wrap av-ksz9n4x7-dc7908295f422331f07b53fb5c272112-wrap avia-button-center  avia-builder-el-15  el_after_av_hr  avia-builder-el-last '><a href='https:\/\/www.carrefourfga.ca\/ticfga\/16\/developpement-professionnel\/post-jpmv-2021\/'  class='avia-button av-ksz9n4x7-dc7908295f422331f07b53fb5c272112 avia-icon_select-yes-left-icon avia-size-medium avia-position-center avia-color-theme-color'  ><span class='avia_button_icon avia_button_icon_left' aria-hidden='true' data-av_icon='\ue84e' data-av_iconfont='entypo-fontello'><\/span><span class='avia_iconbox_title' >Revenir au programme<\/span><\/a><\/div>\n","protected":false},"excerpt":{"rendered":"","protected":false},"author":199,"featured_media":0,"parent":11220,"menu_order":14,"comment_status":"closed","ping_status":"closed","template":"","meta":{"footnotes":""},"class_list":["post-11352","page","type-page","status-publish","hentry"],"rttpg_featured_image_url":null,"rttpg_author":{"display_name":"mariefrancesurprenant","author_link":"https:\/\/www.carrefourfga.ca\/ticfga\/16\/author\/mariefrancesurprenant\/"},"rttpg_comment":0,"rttpg_category":null,"rttpg_excerpt":null,"_links":{"self":[{"href":"https:\/\/www.carrefourfga.ca\/ticfga\/16\/wp-json\/wp\/v2\/pages\/11352"}],"collection":[{"href":"https:\/\/www.carrefourfga.ca\/ticfga\/16\/wp-json\/wp\/v2\/pages"}],"about":[{"href":"https:\/\/www.carrefourfga.ca\/ticfga\/16\/wp-json\/wp\/v2\/types\/page"}],"author":[{"embeddable":true,"href":"https:\/\/www.carrefourfga.ca\/ticfga\/16\/wp-json\/wp\/v2\/users\/199"}],"replies":[{"embeddable":true,"href":"https:\/\/www.carrefourfga.ca\/ticfga\/16\/wp-json\/wp\/v2\/comments?post=11352"}],"version-history":[{"count":19,"href":"https:\/\/www.carrefourfga.ca\/ticfga\/16\/wp-json\/wp\/v2\/pages\/11352\/revisions"}],"predecessor-version":[{"id":13045,"href":"https:\/\/www.carrefourfga.ca\/ticfga\/16\/wp-json\/wp\/v2\/pages\/11352\/revisions\/13045"}],"up":[{"embeddable":true,"href":"https:\/\/www.carrefourfga.ca\/ticfga\/16\/wp-json\/wp\/v2\/pages\/11220"}],"wp:attachment":[{"href":"https:\/\/www.carrefourfga.ca\/ticfga\/16\/wp-json\/wp\/v2\/media?parent=11352"}],"curies":[{"name":"wp","href":"https:\/\/api.w.org\/{rel}","templated":true}]}}