{"id":11105,"date":"2021-09-27T17:15:46","date_gmt":"2021-09-27T21:15:46","guid":{"rendered":"https:\/\/www.carrefourfga.ca\/ticfga\/16\/?page_id=11105"},"modified":"2022-09-30T14:01:10","modified_gmt":"2022-09-30T18:01:10","slug":"projets-du-comite-pedagonumerique","status":"publish","type":"page","link":"https:\/\/www.carrefourfga.ca\/ticfga\/16\/projets\/projets-du-comite-pedagonumerique\/","title":{"rendered":"Projets du Comit\u00e9 p\u00e9dagonum\u00e9rique"},"content":{"rendered":"\n<style type=\"text\/css\" data-created_by=\"avia_inline_auto\" id=\"style-css-av-kc2mb8s5-0302b2a9122e2d63de9793fb0f351ed1\">\n.avia-section.av-kc2mb8s5-0302b2a9122e2d63de9793fb0f351ed1 .av-parallax .av-parallax-inner{\nbackground-repeat:no-repeat;\nbackground-image:url(https:\/\/www.carrefourfga.ca\/ticfga\/16\/wp-content\/uploads\/sites\/55\/2021\/06\/fga-presentation.jpg);\nbackground-position:50% 100%;\nbackground-attachment:scroll;\n}\n.avia-section.av-kc2mb8s5-0302b2a9122e2d63de9793fb0f351ed1 .av-section-color-overlay{\nopacity:0.5;\nbackground-color:#000000;\n}\n<\/style>\n<div id='av_section_1'  class='avia-section av-kc2mb8s5-0302b2a9122e2d63de9793fb0f351ed1 main_color avia-section-default avia-no-border-styling  avia-builder-el-0  el_before_av_one_full  avia-builder-el-first  avia-full-stretch av-parallax-section avia-bg-style-parallax av-section-color-overlay-active av-minimum-height av-minimum-height-25 av-height-25  container_wrap sidebar_right'  data-section-bg-repeat='stretch' data-av_minimum_height_pc='25' data-av_min_height_opt='25'><div class='av-parallax' data-avia-parallax-ratio='0.3' ><div class='av-parallax-inner main_color avia-full-stretch'><\/div><\/div><div class=\"av-section-color-overlay-wrap\"><div class=\"av-section-color-overlay\"><\/div><div class='container av-section-cont-open' ><main  role=\"main\" itemprop=\"mainContentOfPage\"  class='template-page content  av-content-small alpha units'><div class='post-entry post-entry-type-page post-entry-11105'><div class='entry-content-wrapper clearfix'>\n\n<style type=\"text\/css\" data-created_by=\"avia_inline_auto\" id=\"style-css-av-1vae6m-669687919496f882226591f86418239c\">\n.flex_column.av-1vae6m-669687919496f882226591f86418239c{\nborder-radius:0px 0px 0px 0px;\npadding:0px 0px 0px 0px;\n}\n<\/style>\n<div  class='flex_column av-1vae6m-669687919496f882226591f86418239c av_two_third  avia-builder-el-1  avia-builder-el-no-sibling  first flex_column_div av-zero-column-padding  '     ><style type=\"text\/css\" data-created_by=\"avia_inline_auto\" id=\"style-css-av-av_heading-c20fde4743b032614ed5fd597cad5dcc\">\n#top .av-special-heading.av-av_heading-c20fde4743b032614ed5fd597cad5dcc{\npadding-bottom:10px;\ncolor:#ffffff;\nfont-size:70px;\n}\nbody .av-special-heading.av-av_heading-c20fde4743b032614ed5fd597cad5dcc .av-special-heading-tag .heading-char{\nfont-size:25px;\n}\n#top #wrap_all .av-special-heading.av-av_heading-c20fde4743b032614ed5fd597cad5dcc .av-special-heading-tag{\nfont-size:70px;\n}\n.av-special-heading.av-av_heading-c20fde4743b032614ed5fd597cad5dcc .special-heading-inner-border{\nborder-color:#ffffff;\n}\n.av-special-heading.av-av_heading-c20fde4743b032614ed5fd597cad5dcc .av-subheading{\nfont-size:15px;\n}\n\n@media only screen and (min-width: 480px) and (max-width: 767px){ \n#top #wrap_all .av-special-heading.av-av_heading-c20fde4743b032614ed5fd597cad5dcc .av-special-heading-tag{\nfont-size:0.8em;\n}\n}\n\n@media only screen and (max-width: 479px){ \n#top #wrap_all .av-special-heading.av-av_heading-c20fde4743b032614ed5fd597cad5dcc .av-special-heading-tag{\nfont-size:0.8em;\n}\n}\n<\/style>\n<div  class='av-special-heading av-av_heading-c20fde4743b032614ed5fd597cad5dcc av-special-heading-h1 custom-color-heading blockquote modern-quote  avia-builder-el-2  avia-builder-el-no-sibling  av-inherit-size'><h1 class='av-special-heading-tag'  itemprop=\"headline\"  >Projets du comit\u00e9 p\u00e9dagonum\u00e9rique<\/h1><div class=\"special-heading-border\"><div class=\"special-heading-inner-border\"><\/div><\/div><\/div><\/div><\/div><\/div><\/main><!-- close content main element --><\/div><\/div><\/div><div id='after_section_1'  class='main_color av_default_container_wrap container_wrap sidebar_right'  ><div class='container av-section-cont-open' ><div class='template-page content  av-content-small alpha units'><div class='post-entry post-entry-type-page post-entry-11105'><div class='entry-content-wrapper clearfix'>\n<style type=\"text\/css\" data-created_by=\"avia_inline_auto\" id=\"style-css-av-8rlv8f-3a1d0217eb047e289f7cb3b68d56bee7\">\n.flex_column.av-8rlv8f-3a1d0217eb047e289f7cb3b68d56bee7{\nborder-radius:0px 0px 0px 0px;\npadding:0px 0px 0px 0px;\n}\n<\/style>\n<div  class='flex_column av-8rlv8f-3a1d0217eb047e289f7cb3b68d56bee7 av_one_full  avia-builder-el-3  el_after_av_section  el_before_av_one_half  avia-builder-el-first  first flex_column_div av-zero-column-padding  '     ><p>\n<style type=\"text\/css\" data-created_by=\"avia_inline_auto\" id=\"style-css-av-kc2ruwft-4aef17732889612ebfd0b0eafa744c20\">\n#top .hr.hr-invisible.av-kc2ruwft-4aef17732889612ebfd0b0eafa744c20{\nheight:20px;\n}\n<\/style>\n<div  class='hr av-kc2ruwft-4aef17732889612ebfd0b0eafa744c20 hr-invisible  avia-builder-el-4  el_before_av_codeblock  avia-builder-el-first '><span class='hr-inner '><span class=\"hr-inner-style\"><\/span><\/span><\/div><br \/>\n<br \/>\n\n<style type=\"text\/css\" data-created_by=\"avia_inline_auto\" id=\"style-css-av-kc2ruwft-2dc58df46982dd950febc5eee1f51d1c\">\n#top .hr.hr-invisible.av-kc2ruwft-2dc58df46982dd950febc5eee1f51d1c{\nheight:80px;\n}\n<\/style>\n<div  class='hr av-kc2ruwft-2dc58df46982dd950febc5eee1f51d1c hr-invisible  avia-builder-el-6  el_after_av_codeblock  avia-builder-el-last '><span class='hr-inner '><span class=\"hr-inner-style\"><\/span><\/span><\/div><\/p><\/div><\/p>\n\n<style type=\"text\/css\" data-created_by=\"avia_inline_auto\" id=\"style-css-av-vr8sdd-a7415522e987b1037112a72e2c53937a\">\n.flex_column.av-vr8sdd-a7415522e987b1037112a72e2c53937a{\nborder-radius:0px 0px 0px 0px;\npadding:0px 0px 0px 0px;\n}\n<\/style>\n<div  class='flex_column av-vr8sdd-a7415522e987b1037112a72e2c53937a av_one_half  avia-builder-el-7  el_after_av_one_full  el_before_av_one_half  first flex_column_div av-zero-column-padding  column-top-margin'     ><p>\n<style type=\"text\/css\" data-created_by=\"avia_inline_auto\" id=\"style-css-av-1pz8b8h-229e3cf3439ee8e72a4a78806e99769b\">\n#top .av-special-heading.av-1pz8b8h-229e3cf3439ee8e72a4a78806e99769b{\npadding-bottom:10px;\n}\nbody .av-special-heading.av-1pz8b8h-229e3cf3439ee8e72a4a78806e99769b .av-special-heading-tag .heading-char{\nfont-size:25px;\n}\n.av-special-heading.av-1pz8b8h-229e3cf3439ee8e72a4a78806e99769b .av-subheading{\nfont-size:15px;\n}\n<\/style>\n<div  class='av-special-heading av-1pz8b8h-229e3cf3439ee8e72a4a78806e99769b av-special-heading-h2 blockquote modern-quote  avia-builder-el-8  el_before_av_textblock  avia-builder-el-first '><h2 class='av-special-heading-tag'  itemprop=\"headline\"  >Projet Moodle<\/h2><div class=\"special-heading-border\"><div class=\"special-heading-inner-border\"><\/div><\/div><\/div><br \/>\n<section  class='av_textblock_section av-ku35e3st-a273a4860176ad6871945c998c062549 '   itemscope=\"itemscope\" itemtype=\"https:\/\/schema.org\/CreativeWork\" ><div class='avia_textblock'  itemprop=\"text\" ><p>Plusieurs vid\u00e9os d&#8217;apprentissage ont \u00e9t\u00e9 pr\u00e9par\u00e9es par les membres du comit\u00e9 p\u00e9dagonum\u00e9rique en lien avec Moodle.<\/p>\n<p><a href=\"https:\/\/moodle.recitfga.ca\/course\/view.php?id=2676\" target=\"_blank\" rel=\"noopener\">Ressources interactives Moodle<\/a><\/p>\n<ul>\n<li>Ressources en histoire<\/li>\n<li>Activit\u00e9s H5P<\/li>\n<li>Activit\u00e9s questionnaire<\/li>\n<\/ul>\n<p>Merci \u00e0 Anthony Wong Seen, Patricia Elias et Mathieu B\u00e9rub\u00e9.<\/p>\n<\/div><\/section><br \/>\n\n<style type=\"text\/css\" data-created_by=\"avia_inline_auto\" id=\"style-css-av-ku383gwg-0ae309ec37bda8f474f06315a00d2ea4\">\n.avia-image-container.av-ku383gwg-0ae309ec37bda8f474f06315a00d2ea4 img.avia_image{\nbox-shadow:none;\n}\n.avia-image-container.av-ku383gwg-0ae309ec37bda8f474f06315a00d2ea4 .av-image-caption-overlay-center{\ncolor:#ffffff;\n}\n<\/style>\n<div  class='avia-image-container av-ku383gwg-0ae309ec37bda8f474f06315a00d2ea4 av-styling- avia-align-center  avia-builder-el-10  el_after_av_textblock  avia-builder-el-last '   itemprop=\"image\" itemscope=\"itemscope\" itemtype=\"https:\/\/schema.org\/ImageObject\" ><div class=\"avia-image-container-inner\"><div class=\"avia-image-overlay-wrap\"><a href=\"https:\/\/moodle.recitfga.ca\/course\/view.php?id=2676\" class='avia_image' target=\"_blank\" rel=\"noopener noreferrer\" aria-label='Moodle'><img fetchpriority=\"high\" fetchpriority=\"high\" decoding=\"async\" fetchpriority=\"high\" class='wp-image-11141 avia-img-lazy-loading-not-11141 avia_image ' src=\"https:\/\/www.carrefourfga.ca\/ticfga\/16\/wp-content\/uploads\/sites\/55\/2021\/09\/Moodle-scaled.jpg\" alt='' title='Moodle'  height=\"952\" width=\"2560\"  itemprop=\"thumbnailUrl\"  \/><\/a><\/div><\/div><\/div><\/p><\/div>\n\n<style type=\"text\/css\" data-created_by=\"avia_inline_auto\" id=\"style-css-av-vr8sdd-aba6716df5befc3b8a4e817f08d99598\">\n.flex_column.av-vr8sdd-aba6716df5befc3b8a4e817f08d99598{\nborder-radius:0px 0px 0px 0px;\npadding:0px 0px 0px 0px;\n}\n<\/style>\n<div  class='flex_column av-vr8sdd-aba6716df5befc3b8a4e817f08d99598 av_one_half  avia-builder-el-11  el_after_av_one_half  el_before_av_one_full  flex_column_div av-zero-column-padding  column-top-margin'     ><p>\n<style type=\"text\/css\" data-created_by=\"avia_inline_auto\" id=\"style-css-av-126s9j5-00a6d6ba4a799810049992d50a5b1a39\">\n#top .av-special-heading.av-126s9j5-00a6d6ba4a799810049992d50a5b1a39{\npadding-bottom:10px;\n}\nbody .av-special-heading.av-126s9j5-00a6d6ba4a799810049992d50a5b1a39 .av-special-heading-tag .heading-char{\nfont-size:25px;\n}\n.av-special-heading.av-126s9j5-00a6d6ba4a799810049992d50a5b1a39 .av-subheading{\nfont-size:15px;\n}\n<\/style>\n<div  class='av-special-heading av-126s9j5-00a6d6ba4a799810049992d50a5b1a39 av-special-heading-h2 blockquote modern-quote  avia-builder-el-12  el_before_av_textblock  avia-builder-el-first '><h2 class='av-special-heading-tag'  itemprop=\"headline\"  >Les bases d\u2019Office 365 pour enseigner<\/h2><div class=\"special-heading-border\"><div class=\"special-heading-inner-border\"><\/div><\/div><\/div><br \/>\n<section  class='av_textblock_section av-ku35e3st-a273a4860176ad6871945c998c062549 '   itemscope=\"itemscope\" itemtype=\"https:\/\/schema.org\/CreativeWork\" ><div class='avia_textblock'  itemprop=\"text\" ><p><a href=\"https:\/\/sites.google.com\/view\/microsoft365-pour-les-profs\/accueil\" target=\"_blank\" rel=\"noopener\">Microsite<\/a> pr\u00e9sentant les fonctions pratiques des outils de Microsoft 365 pour l&#8217;enseignement.<\/p>\n<p class=\"CDt4Ke zfr3Q\" dir=\"ltr\">Vous y trouverez des <strong>capsules vid\u00e9os explicatives<\/strong>, des <strong>hyperliens<\/strong> et des <strong>comptes rendus \u00e9crits<\/strong> sur les principales utilisations que pourrait en faire un enseignant. L&#8217;int\u00e9r\u00eat pour Microsoft 365 est l&#8217;interactivit\u00e9 entre ses diff\u00e9rents outils.<\/p>\n<p>Merci aux enseignants ayant travaill\u00e9 sur ce microsite.<\/p>\n<\/div><\/section><br \/>\n\n<style type=\"text\/css\" data-created_by=\"avia_inline_auto\" id=\"style-css-av-ku37v9cr-e52bbd9224fa64660115e857ac8eb3f5\">\n.avia-image-container.av-ku37v9cr-e52bbd9224fa64660115e857ac8eb3f5 img.avia_image{\nbox-shadow:none;\n}\n.avia-image-container.av-ku37v9cr-e52bbd9224fa64660115e857ac8eb3f5 .av-image-caption-overlay-center{\ncolor:#ffffff;\n}\n<\/style>\n<div  class='avia-image-container av-ku37v9cr-e52bbd9224fa64660115e857ac8eb3f5 av-styling- avia-align-center  avia-builder-el-14  el_after_av_textblock  avia-builder-el-last '   itemprop=\"image\" itemscope=\"itemscope\" itemtype=\"https:\/\/schema.org\/ImageObject\" ><div class=\"avia-image-container-inner\"><div class=\"avia-image-overlay-wrap\"><a href=\"https:\/\/sites.google.com\/view\/microsoft365-pour-les-profs\/accueil\" class='avia_image' target=\"_blank\" rel=\"noopener noreferrer\" aria-label='O365'><img fetchpriority=\"high\" fetchpriority=\"high\" decoding=\"async\" fetchpriority=\"high\" class='wp-image-11140 avia-img-lazy-loading-not-11140 avia_image ' src=\"https:\/\/www.carrefourfga.ca\/ticfga\/16\/wp-content\/uploads\/sites\/55\/2021\/09\/O365.jpg\" alt='' title='O365'  height=\"1182\" width=\"2382\"  itemprop=\"thumbnailUrl\"  \/><\/a><\/div><\/div><\/div><\/p><\/div>\n\n<style type=\"text\/css\" data-created_by=\"avia_inline_auto\" id=\"style-css-av-vr8sdd-a7415522e987b1037112a72e2c53937a\">\n.flex_column.av-vr8sdd-a7415522e987b1037112a72e2c53937a{\nborder-radius:0px 0px 0px 0px;\npadding:0px 0px 0px 0px;\n}\n<\/style>\n<div  class='flex_column av-vr8sdd-a7415522e987b1037112a72e2c53937a av_one_full  avia-builder-el-15  el_after_av_one_half  avia-builder-el-last  first flex_column_div av-zero-column-padding  column-top-margin'     ><p>\n<style type=\"text\/css\" data-created_by=\"avia_inline_auto\" id=\"style-css-av-lt8ubl-96f533858089ea751cf5e64fa8908937\">\n#top .av-special-heading.av-lt8ubl-96f533858089ea751cf5e64fa8908937{\npadding-bottom:10px;\n}\nbody .av-special-heading.av-lt8ubl-96f533858089ea751cf5e64fa8908937 .av-special-heading-tag .heading-char{\nfont-size:25px;\n}\n.av-special-heading.av-lt8ubl-96f533858089ea751cf5e64fa8908937 .av-subheading{\nfont-size:15px;\n}\n<\/style>\n<div  class='av-special-heading av-lt8ubl-96f533858089ea751cf5e64fa8908937 av-special-heading-h2 blockquote modern-quote  avia-builder-el-16  el_before_av_textblock  avia-builder-el-first '><h2 class='av-special-heading-tag'  itemprop=\"headline\"  >Ressources en francisation<\/h2><div class=\"special-heading-border\"><div class=\"special-heading-inner-border\"><\/div><\/div><\/div><br \/>\n<section  class='av_textblock_section av-ku35e3st-a273a4860176ad6871945c998c062549 '   itemscope=\"itemscope\" itemtype=\"https:\/\/schema.org\/CreativeWork\" ><div class='avia_textblock'  itemprop=\"text\" ><p><a href=\"https:\/\/view.genial.ly\/604a32bd2c675a0db3271096\/guide-ressources-en-francisation\" target=\"_blank\" rel=\"noopener\">Catalogue de ressources en ligne avec navigation par niveau.<\/a><\/p>\n<p>DGF et situations selon le programme d&#8217;\u00e9tudes Francisation (FGA) du MELS (2015)<\/p>\n<p>Merci aux enseignants ayant travaill\u00e9 sur cette infographie anim\u00e9e.<\/p>\n<\/div><\/section><br \/>\n<\/p><\/div>\n","protected":false},"excerpt":{"rendered":"","protected":false},"author":199,"featured_media":10824,"parent":11089,"menu_order":0,"comment_status":"closed","ping_status":"closed","template":"","meta":{"footnotes":""},"class_list":["post-11105","page","type-page","status-publish","has-post-thumbnail","hentry"],"rttpg_featured_image_url":{"full":["https:\/\/www.carrefourfga.ca\/ticfga\/16\/wp-content\/uploads\/sites\/55\/2021\/06\/fga-presentation.jpg",600,400,false],"landscape":["https:\/\/www.carrefourfga.ca\/ticfga\/16\/wp-content\/uploads\/sites\/55\/2021\/06\/fga-presentation.jpg",600,400,false],"portraits":["https:\/\/www.carrefourfga.ca\/ticfga\/16\/wp-content\/uploads\/sites\/55\/2021\/06\/fga-presentation.jpg",600,400,false],"thumbnail":["https:\/\/www.carrefourfga.ca\/ticfga\/16\/wp-content\/uploads\/sites\/55\/2021\/06\/fga-presentation-80x80.jpg",80,80,true],"medium":["https:\/\/www.carrefourfga.ca\/ticfga\/16\/wp-content\/uploads\/sites\/55\/2021\/06\/fga-presentation-300x200.jpg",300,200,true],"large":["https:\/\/www.carrefourfga.ca\/ticfga\/16\/wp-content\/uploads\/sites\/55\/2021\/06\/fga-presentation.jpg",600,400,false],"1536x1536":["https:\/\/www.carrefourfga.ca\/ticfga\/16\/wp-content\/uploads\/sites\/55\/2021\/06\/fga-presentation.jpg",600,400,false],"2048x2048":["https:\/\/www.carrefourfga.ca\/ticfga\/16\/wp-content\/uploads\/sites\/55\/2021\/06\/fga-presentation.jpg",600,400,false],"widget":["https:\/\/www.carrefourfga.ca\/ticfga\/16\/wp-content\/uploads\/sites\/55\/2021\/06\/fga-presentation-36x36.jpg",36,36,true],"square":["https:\/\/www.carrefourfga.ca\/ticfga\/16\/wp-content\/uploads\/sites\/55\/2021\/06\/fga-presentation-180x180.jpg",180,180,true],"featured":["https:\/\/www.carrefourfga.ca\/ticfga\/16\/wp-content\/uploads\/sites\/55\/2021\/06\/fga-presentation.jpg",600,400,false],"featured_large":["https:\/\/www.carrefourfga.ca\/ticfga\/16\/wp-content\/uploads\/sites\/55\/2021\/06\/fga-presentation.jpg",600,400,false],"extra_large":["https:\/\/www.carrefourfga.ca\/ticfga\/16\/wp-content\/uploads\/sites\/55\/2021\/06\/fga-presentation.jpg",600,400,false],"portfolio":["https:\/\/www.carrefourfga.ca\/ticfga\/16\/wp-content\/uploads\/sites\/55\/2021\/06\/fga-presentation-495x400.jpg",495,400,true],"portfolio_small":["https:\/\/www.carrefourfga.ca\/ticfga\/16\/wp-content\/uploads\/sites\/55\/2021\/06\/fga-presentation-260x185.jpg",260,185,true],"gallery":["https:\/\/www.carrefourfga.ca\/ticfga\/16\/wp-content\/uploads\/sites\/55\/2021\/06\/fga-presentation.jpg",600,400,false],"magazine":["https:\/\/www.carrefourfga.ca\/ticfga\/16\/wp-content\/uploads\/sites\/55\/2021\/06\/fga-presentation-600x375.jpg",600,375,true],"masonry":["https:\/\/www.carrefourfga.ca\/ticfga\/16\/wp-content\/uploads\/sites\/55\/2021\/06\/fga-presentation.jpg",600,400,false],"entry_with_sidebar":["https:\/\/www.carrefourfga.ca\/ticfga\/16\/wp-content\/uploads\/sites\/55\/2021\/06\/fga-presentation-600x321.jpg",600,321,true],"entry_without_sidebar":["https:\/\/www.carrefourfga.ca\/ticfga\/16\/wp-content\/uploads\/sites\/55\/2021\/06\/fga-presentation.jpg",600,400,false]},"rttpg_author":{"display_name":"mariefrancesurprenant","author_link":"https:\/\/www.carrefourfga.ca\/ticfga\/16\/author\/mariefrancesurprenant\/"},"rttpg_comment":0,"rttpg_category":null,"rttpg_excerpt":null,"_links":{"self":[{"href":"https:\/\/www.carrefourfga.ca\/ticfga\/16\/wp-json\/wp\/v2\/pages\/11105"}],"collection":[{"href":"https:\/\/www.carrefourfga.ca\/ticfga\/16\/wp-json\/wp\/v2\/pages"}],"about":[{"href":"https:\/\/www.carrefourfga.ca\/ticfga\/16\/wp-json\/wp\/v2\/types\/page"}],"author":[{"embeddable":true,"href":"https:\/\/www.carrefourfga.ca\/ticfga\/16\/wp-json\/wp\/v2\/users\/199"}],"replies":[{"embeddable":true,"href":"https:\/\/www.carrefourfga.ca\/ticfga\/16\/wp-json\/wp\/v2\/comments?post=11105"}],"version-history":[{"count":15,"href":"https:\/\/www.carrefourfga.ca\/ticfga\/16\/wp-json\/wp\/v2\/pages\/11105\/revisions"}],"predecessor-version":[{"id":25439,"href":"https:\/\/www.carrefourfga.ca\/ticfga\/16\/wp-json\/wp\/v2\/pages\/11105\/revisions\/25439"}],"up":[{"embeddable":true,"href":"https:\/\/www.carrefourfga.ca\/ticfga\/16\/wp-json\/wp\/v2\/pages\/11089"}],"wp:featuredmedia":[{"embeddable":true,"href":"https:\/\/www.carrefourfga.ca\/ticfga\/16\/wp-json\/wp\/v2\/media\/10824"}],"wp:attachment":[{"href":"https:\/\/www.carrefourfga.ca\/ticfga\/16\/wp-json\/wp\/v2\/media?parent=11105"}],"curies":[{"name":"wp","href":"https:\/\/api.w.org\/{rel}","templated":true}]}}