{"id":10856,"date":"2021-06-21T14:06:43","date_gmt":"2021-06-21T18:06:43","guid":{"rendered":"https:\/\/www.carrefourfga.ca\/ticfga\/16\/?page_id=10856"},"modified":"2026-03-20T13:45:20","modified_gmt":"2026-03-20T17:45:20","slug":"jpm","status":"publish","type":"page","link":"https:\/\/www.carrefourfga.ca\/ticfga\/16\/developpement-professionnel\/jpm\/","title":{"rendered":"Journ\u00e9es p\u00e9dagogiques Mont\u00e9r\u00e9gie-Estrie (JPME)"},"content":{"rendered":"\n<style type=\"text\/css\" data-created_by=\"avia_inline_auto\" id=\"style-css-av-kc2mb8s5-0c512e0416880c8284b048c9f286f293\">\n.avia-section.av-kc2mb8s5-0c512e0416880c8284b048c9f286f293 .av-parallax .av-parallax-inner{\nbackground-repeat:no-repeat;\nbackground-image:url(https:\/\/www.carrefourfga.ca\/ticfga\/16\/wp-content\/uploads\/sites\/55\/2020\/06\/img-header-ressrecits.jpg);\nbackground-position:50% 100%;\nbackground-attachment:scroll;\n}\n.avia-section.av-kc2mb8s5-0c512e0416880c8284b048c9f286f293 .av-section-color-overlay{\nopacity:0.5;\nbackground-color:#000000;\n}\n<\/style>\n<div id='av_section_1'  class='avia-section av-kc2mb8s5-0c512e0416880c8284b048c9f286f293 main_color avia-section-default avia-no-border-styling  avia-builder-el-0  el_before_av_one_full  avia-builder-el-first  avia-full-stretch av-parallax-section avia-bg-style-parallax av-section-color-overlay-active av-minimum-height av-minimum-height-25 av-height-25  container_wrap sidebar_right'  data-section-bg-repeat='stretch' data-av_minimum_height_pc='25' data-av_min_height_opt='25'><div class='av-parallax' data-avia-parallax-ratio='0.3' ><div class='av-parallax-inner main_color avia-full-stretch'><\/div><\/div><div class=\"av-section-color-overlay-wrap\"><div class=\"av-section-color-overlay\"><\/div><div class='container av-section-cont-open' ><main  role=\"main\" itemprop=\"mainContentOfPage\"  class='template-page content  av-content-small alpha units'><div class='post-entry post-entry-type-page post-entry-10856'><div class='entry-content-wrapper clearfix'>\n\n<style type=\"text\/css\" data-created_by=\"avia_inline_auto\" id=\"style-css-av-1vae6m-669687919496f882226591f86418239c\">\n.flex_column.av-1vae6m-669687919496f882226591f86418239c{\nborder-radius:0px 0px 0px 0px;\npadding:0px 0px 0px 0px;\n}\n<\/style>\n<div  class='flex_column av-1vae6m-669687919496f882226591f86418239c av_one_full  avia-builder-el-1  avia-builder-el-no-sibling  first flex_column_div av-zero-column-padding  '     ><style type=\"text\/css\" data-created_by=\"avia_inline_auto\" id=\"style-css-av-n8396w-9c02d0c800248bef43f389229d504c79\">\n#top .av-special-heading.av-n8396w-9c02d0c800248bef43f389229d504c79{\npadding-bottom:10px;\ncolor:#ffffff;\nfont-size:70px;\n}\nbody .av-special-heading.av-n8396w-9c02d0c800248bef43f389229d504c79 .av-special-heading-tag .heading-char{\nfont-size:25px;\n}\n#top #wrap_all .av-special-heading.av-n8396w-9c02d0c800248bef43f389229d504c79 .av-special-heading-tag{\nfont-size:70px;\n}\n.av-special-heading.av-n8396w-9c02d0c800248bef43f389229d504c79 .special-heading-inner-border{\nborder-color:#ffffff;\n}\n.av-special-heading.av-n8396w-9c02d0c800248bef43f389229d504c79 .av-subheading{\nfont-size:15px;\n}\n\n@media only screen and (min-width: 480px) and (max-width: 767px){ \n#top #wrap_all .av-special-heading.av-n8396w-9c02d0c800248bef43f389229d504c79 .av-special-heading-tag{\nfont-size:0.8em;\n}\n}\n\n@media only screen and (max-width: 479px){ \n#top #wrap_all .av-special-heading.av-n8396w-9c02d0c800248bef43f389229d504c79 .av-special-heading-tag{\nfont-size:0.8em;\n}\n}\n<\/style>\n<div  class='av-special-heading av-n8396w-9c02d0c800248bef43f389229d504c79 av-special-heading-h2 custom-color-heading blockquote modern-quote  avia-builder-el-2  avia-builder-el-no-sibling  av-inherit-size'><h2 class='av-special-heading-tag'  itemprop=\"headline\"  >Journ\u00e9e p\u00e9dagogique Mont\u00e9r\u00e9gie-Estrie (JPME)<\/h2><div class=\"special-heading-border\"><div class=\"special-heading-inner-border\"><\/div><\/div><\/div><\/div><\/div><\/div><\/main><!-- close content main element --><\/div><\/div><\/div><div id='after_section_1'  class='main_color av_default_container_wrap container_wrap sidebar_right'  ><div class='container av-section-cont-open' ><div class='template-page content  av-content-small alpha units'><div class='post-entry post-entry-type-page post-entry-10856'><div class='entry-content-wrapper clearfix'>\n<style type=\"text\/css\" data-created_by=\"avia_inline_auto\" id=\"style-css-av-8rlv8f-3a1d0217eb047e289f7cb3b68d56bee7\">\n.flex_column.av-8rlv8f-3a1d0217eb047e289f7cb3b68d56bee7{\nborder-radius:0px 0px 0px 0px;\npadding:0px 0px 0px 0px;\n}\n<\/style>\n<div  class='flex_column av-8rlv8f-3a1d0217eb047e289f7cb3b68d56bee7 av_one_full  avia-builder-el-3  el_after_av_section  el_before_av_one_full  avia-builder-el-first  first flex_column_div av-zero-column-padding  '     ><\/div><\/p>\n\n<style type=\"text\/css\" data-created_by=\"avia_inline_auto\" id=\"style-css-av-8rlv8f-5-904790853f6dbedaad96cb64ca298f85\">\n@keyframes av_boxShadowEffect_av-8rlv8f-5-904790853f6dbedaad96cb64ca298f85-column {\n0%   { box-shadow:  0 0 0 0 ; opacity: 1; }\n100% { box-shadow:  0 0 10px 0 ; opacity: 1; }\n}\n.flex_column.av-8rlv8f-5-904790853f6dbedaad96cb64ca298f85{\nborder-radius:0px 0px 0px 0px;\npadding:0px 0px 0px 0px;\n}\n<\/style>\n<div  class='flex_column av-8rlv8f-5-904790853f6dbedaad96cb64ca298f85 av_one_full  avia-builder-el-4  el_after_av_one_full  el_before_av_section  avia-builder-el-last  first flex_column_div av-zero-column-padding  column-top-margin'     ><p>\n<style type=\"text\/css\" data-created_by=\"avia_inline_auto\" id=\"style-css-av-kc2ruwft-2-6cffd87d1de8114a3a8256447be67917\">\n#top .hr.hr-invisible.av-kc2ruwft-2-6cffd87d1de8114a3a8256447be67917{\nheight:20px;\n}\n<\/style>\n<div  class='hr av-kc2ruwft-2-6cffd87d1de8114a3a8256447be67917 hr-invisible  avia-builder-el-5  el_before_av_codeblock  avia-builder-el-first '><span class='hr-inner '><span class=\"hr-inner-style\"><\/span><\/span><\/div><br \/>\n<br \/>\n\n<style type=\"text\/css\" data-created_by=\"avia_inline_auto\" id=\"style-css-av-kc2ruwft-1-d3c0b915db443f03862d3a06749eeb8c\">\n#top .hr.hr-invisible.av-kc2ruwft-1-d3c0b915db443f03862d3a06749eeb8c{\nheight:80px;\n}\n<\/style>\n<div  class='hr av-kc2ruwft-1-d3c0b915db443f03862d3a06749eeb8c hr-invisible  avia-builder-el-7  el_after_av_codeblock  avia-builder-el-last '><span class='hr-inner '><span class=\"hr-inner-style\"><\/span><\/span><\/div><\/p><\/div>\n<\/div><\/div><\/div><!-- close content main div --><\/div><\/div><div id='av_section_2'  class='avia-section av-49zbku-0f91b69f3eeb95891b297515ff4a9c72 main_color avia-section-default avia-no-border-styling  avia-builder-el-8  el_after_av_one_full  avia-builder-el-last  avia-bg-style-scroll container_wrap sidebar_right'  ><div class='container av-section-cont-open' ><div class='template-page content  av-content-small alpha units'><div class='post-entry post-entry-type-page post-entry-10856'><div class='entry-content-wrapper clearfix'><\/div><\/div><\/div><!-- close content main div --><\/div><\/div><div id='after_section_2'  class='main_color av_default_container_wrap container_wrap sidebar_right'  ><div class='container av-section-cont-open' ><div class='template-page content  av-content-small alpha units'><div class='post-entry post-entry-type-page post-entry-10856'><div class='entry-content-wrapper clearfix'>\n","protected":false},"excerpt":{"rendered":"","protected":false},"author":20,"featured_media":10961,"parent":9449,"menu_order":0,"comment_status":"closed","ping_status":"closed","template":"","meta":{"footnotes":""},"class_list":["post-10856","page","type-page","status-publish","has-post-thumbnail","hentry"],"rttpg_featured_image_url":{"full":["https:\/\/www.carrefourfga.ca\/ticfga\/16\/wp-content\/uploads\/sites\/55\/2021\/08\/pexels-anthony-shkraba-4348405-2.jpg",1852,648,false],"landscape":["https:\/\/www.carrefourfga.ca\/ticfga\/16\/wp-content\/uploads\/sites\/55\/2021\/08\/pexels-anthony-shkraba-4348405-2.jpg",1852,648,false],"portraits":["https:\/\/www.carrefourfga.ca\/ticfga\/16\/wp-content\/uploads\/sites\/55\/2021\/08\/pexels-anthony-shkraba-4348405-2.jpg",1852,648,false],"thumbnail":["https:\/\/www.carrefourfga.ca\/ticfga\/16\/wp-content\/uploads\/sites\/55\/2021\/08\/pexels-anthony-shkraba-4348405-2-80x80.jpg",80,80,true],"medium":["https:\/\/www.carrefourfga.ca\/ticfga\/16\/wp-content\/uploads\/sites\/55\/2021\/08\/pexels-anthony-shkraba-4348405-2-300x105.jpg",300,105,true],"large":["https:\/\/www.carrefourfga.ca\/ticfga\/16\/wp-content\/uploads\/sites\/55\/2021\/08\/pexels-anthony-shkraba-4348405-2-1030x360.jpg",1030,360,true],"1536x1536":["https:\/\/www.carrefourfga.ca\/ticfga\/16\/wp-content\/uploads\/sites\/55\/2021\/08\/pexels-anthony-shkraba-4348405-2-1536x537.jpg",1536,537,true],"2048x2048":["https:\/\/www.carrefourfga.ca\/ticfga\/16\/wp-content\/uploads\/sites\/55\/2021\/08\/pexels-anthony-shkraba-4348405-2.jpg",1852,648,false],"widget":["https:\/\/www.carrefourfga.ca\/ticfga\/16\/wp-content\/uploads\/sites\/55\/2021\/08\/pexels-anthony-shkraba-4348405-2-36x36.jpg",36,36,true],"square":["https:\/\/www.carrefourfga.ca\/ticfga\/16\/wp-content\/uploads\/sites\/55\/2021\/08\/pexels-anthony-shkraba-4348405-2-180x180.jpg",180,180,true],"featured":["https:\/\/www.carrefourfga.ca\/ticfga\/16\/wp-content\/uploads\/sites\/55\/2021\/08\/pexels-anthony-shkraba-4348405-2-1500x430.jpg",1500,430,true],"featured_large":["https:\/\/www.carrefourfga.ca\/ticfga\/16\/wp-content\/uploads\/sites\/55\/2021\/08\/pexels-anthony-shkraba-4348405-2-1500x630.jpg",1500,630,true],"extra_large":["https:\/\/www.carrefourfga.ca\/ticfga\/16\/wp-content\/uploads\/sites\/55\/2021\/08\/pexels-anthony-shkraba-4348405-2-1500x525.jpg",1500,525,true],"portfolio":["https:\/\/www.carrefourfga.ca\/ticfga\/16\/wp-content\/uploads\/sites\/55\/2021\/08\/pexels-anthony-shkraba-4348405-2-495x400.jpg",495,400,true],"portfolio_small":["https:\/\/www.carrefourfga.ca\/ticfga\/16\/wp-content\/uploads\/sites\/55\/2021\/08\/pexels-anthony-shkraba-4348405-2-260x185.jpg",260,185,true],"gallery":["https:\/\/www.carrefourfga.ca\/ticfga\/16\/wp-content\/uploads\/sites\/55\/2021\/08\/pexels-anthony-shkraba-4348405-2-845x648.jpg",845,648,true],"magazine":["https:\/\/www.carrefourfga.ca\/ticfga\/16\/wp-content\/uploads\/sites\/55\/2021\/08\/pexels-anthony-shkraba-4348405-2-710x375.jpg",710,375,true],"masonry":["https:\/\/www.carrefourfga.ca\/ticfga\/16\/wp-content\/uploads\/sites\/55\/2021\/08\/pexels-anthony-shkraba-4348405-2-705x247.jpg",705,247,true],"entry_with_sidebar":["https:\/\/www.carrefourfga.ca\/ticfga\/16\/wp-content\/uploads\/sites\/55\/2021\/08\/pexels-anthony-shkraba-4348405-2-845x321.jpg",845,321,true],"entry_without_sidebar":["https:\/\/www.carrefourfga.ca\/ticfga\/16\/wp-content\/uploads\/sites\/55\/2021\/08\/pexels-anthony-shkraba-4348405-2-1210x423.jpg",1210,423,true]},"rttpg_author":{"display_name":"Laurent Demers","author_link":"https:\/\/www.carrefourfga.ca\/ticfga\/16\/author\/ldemers\/"},"rttpg_comment":0,"rttpg_category":null,"rttpg_excerpt":null,"_links":{"self":[{"href":"https:\/\/www.carrefourfga.ca\/ticfga\/16\/wp-json\/wp\/v2\/pages\/10856"}],"collection":[{"href":"https:\/\/www.carrefourfga.ca\/ticfga\/16\/wp-json\/wp\/v2\/pages"}],"about":[{"href":"https:\/\/www.carrefourfga.ca\/ticfga\/16\/wp-json\/wp\/v2\/types\/page"}],"author":[{"embeddable":true,"href":"https:\/\/www.carrefourfga.ca\/ticfga\/16\/wp-json\/wp\/v2\/users\/20"}],"replies":[{"embeddable":true,"href":"https:\/\/www.carrefourfga.ca\/ticfga\/16\/wp-json\/wp\/v2\/comments?post=10856"}],"version-history":[{"count":25,"href":"https:\/\/www.carrefourfga.ca\/ticfga\/16\/wp-json\/wp\/v2\/pages\/10856\/revisions"}],"predecessor-version":[{"id":25436,"href":"https:\/\/www.carrefourfga.ca\/ticfga\/16\/wp-json\/wp\/v2\/pages\/10856\/revisions\/25436"}],"up":[{"embeddable":true,"href":"https:\/\/www.carrefourfga.ca\/ticfga\/16\/wp-json\/wp\/v2\/pages\/9449"}],"wp:featuredmedia":[{"embeddable":true,"href":"https:\/\/www.carrefourfga.ca\/ticfga\/16\/wp-json\/wp\/v2\/media\/10961"}],"wp:attachment":[{"href":"https:\/\/www.carrefourfga.ca\/ticfga\/16\/wp-json\/wp\/v2\/media?parent=10856"}],"curies":[{"name":"wp","href":"https:\/\/api.w.org\/{rel}","templated":true}]}}