{"id":13065,"date":"2025-09-30T19:37:29","date_gmt":"2025-09-30T19:37:29","guid":{"rendered":"https:\/\/www.carrefourfga.ca\/sarcadeafp\/?page_id=13065"},"modified":"2025-10-07T18:06:19","modified_gmt":"2025-10-07T18:06:19","slug":"document-ministere","status":"publish","type":"page","link":"https:\/\/www.carrefourfga.ca\/sarcadeafp\/services\/document-ministere\/","title":{"rendered":"Services &#8211; Document du minist\u00e8re"},"content":{"rendered":"\n<div class=\"wp-block-uagb-container hero uag-hide-mob uagb-block-e6a11f25 alignfull uagb-is-root-container\"><div class=\"uagb-container-inner-blocks-wrap\">\n<div class=\"wp-block-uagb-container uagb-block-a0cb421e alignfull uagb-is-root-container\"><div class=\"uagb-container-inner-blocks-wrap\">\n<div class=\"wp-block-uagb-container uagb-block-e2c7a2ec\">\n<div class=\"wp-block-uagb-advanced-heading uagb-block-6532f9ef\"><h1 class=\"uagb-heading-text\">Services > Document du minist\u00e8re<\/h1><\/div>\n<\/div>\n<\/div><\/div>\n<\/div><\/div>\n\n\n\n<div class=\"wp-block-uagb-container uagb-block-e77f7c9d alignfull uagb-is-root-container\"><div class=\"uagb-container-inner-blocks-wrap\">    \n    <div class=\"dlp-container\">\n                    <div class=\"dlp-grid dlp-cols-3\">\n                                    \n                    <div class=\"dlp-card hero\">\n                        <div class=\"dlp-card-image\">\n                                                            <img decoding=\"async\" src=\"https:\/\/www.carrefourfga.ca\/sarcadeafp\/wp-content\/uploads\/2025\/10\/316426507_457140456565673_7124542086046621605_n.jpg\" \n                                     alt=\"Services et programmes d\u2019\u00e9tudes de la formation professionnelle\"\n                                     loading=\"lazy\">\n                                                    <\/div>\n                        \n                        <div class=\"dlp-card-content\">\n                            <div class=\"dlp-card-body\">\n                                                                    <div class=\"dlp-category-inline\">\n                                        SERVICES \u2022 DOCUMENT DU MINIST\u00c8RE                                    <\/div>\n                                                                \n                                                                \n                                <h3 class=\"dlp-card-title\">\n                                    Services et programmes d\u2019\u00e9tudes de la formation professionnelle                                <\/h3>\n                                \n                                                            <\/div>\n                            \n                            <div class=\"dlp-card-actions\">\n                                                                    <a href=\"https:\/\/cdn-contenu.quebec.ca\/cdn-contenu\/education\/formation-professionnelle\/Formation-professionnelle-document-administratif.pdf\" class=\"dlp-card-button\" target=\"_blank\" rel=\"noopener noreferrer\">\n                                        <svg width=\"18\" height=\"18\" viewBox=\"0 0 24 24\" fill=\"none\" stroke=\"currentColor\" stroke-width=\"2\">\n                                                                                            <path d=\"M14 2H6a2 2 0 0 0-2 2v16a2 2 0 0 0 2 2h12a2 2 0 0 0 2-2V8z\"><\/path>\n                                                <polyline points=\"14 2 14 8 20 8\"><\/polyline>\n                                                <line x1=\"16\" y1=\"13\" x2=\"8\" y2=\"13\"><\/line>\n                                                <line x1=\"16\" y1=\"17\" x2=\"8\" y2=\"17\"><\/line>\n                                                                                    <\/svg>\n                                        Consulter le document                                    <\/a>\n                                    \n                                                                                                <\/div>\n                        <\/div>\n                    <\/div>\n                    \n                                    \n                    <div class=\"dlp-card hero\">\n                        <div class=\"dlp-card-image\">\n                                                            <img decoding=\"async\" src=\"https:\/\/www.carrefourfga.ca\/sarcadeafp\/wp-content\/uploads\/2025\/10\/316426507_457140456565673_7124542086046621605_n.jpg\" \n                                     alt=\"Services et programmes d\u2019\u00e9tudes Formation g\u00e9n\u00e9rale des adultes\"\n                                     loading=\"lazy\">\n                                                    <\/div>\n                        \n                        <div class=\"dlp-card-content\">\n                            <div class=\"dlp-card-body\">\n                                                                    <div class=\"dlp-category-inline\">\n                                        SERVICES \u2022 DOCUMENT DU MINIST\u00c8RE                                    <\/div>\n                                                                \n                                                                \n                                <h3 class=\"dlp-card-title\">\n                                    Services et programmes d\u2019\u00e9tudes Formation g\u00e9n\u00e9rale des adultes                                <\/h3>\n                                \n                                                            <\/div>\n                            \n                            <div class=\"dlp-card-actions\">\n                                                                    <a href=\"https:\/\/cdn-contenu.quebec.ca\/cdn-contenu\/education\/formation-generale-adultes\/Formation-generale-adultes-services-programmes-etudes.pdf\" class=\"dlp-card-button\" target=\"_blank\" rel=\"noopener noreferrer\">\n                                        <svg width=\"18\" height=\"18\" viewBox=\"0 0 24 24\" fill=\"none\" stroke=\"currentColor\" stroke-width=\"2\">\n                                                                                            <path d=\"M14 2H6a2 2 0 0 0-2 2v16a2 2 0 0 0 2 2h12a2 2 0 0 0 2-2V8z\"><\/path>\n                                                <polyline points=\"14 2 14 8 20 8\"><\/polyline>\n                                                <line x1=\"16\" y1=\"13\" x2=\"8\" y2=\"13\"><\/line>\n                                                <line x1=\"16\" y1=\"17\" x2=\"8\" y2=\"17\"><\/line>\n                                                                                    <\/svg>\n                                        Consulter le document                                    <\/a>\n                                    \n                                                                                                <\/div>\n                        <\/div>\n                    <\/div>\n                    \n                            <\/div>\n            \n            <\/div>\n    \n    <style>\n        .dlp-container { max-width: 1200px; margin: 0 auto; padding: 2rem 0; }\n        .dlp-grid { display: grid; gap: 1.5rem; margin-bottom: 2rem; align-items: start; }\n        .dlp-cols-1 { grid-template-columns: repeat(auto-fill, minmax(100%, 1fr)); }\n        .dlp-cols-2 { grid-template-columns: repeat(auto-fill, minmax(340px, 1fr)); }\n        .dlp-cols-3 { grid-template-columns: repeat(auto-fill, minmax(320px, 1fr)); }\n        .dlp-cols-4 { grid-template-columns: repeat(auto-fill, minmax(280px, 1fr)); }\n        .dlp-card { \n            border-radius: 0.75rem; \n            overflow: hidden; \n            transition: all 0.3s; \n            display: flex; \n            flex-direction: column; \n        }\n        .dlp-card:hover { \n            transform: translateY(-4px); \n            box-shadow: 0 20px 25px -5px rgba(0, 0, 0, 0.3); \n            border-color: #4b5563;\n        }\n        .dlp-card-image { position: relative; aspect-ratio: 16\/9; overflow: hidden; background: #374151; }\n        .dlp-card-image img { width: 100%; height: 100%; object-fit: cover; transition: transform 0.3s; }\n        .dlp-card:hover .dlp-card-image img { transform: scale(1.05); }\n        .dlp-card-placeholder { \n            width: 100%; \n            height: 100%; \n            display: flex; \n            align-items: center; \n            justify-content: center; \n            background: linear-gradient(135deg, #374151 0%, #1f2937 100%);\n        }\n        .dlp-placeholder-content svg { color: rgba(156, 163, 175, 0.3); }\n        .dlp-category-inline { \n            display: inline-block;\n            font-size: 0.6rem; \n            font-weight: 600; \n            color: #9ca3af; \n            letter-spacing: 0.05em;\n            margin-bottom: 0.75rem;\n        }\n        .dlp-date-inline { color: #10C8C5; }\n        .dlp-card-content { padding: 1.5rem; display: flex; flex-direction: column; flex: 1; }\n        .dlp-card-body { flex-grow: 1; }\n        .dlp-card-meta { \n            display: inline-flex; \n            align-items: center; \n            gap: 6px; \n            margin-bottom: 12px; \n            font-size: 13px; \n            font-weight: 500; \n            color: #d1d5db; \n            background: rgba(255,255,255,0.05); \n            padding: 4px 10px; \n            border-radius: 6px; \n            width: fit-content; \n        }\n        .dlp-card-meta svg { color: #9ca3af; flex-shrink: 0; }\n        .dlp-card-title { \n            font-size: 1.2rem; \n            font-weight: 500; \n            line-height: 1.4; \n            color: #ffffff; \n            margin-bottom: 0.75rem;\n            display: -webkit-box;\n            -webkit-line-clamp: 2;\n            -webkit-box-orient: vertical;\n            overflow: hidden;\n        }\n        .dlp-play-overlay { \n            position: absolute; \n            inset: 0; \n            display: flex; \n            align-items: center; \n            justify-content: center; \n            background: rgba(0, 0, 0, 0.3);\n            cursor: pointer;\n            text-decoration: none !important;\n            transition: background 0.2s;\n        }\n        .dlp-play-overlay:hover {\n            background: rgba(0, 0, 0, 0.5);\n        }\n        .dlp-play-icon { \n            width: 64px; \n            height: 64px; \n            background: rgba(255, 255, 255, 0.95); \n            border-radius: 50%; \n            display: flex; \n            align-items: center; \n            justify-content: center; \n            color: #1f2937;\n            transition: transform 0.2s;\n        }\n        .dlp-play-overlay:hover .dlp-play-icon {\n            transform: scale(1.1);\n        }\n        .dlp-play-icon svg { margin-left: 4px; }\n        .dlp-card-excerpt { \n            font-size: 0.875rem; \n            line-height: 1.6; \n            color: #9ca3af; \n            margin-bottom: 0;\n        }\n        .dlp-card-actions {\n            display: flex;\n            flex-direction: column;\n            gap: 0.625rem;\n            margin-top: 1rem;\n        }\n        .dlp-card-button { \n            display: inline-flex; \n            align-items: center; \n            justify-content: center; \n            gap: 0.5rem; \n            padding: 0.75rem 1.25rem; \n            background: #10C8C5; \n            color: white !important; \n            text-decoration: none !important; \n            border-radius: 0.5rem; \n            font-size: 0.875rem; \n            font-weight: 500; \n            transition: background 0.2s; \n            width: 100%; \n        }\n        .dlp-card-button:hover { \n            background: #0da9a6; \n            color: white !important; \n        }\n        \n        \/* ACCORDION STYLES *\/\n        .dlp-resources-accordion {\n            margin-top: 0;\n        }\n        .dlp-accordion-trigger {\n            width: 100%;\n            padding: 0.625rem 1rem;\n            background: rgba(255, 255, 255, 0.05);\n            color: #d1d5db;\n            border: 1px solid rgba(255, 255, 255, 0.1);\n            border-radius: 0.5rem;\n            font-size: 0.875rem;\n            font-weight: 500;\n            cursor: pointer;\n            display: flex;\n            align-items: center;\n            justify-content: space-between;\n            transition: all 0.2s;\n        }\n        .dlp-accordion-trigger:hover,\n        .dlp-accordion-trigger:focus {\n            background: rgba(255, 255, 255, 0.07) !important;\n            border-color: rgba(16, 200, 197, 0.3) !important;\n            color: #ffffff !important;\n            outline: none;\n        }\n        .dlp-accordion-trigger.active,\n        .dlp-accordion-trigger.active:hover,\n        .dlp-accordion-trigger.active:focus {\n            background: rgba(16, 200, 197, 0.1) !important;\n            border-color: rgba(16, 200, 197, 0.4) !important;\n            color: #10C8C5 !important;\n            border-bottom-left-radius: 0;\n            border-bottom-right-radius: 0;\n            border-bottom-color: transparent;\n        }\n        .dlp-accordion-label {\n            display: flex;\n            align-items: center;\n            gap: 0.5rem;\n        }\n        .dlp-accordion-icon {\n            transition: transform 0.2s;\n            flex-shrink: 0;\n            color: #9ca3af;\n        }\n        .dlp-accordion-trigger:hover .dlp-accordion-icon {\n            color: #10C8C5;\n        }\n        .dlp-accordion-trigger.active .dlp-accordion-icon {\n            transform: rotate(180deg);\n            color: #10C8C5;\n        }\n        .dlp-accordion-content {\n            max-height: 0;\n            overflow: hidden;\n            transition: max-height 0.3s ease-out;\n            background: rgba(255, 255, 255, 0.03);\n            border: 0 solid rgba(255, 255, 255, 0.1);\n            border-top: none;\n            border-bottom-left-radius: 0.5rem;\n            border-bottom-right-radius: 0.5rem;\n        }\n        .dlp-accordion-content.active {\n            border-width: 1px;\n        }\n        .dlp-accordion-content.active {\n            max-height: 500px;\n        }\n        .dlp-resource-list {\n            padding: 0.5rem;\n            display: flex;\n            flex-direction: column;\n            gap: 0.375rem;\n        }\n        .dlp-resource-item {\n            padding: 0.625rem 0.75rem;\n            background: rgba(255, 255, 255, 0.05);\n            border: 1px solid rgba(255, 255, 255, 0.1);\n            border-radius: 0.375rem;\n            font-size: 0.875rem;\n            color: #d1d5db !important;\n            text-decoration: none !important;\n            display: flex;\n            align-items: center;\n            gap: 0.625rem;\n            transition: all 0.2s;\n        }\n        .dlp-resource-item:hover {\n            background: rgba(255, 255, 255, 0.08);\n            border-color: #10C8C5;\n            color: #10C8C5 !important;\n        }\n        .dlp-resource-item svg {\n            flex-shrink: 0;\n            color: #9ca3af;\n        }\n        .dlp-resource-item:hover svg {\n            color: #10C8C5;\n        }\n        \n        .dlp-empty { \n            text-align: center; \n            padding: 5rem 2rem; \n            border: 2px dashed #374151;\n            border-radius: 1rem;\n            max-width: 600px;\n            margin: 0 auto;\n        }\n        .dlp-empty-icon {\n            margin: 0 auto 1.5rem;\n            width: 80px;\n            height: 80px;\n            background: linear-gradient(135deg, #374151 0%, #1f2937 100%);\n            border-radius: 50%;\n            display: flex;\n            align-items: center;\n            justify-content: center;\n        }\n        .dlp-empty-icon svg { color: #6b7280; }\n        .dlp-empty-title { font-size: 1.5rem; font-weight: 600; color: #ffffff; margin-bottom: 0.75rem; }\n        .dlp-empty-text { font-size: 1rem; line-height: 1.6; color: #9ca3af; margin-bottom: 2rem; max-width: 400px; margin-left: auto; margin-right: auto; }\n        .dlp-empty-actions { display: flex; gap: 1rem; justify-content: center; flex-wrap: wrap; }\n        .dlp-empty-btn {\n            display: inline-flex;\n            align-items: center;\n            gap: 0.5rem;\n            padding: 0.75rem 1.5rem;\n            border-radius: 0.5rem;\n            font-size: 0.875rem;\n            font-weight: 500;\n            text-decoration: none !important;\n            transition: all 0.2s;\n        }\n        .dlp-empty-btn-primary {\n            background: #10C8C5;\n            color: white !important;\n            border: 2px solid #10C8C5;\n        }\n        .dlp-empty-btn-primary:hover {\n            background: #0da9a6;\n            border-color: #0da9a6;\n            color: white !important;\n            transform: translateY(-2px);\n        }\n        .dlp-empty-btn-secondary {\n            background: transparent;\n            color: #d1d5db !important;\n            border: 2px solid #374151;\n        }\n        .dlp-empty-btn-secondary:hover {\n            background: rgba(255,255,255,0.05);\n            border-color: #4b5563;\n            color: #ffffff !important;\n            transform: translateY(-2px);\n        }\n        @media (max-width: 640px) { .dlp-grid { grid-template-columns: 1fr !important; } }\n    <\/style>\n    \n    <script>\n        function dlpToggleAccordion(button) {\n            const content = button.nextElementSibling;\n            const isActive = button.classList.contains('active');\n            \n            \/\/ Close all other accordions on the page\n            document.querySelectorAll('.dlp-accordion-trigger').forEach(btn => {\n                btn.classList.remove('active');\n                btn.nextElementSibling.classList.remove('active');\n            });\n            \n            \/\/ Toggle current accordion\n            if (!isActive) {\n                button.classList.add('active');\n                content.classList.add('active');\n            }\n        }\n    <\/script>\n    \n    \n<\/div><\/div>\n","protected":false},"excerpt":{"rendered":"<p>Services > Document du minist\u00e8re<\/p>\n","protected":false},"author":1,"featured_media":0,"parent":12477,"menu_order":0,"comment_status":"closed","ping_status":"closed","template":"","meta":{"_acf_changed":false,"_uag_custom_page_level_css":"\n.uagb-iconbox-icon-wrap.uagb-infobox-shape-circle {\n    background-color: var(--ast-global-color-0);\n    border-radius: 25% !important;\n}\n\n.icons a{\n\ttext-decoration:none !important\n}\n\n.icons p a{\n\tcolor:#6B6B6B !important\n}\n\n.icon a img {\n    filter: drop-shadow(0 4px 4px rgba(0, 0, 0, 0.1));\n    transition: transform 0.3s ease-in-out; \/* Define the transition property *\/\n}\n\n\n.icon a img:hover {\n    transform: translateY(-10px)\/* Adjust the scale factor and vertical translation distance as desired *\/\n}\n\n\n","site-sidebar-layout":"default","site-content-layout":"","ast-site-content-layout":"default","site-content-style":"default","site-sidebar-style":"default","ast-global-header-display":"","ast-banner-title-visibility":"","ast-main-header-display":"","ast-hfb-above-header-display":"","ast-hfb-below-header-display":"","ast-hfb-mobile-header-display":"","site-post-title":"disabled","ast-breadcrumbs-content":"","ast-featured-img":"","footer-sml-layout":"","ast-disable-related-posts":"","theme-transparent-header-meta":"","adv-header-id-meta":"","stick-header-meta":"","header-above-stick-meta":"","header-main-stick-meta":"","header-below-stick-meta":"","astra-migrate-meta-layouts":"set","ast-page-background-enabled":"default","ast-page-background-meta":{"desktop":{"background-color":"var(--ast-global-color-4)","background-image":"","background-repeat":"repeat","background-position":"center center","background-size":"auto","background-attachment":"scroll","background-type":"","background-media":"","overlay-type":"","overlay-color":"","overlay-opacity":"","overlay-gradient":""},"tablet":{"background-color":"","background-image":"","background-repeat":"repeat","background-position":"center center","background-size":"auto","background-attachment":"scroll","background-type":"","background-media":"","overlay-type":"","overlay-color":"","overlay-opacity":"","overlay-gradient":""},"mobile":{"background-color":"","background-image":"","background-repeat":"repeat","background-position":"center center","background-size":"auto","background-attachment":"scroll","background-type":"","background-media":"","overlay-type":"","overlay-color":"","overlay-opacity":"","overlay-gradient":""}},"ast-content-background-meta":{"desktop":{"background-color":"var(--ast-global-color-5)","background-image":"","background-repeat":"repeat","background-position":"center center","background-size":"auto","background-attachment":"scroll","background-type":"","background-media":"","overlay-type":"","overlay-color":"","overlay-opacity":"","overlay-gradient":""},"tablet":{"background-color":"var(--ast-global-color-5)","background-image":"","background-repeat":"repeat","background-position":"center center","background-size":"auto","background-attachment":"scroll","background-type":"","background-media":"","overlay-type":"","overlay-color":"","overlay-opacity":"","overlay-gradient":""},"mobile":{"background-color":"var(--ast-global-color-5)","background-image":"","background-repeat":"repeat","background-position":"center center","background-size":"auto","background-attachment":"scroll","background-type":"","background-media":"","overlay-type":"","overlay-color":"","overlay-opacity":"","overlay-gradient":""}},"footnotes":""},"class_list":["post-13065","page","type-page","status-publish","hentry"],"acf":[],"uagb_featured_image_src":{"full":false,"thumbnail":false,"medium":false,"medium_large":false,"large":false,"1536x1536":false,"2048x2048":false},"uagb_author_info":{"display_name":"cedric","author_link":"https:\/\/www.carrefourfga.ca\/sarcadeafp\/author\/cedric\/"},"uagb_comment_info":0,"uagb_excerpt":"Services > Document du minist\u00e8re","_links":{"self":[{"href":"https:\/\/www.carrefourfga.ca\/sarcadeafp\/wp-json\/wp\/v2\/pages\/13065","targetHints":{"allow":["GET"]}}],"collection":[{"href":"https:\/\/www.carrefourfga.ca\/sarcadeafp\/wp-json\/wp\/v2\/pages"}],"about":[{"href":"https:\/\/www.carrefourfga.ca\/sarcadeafp\/wp-json\/wp\/v2\/types\/page"}],"author":[{"embeddable":true,"href":"https:\/\/www.carrefourfga.ca\/sarcadeafp\/wp-json\/wp\/v2\/users\/1"}],"replies":[{"embeddable":true,"href":"https:\/\/www.carrefourfga.ca\/sarcadeafp\/wp-json\/wp\/v2\/comments?post=13065"}],"version-history":[{"count":7,"href":"https:\/\/www.carrefourfga.ca\/sarcadeafp\/wp-json\/wp\/v2\/pages\/13065\/revisions"}],"predecessor-version":[{"id":13267,"href":"https:\/\/www.carrefourfga.ca\/sarcadeafp\/wp-json\/wp\/v2\/pages\/13065\/revisions\/13267"}],"up":[{"embeddable":true,"href":"https:\/\/www.carrefourfga.ca\/sarcadeafp\/wp-json\/wp\/v2\/pages\/12477"}],"wp:attachment":[{"href":"https:\/\/www.carrefourfga.ca\/sarcadeafp\/wp-json\/wp\/v2\/media?parent=13065"}],"curies":[{"name":"wp","href":"https:\/\/api.w.org\/{rel}","templated":true}]}}