{"id":9948,"date":"2025-05-15T14:35:50","date_gmt":"2025-05-15T19:35:50","guid":{"rendered":"https:\/\/www.carrefourfga.ca\/fr\/?page_id=9948"},"modified":"2026-03-22T14:21:36","modified_gmt":"2026-03-22T19:21:36","slug":"calendrier-de-lequipe-choc-pedagogique-2025-2026","status":"publish","type":"page","link":"https:\/\/www.carrefourfga.ca\/fr\/calendrier-de-lequipe-choc-pedagogique-2025-2026\/","title":{"rendered":"Calendrier de l&rsquo;\u00c9quipe-choc p\u00e9dagogique 2025-2026"},"content":{"rendered":"<div class=\"wpb-content-wrapper\"><p>[vc_row bk_type=\u00a0\u00bbverve_full_row\u00a0\u00bb el_class=\u00a0\u00bbpetit_texte\u00a0\u00bb custom_css=\u00a0\u00bbmargin:30px; padding-right:50px;\u00a0\u00bb css=\u00a0\u00bb.vc_custom_1556544688688{margin-top: 15px !important;}\u00a0\u00bb][vc_column width=\u00a0\u00bb1\/6&Prime;][vc_single_image image=\u00a0\u00bb9041&Prime; img_size=\u00a0\u00bbfull\u00a0\u00bb][vc_column_text]Vous voudriez recourir aux services de L&rsquo;\u00c9quipe-choc P\u00e9dagogique pour obtenir un accompagnement.<\/p>\n<p>Les services vous sont offerts gr\u00e2ce \u00e0 la participation financi\u00e8re du minist\u00e8re de l&rsquo;\u00c9ducation.<\/p>\n<p><a href=\"mailto:infoequipechoc@carrefourfga.com\">Contactez-nous : infoequipechoc@carrefourfga.com<\/a>[\/vc_column_text][vc_empty_space height=\u00a0\u00bb22px\u00a0\u00bb][vc_single_image image=\u00a0\u00bb184&Prime; img_size=\u00a0\u00bbfull\u00a0\u00bb][vc_empty_space height=\u00a0\u00bb22px\u00a0\u00bb][\/vc_column][vc_column width=\u00a0\u00bb1\/6&Prime;][vc_tta_accordion active_section=\u00a0\u00bb1&Prime; collapsible_all=\u00a0\u00bbtrue\u00a0\u00bb][vc_tta_section title=\u00a0\u00bbAo\u00fbt\u00a0\u00bb tab_id=\u00a0\u00bb1538505026747-92be128c-3d2c\u00a0\u00bb][vc_column_text][\/vc_column_text][\/vc_tta_section][\/vc_tta_accordion][vc_tta_accordion active_section=\u00a0\u00bb1&Prime; collapsible_all=\u00a0\u00bbtrue\u00a0\u00bb][vc_tta_section title=\u00a0\u00bbSeptembre\u00a0\u00bb tab_id=\u00a0\u00bb1688050079645-ea704649-9d5e\u00a0\u00bb][vc_column_text]19 &#8211; <strong>CSS Monts-et-Mar\u00e9es<\/strong> &#8211; <em>Francisation<\/em> &#8211; Planification et d\u00e9veloppement de comp\u00e9tence<\/p>\n<p>24 &#8211; <strong>Carc\u00e9ral<\/strong> &#8211; <em>Fran\u00e7ais, langue d&rsquo;enseignement<\/em> &#8211; L&rsquo;approche Dynamo[\/vc_column_text][\/vc_tta_section][\/vc_tta_accordion][vc_tta_accordion active_section=\u00a0\u00bb1&Prime; collapsible_all=\u00a0\u00bbtrue\u00a0\u00bb][vc_tta_section title=\u00a0\u00bbOctobre\u00a0\u00bb tab_id=\u00a0\u00bb1538502804653-411e9328-78ab\u00a0\u00bb][vc_column_text]3 &#8211; <strong>R\u00e9gion de l&rsquo;Outaouais<\/strong> &#8211; <em>Math\u00e9matiques<\/em><\/p>\n<p>3 &#8211; <strong>R\u00e9gion de l&rsquo;Outaouais<\/strong> &#8211; <em>Fran\u00e7ais langue d&rsquo;enseignement<\/em> &#8211; L&rsquo;approche Dynamo en FLE<\/p>\n<p>3 &#8211; <strong>Eastern Township school board<\/strong> &#8211; <em>Francisation<\/em> &#8211; Correction collective en P\u00c9 et PO<\/p>\n<p>10 &#8211; <strong>CSS de Portneuf<\/strong> &#8211; <em>Francisation &#8211; <\/em>Diff\u00e9rencier pour atteindre les cibles<\/p>\n<p>21 &#8211; <strong>CSS du Lac-T\u00e9miscamingue<\/strong>\u00a0&#8211; <em>Anglais, langue seconde<\/em> &#8211; Correction collective<\/p>\n<p>21 et 22 &#8211; <strong>CSS de Montr\u00e9al<\/strong> &#8211; <em>Francisation<\/em> &#8211; Strat\u00e9gies de lecture<\/p>\n<p>23 &#8211; <strong>CSSDM<\/strong> &#8211; <em>Francisation<\/em> &#8211; La r\u00e9troaction cibl\u00e9e[\/vc_column_text][\/vc_tta_section][\/vc_tta_accordion][\/vc_column][vc_column width=\u00a0\u00bb1\/6&Prime;][vc_tta_accordion active_section=\u00a0\u00bb1&Prime; collapsible_all=\u00a0\u00bbtrue\u00a0\u00bb][vc_tta_section title=\u00a0\u00bbNovembre\u00a0\u00bb tab_id=\u00a0\u00bb1538506032747-9f52a695-6beb\u00a0\u00bb][vc_column_text]7 &#8211; <strong>CSS des Bois-Francs<\/strong> &#8211; <em>Francisation<\/em> &#8211; La prosodie<\/p>\n<p>7 &#8211; <strong>CSS des Bois-Francs<\/strong> &#8211; <em>Int\u00e9gration socioprofessionnelle<\/em> &#8211; L&rsquo;accompagnement des stagiaires<\/p>\n<p>7 &#8211; <strong>R\u00e9gion de l&rsquo;Abitibi<\/strong> &#8211; <em>Math\u00e9matiques\u00a0<\/em>&#8211; La triangulation des apprentissages<\/p>\n<p>7 &#8211; <strong>R\u00e9gion de l&rsquo;Abitibi<\/strong> &#8211; <em>Participation sociale<\/em><\/p>\n<p>7 &#8211; <strong>R\u00e9gion de l&rsquo;Abitibi<\/strong> &#8211; <em>Sciences<\/em><\/p>\n<p>7 &#8211; <strong>R\u00e9gion de l&rsquo;Abitibi<\/strong> &#8211; <em>Francisation<\/em><\/p>\n<p>7 &#8211; <strong>R\u00e9gion de l&rsquo;Abitibi<\/strong> &#8211; <em>Fran\u00e7ais, langue d&rsquo;enseignement<\/em><\/p>\n<p>10 &#8211; <strong>Carc\u00e9ral<\/strong> &#8211; <em>Fran\u00e7ais, langue d&rsquo;enseignement<\/em> &#8211; L&rsquo;approche Dynamo<\/p>\n<p>11 &#8211; <strong>CSS du Lac-T\u00e9miscamingue<\/strong>\u00a0&#8211; <em>Anglais, langue seconde<\/em> &#8211; Correction collective, suite<\/p>\n<p>14 &#8211; <strong>R\u00e9gion du Saguenay-Lac-St-Jean<\/strong> &#8211; <em>Francisation<\/em> &#8211; Grammaire<\/p>\n<p>14 &#8211; <strong>R\u00e9gion du Saguenay-Lac-St-Jean<\/strong> &#8211; <em>Participation sociale<\/em><\/p>\n<p>14 &#8211; <strong>R\u00e9gion du Saguenay-Lac-St-Jean<\/strong> &#8211; <em>Fran\u00e7ais, langue d&rsquo;enseignement<\/em> &#8211; L&rsquo;approche Dynamo<\/p>\n<p>14 &#8211; <strong>R\u00e9gion du Saguenay-Lac-St-Jean<\/strong> &#8211; <em>Math\u00e9matique<\/em> &#8211; La triangulation des apprentissages<\/p>\n<p>14 &#8211; <strong>R\u00e9gion du Saguenay-Lac-St-Jean<\/strong> &#8211; <em>Anglais, langue seconde<\/em><\/p>\n<p>14 &#8211; <strong>CSS des Mille-Iles<\/strong> &#8211; <em>Francisation<\/em> &#8211; Phon\u00e9tique<\/p>\n<p><del>14 &#8211; <strong>CSS des Grandes-Seigneuries<\/strong> &#8211; <em>Fran\u00e7ais, langue d&rsquo;enseignement<\/em><\/del> &#8211; Annul\u00e9e<\/p>\n<p>20 &#8211; <strong>CSS des Navigateurs<\/strong> &#8211; <em>Francisation<\/em> &#8211; Alignement curriculaire<\/p>\n<p>21 &#8211; <strong>CSS des Ch\u00eanes<\/strong> &#8211; <em>Francisation<\/em> &#8211; Enseignement en classe multiniveau<\/p>\n<p>21 &#8211; <strong>CSS des Ch\u00eanes<\/strong> &#8211; <em>Anglais langue seconde<\/em> &#8211; Walk your talk<\/p>\n<p>21 &#8211; <strong>CSS des Ch\u00eanes<\/strong> &#8211; <em>Math\u00e9matique<\/em> &#8211; Le r\u00e9f\u00e9rentiel en math\u00e9matique: donner du sens aux apprentissages<\/p>\n<p>21 &#8211; <strong>CSS des Ch\u00eanes<\/strong> &#8211; <em>Fran\u00e7ais, langue d&rsquo;enseignement<\/em> &#8211; Correction collective en lecture<\/p>\n<p>27 &#8211;<strong> CSS des Navigateurs<\/strong> &#8211; <em>Francisation<\/em> &#8211; Alignement curriculaire, suite<\/p>\n<p>27 &#8211; <strong>CSS de Montr\u00e9al<\/strong> &#8211; <em>Fran\u00e7ais, langue d&rsquo;enseignement<\/em> &#8211; D\u00e9bat interpr\u00e9tatif[\/vc_column_text][\/vc_tta_section][\/vc_tta_accordion][vc_tta_accordion active_section=\u00a0\u00bb1&Prime; collapsible_all=\u00a0\u00bbtrue\u00a0\u00bb][vc_tta_section title=\u00a0\u00bbD\u00e9cembre\u00a0\u00bb tab_id=\u00a0\u00bb1538506220516-8744b941-77bc\u00a0\u00bb][vc_column_text css=\u00a0\u00bb\u00a0\u00bb]1 &#8211; <strong>CSS des Phares<\/strong> &#8211; <em>Fran\u00e7ais, langue d&rsquo;enseignement<\/em> &#8211; Enseignement de l&rsquo;oral<\/p>\n<p>2 &#8211; <strong>CSS du Lac-T\u00e9miscamingue<\/strong> &#8211; <em>Anglais langue seconde<\/em> &#8211; Correction collective, suite<\/p>\n<p>2 &#8211; <strong>R\u00e9gion Mont\u00e9r\u00e9gie-Estrie<\/strong> &#8211; <em>Francisation<\/em> &#8211; Accompagnement transition<\/p>\n<p>2 &#8211; <strong>CSS De-La-Jonqui\u00e8re<\/strong>\u00a0&#8211; <em>Math\u00e9matique<\/em> &#8211; Triangulation des apprentissages, suite<\/p>\n<p>5 &#8211; <strong>CSS Marguerite-Bourgeois<\/strong> &#8211; <em>Francisation<\/em> &#8211; Correction collective<\/p>\n<p>8 et 11 &#8211; <strong>CSS de Montr\u00e9al<\/strong> &#8211; <em>Francisation<\/em> &#8211; Strat\u00e9gies de lecture, suite<\/p>\n<p>12 &#8211; <strong>CSS des Laurentides<\/strong> &#8211; <em>Francisation<\/em> &#8211; Phon\u00e9tique<\/p>\n<p>12 &#8211;<strong> CSS des Ch\u00eanes<\/strong> &#8211; S<em>cience et technologie<\/em> &#8211; DD\u00c9<\/p>\n<p>[\/vc_column_text][\/vc_tta_section][\/vc_tta_accordion][\/vc_column][vc_column width=\u00a0\u00bb1\/6&Prime;][vc_tta_accordion active_section=\u00a0\u00bb1&Prime; collapsible_all=\u00a0\u00bbtrue\u00a0\u00bb][vc_tta_section title=\u00a0\u00bbJanvier\u00a0\u00bb tab_id=\u00a0\u00bb1538506258367-0855ea3b-42f4&Prime;][vc_column_text css=\u00a0\u00bb\u00a0\u00bb]5 &#8211; <strong>CSS de Kamouraska-Rivi\u00e8re-du-Loup<\/strong> &#8211; <em>Math\u00e9matique<\/em> &#8211; Diff\u00e9renciation p\u00e9dagogique en math\u00e9matique<\/p>\n<p>9 &#8211; <strong>CSS de Kamouraska-Rivi\u00e8re-du-Loup<\/strong> &#8211; <em>Int\u00e9gration socioprofessionnelle<\/em> &#8211; Accompagnement de stagiaires<\/p>\n<p>14 &#8211; <strong>CSS des D\u00e9couvreurs<\/strong> &#8211; <em>Fran\u00e7ais, langue d&rsquo;enseignement<\/em> &#8211; L&rsquo;approche Dynamo<\/p>\n<p>14 &#8211; <strong>CSS du Lac-Abitibi<\/strong> &#8211; <em>Science et technologie<\/em> &#8211; Laboratoires<\/p>\n<p>15 &#8211; <strong>CSS de l&rsquo;Or-et-des-Bois<\/strong> &#8211; <em>Francisation &#8211; \u00c9l\u00e8ves peu scolaris\u00e9s<\/em><\/p>\n<p>16 &#8211; <strong>CSS des Mille-Iles<\/strong> &#8211; <em>Participation sociale<\/em> &#8211; L&rsquo;\u00e9valuation<\/p>\n<p>21 &#8211; <strong>R\u00e9gion du Saguenay-Lac-St-Jean<\/strong> &#8211; <em>Participation sociale<\/em> &#8211; Suite<\/p>\n<p>22 &#8211; <strong>CSS de Montr\u00e9al<\/strong> &#8211; <em>Fran\u00e7ais, langue d&rsquo;enseignement<\/em> &#8211; Les rep\u00e8res culturels<\/p>\n<p>30 &#8211; <strong>R\u00e9gion de l&rsquo;Abitibi<\/strong> &#8211; <em>Participation sociale<\/em> &#8211; Suite[\/vc_column_text][\/vc_tta_section][\/vc_tta_accordion][vc_tta_accordion active_section=\u00a0\u00bb1&Prime; collapsible_all=\u00a0\u00bbtrue\u00a0\u00bb][vc_tta_section title=\u00a0\u00bbF\u00e9vrier\u00a0\u00bb tab_id=\u00a0\u00bb1538506312493-5a64195c-4ee4&Prime;][\/vc_tta_section][\/vc_tta_accordion][vc_column_text css=\u00a0\u00bb\u00a0\u00bb]6 &#8211; <strong>CSS des Ch\u00eanes<\/strong> &#8211; <em>Francisation<\/em> &#8211; Rep\u00e8res culturels<\/p>\n<p>10 &#8211; C<strong>SS Kamouraska-Rivi\u00e8re-du-Loup<\/strong> &#8211; <em>Participation sociale<\/em><\/p>\n<p>13 &#8211; <strong>CSS de la Beauce-Etchemin<\/strong> &#8211; <em>Fran\u00e7ais, langue d&rsquo;enseignement<\/em> &#8211; Correction collective en \u00e9criture<\/p>\n<p>13 &#8211; <strong>CSS de la Beauce-Etchemin<\/strong> &#8211; <em>Math\u00e9matique<\/em> &#8211; Le r\u00e9f\u00e9rentiel d&rsquo;intervention en math\u00e9matique<\/p>\n<p>13 &#8211; <strong>CSS de la Vall\u00e9e-des-Tisserands<\/strong> &#8211; <em>Fran\u00e7ais, langue d&rsquo;enseignement<\/em> &#8211; Correction collective en \u00e9criture<\/p>\n<p>13 &#8211; <strong>CSS de la Beauce-Etchemin<\/strong> &#8211; <em>Anglais langue seconde<\/em> &#8211; Apprentissage du vocabulaire<\/p>\n<p>16 &#8211; <strong>CSS de Rouyn-Noranda<\/strong> &#8211;<em> Francisation<\/em> &#8211; Correction collective<\/p>\n<p>17 &#8211; <strong>CSS de l&rsquo;Or-et-des-Bois<\/strong> &#8211; <em>Francisation\u00a0<\/em>&#8211; Correction collective<\/p>\n<p>18 &#8211; <strong>CSS de la Vall\u00e9e-des-Tisserands<\/strong> &#8211; <em>Francisation<\/em> &#8211; Multiniveau<\/p>\n<p>20 &#8211; <strong>CSS des Patriotes<\/strong> &#8211; <em>Francisation<\/em><\/p>\n<p>20 &#8211; <strong>CSS des Mille-Iles<\/strong> &#8211; <em>Participation sociale<\/em> &#8211; L&rsquo;\u00e9valuation, suite<\/p>\n<p>20 &#8211; <strong>CSS de la Capitale<\/strong> &#8211; <em>Fran\u00e7ais, langue d&rsquo;enseignement<\/em> &#8211; L&rsquo;approche Dynamo<\/p>\n<p>27 &#8211; <strong>CSS des Navigateurs<\/strong> &#8211; <em>Participation sociale<\/em>[\/vc_column_text][\/vc_column][vc_column width=\u00a0\u00bb1\/6&Prime;][vc_tta_accordion active_section=\u00a0\u00bb1&Prime; collapsible_all=\u00a0\u00bbtrue\u00a0\u00bb][vc_tta_section title=\u00a0\u00bbMars\u00a0\u00bb tab_id=\u00a0\u00bb1542912261995-9bda7159-6bea\u00a0\u00bb][vc_column_text css=\u00a0\u00bb\u00a0\u00bb]3 et 4 &#8211; <strong>CSS de Montr\u00e9al<\/strong> &#8211; <em>Francisation<\/em> &#8211; Strat\u00e9gies de lecture, suite<\/p>\n<p>9 &#8211; <strong>CSS des Mille-Iles<\/strong> &#8211; <em>Francisation<\/em> &#8211; La r\u00e9troaction corrective \u00e0 l&rsquo;oral<\/p>\n<p>9 &#8211; <strong>CSS des Mille-Iles<\/strong> &#8211; <em>Participation sociale<\/em><\/p>\n<p>9 &#8211; <strong>CSS de Rouyn-Noranda<\/strong> &#8211; <em>Francisation<\/em> &#8211; \u00c9valuation, suite<\/p>\n<p>12 &#8211; <strong>CSS de Montr\u00e9al<\/strong> &#8211; <em>Math\u00e9matique<\/em> &#8211; L&rsquo;enseignement explicite de la lecture en math\u00e9matique<\/p>\n<p>13 &#8211; <strong>R\u00e9gion Mont\u00e9r\u00e9gie-Estrie<\/strong> &#8211; <em>Participation sociale<\/em><\/p>\n<p><del>18 &#8211; <strong>CSS de la Vall\u00e9e-des-Tisserands<\/strong> &#8211; <em>Francisation<\/em> &#8211; Multiniveau, suite<\/del> &#8211; <em>Annul\u00e9e<\/em><\/p>\n<p>19 &#8211; <strong>CSS du Chemin-du-Roi<\/strong> &#8211; <em>Fran\u00e7ais, langue d&rsquo;enseignement<\/em> &#8211; Approche Dynamo<\/p>\n<p>20 &#8211; <strong>CSS des Affluents<\/strong> &#8211; <em>Francisation<\/em> &#8211; Prosodie<\/p>\n<p>20 &#8211; <strong>CSS de Montr\u00e9al<\/strong> &#8211; <em>Int\u00e9gration socioprofessionnelle<\/em> &#8211; Comportements strat\u00e9giques en ISP<\/p>\n<p><del>20 &#8211; <strong>CSS des Grandes-Seigneuries<\/strong> &#8211; <em>Fran\u00e7ais, langue d&rsquo;enseignement<\/em> &#8211; \u00c9tablir le profil du scripteur<\/del> &#8211; Annul\u00e9e<\/p>\n<p>23 &#8211; <strong>Riverside School Board<\/strong> &#8211; <em>Anglais, langue premi\u00e8re<\/em> &#8211; Tirer profit du mat\u00e9riel \u00e0 notre disposition<\/p>\n<p>25 &#8211; <strong>CSS de l&rsquo;Or-et-des-Bois<\/strong> &#8211; <em>Francisation<\/em><\/p>\n<p>25 &#8211; <strong>CSS de l&rsquo;Or-et-des-Bois<\/strong> &#8211; <em>Participation sociale<\/em><\/p>\n<p>27 &#8211; <strong>Journ\u00e9e p\u00e9dagogique r\u00e9gionale en Outaouais<\/strong> &#8211;<em> Fran\u00e7ais langue d&rsquo;enseignement\u00a0<\/em>&#8211; La triangulation des apprentissages en fran\u00e7ais<\/p>\n<p>27 &#8211; <strong>Journ\u00e9e p\u00e9dagogique r\u00e9gionale en Outaouais<\/strong> &#8211; <em>Math\u00e9matique\u00a0<\/em> &#8211; La triangulation des apprentissages en math\u00e9matique<\/p>\n<p>27 &#8211; <strong>CSS de la Vall\u00e9e-des-Tisserands<\/strong> &#8211; <em>Fran\u00e7ais, langue d&rsquo;enseignement<\/em> &#8211; Correction collective en \u00e9criture<\/p>\n<p>27 &#8211; <strong>CSS des Navigateurs<\/strong> &#8211; <em>Participation sociale<\/em>, suite<\/p>\n<p>31 &#8211; <strong>CSS Kamouraska-Rivi\u00e8re-du-Loup<\/strong>\u00a0&#8211; <em>Math\u00e9matique<\/em> &#8211; La triangulation des apprentissages et les strat\u00e9gies de lecture en math\u00e9matique[\/vc_column_text][\/vc_tta_section][\/vc_tta_accordion][vc_tta_accordion active_section=\u00a0\u00bb1&Prime; collapsible_all=\u00a0\u00bbtrue\u00a0\u00bb][vc_tta_section title=\u00a0\u00bbAvril\u00a0\u00bb tab_id=\u00a0\u00bb1542912327582-1dfc0aa5-cdfb\u00a0\u00bb][vc_column_text css=\u00a0\u00bb\u00a0\u00bb]2 &#8211; <strong>CSS Marguerite-Bourgeois<\/strong> &#8211; <em>Math\u00e9matique\u00a0<\/em><\/p>\n<p>22 &#8211; <strong>Journ\u00e9e de r\u00e9seautage Congr\u00e8s AQIFGA<\/strong> &#8211; <em>Francisation<\/em><\/p>\n<p>22 &#8211; <strong>Journ\u00e9e de r\u00e9seautage Congr\u00e8s AQIFGA<\/strong> &#8211; <em>Participation sociale<\/em><\/p>\n<p>22 &#8211; <strong>Journ\u00e9e de r\u00e9seautage Congr\u00e8s AQIFGA <\/strong>&#8211; <em>Univers social<\/em><\/p>\n<p>23-24 &#8211;<strong> AQIFGA<\/strong> &#8211; <em>Sciences<\/em> &#8211; <span data-olk-copy-source=\"MessageBody\">L&rsquo;application FizziQ au laboratoire en sciences pour collecter des donn\u00e9es<\/span><\/p>\n<p>23-24 &#8211;<strong> AQIFGA<\/strong> &#8211; <em>Francisation<\/em> &#8211; Le formulaire pour faire le suivi des apprentissages en contexte multiniveau<\/p>\n<p>23-24 &#8211;<strong> AQIFGA<\/strong> &#8211; <em>Francisation<\/em> &#8211; L&rsquo;enseignement des strat\u00e9gies d&rsquo;\u00e9coute<\/p>\n<p>&nbsp;<\/p>\n<p>24 &#8211; <strong>CSS de la Vall\u00e9e-des-Tisserands<\/strong> &#8211; <em>Fran\u00e7ais, langue d&rsquo;enseignement<\/em> &#8211; Correction collective en lecture[\/vc_column_text][\/vc_tta_section][\/vc_tta_accordion][\/vc_column][vc_column width=\u00a0\u00bb1\/6&Prime;][vc_tta_accordion active_section=\u00a0\u00bb1&Prime; collapsible_all=\u00a0\u00bbtrue\u00a0\u00bb][vc_tta_section title=\u00a0\u00bbMai\u00a0\u00bb tab_id=\u00a0\u00bb1542912638137-c7d0356c-4755&Prime;][vc_column_text css=\u00a0\u00bb\u00a0\u00bb]1 &#8211; <strong>CSS des Phares<\/strong> &#8211;<em> Francisation<\/em> &#8211; Ph\u00e9nom\u00e8nes d&rsquo;oralit\u00e9, phon\u00e9tique combinatoire et fran\u00e7ais qu\u00e9b\u00e9cois<\/p>\n<p>8 &#8211; <strong>CSS des Phares<\/strong> &#8211; <em>Univers social<\/em> &#8211; Cours d&rsquo;histoire du XXe si\u00e8cle<\/p>\n<p>13 &#8211; <strong>CSS des Phares<\/strong> &#8211; <em>Anglais, langue seconde<\/em> &#8211; Correction collective et Cours optionnels<\/p>\n<p>14 &#8211; <strong>CSS des Kamouraska-Rivi\u00e8re-du-Loup<\/strong>\u00a0&#8211; <em>Anglais, langue seconde<\/em> &#8211; Interaction orale<\/p>\n<p>22 &#8211;<strong> CSS des Phares<\/strong> &#8211; <em>Univers social<\/em> &#8211; Cours d&rsquo;histoire du XXe si\u00e8cle, partie 2<\/p>\n<p>22 &#8211; <strong>CSS des Navigateurs<\/strong> &#8211; <em>Fran\u00e7ais, langue d&rsquo;enseignement<\/em> &#8211; \u00c9tablir le profil du scripteur<\/p>\n<p>25 &#8211; <strong>CSS de Kamouraska-Rivi\u00e8re-du-Loup<\/strong> &#8211; <em>Fran\u00e7ais, langue d&rsquo;enseignement<\/em> &#8211; <span class=\"TextRun SCXO58192160 BCX0\" lang=\"FR-CA\" xml:lang=\"FR-CA\" data-contrast=\"auto\"><span class=\"NormalTextRun SCXO58192160 BCX0\">Genres de textes et partage d&rsquo;interventions efficaces<\/span><\/span><span class=\"EOP SCXO58192160 BCX0\">\u00a0<\/span><\/p>\n<p>27 &#8211; <strong>CSS du Lac-St-Jean<\/strong> &#8211; <em>Fran\u00e7ais, langue d&rsquo;enseignement<\/em> &#8211; Correction collective[\/vc_column_text][\/vc_tta_section][\/vc_tta_accordion][vc_tta_accordion active_section=\u00a0\u00bb1&Prime; collapsible_all=\u00a0\u00bbtrue\u00a0\u00bb][vc_tta_section title=\u00a0\u00bbJuin\u00a0\u00bb tab_id=\u00a0\u00bb1591806232113-dc0cde43-5b92&Prime;][vc_column_text css=\u00a0\u00bb\u00a0\u00bb]15 &#8211; <strong>CSS de la C\u00f4te-du-Sud<\/strong> &#8211; <em>Fran\u00e7ais, langue d&rsquo;enseignement<\/em> &#8211; Correction collective[\/vc_column_text][\/vc_tta_section][\/vc_tta_accordion][\/vc_column][\/vc_row][vc_row][vc_column][vc_column_text]<\/p>\n<p>[\/vc_column_text][\/vc_column][\/vc_row][vc_row][vc_column][vc_column_text]<br \/>\n[\/vc_column_text][\/vc_column][\/vc_row][vc_row][vc_column][\/vc_column][\/vc_row][vc_row][vc_column width=\u00a0\u00bb1\/3&Prime;][\/vc_column][vc_column width=\u00a0\u00bb1\/3&Prime;][\/vc_column][vc_column width=\u00a0\u00bb1\/3&Prime;][\/vc_column][\/vc_row][vc_row][vc_column][vc_column_text]<\/p>\n<p>[\/vc_column_text][\/vc_column][\/vc_row]<\/p>\n<\/div>","protected":false},"excerpt":{"rendered":"<p>[vc_row bk_type=\u00a0\u00bbverve_full_row\u00a0\u00bb el_class=\u00a0\u00bbpetit_texte\u00a0\u00bb custom_css=\u00a0\u00bbmargin:30px; padding-right:50px;\u00a0\u00bb css=\u00a0\u00bb.vc_custom_1556544688688{margin-top: 15px !important;}\u00a0\u00bb][vc_column width=\u00a0\u00bb1\/6&Prime;][vc_single_image image=\u00a0\u00bb9041&Prime; img_size=\u00a0\u00bbfull\u00a0\u00bb][vc_column_text]Vous voudriez recourir aux services de [&hellip;]<\/p>\n","protected":false},"author":1,"featured_media":0,"parent":0,"menu_order":0,"comment_status":"closed","ping_status":"closed","template":"full-width.php","meta":{"footnotes":"","_links_to":"","_links_to_target":""},"_links":{"self":[{"href":"https:\/\/www.carrefourfga.ca\/fr\/wp-json\/wp\/v2\/pages\/9948"}],"collection":[{"href":"https:\/\/www.carrefourfga.ca\/fr\/wp-json\/wp\/v2\/pages"}],"about":[{"href":"https:\/\/www.carrefourfga.ca\/fr\/wp-json\/wp\/v2\/types\/page"}],"author":[{"embeddable":true,"href":"https:\/\/www.carrefourfga.ca\/fr\/wp-json\/wp\/v2\/users\/1"}],"replies":[{"embeddable":true,"href":"https:\/\/www.carrefourfga.ca\/fr\/wp-json\/wp\/v2\/comments?post=9948"}],"version-history":[{"count":96,"href":"https:\/\/www.carrefourfga.ca\/fr\/wp-json\/wp\/v2\/pages\/9948\/revisions"}],"predecessor-version":[{"id":11110,"href":"https:\/\/www.carrefourfga.ca\/fr\/wp-json\/wp\/v2\/pages\/9948\/revisions\/11110"}],"wp:attachment":[{"href":"https:\/\/www.carrefourfga.ca\/fr\/wp-json\/wp\/v2\/media?parent=9948"}],"curies":[{"name":"wp","href":"https:\/\/api.w.org\/{rel}","templated":true}]}}