{"id":9744,"date":"2024-11-26T14:51:03","date_gmt":"2024-11-26T19:51:03","guid":{"rendered":"https:\/\/www.carrefourfga.ca\/fr\/?page_id=9744"},"modified":"2025-02-20T12:50:48","modified_gmt":"2025-02-20T17:50:48","slug":"calendrier-2024-2025","status":"publish","type":"page","link":"https:\/\/www.carrefourfga.ca\/fr\/calendrier-2024-2025\/","title":{"rendered":"Calendrier 2024-2025"},"content":{"rendered":"<div class=\"wpb-content-wrapper\"><p>[vc_row bk_type=\u00a0\u00bbverve_full_row\u00a0\u00bb el_class=\u00a0\u00bbpetit_texte\u00a0\u00bb custom_css=\u00a0\u00bbmargin:30px; padding-right:50px;\u00a0\u00bb css=\u00a0\u00bb.vc_custom_1556544163835{margin-top: 15px !important;}\u00a0\u00bb][vc_column width=\u00a0\u00bb1\/5&Prime;][vc_tta_accordion active_section=\u00a0\u00bb1&Prime; collapsible_all=\u00a0\u00bbtrue\u00a0\u00bb][vc_tta_section title=\u00a0\u00bbSeptembre\u00a0\u00bb tab_id=\u00a0\u00bb1538505026747-92be128c-3d2c\u00a0\u00bb][vc_column_text]<\/p>\n<h5>I N F O L E T T R E S<\/h5>\n<p><sup>05 sept.<\/sup> <a href=\"http:\/\/eepurl.com\/iYi5mg\" target=\"_blank\" rel=\"noopener\">SEC &#8211; Infolettre sp\u00e9ciale<\/a><br \/>\n<sup>09 sept.<\/sup> <a href=\"http:\/\/eepurl.com\/iZHAbE\" target=\"_blank\" rel=\"noopener\">Carrefour FGA<\/a><br \/>\n<sup>24 sept.<\/sup> <a href=\"http:\/\/eepurl.com\/iZS8Jc\" target=\"_blank\" rel=\"noopener\">English Community Newsletter<\/a><br \/>\n<sup>27 sept.<\/sup> <a href=\"http:\/\/eepurl.com\/iZYXqQ\" target=\"_blank\" rel=\"noopener\">R\u00c9CIT FGA<\/a><\/p>\n<h5>A P R \u00c8 S &#8211; C O U R S<\/h5>\n<p><sup>11 sept.<\/sup> <a href=\"https:\/\/sites.google.com\/cssmi.qc.ca\/apc-fga-fp\/fga-franco\/projet-wow-soutien-personnalis%C3%A9?authuser=0\" target=\"_blank\" rel=\"noopener\">Projet WoW &#8211; Soutien personnalis\u00e9<\/a><br \/>\n<sup>11 sept.<\/sup> <a href=\"https:\/\/sites.google.com\/cssmi.qc.ca\/apc-fga-fp\/fga-franco\/francisation?authuser=0\" target=\"_blank\" rel=\"noopener\">Francisation<\/a><br \/>\n<sup>12 sept.<\/sup> <a href=\"https:\/\/sites.google.com\/cssmi.qc.ca\/apc-fga-fp\/fga-franco\/rac-fms?authuser=0\" target=\"_blank\" rel=\"noopener\">RAC-FMS<\/a><br \/>\n<sup>24 sept.<\/sup> <a href=\"https:\/\/sites.google.com\/cssmi.qc.ca\/apc-fga-fp\/fga-franco\/webinaire-sec?authuser=0\" target=\"_blank\" rel=\"noopener\">Webinaire SEC &#8211; Fran\u00e7ois et son TDL<\/a>[\/vc_column_text][\/vc_tta_section][\/vc_tta_accordion][\/vc_column][vc_column width=\u00a0\u00bb1\/5&Prime;][vc_tta_accordion active_section=\u00a0\u00bb1&Prime; collapsible_all=\u00a0\u00bbtrue\u00a0\u00bb][vc_tta_section title=\u00a0\u00bbOctobre\u00a0\u00bb tab_id=\u00a0\u00bb1629216242183-784e40ab-1f6f\u00a0\u00bb][vc_column_text]<\/p>\n<h5>I N F O L E T T R E S<\/h5>\n<p><sup>01 oct.<\/sup> <a href=\"http:\/\/eepurl.com\/iZF6wE\" target=\"_blank\" rel=\"noopener\">SARCA<\/a><br \/>\n<sup>03 oct.<\/sup> <a href=\"http:\/\/eepurl.com\/iYkYco\" target=\"_blank\" rel=\"noopener\">SEC<\/a><br \/>\n<sup>10 oct.<\/sup> <a href=\"http:\/\/eepurl.com\/i0Y7v-\/\" target=\"_blank\" rel=\"noopener\">Carrefour FGA<\/a><br \/>\n<sup>28 oct.<\/sup> <a href=\"http:\/\/eepurl.com\/i15MZA\" target=\"_blank\" rel=\"noopener\">R\u00c9CIT FGA<\/a><br \/>\n<sup>29 oct.<\/sup> <a href=\"http:\/\/eepurl.com\/i2iQEs\" target=\"_blank\" rel=\"noopener\">English Community Newsletter<\/a><\/p>\n<h5>A P R \u00c8 S &#8211; C O U R S<\/h5>\n<p><sup>01 oct.<\/sup> <a href=\"https:\/\/sites.google.com\/cssmi.qc.ca\/apc-fga-fp\/fga-franco\/orientation-sarca?authuser=0\" target=\"_blank\" rel=\"noopener\">Orientation-SARCA<\/a><br \/>\n<sup>01 oct.<\/sup> <a href=\"https:\/\/sites.google.com\/cssmi.qc.ca\/apc-fga-fp\/fga-franco\/orientation-sarca?authuser=0\" target=\"_blank\" rel=\"noopener\">Ortho FGA &#8211; Soutien \u00e0 l&rsquo;apprentissage<\/a><br \/>\n<sup>09 oct.<\/sup> <a href=\"https:\/\/sites.google.com\/cssmi.qc.ca\/apc-fga-fp\/fga-franco\/rac-fms?authuser=0\" target=\"_blank\" rel=\"noopener\">RAC-FMS<\/a><br \/>\n<sup>16 sept.<\/sup> <a href=\"https:\/\/sites.google.com\/cssmi.qc.ca\/apc-fga-fp\/fga-franco\/projet-wow-soutien-personnalis%C3%A9?authuser=0\" target=\"_blank\" rel=\"noopener\">Projet WoW &#8211; Soutien personnalis\u00e9<\/a><br \/>\n<sup>16 sept.<\/sup> <a href=\"https:\/\/sites.google.com\/cssmi.qc.ca\/apc-fga-fp\/fga-franco\/francisation?authuser=0\" target=\"_blank\" rel=\"noopener\">Francisation<\/a><br \/>\n<sup>21 sept.<\/sup> <a href=\"https:\/\/sites.google.com\/cssmi.qc.ca\/apc-fga-fp\/fga-franco\/webinaire-sec?authuser=0\" target=\"_blank\" rel=\"noopener\">Webinaire SEC &#8211; Plan de lutte<\/a>[\/vc_column_text][\/vc_tta_section][\/vc_tta_accordion][\/vc_column][vc_column width=\u00a0\u00bb1\/5&Prime;][vc_tta_accordion active_section=\u00a0\u00bb1&Prime; collapsible_all=\u00a0\u00bbtrue\u00a0\u00bb][vc_tta_section title=\u00a0\u00bbNovembre\u00a0\u00bb tab_id=\u00a0\u00bb1539109672422-0a94875b-633f\u00a0\u00bb][vc_column_text]<\/p>\n<h5>I N F O L E T T R E S<\/h5>\n<p><sup>11 nov.<\/sup> <a href=\"http:\/\/eepurl.com\/i3CHFA\" target=\"_blank\" rel=\"noopener\">Carrefour FGA<\/a><br \/>\n<sup>25 nov.<\/sup> <a href=\"http:\/\/eepurl.com\/i4GIgM\" target=\"_blank\" rel=\"noopener\">R\u00c9CIT FGA<\/a><br \/>\n<sup>26 nov.<\/sup> <a href=\"http:\/\/eepurl.com\/i4LZpk\" target=\"_blank\" rel=\"noopener\">English Community Newsletter<\/a><\/p>\n<h5>A P R \u00c8 S &#8211; C O U R S<\/h5>\n<p><sup>11 nov.<\/sup> <a href=\"https:\/\/sites.google.com\/cssmi.qc.ca\/apc-fga-fp\/fga-franco\/webinaire-sec?authuser=0\" target=\"_blank\" rel=\"noopener\">Webinaire SEC &#8211; Plan de lutte<\/a><br \/>\n<sup>12 nov.<\/sup> <a href=\"https:\/\/sites.google.com\/cssmi.qc.ca\/apc-fga-fp\/fga-franco\/orientation-sarca?authuser=0\" target=\"_blank\" rel=\"noopener\">Orientation-SARCA<\/a><br \/>\n<sup>13 nov.<\/sup> <a href=\"https:\/\/sites.google.com\/cssmi.qc.ca\/apc-fga-fp\/fga-franco\/projet-wow-soutien-personnalis%C3%A9?authuser=0\" target=\"_blank\" rel=\"noopener\">Projet WoW &#8211; Soutien personnalis\u00e9<\/a><br \/>\n<sup>13 nov.<\/sup> <a href=\"https:\/\/sites.google.com\/cssmi.qc.ca\/apc-fga-fp\/fga-franco\/francisation?authuser=0\" target=\"_blank\" rel=\"noopener\">Francisation<\/a><br \/>\n<sup>28 nov.<\/sup> <a href=\"https:\/\/sites.google.com\/cssmi.qc.ca\/apc-fga-fp\/fga-franco\/orientation-sarca?authuser=0\" target=\"_blank\" rel=\"noopener\">Ortho FGA et FP &#8211; Rencontre commune<\/a>[\/vc_column_text][vc_column_text][\/vc_column_text][\/vc_tta_section][\/vc_tta_accordion][\/vc_column][vc_column width=\u00a0\u00bb1\/5&Prime;][vc_tta_accordion active_section=\u00a0\u00bb1&Prime; collapsible_all=\u00a0\u00bbtrue\u00a0\u00bb][vc_tta_section title=\u00a0\u00bbD\u00e9cembre\u00a0\u00bb tab_id=\u00a0\u00bb1538502804653-411e9328-78ab\u00a0\u00bb][vc_column_text]<\/p>\n<h5>I N F O L E T T R E S<\/h5>\n<p><sup>03 d\u00e9c.<\/sup> <a href=\"https:\/\/us18.campaign-archive.com\/home\/?u=1e2da09591fc9ece162fac0a6&amp;id=4a03ba1dc2\" target=\"_blank\" rel=\"noopener\">SARCA<\/a><br \/>\n<sup>05 d\u00e9c.<\/sup> <a href=\"https:\/\/us9.campaign-archive.com\/home\/?u=bc6f030e621352feed53636b9&amp;id=32ca09a807\" target=\"_blank\" rel=\"noopener\">Carrefour FGA<\/a><br \/>\n<sup>10 d\u00e9c.<\/sup> <a href=\"https:\/\/us18.campaign-archive.com\/home\/?u=1e2da09591fc9ece162fac0a6&amp;id=4a03ba1dc2\" target=\"_blank\" rel=\"noopener\">SEC<\/a><br \/>\n<sup>17 d\u00e9c.<\/sup> <a href=\"https:\/\/us21.campaign-archive.com\/home\/?u=694417cbf0d19889457445191&amp;id=d2704738f0\" target=\"_blank\" rel=\"noopener\">English Community Newsletter<\/a><br \/>\n<sup>19 d\u00e9c.<\/sup> <a href=\"https:\/\/us4.campaign-archive.com\/home\/?u=c382b966019fb97aba9212934&amp;id=7ee1ba0afe\" target=\"_blank\" rel=\"noopener\">R\u00c9CIT FGA<\/a><\/p>\n<h5>A P R \u00c8 S &#8211; C O U R S<\/h5>\n<p><sup>03 d\u00e9c.<\/sup> <a href=\"https:\/\/sites.google.com\/cssmi.qc.ca\/apc-fga-fp\/fga-franco\/rac-fms?authuser=0\" target=\"_blank\" rel=\"noopener\">RAC-FMS<\/a><br \/>\n<sup>04 d\u00e9c.<\/sup> <a href=\"https:\/\/sites.google.com\/cssmi.qc.ca\/apc-fga-fp\/fga-franco\/projet-wow-soutien-personnalis%C3%A9?authuser=0\" target=\"_blank\" rel=\"noopener\">Projet WoW &#8211; Soutien personnalis\u00e9<\/a><br \/>\n<sup>11 d\u00e9c.<\/sup> <a href=\"https:\/\/sites.google.com\/cssmi.qc.ca\/apc-fga-fp\/fga-franco\/francisation?authuser=0\" target=\"_blank\" rel=\"noopener\">Francisation<\/a><br \/>\n<sup>11 d\u00e9c.<\/sup> <a href=\"https:\/\/sites.google.com\/cssmi.qc.ca\/apc-fga-fp\/fga-franco\/webinaire-sec?authuser=0\" target=\"_blank\" rel=\"noopener\">Webinaire SEC \u2013 Approche relationnelle<\/a>[\/vc_column_text][\/vc_tta_section][\/vc_tta_accordion][\/vc_column][vc_column width=\u00a0\u00bb1\/5&Prime;][vc_tta_accordion active_section=\u00a0\u00bb1&Prime; collapsible_all=\u00a0\u00bbtrue\u00a0\u00bb][vc_tta_section title=\u00a0\u00bbJanvier\u00a0\u00bb tab_id=\u00a0\u00bb1539109674205-6d6beb9d-42bc\u00a0\u00bb][vc_column_text]<\/p>\n<h5>I N F O L E T T R E S<\/h5>\n<p><sup>16 jan.<\/sup> <a href=\"https:\/\/us9.campaign-archive.com\/home\/?u=bc6f030e621352feed53636b9&amp;id=32ca09a807\" target=\"_blank\" rel=\"noopener\">Carrefour FGA<\/a><br \/>\n<sup>21 jan.<\/sup> <a href=\"https:\/\/us21.campaign-archive.com\/home\/?u=694417cbf0d19889457445191&amp;id=d2704738f0\" target=\"_blank\" rel=\"noopener\">English Community Newsletter<\/a><br \/>\n<sup>23 jan.<\/sup> <a href=\"https:\/\/us4.campaign-archive.com\/home\/?u=c382b966019fb97aba9212934&amp;id=7ee1ba0afe\" target=\"_blank\" rel=\"noopener\">R\u00c9CIT FGA<\/a><\/p>\n<h5>A P R \u00c8 S &#8211; C O U R S<\/h5>\n<p><sup>13 jan.<\/sup> <a href=\"https:\/\/sites.google.com\/cssmi.qc.ca\/apc-fga-fp\/fga-franco\/orientation-sarca?authuser=0\" target=\"_blank\" rel=\"noopener\">Ortho FGA et FP &#8211; Rencontre commune<\/a><br \/>\n<sup>14 jan.<\/sup> <a href=\"https:\/\/sites.google.com\/cssmi.qc.ca\/apc-fga-fp\/fga-franco\/orientation-sarca?authuser=0\" target=\"_blank\" rel=\"noopener\">Orientation-SARCA<\/a><br \/>\n<sup>15 jan.<\/sup> <a href=\"https:\/\/sites.google.com\/cssmi.qc.ca\/apc-fga-fp\/fga-franco\/projet-wow-soutien-personnalis%C3%A9?authuser=0\" target=\"_blank\" rel=\"noopener\">Projet WoW &#8211; Soutien personnalis\u00e9<\/a><br \/>\n<sup>15 jan.<\/sup> <a href=\"https:\/\/sites.google.com\/cssmi.qc.ca\/apc-fga-fp\/fga-franco\/francisation?authuser=0\" target=\"_blank\" rel=\"noopener\">Francisation<\/a><br \/>\n<sup>22 jan.<\/sup> <a href=\"https:\/\/sites.google.com\/cssmi.qc.ca\/apc-fga-fp\/fga-franco\/rac-fms?authuser=0\" target=\"_blank\" rel=\"noopener\">RAC-FMS<\/a><br \/>\n<sup>29 jan.<\/sup> <a title=\"Webinaire SARCA - L'impact de la posture d'accueil de l'\u00e9quipe-\u00e9cole sur la motivation et le bien-\u00eatre des \u00e9l\u00e8ves adultes\" href=\"https:\/\/sites.google.com\/cssmi.qc.ca\/apc-fga-fp\/fga-franco\/webinaire-sec?authuser=0\" target=\"_blank\" rel=\"noopener\">Webinaire SARCA &#8211; Posture d&rsquo;accueil&#8230;<\/a>[\/vc_column_text][\/vc_tta_section][\/vc_tta_accordion][\/vc_column][\/vc_row][vc_row bk_type=\u00a0\u00bbverve_full_row\u00a0\u00bb el_class=\u00a0\u00bbpetit_texte\u00a0\u00bb custom_css=\u00a0\u00bbmargin:30px; padding-right:50px;\u00a0\u00bb css=\u00a0\u00bb.vc_custom_1556544163835{margin-top: 15px !important;}\u00a0\u00bb][vc_column width=\u00a0\u00bb1\/5&Prime;][vc_tta_accordion active_section=\u00a0\u00bb1&Prime; collapsible_all=\u00a0\u00bbtrue\u00a0\u00bb][vc_tta_section title=\u00a0\u00bbF\u00e9vrier\u00a0\u00bb tab_id=\u00a0\u00bb1732641645405-ffbf4686-f3b0&Prime;][vc_column_text]<\/p>\n<h5>I N F O L E T T R E S<\/h5>\n<p><sup>13 f\u00e9v.<\/sup> <a href=\"https:\/\/us9.campaign-archive.com\/home\/?u=bc6f030e621352feed53636b9&amp;id=32ca09a807\" target=\"_blank\" rel=\"noopener\">Carrefour FGA<\/a><br \/>\n<sup>18 f\u00e9v.<\/sup> <a href=\"https:\/\/us21.campaign-archive.com\/home\/?u=694417cbf0d19889457445191&amp;id=d2704738f0\" target=\"_blank\" rel=\"noopener\">English Community Newsletter<\/a><br \/>\n<sup>20 f\u00e9v.<\/sup> <a href=\"https:\/\/us4.campaign-archive.com\/home\/?u=c382b966019fb97aba9212934&amp;id=7ee1ba0afe\" target=\"_blank\" rel=\"noopener\">R\u00c9CIT FGA<\/a><br \/>\n<sup>25 f\u00e9v.<\/sup> <a href=\"https:\/\/us18.campaign-archive.com\/home\/?u=1e2da09591fc9ece162fac0a6&amp;id=4a03ba1dc2\" target=\"_blank\" rel=\"noopener\">SARCA<\/a><\/p>\n<h5>A P R \u00c8 S &#8211; C O U R S<\/h5>\n<p><sup>11 f\u00e9v.<\/sup> <a href=\"https:\/\/sites.google.com\/cssmi.qc.ca\/apc-fga-fp\/fga-franco\/projet-wow-soutien-personnalis%C3%A9?authuser=0\" target=\"_blank\" rel=\"noopener\">Projet WoW &#8211; Soutien personnalis\u00e9<\/a><br \/>\n<sup>12 f\u00e9v.<\/sup> <a href=\"https:\/\/sites.google.com\/cssmi.qc.ca\/apc-fga-fp\/fga-franco\/webinaire-sec?authuser=0\" target=\"_blank\" rel=\"noopener\">Webinaires SEC &#8211; Sexuality and Inclusion<\/a><br \/>\n<sup>12 f\u00e9v.<\/sup> <a href=\"https:\/\/sites.google.com\/cssmi.qc.ca\/apc-fga-fp\/fga-franco\/francisation?authuser=0\" target=\"_blank\" rel=\"noopener\">Francisation<\/a><br \/>\n<sup>20 f\u00e9v.<\/sup> <a title=\"Webinaire SEC-SARCA - Soutien aux \u00e9l\u00e8ves internationaux\" href=\"https:\/\/sites.google.com\/cssmi.qc.ca\/apc-fga-fp\/fga-franco\/webinaire-sec?authuser=0\" target=\"_blank\" rel=\"noopener\">Webinaire SEC-SARCA &#8211; \u00c9l\u00e8ves internationaux<\/a>[\/vc_column_text][\/vc_tta_section][\/vc_tta_accordion][\/vc_column][vc_column width=\u00a0\u00bb1\/5&Prime;][vc_tta_accordion active_section=\u00a0\u00bb1&Prime; collapsible_all=\u00a0\u00bbtrue\u00a0\u00bb][vc_tta_section title=\u00a0\u00bbMars\u00a0\u00bb tab_id=\u00a0\u00bb1732641645421-16964a23-4b01&Prime;][vc_column_text]<\/p>\n<h5>C O N G R \u00c8 S<\/h5>\n<p><sup>19-20-21 mar.<\/sup><br \/>\n<a href=\"https:\/\/institutta.webflow.io\/49e-congres-annuel-en-ligne?_gl=1*1keduff*_ga*MTg2NzAwNjk1Ni4xNjkyODA3NDg1*_ga_5GSNY4KCSY*MTY5MjgwNzQ4NC4xLjAuMTY5MjgwNzQ4NC4wLjAuMA..\" target=\"_blank\" rel=\"noopener\"><strong>49e Congr\u00e8s en \u00e9ducation inclusive (en ligne)<\/strong><\/a><\/p>\n<h5>I N F O L E T T R E S<\/h5>\n<p><sup>13 mars<\/sup> <a href=\"https:\/\/us9.campaign-archive.com\/home\/?u=bc6f030e621352feed53636b9&amp;id=32ca09a807\" target=\"_blank\" rel=\"noopener\">Carrefour FGA<\/a><br \/>\n<sup>18 mars<\/sup> <a href=\"https:\/\/us18.campaign-archive.com\/home\/?u=1e2da09591fc9ece162fac0a6&amp;id=4a03ba1dc2\" target=\"_blank\" rel=\"noopener\">SEC<\/a><br \/>\n<sup>20 mars<\/sup> <a href=\"https:\/\/us4.campaign-archive.com\/home\/?u=c382b966019fb97aba9212934&amp;id=7ee1ba0afe\" target=\"_blank\" rel=\"noopener\">R\u00c9CIT FGA<\/a><br \/>\n<sup>25 mars<\/sup> <a href=\"https:\/\/us21.campaign-archive.com\/home\/?u=694417cbf0d19889457445191&amp;id=d2704738f0\" target=\"_blank\" rel=\"noopener\">English Community Newsletter<\/a><\/p>\n<h5>A P R \u00c8 S &#8211; C O U R S<\/h5>\n<p><sup>11 mars<\/sup> <a href=\"https:\/\/sites.google.com\/cssmi.qc.ca\/apc-fga-fp\/fga-franco\/orientation-sarca?authuser=0\" target=\"_blank\" rel=\"noopener\">Orientation-SARCA<\/a><br \/>\n<sup>12 mars<\/sup> <a href=\"https:\/\/sites.google.com\/cssmi.qc.ca\/apc-fga-fp\/fga-franco\/projet-wow-soutien-personnalis%C3%A9?authuser=0\" target=\"_blank\" rel=\"noopener\">Projet WoW &#8211; Soutien personnalis\u00e9<\/a><br \/>\n<sup>13 mars<\/sup> <a href=\"https:\/\/sites.google.com\/cssmi.qc.ca\/apc-fga-fp\/fga-franco\/rac-fms?authuser=0\" target=\"_blank\" rel=\"noopener\">RAC-FMS<\/a><br \/>\n<sup>18 mars<\/sup> <a title=\"Intervention en milieux d\u00e9favoris\u00e9s\" href=\"https:\/\/sites.google.com\/cssmi.qc.ca\/apc-fga-fp\/fga-franco\/webinaire-sec?authuser=0\" target=\"_blank\" rel=\"noopener\">Webinaire SEC &#8211; Milieux d\u00e9favoris\u00e9s<\/a><br \/>\n<sup>19 mars<\/sup> <a href=\"https:\/\/sites.google.com\/cssmi.qc.ca\/apc-fga-fp\/fga-franco\/francisation?authuser=0\" target=\"_blank\" rel=\"noopener\">Francisation<\/a><br \/>\n<sup>26 mars<\/sup> <a href=\"https:\/\/sites.google.com\/cssmi.qc.ca\/apc-fga-fp\/fga-franco\/orientation-sarca?authuser=0\" target=\"_blank\" rel=\"noopener\">Ortho FGA et FP &#8211; Rencontre commune<\/a>[\/vc_column_text][\/vc_tta_section][\/vc_tta_accordion][\/vc_column][vc_column width=\u00a0\u00bb1\/5&Prime;][vc_tta_accordion active_section=\u00a0\u00bb1&Prime; collapsible_all=\u00a0\u00bbtrue\u00a0\u00bb][vc_tta_section title=\u00a0\u00bbAvril\u00a0\u00bb tab_id=\u00a0\u00bb1732641645433-df728f5e-87dd\u00a0\u00bb][vc_column_text]<\/p>\n<h5>C O N G R \u00c8 S<\/h5>\n<p><sup>09 avr.<\/sup><br \/>\n<a href=\"https:\/\/aqifga.com\/congres-2025\/\" target=\"_blank\" rel=\"noopener\"><strong>Journ\u00e9e r\u00e9seautage de l\u2019AQIFGA<\/strong><\/a><br \/>\n<sup>10-11 avr.<\/sup><br \/>\n<a href=\"https:\/\/aqifga.com\/congres-2025\/\" target=\"_blank\" rel=\"noopener\"><strong>Congr\u00e8s de l\u2019AQIFGA \u00e0 Trois-Rivi\u00e8res<\/strong><\/a><br \/>\n<sup>15-16-17 avr.<\/sup><br \/>\n<a href=\"https:\/\/www.aquops.qc.ca\/43e-colloque-2025\/\" target=\"_blank\" rel=\"noopener\"><strong>Colloque de l\u2019AQUOPS \u00e0 Qu\u00e9bec<\/strong><\/a><\/p>\n<h5>I N F O L E T T R E S<\/h5>\n<p><sup>09 avr.<\/sup> <a href=\"https:\/\/us4.campaign-archive.com\/home\/?u=c382b966019fb97aba9212934&amp;id=7ee1ba0afe\" target=\"_blank\" rel=\"noopener\">R\u00c9CIT FGA &#8211; Revue<\/a><br \/>\n<sup>10 avr.<\/sup> <a href=\"https:\/\/us9.campaign-archive.com\/home\/?u=bc6f030e621352feed53636b9&amp;id=32ca09a807\" target=\"_blank\" rel=\"noopener\">Carrefour FGA<\/a><br \/>\n<sup>17 avr.<\/sup> <a href=\"https:\/\/us4.campaign-archive.com\/home\/?u=c382b966019fb97aba9212934&amp;id=7ee1ba0afe\" target=\"_blank\" rel=\"noopener\">R\u00c9CIT FGA &#8211; Revue<\/a><br \/>\n<sup>29 avr.<\/sup> <a href=\"https:\/\/us21.campaign-archive.com\/home\/?u=694417cbf0d19889457445191&amp;id=d2704738f0\" target=\"_blank\" rel=\"noopener\">English Community Newsletter<\/a><\/p>\n<h5>A P R \u00c8 S &#8211; C O U R S<\/h5>\n<p><sup>16 avr.<\/sup> <a href=\"https:\/\/sites.google.com\/cssmi.qc.ca\/apc-fga-fp\/fga-franco\/projet-wow-soutien-personnalis%C3%A9?authuser=0\" target=\"_blank\" rel=\"noopener\">Projet WoW &#8211; Soutien personnalis\u00e9<\/a><br \/>\n<sup>16 avr.<\/sup> <a href=\"https:\/\/sites.google.com\/cssmi.qc.ca\/apc-fga-fp\/fga-franco\/francisation?authuser=0\" target=\"_blank\" rel=\"noopener\">Francisation<\/a><br \/>\n<sup>17 avr.<\/sup> <a href=\"https:\/\/sites.google.com\/cssmi.qc.ca\/apc-fga-fp\/fga-franco\/rac-fms?authuser=0\" target=\"_blank\" rel=\"noopener\">RAC-FMS<\/a><br \/>\n[\/vc_column_text][\/vc_tta_section][\/vc_tta_accordion][\/vc_column][vc_column width=\u00a0\u00bb1\/5&Prime;][vc_tta_accordion active_section=\u00a0\u00bb1&Prime; collapsible_all=\u00a0\u00bbtrue\u00a0\u00bb][vc_tta_section title=\u00a0\u00bbMai\u00a0\u00bb tab_id=\u00a0\u00bb1732641645450-5ce0459d-212f\u00a0\u00bb][vc_column_text]<\/p>\n<h5>C O N G R \u00c8 S<\/h5>\n<p><sup>29-30 mai.<\/sup><br \/>\n<del><a href=\"https:\/\/www.treaq.ca\/colloque\/le-colloque-2025\/\" target=\"_blank\" rel=\"noopener\"><strong>Colloque de la TR\u00c9AQ \u00e0 L\u00e9vis<\/strong><\/a><\/del><\/p>\n<h5>I N F O L E T T R E S<\/h5>\n<p><sup>08 mai<\/sup> <a href=\"https:\/\/us9.campaign-archive.com\/home\/?u=bc6f030e621352feed53636b9&amp;id=32ca09a807\" target=\"_blank\" rel=\"noopener\">Carrefour FGA<\/a><br \/>\n<sup>15 mai<\/sup> <a href=\"https:\/\/us4.campaign-archive.com\/home\/?u=c382b966019fb97aba9212934&amp;id=7ee1ba0afe\" target=\"_blank\" rel=\"noopener\">R\u00c9CIT FGA<\/a><br \/>\n<sup>20 mai<\/sup> <a href=\"https:\/\/us18.campaign-archive.com\/home\/?u=1e2da09591fc9ece162fac0a6&amp;id=4a03ba1dc2\" target=\"_blank\" rel=\"noopener\">SARCA<\/a><br \/>\n<sup>27 mai<\/sup> <a href=\"https:\/\/us21.campaign-archive.com\/home\/?u=694417cbf0d19889457445191&amp;id=d2704738f0\" target=\"_blank\" rel=\"noopener\">English Community Newsletter<\/a><\/p>\n<h5>A P R \u00c8 S &#8211; C O U R S<\/h5>\n<p><sup>07 mai<\/sup> <a href=\"https:\/\/sites.google.com\/cssmi.qc.ca\/apc-fga-fp\/fga-franco\/projet-wow-soutien-personnalis%C3%A9?authuser=0\" target=\"_blank\" rel=\"noopener\">Projet WoW &#8211; Soutien personnalis\u00e9<\/a><br \/>\n<sup>13 mai<\/sup> <a href=\"https:\/\/sites.google.com\/cssmi.qc.ca\/apc-fga-fp\/fga-franco\/orientation-sarca?authuser=0\" target=\"_blank\" rel=\"noopener\">Orientation-SARCA<\/a><br \/>\n<sup>14 mai<\/sup> <a href=\"https:\/\/sites.google.com\/cssmi.qc.ca\/apc-fga-fp\/fga-franco\/francisation?authuser=0\" target=\"_blank\" rel=\"noopener\">Francisation<\/a>[\/vc_column_text][\/vc_tta_section][\/vc_tta_accordion][\/vc_column][vc_column width=\u00a0\u00bb1\/5&Prime;][vc_tta_accordion active_section=\u00a0\u00bb1&Prime; collapsible_all=\u00a0\u00bbtrue\u00a0\u00bb][vc_tta_section title=\u00a0\u00bbJuin\u00a0\u00bb tab_id=\u00a0\u00bb1732641645461-55027b63-b66b\u00a0\u00bb][vc_column_text]<\/p>\n<h5>I N F O L E T T R E S<\/h5>\n<p><sup>05 juin<\/sup> <a href=\"https:\/\/us18.campaign-archive.com\/home\/?u=1e2da09591fc9ece162fac0a6&amp;id=4a03ba1dc2\" target=\"_blank\" rel=\"noopener\">SEC<\/a><br \/>\n<sup>12 juin<\/sup> <a href=\"https:\/\/us9.campaign-archive.com\/home\/?u=bc6f030e621352feed53636b9&amp;id=32ca09a807\" target=\"_blank\" rel=\"noopener\">Carrefour FGA<\/a><br \/>\n<sup>17 juin<\/sup> <a href=\"https:\/\/us21.campaign-archive.com\/home\/?u=694417cbf0d19889457445191&amp;id=d2704738f0\" target=\"_blank\" rel=\"noopener\">English Community Newsletter<\/a><br \/>\n<sup>19 juin<\/sup> <a href=\"https:\/\/us4.campaign-archive.com\/home\/?u=c382b966019fb97aba9212934&amp;id=7ee1ba0afe\" target=\"_blank\" rel=\"noopener\">R\u00c9CIT FGA<\/a><\/p>\n<h5>A P R \u00c8 S &#8211; C O U R S<\/h5>\n<p><sup>03 juin<\/sup> <a href=\"https:\/\/sites.google.com\/cssmi.qc.ca\/apc-fga-fp\/fga-franco\/rac-fms?authuser=0\" target=\"_blank\" rel=\"noopener\">RAC-FMS<\/a><br \/>\n<sup>04 juin<\/sup> <a href=\"https:\/\/sites.google.com\/cssmi.qc.ca\/apc-fga-fp\/fga-franco\/projet-wow-soutien-personnalis%C3%A9?authuser=0\" target=\"_blank\" rel=\"noopener\">Projet WoW &#8211; Soutien personnalis\u00e9<\/a><br \/>\n<sup>05 juin<\/sup> <a href=\"https:\/\/sites.google.com\/cssmi.qc.ca\/apc-fga-fp\/fga-franco\/orientation-sarca?authuser=0\" target=\"_blank\" rel=\"noopener\">Ortho FGA &#8211; Soutien \u00e0 l&rsquo;apprentissage<\/a><br \/>\n<sup>11 juin<\/sup> <a href=\"https:\/\/sites.google.com\/cssmi.qc.ca\/apc-fga-fp\/fga-franco\/francisation?authuser=0\" target=\"_blank\" rel=\"noopener\">Francisation<\/a><\/p>\n<p>[\/vc_column_text][vc_empty_space height=\u00a0\u00bb22px\u00a0\u00bb][vc_single_image image=\u00a0\u00bb3226&Prime; img_size=\u00a0\u00bbfull\u00a0\u00bb][\/vc_tta_section][\/vc_tta_accordion][\/vc_column][\/vc_row][vc_row][vc_column][vc_column_text]<\/p>\n<p>[\/vc_column_text][\/vc_column][\/vc_row][vc_row][vc_column][vc_column_text]<br \/>\n[\/vc_column_text][\/vc_column][\/vc_row][vc_row][vc_column][vc_column_text][\/vc_column_text][\/vc_column][\/vc_row][vc_row][vc_column width=\u00a0\u00bb1\/3&Prime;][\/vc_column][vc_column width=\u00a0\u00bb1\/3&Prime;][\/vc_column][vc_column width=\u00a0\u00bb1\/3&Prime;][\/vc_column][\/vc_row][vc_row][vc_column][vc_column_text]<\/p>\n<p>[\/vc_column_text][\/vc_column][\/vc_row]<\/p>\n<\/div>","protected":false},"excerpt":{"rendered":"<p>[vc_row bk_type=\u00a0\u00bbverve_full_row\u00a0\u00bb el_class=\u00a0\u00bbpetit_texte\u00a0\u00bb custom_css=\u00a0\u00bbmargin:30px; padding-right:50px;\u00a0\u00bb css=\u00a0\u00bb.vc_custom_1556544163835{margin-top: 15px !important;}\u00a0\u00bb][vc_column width=\u00a0\u00bb1\/5&Prime;][vc_tta_accordion active_section=\u00a0\u00bb1&Prime; collapsible_all=\u00a0\u00bbtrue\u00a0\u00bb][vc_tta_section title=\u00a0\u00bbSeptembre\u00a0\u00bb tab_id=\u00a0\u00bb1538505026747-92be128c-3d2c\u00a0\u00bb][vc_column_text] I N F [&hellip;]<\/p>\n","protected":false},"author":1,"featured_media":0,"parent":0,"menu_order":0,"comment_status":"closed","ping_status":"closed","template":"full-width.php","meta":{"footnotes":"","_links_to":"","_links_to_target":""},"_links":{"self":[{"href":"https:\/\/www.carrefourfga.ca\/fr\/wp-json\/wp\/v2\/pages\/9744"}],"collection":[{"href":"https:\/\/www.carrefourfga.ca\/fr\/wp-json\/wp\/v2\/pages"}],"about":[{"href":"https:\/\/www.carrefourfga.ca\/fr\/wp-json\/wp\/v2\/types\/page"}],"author":[{"embeddable":true,"href":"https:\/\/www.carrefourfga.ca\/fr\/wp-json\/wp\/v2\/users\/1"}],"replies":[{"embeddable":true,"href":"https:\/\/www.carrefourfga.ca\/fr\/wp-json\/wp\/v2\/comments?post=9744"}],"version-history":[{"count":2,"href":"https:\/\/www.carrefourfga.ca\/fr\/wp-json\/wp\/v2\/pages\/9744\/revisions"}],"predecessor-version":[{"id":9835,"href":"https:\/\/www.carrefourfga.ca\/fr\/wp-json\/wp\/v2\/pages\/9744\/revisions\/9835"}],"wp:attachment":[{"href":"https:\/\/www.carrefourfga.ca\/fr\/wp-json\/wp\/v2\/media?parent=9744"}],"curies":[{"name":"wp","href":"https:\/\/api.w.org\/{rel}","templated":true}]}}