{"id":9628,"date":"2024-10-23T08:23:02","date_gmt":"2024-10-23T13:23:02","guid":{"rendered":"https:\/\/www.carrefourfga.ca\/fr\/?page_id=9628"},"modified":"2025-06-09T08:32:57","modified_gmt":"2025-06-09T13:32:57","slug":"calendrier-de-lequipe-choc-pedagogique-2024-2025","status":"publish","type":"page","link":"https:\/\/www.carrefourfga.ca\/fr\/calendrier-de-lequipe-choc-pedagogique-2024-2025\/","title":{"rendered":"Calendrier de l&rsquo;\u00c9quipe-choc p\u00e9dagogique 2024-2025"},"content":{"rendered":"<div class=\"wpb-content-wrapper\"><p>[vc_row bk_type=\u00a0\u00bbverve_full_row\u00a0\u00bb el_class=\u00a0\u00bbpetit_texte\u00a0\u00bb custom_css=\u00a0\u00bbmargin:30px; padding-right:50px;\u00a0\u00bb css=\u00a0\u00bb.vc_custom_1556544688688{margin-top: 15px !important;}\u00a0\u00bb][vc_column width=\u00a0\u00bb1\/6&Prime;][vc_single_image image=\u00a0\u00bb9041&Prime; img_size=\u00a0\u00bbfull\u00a0\u00bb][vc_column_text]Vous voudriez recourir aux services de L&rsquo;\u00c9quipe-choc P\u00e9dagogique pour obtenir un accompagnement.<\/p>\n<p>Les services vous sont offerts gr\u00e2ce \u00e0 la participation financi\u00e8re du minist\u00e8re de l&rsquo;\u00c9ducation.<\/p>\n<p><a href=\"mailto:infoequipechoc@carrefourfga.com\">Contactez-nous : infoequipechoc@carrefourfga.com<\/a>[\/vc_column_text][vc_empty_space height=\u00a0\u00bb22px\u00a0\u00bb][vc_single_image image=\u00a0\u00bb184&Prime; img_size=\u00a0\u00bbfull\u00a0\u00bb][vc_empty_space height=\u00a0\u00bb22px\u00a0\u00bb][\/vc_column][vc_column width=\u00a0\u00bb1\/6&Prime;][vc_tta_accordion active_section=\u00a0\u00bb1&Prime; collapsible_all=\u00a0\u00bbtrue\u00a0\u00bb][vc_tta_section title=\u00a0\u00bbAo\u00fbt\u00a0\u00bb tab_id=\u00a0\u00bb1538505026747-92be128c-3d2c\u00a0\u00bb][vc_column_text][\/vc_column_text][\/vc_tta_section][\/vc_tta_accordion][vc_tta_accordion active_section=\u00a0\u00bb1&Prime; collapsible_all=\u00a0\u00bbtrue\u00a0\u00bb][vc_tta_section title=\u00a0\u00bbSeptembre\u00a0\u00bb tab_id=\u00a0\u00bb1688050079645-ea704649-9d5e\u00a0\u00bb][vc_column_text]4 &#8211; <strong>CSS des Monts-et-Mar\u00e9es<\/strong>\u00a0&#8211; <em>Francisation <\/em>&#8211; Enseigner \u00e0 distance en francisation<\/p>\n<p>13 &#8211; <strong>CSS des Phares<\/strong>\u00a0&#8211; <em>Univers social<\/em> &#8211; Pr\u00e9sentation des outils pour bien accompagner et \u00e9valuer les \u00e9l\u00e8ves en histoire<\/p>\n<p>19 et 20 &#8211; <strong>CSS de Rouyn-Noranda<\/strong>\u00a0&#8211; <em>Francisation<\/em> &#8211; Phon\u00e9tique, prosodie, P\u00c9 et d\u00e9marche d&rsquo;autocorrection<\/p>\n<p>20 &#8211; <strong>CSS de Portneuf <em>(R\u00e9gionale)<\/em><\/strong>\u00a0&#8211; <em>Francisation<\/em> &#8211; Alignement curriculaire<\/p>\n<p>30 &#8211; <strong>CSS des Phares <em>(R\u00e9gionale)<\/em><\/strong> &#8211; <em>Francisation<\/em> &#8211; Didactique de la CO et exploitation du mat\u00e9riel \u00ab\u00a0\u00c0 qui veut l&rsquo;entendre\u00a0\u00bb[\/vc_column_text][\/vc_tta_section][\/vc_tta_accordion][vc_tta_accordion active_section=\u00a0\u00bb1&Prime; collapsible_all=\u00a0\u00bbtrue\u00a0\u00bb][vc_tta_section title=\u00a0\u00bbOctobre\u00a0\u00bb tab_id=\u00a0\u00bb1538502804653-411e9328-78ab\u00a0\u00bb][vc_column_text]11 &#8211; <strong>CSS de Beauce-Etchemin<\/strong> &#8211; <em>Francisation<\/em> &#8211; L&rsquo;enseignement \u00e0 l&rsquo;aide de corpus<\/p>\n<p>11 &#8211; <strong>CSS de Laval<\/strong> &#8211; <em>Francisation<\/em> &#8211; Correction collective en PO<\/p>\n<p>11 &#8211; <strong>CSS de la Rivi\u00e8re-du-Nord<\/strong> &#8211; <em>Francisation<\/em> &#8211; Plongez dans la francisation<\/p>\n<p>16 &#8211; <strong>CSS des Navigateurs<\/strong> &#8211; <em>Francisation<\/em>\u00a0&#8211; Enseignement de la grammaire en langue seconde<\/p>\n<p>16 &#8211; <strong>CSS des D\u00e9couvreurs<\/strong> &#8211; <em>Francisation<\/em> &#8211; Enseignement de la phrase de base \u00e0 l&rsquo;aide des formes<\/p>\n<p>16 &#8211; <strong>CSS du Chemin-du-Roy<\/strong> &#8211; <em>Francisation<\/em> &#8211; Prosodie: rythme, intonation et enseignement implicite de la P de base et des P transform\u00e9es<\/p>\n<p>17 &#8211; <strong>CSS des Navigateurs<\/strong> &#8211; <em>Francisation<\/em> &#8211; Enseignement de la grammaire en langue seconde<\/p>\n<p>21 &#8211; <strong>CSS des Phares<\/strong> &#8211; <em>Fran\u00e7ais langue d&rsquo;enseignement<\/em> &#8211; Correction collective en lecture et profil du scripteur<\/p>\n<p>&nbsp;<\/p>\n<p>30 &#8211; <strong>CSS des D\u00e9couvreurs<\/strong> &#8211; <em>Francisation<\/em> &#8211; P\u00c9 et d\u00e9marche d&rsquo;autocorrection[\/vc_column_text][\/vc_tta_section][\/vc_tta_accordion][\/vc_column][vc_column width=\u00a0\u00bb1\/6&Prime;][vc_tta_accordion active_section=\u00a0\u00bb1&Prime; collapsible_all=\u00a0\u00bbtrue\u00a0\u00bb][vc_tta_section title=\u00a0\u00bbNovembre\u00a0\u00bb tab_id=\u00a0\u00bb1538506032747-9f52a695-6beb\u00a0\u00bb][vc_column_text]1 &#8211; <strong>CSS des Appalaches<\/strong> &#8211; <em>Francisation<\/em> &#8211; Phon\u00e9tique<\/p>\n<p>1 &#8211; <strong>English Montreal School Board<\/strong> &#8211; <em>Francisation<\/em><\/p>\n<p>1 &#8211; <strong>Journ\u00e9e p\u00e9dagogique r\u00e9gionale de l&rsquo;Abitibi<\/strong> &#8211; <em>Participation sociale<\/em> &#8211; Ancrer les fondations pour optimiser le d\u00e9veloppement p\u00e9dagogique<\/p>\n<p>5 &#8211; <strong>Apr\u00e8s-cours<\/strong> &#8211; <em>Participation sociale<\/em> &#8211; CP uniquement<\/p>\n<p><del>8 &#8211;<strong> CSS de Portneuf<\/strong> &#8211; <em>Francisation<\/em> &#8211; Correction collective en P\u00c9<\/del> &#8211; <em>Annul\u00e9e<\/em><\/p>\n<p><del>8 &#8211; <strong>CSS des Rives-du-Saguenay<\/strong> &#8211; <em>Francisation<\/em> &#8211; Enseignement de la grammaire \u00e0 l&rsquo;aide de corpus<\/del> &#8211; <em>Annul\u00e9e<\/em><\/p>\n<p>12 &#8211; <strong>CSS des Mille-\u00celes<\/strong> &#8211; <em>Francisation<\/em> &#8211; Phon\u00e9tique<\/p>\n<p>15 &#8211; <strong>Journ\u00e9e p\u00e9dagogique r\u00e9gionale Mont\u00e9r\u00e9gie-Estrie (JPME)<\/strong> &#8211; <em>Math\u00e9matiques &#8211; Fran\u00e7ais langue d&rsquo;enseignement &#8211; Univers social &#8211; Participation sociale<\/em><\/p>\n<p><del>21 &#8211; <strong>CSS des Navigateurs<\/strong> &#8211; <em>Francisation<\/em> &#8211; Alignement curriculaire, partie 1 (S<\/del>oir) <em>Annul\u00e9e<\/em><\/p>\n<p><del>22 &#8211; <strong>CSS des Navigateurs<\/strong> &#8211; <em>Francisation<\/em> &#8211; Alignement curriculaire (Jour) <\/del><em>Annul\u00e9e<\/em><\/p>\n<p>27 &#8211; <strong>CSS de la Pointe-de-l&rsquo;\u00cele<\/strong> &#8211; <em>Francisation<\/em> &#8211; Multiniveau[\/vc_column_text][\/vc_tta_section][\/vc_tta_accordion][vc_tta_accordion active_section=\u00a0\u00bb1&Prime; collapsible_all=\u00a0\u00bbtrue\u00a0\u00bb][vc_tta_section title=\u00a0\u00bbD\u00e9cembre\u00a0\u00bb tab_id=\u00a0\u00bb1538506220516-8744b941-77bc\u00a0\u00bb][vc_column_text]2 &#8211; <strong>CSS des Portages-de-l&rsquo;Ouatouais<\/strong> &#8211; <em>Math\u00e9matique<\/em> &#8211; Correction collective en MAT-3051<\/p>\n<p>6 &#8211; <strong>CSS de la Rivi\u00e8re-du-Nord<\/strong> &#8211; <em>Francisation<\/em> &#8211; Strat\u00e9gies d&rsquo;enseignement pour les \u00e9l\u00e8ves peu ou pas scolaris\u00e9s<\/p>\n<p><del>6 &#8211; <strong>CSS de la Vall\u00e9e-des-Tisserands<\/strong> &#8211; <em>Francisation<\/em> &#8211; Multiniveau<\/del> &#8211; <em>Annul\u00e9e<\/em><\/p>\n<p><del>6 &#8211; <strong>CSS du Pays-des-Bleuets<\/strong> <em>(R\u00e9gionale)<\/em> &#8211; <em>Francisation<\/em> &#8211; Phon\u00e9tique<\/del> &#8211; <em>Annul\u00e9e<\/em><\/p>\n<p>10 &#8211; <strong>Formation lors de l&rsquo;Apr\u00e8s-cours<\/strong> &#8211; <em>Participation sociale<\/em> &#8211; Projection vers l&rsquo;avenir, mon projet de participation sociale<\/p>\n<p><del>19 &#8211; <strong>CSS des Navigateurs<\/strong> &#8211; <em>Francisation<\/em> &#8211; Alignement curriculaire, partie 2 (Soir)<\/del> <em>Annul\u00e9e<\/em>[\/vc_column_text][\/vc_tta_section][\/vc_tta_accordion][\/vc_column][vc_column width=\u00a0\u00bb1\/6&Prime;][vc_tta_accordion active_section=\u00a0\u00bb1&Prime; collapsible_all=\u00a0\u00bbtrue\u00a0\u00bb][vc_tta_section title=\u00a0\u00bbJanvier\u00a0\u00bb tab_id=\u00a0\u00bb1538506258367-0855ea3b-42f4&Prime;][vc_column_text]6 &#8211; <strong>CSS de Montr\u00e9al<\/strong> &#8211; <em>Francisation<\/em> &#8211; La m\u00e9tacognition dans la classe pour enseigner \u00e0 apprendre<\/p>\n<p>8 &#8211; <strong>CSS des Patriotes<\/strong> &#8211;<em> Francisation<\/em> &#8211; \u00c0 quoi s&rsquo;attendre en PO pour chaque niveau<\/p>\n<p>16 et 17 &#8211; <strong>CSS de l&rsquo;Estuaire<\/strong> &#8211; <em>Math\u00e9matiques<\/em> &#8211; Triangulation des apprentissages<\/p>\n<p>17 &#8211; <strong>CSS des Phares<\/strong> &#8211; <em>Anglais<\/em> &#8211; Partie 1: Speaking<\/p>\n<p><del>20 &#8211; <strong>CSS des Hautes-Laurentides<\/strong> &#8211; <em>Francisation<\/em> &#8211; Correction collective &#8211; <\/del><em>Annul\u00e9e<\/em><\/p>\n<p>24 &#8211; <strong>CSS de Laval<\/strong> &#8211; <em>Francisation<\/em> &#8211; Correction collective<\/p>\n<p>24 &#8211; <strong>CSS de la Rivi\u00e8re-du-Nord<\/strong> &#8211; <em>Math\u00e9matiques<\/em> &#8211; L&rsquo;\u00e9valuation en math\u00e9matiques<\/p>\n<p>24 &#8211; <strong>CSS de Laval<\/strong> &#8211; <em>Fran\u00e7ais langue d&rsquo;enseignement<\/em> &#8211; Les rep\u00e8res culturels<\/p>\n<p>24 &#8211; <strong>CSS de Montr\u00e9al<\/strong> &#8211; <em>Francisation<\/em> &#8211; Correction collective<\/p>\n<p>29 &#8211; <strong>CSS des Samares<\/strong> &#8211; <em>Fran\u00e7ais langue d&rsquo;enseignement<\/em> &#8211; Le profil du scripteur<\/p>\n<p>30 &#8211; <strong>CSS du Chemin-du-Roy<\/strong> &#8211; <em>Fran\u00e7ais langue d&rsquo;enseignement<\/em> &#8211; Correction collective en \u00e9criture<\/p>\n<p>31 &#8211; <strong>CSS des Phares<\/strong> &#8211; <em>Anglais<\/em> &#8211; Partie 2: \u00c9valuation[\/vc_column_text][\/vc_tta_section][\/vc_tta_accordion][vc_tta_accordion active_section=\u00a0\u00bb1&Prime; collapsible_all=\u00a0\u00bbtrue\u00a0\u00bb][vc_tta_section title=\u00a0\u00bbF\u00e9vrier\u00a0\u00bb tab_id=\u00a0\u00bb1538506312493-5a64195c-4ee4&Prime;][vc_column_text]<del>3 &#8211; <strong>CSS de Montr\u00e9al<\/strong> &#8211; <em>Math\u00e9matiques<\/em> &#8211; Le questionnement<\/del> &#8211; Annul\u00e9e<\/p>\n<p>4 &#8211; <strong>Formation lors de l&rsquo;Apr\u00e8s-cours<\/strong> &#8211; <em>Participation sociale<\/em> &#8211; La planification et les situations d&rsquo;apprentissage<\/p>\n<p>7 &#8211; <strong>CSS de la Rivi\u00e8re-du-Nord<\/strong> &#8211; <em>Fran\u00e7ais langue d&rsquo;enseignement<\/em> &#8211; Correction collective en lecture<\/p>\n<p>7 &#8211; <strong>CS English-Montreal<\/strong> &#8211; <em>Francisation<\/em> &#8211; Les secrets d&rsquo;une classe dynamique en francisation<\/p>\n<p>7 &#8211; <strong>CSS des Ch\u00eanes<\/strong> &#8211;<em> Francisation<\/em> &#8211; Correction collective en P\u00c9<\/p>\n<p><del>11 &#8211; <strong>CSS de Montr\u00e9al<\/strong> &#8211; <em>Francisation<\/em> &#8211; Les strat\u00e9gies de lecture <\/del><em>Report\u00e9<\/em><\/p>\n<p>13 &#8211; <strong>R\u00e9gion Mont\u00e9r\u00e9gie<\/strong> &#8211; <em>Math\u00e9matiques<\/em> &#8211; Compr\u00e9hension conceptuelle<\/p>\n<p>14 &#8211; <strong>CSS des Premi\u00e8res-Seigneuries<\/strong> &#8211; <em>Sciences et technologie<\/em> &#8211; D\u00e9crire, expliquer et justifier en sciences et technologie<\/p>\n<p>14 &#8211; <strong>CSS Marguerite-Bourgeois<\/strong> &#8211; <em>Participation sociale<\/em> &#8211; L&rsquo;\u00e9valuation et le portrait de classe<\/p>\n<p><del>14 &#8211; <strong>CSS des Laurentides<\/strong> &#8211; <em>Francisation<\/em> &#8211; Phon\u00e9tique<\/del> &#8211;<em> Annul\u00e9e<\/em><\/p>\n<p><del>14 &#8211; <strong>CSS de la Beauce-Etchemin<\/strong> &#8211; <em>Francisation<\/em> &#8211; Phon\u00e9tique<\/del> &#8211; <em>Annul\u00e9e<\/em><\/p>\n<p><del>18 &#8211;\u00a0<strong>CSS de Montr\u00e9al<\/strong>\u00a0&#8211;\u00a0<em>Francisation<\/em>\u00a0&#8211; Les strat\u00e9gies de lecture (suite)<\/del>\u00a0<em>Report\u00e9<\/em><\/p>\n<p>18 &#8211; <strong>CSS de l&rsquo;Or-et-des-Bois<\/strong> &#8211; <em>Francisation<\/em> &#8211; Interf\u00e9rences de la L1 sur l&rsquo;apprentissage de la L2<\/p>\n<p>19 &#8211; <strong>CSS des Patriotes<\/strong> &#8211; <em>Francisation<\/em> &#8211; Comment am\u00e9liorer la PO (niveaux interm\u00e9diaires)<\/p>\n<p>20 &#8211; <strong>CSS des Portages-de-l&rsquo;Outaouais<\/strong> &#8211; <em>Math\u00e9matique<\/em> &#8211; Correction collective<\/p>\n<p>21 &#8211; <strong>CSS des Navigateurs<\/strong> &#8211; <em>Francisation<\/em> &#8211; Andragogie<\/p>\n<p>21 &#8211; <strong>CSS des Phare<\/strong>s &#8211; <em>Anglais<\/em> &#8211; Partie 3: Gestion de classe multiniveau en anglais<\/p>\n<p>24 &#8211;<strong> CSS des Samares<\/strong> &#8211; <em>Francisation<\/em> &#8211; Correction collective<\/p>\n<p>25 &#8211; <strong>Apr\u00e8s-cours<\/strong> &#8211; <em>Participation sociale<\/em> &#8211; CP uniquement<\/p>\n<p>26 &#8211; <strong>R\u00e9gionale Mont\u00e9r\u00e9gie-Estrie<\/strong> &#8211; <em>Francisation<\/em> &#8211; Piloter une entrevue d&rsquo;\u00e9valuation<\/p>\n<p>27 &#8211; <strong>R\u00e9gionale Mont\u00e9r\u00e9gie-Estrie<\/strong> &#8211; <em>Francisation<\/em> &#8211; Piloter une entrevue d&rsquo;\u00e9valuation<\/p>\n<p><del>28 &#8211; <strong>CSS Marguerite-Bourgeois<\/strong> &#8211; <em>Francisation<\/em> &#8211; Phon\u00e9tique<\/del> &#8211; <em>Annul\u00e9e<\/em>[\/vc_column_text][\/vc_tta_section][\/vc_tta_accordion][\/vc_column][vc_column width=\u00a0\u00bb1\/6&Prime;][vc_tta_accordion active_section=\u00a0\u00bb1&Prime; collapsible_all=\u00a0\u00bbtrue\u00a0\u00bb][vc_tta_section title=\u00a0\u00bbMars\u00a0\u00bb tab_id=\u00a0\u00bb1542912261995-9bda7159-6bea\u00a0\u00bb][vc_column_text]10 &#8211; <strong>CSS de la Jonqui\u00e8re<\/strong> &#8211; <em>Fran\u00e7ais langue d&rsquo;enseignement<\/em> &#8211; Correction collective<\/p>\n<p>14 &#8211; <strong>Journ\u00e9e r\u00e9gionale Mont\u00e9r\u00e9gie-Estrie<\/strong> &#8211; <em>Participation sociale<\/em><\/p>\n<p><del>18 &#8211; <strong>CSS de Montr\u00e9al<\/strong> &#8211; <em>Francisation<\/em> &#8211; Les strat\u00e9gies de lecture (suite) &#8211;<\/del> <em>Report\u00e9<\/em><\/p>\n<p><del>20 &#8211; <strong>R\u00e9gion Estrie<\/strong> &#8211; <em>Math\u00e9matiques<\/em> &#8211; Compr\u00e9hension conceptuelle<\/del> &#8211; Annul\u00e9e<\/p>\n<p>21 &#8211; <strong>CSS du Lac-St-Jean<\/strong> &#8211; <em>Francisation<\/em> &#8211; Prosodie et syntaxe<\/p>\n<p>26 &#8211; <strong>CSS des Patriotes<\/strong> &#8211; <em>Francisation<\/em> &#8211; Grammaire et structure de la phrase, anglicismes<\/p>\n<p>27 &#8211; <strong>CSS de la Capitale<\/strong> &#8211; <em>Math\u00e9matiques<\/em> &#8211; Conceptions alternatives<\/p>\n<p>28 &#8211; <strong>Sommet FGA de l&rsquo;Outaouais\u00a0<\/strong>&#8211;\u00a0<em>Fran\u00e7ais langue d&rsquo;enseignement<\/em> &#8211; Les rep\u00e8res culturels<\/p>\n<p>28 &#8211; <strong>Sommet FGA de l&rsquo;Outaouais\u00a0<\/strong>&#8211;\u00a0<em>Math\u00e9matique\u00a0<\/em>&#8211; \u00c9valuer autrement et Le questionnement<\/p>\n<p>28 &#8211; <strong>CSS de la Rivi\u00e8re-du-Nord<\/strong> &#8211; <em>Math\u00e9matiques<\/em> &#8211; La planification de l&rsquo;\u00e9valuation (suite) et la cr\u00e9ation de grilles adapt\u00e9es[\/vc_column_text][\/vc_tta_section][\/vc_tta_accordion][vc_tta_accordion active_section=\u00a0\u00bb1&Prime; collapsible_all=\u00a0\u00bbtrue\u00a0\u00bb][vc_tta_section title=\u00a0\u00bbAvril\u00a0\u00bb tab_id=\u00a0\u00bb1542912327582-1dfc0aa5-cdfb\u00a0\u00bb][vc_column_text]2 &#8211; <strong>CSS de Montr\u00e9al<\/strong> &#8211; <em>Francisation<\/em> &#8211; Correction collective<\/p>\n<p>3 et 4 &#8211; <strong>CSS de l&rsquo;Estuaire<\/strong> &#8211; <em>Math\u00e9matique<\/em> &#8211; Comment accompagner l&rsquo;\u00e9l\u00e8ve dans l&rsquo;\u00e9valuation et outils de r\u00e9troaction<\/p>\n<p>7 &#8211; <strong>CSS des Phares<\/strong> &#8211; <em>Univers social<\/em> &#8211; Monde contemporain<\/p>\n<p>9 &#8211;<strong> AQIFGA<\/strong> &#8211; <em>Francisation<\/em> &#8211; Pr\u00e9congr\u00e8s<\/p>\n<p>9 &#8211; <strong>AQIFGA<\/strong> &#8211; <em>Participation sociale<\/em> &#8211; Pr\u00e9congr\u00e8s<\/p>\n<p>15 &#8211; <strong>Formation lors de l&rsquo;Apr\u00e8s-cours<\/strong> &#8211; <em>Participation sociale<\/em> &#8211; L&rsquo;\u00e9valuation des apprentissages<\/p>\n<p><del>17 &#8211; <strong>CSS Marguerite-Bourgeois<\/strong> &#8211; <em>Participation sociale<\/em> &#8211; L&rsquo;\u00e9valuation (suite) &#8211; <\/del>Annul\u00e9e<\/p>\n<p><del>17 &#8211; <strong>CSS des Laurentides<\/strong> &#8211; <em>Francisation &#8211;<\/em> Correction collective<\/del> &#8211; Annul\u00e9e<\/p>\n<p>22 &#8211; <strong>CSS Marguerite-Bourgeois<\/strong> &#8211; <em>Francisation<\/em> &#8211; Correction collective<\/p>\n<p>24 &#8211; <strong>CSS de l&rsquo;Or-et-des-Bois<\/strong> &#8211; <em>Francisation<\/em> &#8211; Enseignement de la syntaxe<\/p>\n<p>25 &#8211;<strong> R\u00e9gion Mont\u00e9r\u00e9gie-Estrie<\/strong> &#8211; <em>Math\u00e9matiques<\/em> &#8211; Compr\u00e9hension conceptuelle suite<\/p>\n<p>28 &#8211; <strong>CSS des Trois-Lacs<\/strong> &#8211; <em>Francisation<\/em> &#8211; R\u00e9troaction[\/vc_column_text][\/vc_tta_section][\/vc_tta_accordion][\/vc_column][vc_column width=\u00a0\u00bb1\/6&Prime;][vc_tta_accordion active_section=\u00a0\u00bb1&Prime; collapsible_all=\u00a0\u00bbtrue\u00a0\u00bb][vc_tta_section title=\u00a0\u00bbMai\u00a0\u00bb tab_id=\u00a0\u00bb1542912638137-c7d0356c-4755&Prime;][vc_column_text]1 &#8211; <strong>CSS des Draveurs<\/strong> &#8211; <em>Math\u00e9matique<\/em> &#8211; Manifestation implicite et explicite en FBD<\/p>\n<p>2 &#8211;<strong> CSS des Bois-Francs (R\u00e9gionale)<\/strong> &#8211; <em>Francisation<\/em> &#8211; Phon\u00e9tique<\/p>\n<p>7 &#8211; <strong>CSS Kamouraska-Rivi\u00e8re-du-Loup<\/strong> &#8211; <em>Math\u00e9matiques<\/em> &#8211; Les pratiques efficaces en math\u00e9matiques<\/p>\n<p>9 &#8211; <strong>CSS de la Rivi\u00e8re-du-Nord<\/strong> &#8211; <em>Math\u00e9matiques<\/em> &#8211; Comment soutenir le d\u00e9veloppement de comp\u00e9tences (neuroplasticit\u00e9 et pratiques efficaces)<\/p>\n<p>12 &#8211; <strong>CSS de Phares<\/strong> &#8211; <em>Univers social<\/em> &#8211; Histoire<\/p>\n<p>16 &#8211; <strong>CSS des Phares<\/strong> &#8211; <em>Francisation<\/em> &#8211; Phon\u00e9tique<\/p>\n<p>20 &#8211; <strong>CSS de Montr\u00e9al<\/strong> &#8211; <em>Fran\u00e7ais langue d&rsquo;enseignement<\/em> &#8211; Correction collective et 4 dimensions de la lecture<\/p>\n<p>27 &#8211; <strong>Apr\u00e8s-cours<\/strong> &#8211; <em>Participation sociale<\/em> &#8211; \u00c9valuation<\/p>\n<p>28 &#8211; <strong>CSS de Kamouraska-Rivi\u00e8re-du-Loup<\/strong> &#8211; <em>Fran\u00e7ais langue d&rsquo;enseignement<\/em> &#8211; Correction collective et profil du scripteur<\/p>\n<p>29 &#8211; <strong>CSS des Draveurs<\/strong> &#8211; <em>Math\u00e9matique<\/em> &#8211; Correction collective<\/p>\n<p>30 &#8211; <strong>CSS de la Riveraine<\/strong> &#8211; <em>Fran\u00e7ais langue d&rsquo;enseignement<\/em> &#8211; Approche Dynamo en FLE[\/vc_column_text][\/vc_tta_section][\/vc_tta_accordion][vc_tta_accordion active_section=\u00a0\u00bb1&Prime; collapsible_all=\u00a0\u00bbtrue\u00a0\u00bb][vc_tta_section title=\u00a0\u00bbJuin\u00a0\u00bb tab_id=\u00a0\u00bb1591806232113-dc0cde43-5b92&Prime;][vc_column_text]5 &#8211; <strong>CSS des Draveurs<\/strong> &#8211; <em>Math\u00e9matiques<\/em> &#8211; Correction collective<\/p>\n<p>10 &#8211; <strong>CSS de Montr\u00e9al<\/strong> &#8211; <em>Francisation<\/em> &#8211; Correction collective<\/p>\n<p>17 &#8211; <strong>Apr\u00e8s-cours<\/strong> &#8211; <em>Participation sociale<\/em> &#8211; CP uniquement[\/vc_column_text][\/vc_tta_section][\/vc_tta_accordion][\/vc_column][\/vc_row][vc_row][vc_column][vc_column_text]<\/p>\n<p>[\/vc_column_text][\/vc_column][\/vc_row][vc_row][vc_column][vc_column_text]<br \/>\n[\/vc_column_text][\/vc_column][\/vc_row][vc_row][vc_column][\/vc_column][\/vc_row][vc_row][vc_column width=\u00a0\u00bb1\/3&Prime;][\/vc_column][vc_column width=\u00a0\u00bb1\/3&Prime;][\/vc_column][vc_column width=\u00a0\u00bb1\/3&Prime;][\/vc_column][\/vc_row][vc_row][vc_column][vc_column_text]<\/p>\n<p>[\/vc_column_text][\/vc_column][\/vc_row]<\/p>\n<\/div>","protected":false},"excerpt":{"rendered":"<p>[vc_row bk_type=\u00a0\u00bbverve_full_row\u00a0\u00bb el_class=\u00a0\u00bbpetit_texte\u00a0\u00bb custom_css=\u00a0\u00bbmargin:30px; padding-right:50px;\u00a0\u00bb css=\u00a0\u00bb.vc_custom_1556544688688{margin-top: 15px !important;}\u00a0\u00bb][vc_column width=\u00a0\u00bb1\/6&Prime;][vc_single_image image=\u00a0\u00bb9041&Prime; img_size=\u00a0\u00bbfull\u00a0\u00bb][vc_column_text]Vous voudriez recourir aux services de [&hellip;]<\/p>\n","protected":false},"author":1,"featured_media":0,"parent":0,"menu_order":0,"comment_status":"closed","ping_status":"closed","template":"full-width.php","meta":{"footnotes":"","_links_to":"","_links_to_target":""},"_links":{"self":[{"href":"https:\/\/www.carrefourfga.ca\/fr\/wp-json\/wp\/v2\/pages\/9628"}],"collection":[{"href":"https:\/\/www.carrefourfga.ca\/fr\/wp-json\/wp\/v2\/pages"}],"about":[{"href":"https:\/\/www.carrefourfga.ca\/fr\/wp-json\/wp\/v2\/types\/page"}],"author":[{"embeddable":true,"href":"https:\/\/www.carrefourfga.ca\/fr\/wp-json\/wp\/v2\/users\/1"}],"replies":[{"embeddable":true,"href":"https:\/\/www.carrefourfga.ca\/fr\/wp-json\/wp\/v2\/comments?post=9628"}],"version-history":[{"count":74,"href":"https:\/\/www.carrefourfga.ca\/fr\/wp-json\/wp\/v2\/pages\/9628\/revisions"}],"predecessor-version":[{"id":9973,"href":"https:\/\/www.carrefourfga.ca\/fr\/wp-json\/wp\/v2\/pages\/9628\/revisions\/9973"}],"wp:attachment":[{"href":"https:\/\/www.carrefourfga.ca\/fr\/wp-json\/wp\/v2\/media?parent=9628"}],"curies":[{"name":"wp","href":"https:\/\/api.w.org\/{rel}","templated":true}]}}