{"id":9457,"date":"2024-03-22T11:54:20","date_gmt":"2024-03-22T16:54:20","guid":{"rendered":"https:\/\/www.carrefourfga.ca\/fr\/?page_id=9457"},"modified":"2024-10-07T09:52:14","modified_gmt":"2024-10-07T14:52:14","slug":"encadrements-legaux","status":"publish","type":"page","link":"https:\/\/www.carrefourfga.ca\/fr\/encadrements-legaux\/","title":{"rendered":"Encadrements l\u00e9gaux"},"content":{"rendered":"<div class=\"wpb-content-wrapper\"><p>[vc_row bottom_padding=\u00a0\u00bb10px\u00a0\u00bb css=\u00a0\u00bb.vc_custom_1582309736839{margin-top: 15px !important;margin-right: 30px !important;margin-bottom: 15px !important;margin-left: 30px !important;}\u00a0\u00bb][vc_column width=\u00a0\u00bb1\/2&Prime;][vc_single_image image=\u00a0\u00bb288&Prime; img_size=\u00a0\u00bbfull\u00a0\u00bb css=\u00a0\u00bb.vc_custom_1711126060107{margin-top: 15px !important;margin-bottom: 15px !important;}\u00a0\u00bb][\/vc_column][vc_column width=\u00a0\u00bb1\/2&Prime;][vc_tta_accordion active_section=\u00a0\u00bb1&Prime; collapsible_all=\u00a0\u00bbtrue\u00a0\u00bb css=\u00a0\u00bb.vc_custom_1711124362876{margin-top: 20px !important;}\u00a0\u00bb][vc_tta_section title=\u00a0\u00bbEncadrements l\u00e9gaux\u00a0\u00bb tab_id=\u00a0\u00bb1510948797230-d1fbbded-2c10&Prime;][vc_column_text]<\/p>\n<ul>\n<li><a href=\"https:\/\/www.legisquebec.gouv.qc.ca\/fr\/document\/lc\/I-13.3\" target=\"_blank\" rel=\"noopener\">Loi sur l\u2019instruction publique<\/a><\/li>\n<\/ul>\n<hr \/>\n<ul>\n<li><a href=\"https:\/\/cdn-contenu.quebec.ca\/cdn-contenu\/education\/evaluation-epreuves-ministerielles\/Guide-sanction-etudes.pdf\" target=\"_blank\" rel=\"noopener\">Guide de gestion, Sanction des \u00e9tudes et \u00e9preuves minist\u00e9rielles<\/a><\/li>\n<\/ul>\n<hr \/>\n<ul>\n<li><a href=\"https:\/\/www.education.gouv.qc.ca\/fileadmin\/site_web\/documents\/dpse\/evaluation\/13-4602.pdf\" target=\"_blank\" rel=\"noopener\">Politique d\u2019\u00e9valuation des apprentissages<\/a><\/li>\n<\/ul>\n<hr \/>\n<ul>\n<li><a href=\"https:\/\/www.legisquebec.gouv.qc.ca\/fr\/document\/rc\/i-13.3,%20r.%209\" target=\"_blank\" rel=\"noopener\">R\u00e9gime p\u00e9dagogique de la formation g\u00e9n\u00e9rale des adultes<\/a><\/li>\n<\/ul>\n<hr \/>\n<ul>\n<li><a href=\"https:\/\/www.quebec.ca\/education\/formation-professionnelle-education-adultes\/formation-generale-adultes\/documents-administratifs\" target=\"_blank\" rel=\"noopener\">Services et programmes d\u2019\u00e9tudes, Document administratif<\/a><\/li>\n<\/ul>\n<p>[\/vc_column_text][\/vc_tta_section][\/vc_tta_accordion][\/vc_column][\/vc_row][vc_row css=\u00a0\u00bb.vc_custom_1549491007866{margin-bottom: 40px !important;}\u00a0\u00bb][vc_column][\/vc_column][\/vc_row]<\/p>\n<\/div>","protected":false},"excerpt":{"rendered":"<p>[vc_row bottom_padding=\u00a0\u00bb10px\u00a0\u00bb css=\u00a0\u00bb.vc_custom_1582309736839{margin-top: 15px !important;margin-right: 30px !important;margin-bottom: 15px !important;margin-left: 30px !important;}\u00a0\u00bb][vc_column width=\u00a0\u00bb1\/2&Prime;][vc_single_image image=\u00a0\u00bb288&Prime; img_size=\u00a0\u00bbfull\u00a0\u00bb css=\u00a0\u00bb.vc_custom_1711126060107{margin-top: 15px [&hellip;]<\/p>\n","protected":false},"author":1,"featured_media":0,"parent":0,"menu_order":0,"comment_status":"closed","ping_status":"closed","template":"full-width.php","meta":{"footnotes":"","_links_to":"","_links_to_target":""},"_links":{"self":[{"href":"https:\/\/www.carrefourfga.ca\/fr\/wp-json\/wp\/v2\/pages\/9457"}],"collection":[{"href":"https:\/\/www.carrefourfga.ca\/fr\/wp-json\/wp\/v2\/pages"}],"about":[{"href":"https:\/\/www.carrefourfga.ca\/fr\/wp-json\/wp\/v2\/types\/page"}],"author":[{"embeddable":true,"href":"https:\/\/www.carrefourfga.ca\/fr\/wp-json\/wp\/v2\/users\/1"}],"replies":[{"embeddable":true,"href":"https:\/\/www.carrefourfga.ca\/fr\/wp-json\/wp\/v2\/comments?post=9457"}],"version-history":[{"count":6,"href":"https:\/\/www.carrefourfga.ca\/fr\/wp-json\/wp\/v2\/pages\/9457\/revisions"}],"predecessor-version":[{"id":9613,"href":"https:\/\/www.carrefourfga.ca\/fr\/wp-json\/wp\/v2\/pages\/9457\/revisions\/9613"}],"wp:attachment":[{"href":"https:\/\/www.carrefourfga.ca\/fr\/wp-json\/wp\/v2\/media?parent=9457"}],"curies":[{"name":"wp","href":"https:\/\/api.w.org\/{rel}","templated":true}]}}