{"id":9450,"date":"2024-03-22T11:19:34","date_gmt":"2024-03-22T16:19:34","guid":{"rendered":"https:\/\/www.carrefourfga.ca\/fr\/?page_id=9450"},"modified":"2024-03-22T11:19:34","modified_gmt":"2024-03-22T16:19:34","slug":"grille-dappreciation-du-materiel-dapprentissage","status":"publish","type":"page","link":"https:\/\/www.carrefourfga.ca\/fr\/grille-dappreciation-du-materiel-dapprentissage\/","title":{"rendered":"Grille d&rsquo;appr\u00e9ciation du mat\u00e9riel d&rsquo;apprentissage"},"content":{"rendered":"<div class=\"wpb-content-wrapper\"><p>[vc_row bottom_padding=\u00a0\u00bb10px\u00a0\u00bb css=\u00a0\u00bb.vc_custom_1582309736839{margin-top: 15px !important;margin-right: 30px !important;margin-bottom: 15px !important;margin-left: 30px !important;}\u00a0\u00bb][vc_column width=\u00a0\u00bb1\/2&Prime;][vc_single_image image=\u00a0\u00bb2689&Prime; img_size=\u00a0\u00bbfull\u00a0\u00bb css=\u00a0\u00bb.vc_custom_1549902934638{margin-top: 15px !important;margin-bottom: 15px !important;}\u00a0\u00bb][\/vc_column][vc_column width=\u00a0\u00bb1\/2&Prime;][vc_tta_accordion active_section=\u00a0\u00bb1&Prime; collapsible_all=\u00a0\u00bbtrue\u00a0\u00bb css=\u00a0\u00bb.vc_custom_1711124362876{margin-top: 20px !important;}\u00a0\u00bb][vc_tta_section title=\u00a0\u00bbGrille d&rsquo;appr\u00e9ciation du mat\u00e9riel d&rsquo;apprentissage\u00a0\u00bb tab_id=\u00a0\u00bb1510948797230-d1fbbded-2c10&Prime;][vc_column_text]La direction de l\u2019\u00e9ducation des adultes et de la formation continue du MEES, en collaboration avec le r\u00e9seau, a d\u00e9velopp\u00e9 une grille d\u2019appr\u00e9ciation du mat\u00e9riel d\u2019apprentissage pour aider les enseignants et les conseillers p\u00e9dagogiques \u00e0 choisir leur mat\u00e9riel didactique.<\/p>\n<p class=\"desc\">Il s\u2019agit d\u2019un <strong>outil non prescrit<\/strong> qui <strong>peut \u00eatre adapt\u00e9 ou modifi\u00e9<\/strong> en fonction des besoins.<\/p>\n<p class=\"desc\">\u00c0 la demande du r\u00e9seau, cette grille est rendue disponible en <strong>version provisoire<\/strong>, en attendant que la version finale soit d\u00e9pos\u00e9e, accompagn\u00e9e d\u2019un guide d\u2019accompagnement qui apportera des pr\u00e9cisions sur l\u2019utilisation de la grille.<\/p>\n<p class=\"desc\">Une deuxi\u00e8me version de la grille a \u00e9t\u00e9 con\u00e7ue pour permettre l\u2019appr\u00e9ciation des guides dont les situations d\u2019apprentissage, les t\u00e2ches ou les activit\u00e9s ne sont pas pr\u00e9sent\u00e9es selon les\u00a0phases de pr\u00e9paration, de r\u00e9alisation et d\u2019int\u00e9gration. Elle contient g\u00e9n\u00e9ralement les m\u00eames \u00e9nonc\u00e9s que ceux de la premi\u00e8re grille, mais regroup\u00e9s diff\u00e9remment.<\/p>\n<p class=\"desc\">Vous pouvez <a href=\"http:\/\/www.carrefourfga.com\/documents\/PPT_atelier.pdf\" target=\"_blank\" rel=\"noopener noreferrer\">consulter\u00a0le PowerPoint<\/a> qui a \u00e9t\u00e9 utilis\u00e9 pour pr\u00e9senter l\u2019outil lors de la Rencontre nationale des gestionnaires et des responsables du soutien p\u00e9dagogique (27 janvier 2017)<\/p>\n<ul>\n<li><a href=\"http:\/\/www.carrefourfga.com\/documents\/Grille_FGA_13fevrier2017_phases.xlsx\">Grille d\u2019appr\u00e9ciation du mat\u00e9riel d\u2019apprentissage<\/a><\/li>\n<li><a href=\"http:\/\/www.carrefourfga.com\/documents\/Grille_FGA_13fevrier2017.xlsx\">Grille d\u2019appr\u00e9ciation du mat\u00e9riel d\u2019apprentissage<br \/>\n(version sans les phases de pr\u00e9paration, de r\u00e9alisation et d\u2019int\u00e9gration)<\/a><\/li>\n<\/ul>\n<p>[\/vc_column_text][\/vc_tta_section][\/vc_tta_accordion][\/vc_column][\/vc_row][vc_row css=\u00a0\u00bb.vc_custom_1549491007866{margin-bottom: 40px !important;}\u00a0\u00bb][vc_column][\/vc_column][\/vc_row]<\/p>\n<\/div>","protected":false},"excerpt":{"rendered":"<p>[vc_row bottom_padding=\u00a0\u00bb10px\u00a0\u00bb css=\u00a0\u00bb.vc_custom_1582309736839{margin-top: 15px !important;margin-right: 30px !important;margin-bottom: 15px !important;margin-left: 30px !important;}\u00a0\u00bb][vc_column width=\u00a0\u00bb1\/2&Prime;][vc_single_image image=\u00a0\u00bb2689&Prime; img_size=\u00a0\u00bbfull\u00a0\u00bb css=\u00a0\u00bb.vc_custom_1549902934638{margin-top: 15px [&hellip;]<\/p>\n","protected":false},"author":1,"featured_media":0,"parent":0,"menu_order":0,"comment_status":"closed","ping_status":"closed","template":"full-width.php","meta":{"footnotes":"","_links_to":"","_links_to_target":""},"_links":{"self":[{"href":"https:\/\/www.carrefourfga.ca\/fr\/wp-json\/wp\/v2\/pages\/9450"}],"collection":[{"href":"https:\/\/www.carrefourfga.ca\/fr\/wp-json\/wp\/v2\/pages"}],"about":[{"href":"https:\/\/www.carrefourfga.ca\/fr\/wp-json\/wp\/v2\/types\/page"}],"author":[{"embeddable":true,"href":"https:\/\/www.carrefourfga.ca\/fr\/wp-json\/wp\/v2\/users\/1"}],"replies":[{"embeddable":true,"href":"https:\/\/www.carrefourfga.ca\/fr\/wp-json\/wp\/v2\/comments?post=9450"}],"version-history":[{"count":1,"href":"https:\/\/www.carrefourfga.ca\/fr\/wp-json\/wp\/v2\/pages\/9450\/revisions"}],"predecessor-version":[{"id":9451,"href":"https:\/\/www.carrefourfga.ca\/fr\/wp-json\/wp\/v2\/pages\/9450\/revisions\/9451"}],"wp:attachment":[{"href":"https:\/\/www.carrefourfga.ca\/fr\/wp-json\/wp\/v2\/media?parent=9450"}],"curies":[{"name":"wp","href":"https:\/\/api.w.org\/{rel}","templated":true}]}}