{"id":9035,"date":"2023-05-12T08:27:19","date_gmt":"2023-05-12T13:27:19","guid":{"rendered":"http:\/\/www.carrefourfga.ca\/fr\/?page_id=9035"},"modified":"2024-03-14T07:30:16","modified_gmt":"2024-03-14T12:30:16","slug":"calendrier-de-lequipe-choc-pedagogique-2023-2024","status":"publish","type":"page","link":"https:\/\/www.carrefourfga.ca\/fr\/calendrier-de-lequipe-choc-pedagogique-2023-2024\/","title":{"rendered":"Calendrier de L&rsquo;\u00c9quipe-choc P\u00e9dagogique 2023-2024"},"content":{"rendered":"<div class=\"wpb-content-wrapper\"><p>[vc_row bk_type=\u00a0\u00bbverve_full_row\u00a0\u00bb el_class=\u00a0\u00bbpetit_texte\u00a0\u00bb custom_css=\u00a0\u00bbmargin:30px; padding-right:50px;\u00a0\u00bb css=\u00a0\u00bb.vc_custom_1556544688688{margin-top: 15px !important;}\u00a0\u00bb][vc_column width=\u00a0\u00bb1\/6&Prime;][vc_single_image image=\u00a0\u00bb9041&Prime; img_size=\u00a0\u00bbfull\u00a0\u00bb][vc_column_text]Vous voudriez recourir aux services de L&rsquo;\u00c9quipe-choc P\u00e9dagogique pour obtenir un accompagnement.<\/p>\n<p>Les services vous sont offerts gr\u00e2ce \u00e0 la participation financi\u00e8re du minist\u00e8re de l&rsquo;\u00c9ducation.<\/p>\n<p><a href=\"mailto:infoequipechoc@carrefourfga.com\">Contactez-nous : infoequipechoc@carrefourfga.com<\/a>[\/vc_column_text][vc_empty_space height=\u00a0\u00bb22px\u00a0\u00bb][vc_single_image image=\u00a0\u00bb184&Prime; img_size=\u00a0\u00bbfull\u00a0\u00bb][vc_empty_space height=\u00a0\u00bb22px\u00a0\u00bb][\/vc_column][vc_column width=\u00a0\u00bb1\/6&Prime;][vc_tta_accordion active_section=\u00a0\u00bb1&Prime; collapsible_all=\u00a0\u00bbtrue\u00a0\u00bb][vc_tta_section title=\u00a0\u00bbAo\u00fbt\u00a0\u00bb tab_id=\u00a0\u00bb1538505026747-92be128c-3d2c\u00a0\u00bb][vc_column_text]22 &#8211; <strong>CSS des Appalaches<\/strong> &#8211; <em>Francisation<\/em> &#8211; Phon\u00e9tique[\/vc_column_text][\/vc_tta_section][\/vc_tta_accordion][vc_tta_accordion active_section=\u00a0\u00bb1&Prime; collapsible_all=\u00a0\u00bbtrue\u00a0\u00bb][vc_tta_section title=\u00a0\u00bbSeptembre\u00a0\u00bb tab_id=\u00a0\u00bb1688050079645-ea704649-9d5e\u00a0\u00bb][vc_column_text]13 &#8211; <strong>English Montreal School Board<\/strong> &#8211; <em>Francisation <\/em>&#8211; Fonctions ex\u00e9cutives<\/p>\n<p>28 &#8211; <strong>CSS des Mille-\u00celes<\/strong>\u00a0&#8211; <em>Francisation<\/em> &#8211; Multiniveau<\/p>\n<p>29 &#8211; <strong>CSS de la Riveraine<\/strong>\u00a0&#8211; <em>Francisation<\/em> &#8211; Alignement curriculaire<\/p>\n<p>29 &#8211; <strong>CSS Marguerite-Bourgeoys<\/strong>\u00a0&#8211; <em>Francisation<\/em> &#8211; Client\u00e8le peu scolaris\u00e9e[\/vc_column_text][\/vc_tta_section][\/vc_tta_accordion][vc_tta_accordion active_section=\u00a0\u00bb1&Prime; collapsible_all=\u00a0\u00bbtrue\u00a0\u00bb][vc_tta_section title=\u00a0\u00bbOctobre\u00a0\u00bb tab_id=\u00a0\u00bb1538502804653-411e9328-78ab\u00a0\u00bb][vc_column_text]2 &#8211; <strong>CSS du Fleuve-et-des-Lacs<\/strong>\u00a0&#8211; <em>Francisation<\/em> &#8211; Planification<\/p>\n<p>4 &#8211; <strong>CSS de la Capitale<\/strong>\u00a0&#8211; <em><del datetime=\"2023-09-25T20:30:15+00:00\">Francisation<\/del><\/em><del datetime=\"2023-09-25T20:30:15+00:00\"> &#8211; Fluidit\u00e9 en lectur<\/del>e ANNUL\u00c9<\/p>\n<p>10 &#8211; <strong>CSS des Premi\u00e8res-Seigneuries<\/strong> &#8211; Fran\u00e7ais &#8211; Projet Dynamo<\/p>\n<p>10 &#8211; <strong>CSS des Premi\u00e8res-Seigneuries<\/strong> &#8211; Sciences &#8211; Correction collective<\/p>\n<p>11 &#8211; <strong>CSS de La Jonqui\u00e8re <\/strong>&#8211; <em>Francisation<\/em> &#8211; Alignement curriculaire<\/p>\n<p>13 &#8211;<strong> Riverside School Board\u00a0<\/strong>&#8211; <em>Francisation<\/em> &#8211; Fonctions ex\u00e9cutives<\/p>\n<p>18 &#8211; <strong>R\u00e9gion 16<\/strong>\u00a0&#8211; <em>Francisation<\/em> &#8211; <span class=\"ui-provider ed bbs bbt bbu bbv bbw bbx bby bbz bca bcb bcc bcd bce bcf bcg bch bci bcj bck bcl bcm bcn bco bcp bcq bcr bcs bct bcu bcv bcw bcx bcy bcz\" dir=\"ltr\">Programme, arrimage, strat\u00e9gies d&rsquo;enseignement<\/span><\/p>\n<p>20 &#8211; <strong>CSS des Ch\u00eanes<\/strong> &#8211; <em>Fran\u00e7ais<\/em> &#8211; Correction collective<\/p>\n<p>20 &#8211; <strong>CSS des Laurentides<\/strong>\u00a0&#8211; <em>Francisation<\/em> &#8211; Alignement curriculaire<\/p>\n<p>23 &#8211; <strong>CSS des Phares<\/strong>\u00a0&#8211; <em>Francisation<\/em> &#8211; Phon\u00e9tique<\/p>\n<p>25 &#8211; <strong>CSS des Patriotes<\/strong>\u00a0&#8211; <em>Francisation<\/em> &#8211; Phon\u00e9tique<\/p>\n<p>27 &#8211; <strong>CSS des Mille-\u00celes<\/strong>\u00a0&#8211; <em>Francisation<\/em> &#8211; Fluidit\u00e9 en lecture<\/p>\n<p>27 &#8211; <strong>CSS de la Beauce-Etchemin<\/strong>\u00a0&#8211; <em>Francisation<\/em> &#8211; Bases de la phon\u00e9tique<\/p>\n<p>29 &#8211; <strong>CSS Marguerite-Bourgeoys<\/strong>\u00a0&#8211; <em>Francisation<\/em> &#8211; \u00c9l\u00e8ves peu scolaris\u00e9s[\/vc_column_text][\/vc_tta_section][\/vc_tta_accordion][\/vc_column][vc_column width=\u00a0\u00bb1\/6&Prime;][vc_tta_accordion active_section=\u00a0\u00bb1&Prime; collapsible_all=\u00a0\u00bbtrue\u00a0\u00bb][vc_tta_section title=\u00a0\u00bbNovembre\u00a0\u00bb tab_id=\u00a0\u00bb1538506032747-9f52a695-6beb\u00a0\u00bb][vc_column_text]3 &#8211; <strong>CSS des Phares<\/strong> &#8211; <em>Univers social<\/em> &#8211; Histoire<\/p>\n<p>3 &#8211; <strong>CSS des Sommets<\/strong>\u00a0&#8211; <em>Francisation<\/em> &#8211; Alignement curriculaire<del datetime=\"2023-11-20T13:07:33+00:00\"><\/del><\/p>\n<p>9 &#8211; <strong>CSS du Chemin-du-Roy<\/strong>\u00a0&#8211; <em>Francisation<\/em> &#8211; Correction<\/p>\n<p>9 &#8211; <strong>CSS du C\u00f4te-du-Sud<\/strong>\u00a0&#8211; <em>Francisation<\/em> &#8211; Phon\u00e9tique<\/p>\n<p>9 &#8211; <strong>R\u00e9gion 16<\/strong>\u00a0&#8211; <em>Francisation<\/em> &#8211; <span class=\"ui-provider ed bbs bbt bbu bbv bbw bbx bby bbz bca bcb bcc bcd bce bcf bcg bch bci bcj bck bcl bcm bcn bco bcp bcq bcr bcs bct bcu bcv bcw bcx bcy bcz\" dir=\"ltr\">Planification d&rsquo;une session<\/span><\/p>\n<p>10 &#8211; <strong>CSS Trois-Lacs<\/strong>\u00a0&#8211; <em>Francisation <\/em>&#8211; P\u00c9<\/p>\n<p>10 &#8211; <strong>CSS de Montr\u00e9al<\/strong> &#8211; <em>Francisation<\/em> &#8211; Multiniveau<\/p>\n<p>13 &#8211; <strong>R\u00e9gion 02<\/strong> &#8211; <em>Francisation<\/em> &#8211; Multiniveau<\/p>\n<p>17 &#8211; <strong>Regroupement Mont\u00e9r\u00e9gie et Estrie<\/strong> &#8211; Multidisciplinaire<\/p>\n<p>23 &#8211;<del datetime=\"2023-11-20T13:07:33+00:00\"> <strong>CSS du Chemin-du-Roy<\/strong>\u00a0&#8211; <em>Francisation<\/em> &#8211; Correctio<\/del>n Report\u00e9<\/p>\n<p>24 &#8211; <strong>English Montreal School Board<\/strong> &#8211; <em>Francisation <\/em>&#8211; Fonctions ex\u00e9cutives (suite)<\/p>\n<p><span class=\"ui-provider ep bda azs bdb bdc bdd bde bdf bdg bdh bdi bdj bdk bdl bdm bdn bdo bdp bdq bdr bds bdt bdu bdv bdw bdx bdy bdz bea beb bec bed bee bef beg\" dir=\"ltr\">29 &#8211; <strong><del datetime=\"2023-11-29T20:24:21+00:00\">CSS des Hautes-Rivi\u00e8res<\/del><\/strong><del datetime=\"2023-11-29T20:24:21+00:00\">\u00a0&#8211; <em>Francisation<\/em> &#8211; Suite multinivea<\/del>u Report\u00e9<\/span>[\/vc_column_text][\/vc_tta_section][\/vc_tta_accordion][vc_tta_accordion active_section=\u00a0\u00bb1&Prime; collapsible_all=\u00a0\u00bbtrue\u00a0\u00bb][vc_tta_section title=\u00a0\u00bbD\u00e9cembre\u00a0\u00bb tab_id=\u00a0\u00bb1538506220516-8744b941-77bc\u00a0\u00bb][vc_column_text]1er &#8211; <strong>CSS des Affluents<\/strong> &#8211; <em>Math\u00e9matique<\/em> &#8211; Correction collective<\/p>\n<p>1er &#8211; <strong><del datetime=\"2024-02-09T13:22:25+00:00\">CSS des Affluents<\/del><\/strong><del datetime=\"2024-02-09T13:22:25+00:00\"> &#8211;<em> Francisation<\/em> &#8211; Phon\u00e9tiqu<\/del>e Report\u00e9<\/p>\n<p>5 &#8211; <strong><del datetime=\"2024-01-12T14:08:17+00:00\">CSS de Montr\u00e9al<\/del><\/strong> <del datetime=\"2024-01-12T14:08:17+00:00\">&#8211; <em>Francisation<\/em> &#8211; Planification collective<\/del> Report\u00e9<\/p>\n<p>5 &#8211;<del datetime=\"2023-11-29T20:25:15+00:00\"> <strong>CSS de la Capitale<\/strong> &#8211; Participation sociale &#8211; Cr\u00e9ation de S<\/del>A Report\u00e9<\/p>\n<p>6 &#8211; <strong><del datetime=\"2023-11-24T16:46:49+00:00\">CSS de Montr\u00e9al<\/del><\/strong><del datetime=\"2023-11-24T16:46:49+00:00\"> &#8211; <em>Fran\u00e7ais<\/em> &#8211; Correction collective \u00c9critur<\/del>e Report\u00e9<\/p>\n<p>7 &#8211; <strong>CSS de l&rsquo;Or-et-des-Bois<\/strong>\u00a0&#8211; <em>Francisation<\/em> &#8211; Documents<\/p>\n<p><del datetime=\"2023-11-29T20:25:15+00:00\">14 &#8211; <strong>CSS de Montr\u00e9al<\/strong> &#8211; Sciences &#8211; Correction collective<\/del> Report\u00e9<\/p>\n<p>15 &#8211; <strong>CS du Littoral<\/strong>\u00a0&#8211; <em>Francisation<\/em> &#8211; R\u00e9troaction<\/p>\n<p>18 \u00e0 13 h 30 &#8211; <strong>Tous<\/strong> &#8211; Sciences &#8211; D\u00e9pannage dans les <a href=\"https:\/\/aprescours.ticfga.ca\/\">Apr\u00e8s-cours FGA<\/a>[\/vc_column_text][\/vc_tta_section][\/vc_tta_accordion][\/vc_column][vc_column width=\u00a0\u00bb1\/6&Prime;][vc_tta_accordion active_section=\u00a0\u00bb1&Prime; collapsible_all=\u00a0\u00bbtrue\u00a0\u00bb][vc_tta_section title=\u00a0\u00bbJanvier\u00a0\u00bb tab_id=\u00a0\u00bb1538506258367-0855ea3b-42f4&Prime;][vc_column_text]8 &#8211; <strong><del datetime=\"2023-12-19T22:21:28+00:00\">CSS de Montr\u00e9al<\/del><\/strong><del datetime=\"2023-12-19T22:21:28+00:00\"> &#8211; <em>Francisation<\/em> &#8211; Diff\u00e9rencier son enseignemen<\/del>t Report\u00e9<\/p>\n<p>10 &#8211; <strong><del datetime=\"2024-01-12T14:15:28+00:00\">CSS de l&rsquo;Estuaire<\/del><\/strong><del datetime=\"2024-01-12T14:15:28+00:00\"> &#8211; Math\u00e9matique &#8211; \u00c9valuatio<\/del><del datetime=\"2024-01-12T14:15:28+00:00\">n<\/del> Report\u00e9<\/p>\n<p>11\u00a0&#8211; <strong><del datetime=\"2024-01-12T14:15:28+00:00\">CSS de l&rsquo;Estuair<del datetime=\"2024-01-12T14:15:28+00:00\">e<\/del><\/del><\/strong><del datetime=\"2024-01-12T14:15:28+00:00\"> &#8211; Math\u00e9matique &#8211; \u00c9valuatio<\/del><del datetime=\"2024-01-12T14:15:28+00:00\">n<\/del> Report\u00e9<\/p>\n<p>12 &#8211; <strong><del datetime=\"2024-01-12T14:15:28+00:00\">CSS de l&rsquo;Estuaire<\/del><\/strong><del datetime=\"2024-01-12T14:15:28+00:00\"> &#8211; Math\u00e9matique &#8211; Correction collectiv<\/del><del datetime=\"2024-01-12T14:15:28+00:00\">e<\/del> Report\u00e9<\/p>\n<p>17 &#8211;<strong> CSS de Sherbrooke <\/strong>&#8211; <em>Francisation<\/em> &#8211; Programme, arrimage et strat\u00e9gies d&rsquo;enseignement<\/p>\n<p>25 &#8211; <strong>Universit\u00e9 Laval collabo<\/strong> &#8211; <em>Francisation<\/em> &#8211; SA de la rel\u00e8ve<\/p>\n<p>25 &#8211; <strong>CSS de Montr\u00e9al<\/strong> &#8211; Sciences &#8211; Nouvelles \u00e9preuves et TEC<\/p>\n<p>26 &#8211; <strong>CSS de la C\u00f4te-du-Sud<\/strong> &#8211; Participation sociale &#8211; Pr\u00e9sentation du programme et du Z101<\/p>\n<p>29 &#8211;<strong> Riverside School Board\u00a0<\/strong>&#8211; <em>Francisation<\/em> &#8211; Grammaire du texte<\/p>\n<p>30 &#8211;<strong> Riverside School Board\u00a0<\/strong>&#8211; <em>Francisation<\/em> &#8211; Enseignement du vocabulaire<\/p>\n<p>31 &#8211; <strong>CSS de l&rsquo;Estuaire<\/strong> &#8211; Math\u00e9matique &#8211; \u00c9valuation<\/p>\n<p>31 &#8211; <strong>CSS de la Capitale<\/strong> &#8211; Participation sociale &#8211; Cr\u00e9ation de SA[\/vc_column_text][\/vc_tta_section][\/vc_tta_accordion][vc_tta_accordion active_section=\u00a0\u00bb1&Prime; collapsible_all=\u00a0\u00bbtrue\u00a0\u00bb][vc_tta_section title=\u00a0\u00bbF\u00e9vrier\u00a0\u00bb tab_id=\u00a0\u00bb1538506312493-5a64195c-4ee4&Prime;][vc_column_text]1 &#8211; <strong>CSS de l&rsquo;Estuaire<\/strong> &#8211; Math\u00e9matique &#8211; \u00c9valuation<\/p>\n<p>2 &#8211; <strong>R\u00e9gion 16<\/strong> &#8211; Participation sociale &#8211; Le cours Z101<\/p>\n<p>2 &#8211; <strong>CSS de l&rsquo;Estuaire<\/strong> &#8211; Math\u00e9matique &#8211; Correction collective<\/p>\n<p>5 &#8211; <strong>CSS des Portages de l&rsquo;Outaouais<\/strong>\u00a0&#8211; <em>Francisation<\/em> &#8211; Inf\u00e9rences de la L1 sur la\u00a0 L2<\/p>\n<p>7 &#8211; <strong>CSS des Hautes-Rivi\u00e8res<\/strong>\u00a0&#8211; <em>Francisation<\/em> &#8211; Suite Multiniveau<\/p>\n<p>8 &#8211; <strong>Universit\u00e9 Laval collabo<\/strong> &#8211; <em>Francisation<\/em> &#8211; SA de la rel\u00e8ve<\/p>\n<p>9 &#8211; <strong><del datetime=\"2024-02-07T16:19:05+00:00\">CSS de la C\u00f4te-du-Sud<\/del><\/strong> <del datetime=\"2024-02-07T16:19:05+00:00\">&#8211; Participation sociale<\/del> ANNUL\u00c9<\/p>\n<p>9 &#8211; <strong>CSS des Affluents<\/strong>\u00a0&#8211; <em>Francisation<\/em> &#8211; Correction collective<\/p>\n<p>9 &#8211; <strong>CSS des Affluents<\/strong> &#8211; <em>Math\u00e9matique<\/em> &#8211; Correction collective<\/p>\n<p>13 &#8211; <strong>CSS de Montr\u00e9al<\/strong> &#8211; <em>Francisation<\/em> &#8211; R\u00e9troaction<\/p>\n<p>14 &#8211; <strong>CSS de Montr\u00e9al<\/strong> &#8211; <em>Francisation<\/em> &#8211; Planification collective<\/p>\n<p>14 &#8211; <strong>CSS de Montr\u00e9al<\/strong> &#8211; <em>Fran\u00e7ais<\/em> &#8211; Correction collective<\/p>\n<p>15 &#8211; <strong>CSS du Chemin-du-Roy<\/strong>\u00a0&#8211; <em>Francisation<\/em> &#8211; Correction<\/p>\n<p>16 &#8211; <strong>CSS des Samares<\/strong>\u00a0&#8211; <em>Francisation<\/em> &#8211; \u00c0 qui veut l&rsquo;entendre<\/p>\n<p>16 &#8211; <strong>CSS de la Beauce-Etchemin<\/strong>\u00a0&#8211; <em>Francisation<\/em> &#8211; Prosodie et syntaxe<\/p>\n<p>21 &#8211; <strong>CSS des Patriotes<\/strong>\u00a0&#8211; <em>Francisation<\/em> &#8211; Interf\u00e9rences de la L1 sur la L2<\/p>\n<p>23 &#8211; <strong>CSS de Laval<\/strong>\u00a0&#8211; <em>Francisation<\/em> &#8211; Correction collective<\/p>\n<p>23\u00a0&#8211; <strong>CSS Marguerite-Bourgeois<\/strong>\u00a0&#8211; <em>Francisation<\/em> &#8211; Strat\u00e9gies d&rsquo;enseignement (\u00e9l\u00e8ves peu scolaris\u00e9s)[\/vc_column_text][\/vc_tta_section][\/vc_tta_accordion][\/vc_column][vc_column width=\u00a0\u00bb1\/6&Prime;][vc_tta_accordion active_section=\u00a0\u00bb1&Prime; collapsible_all=\u00a0\u00bbtrue\u00a0\u00bb][vc_tta_section title=\u00a0\u00bbMars\u00a0\u00bb tab_id=\u00a0\u00bb1542912261995-9bda7159-6bea\u00a0\u00bb][vc_column_text]11 &#8211; <strong>CSS Trois-Lacs<\/strong>\u00a0&#8211; <em><del datetime=\"2024-02-23T18:12:14+00:00\">Francisation &#8211; Multiniveau <del datetime=\"2024-02-23T18:12:14+00:00\"><del datetime=\"2024-02-23T18:12:14+00:00\">Report\u00e9<\/del><\/del><\/del><\/em><\/p>\n<p>12 \u00e0 midi &#8211; <strong>Tous<\/strong> &#8211; Sciences &#8211; D\u00e9pannage dans les <a href=\"https:\/\/aprescours.ticfga.ca\/\">Apr\u00e8s-cours FGA<\/a><\/p>\n<p>15 &#8211; <strong>R\u00e9gion 02<\/strong>\u00a0&#8211; <em><del datetime=\"2024-02-27T15:54:36+00:00\">Francisation<\/del><\/em> &#8211; Correction collective Report\u00e9<\/p>\n<p>19 &#8211; <strong>CSS de Montr\u00e9al<\/strong> &#8211; <em>Francisation<\/em> &#8211; Planification collective<\/p>\n<p>20 &#8211; <strong>CSS de Montr\u00e9al<\/strong> &#8211; <em>Fran\u00e7ais<\/em> &#8211; Correction collective Lecture<\/p>\n<p>22 &#8211; <strong>CSS de Montr\u00e9al<\/strong> &#8211; <em><del datetime=\"2024-02-23T18:12:14+00:00\">Francisation<\/del><\/em><del datetime=\"2024-02-23T18:12:14+00:00\"> &#8211; Multinivea<\/del>u Report\u00e9<\/p>\n<p>&nbsp;<\/p>\n<p>26 &#8211; <strong>CSS des Mille-\u00celes<\/strong>\u00a0&#8211; <em>Francisation<\/em> &#8211; Pratiques gagnantes[\/vc_column_text][\/vc_tta_section][\/vc_tta_accordion][vc_tta_accordion active_section=\u00a0\u00bb1&Prime; collapsible_all=\u00a0\u00bbtrue\u00a0\u00bb][vc_tta_section title=\u00a0\u00bbAvril\u00a0\u00bb tab_id=\u00a0\u00bb1542912327582-1dfc0aa5-cdfb\u00a0\u00bb][vc_column_text]5 &#8211; <strong>CSS des Laurentides (r\u00e9gionale)<\/strong>\u00a0&#8211; <em><del datetime=\"2024-02-23T18:17:51+00:00\">Francisation<\/del><\/em><del datetime=\"2024-02-23T18:17:51+00:00\"> &#8211; Multinivea<\/del>u Report\u00e9<\/p>\n<p>22 &#8211; <strong>\u00a0R\u00e9gion 01<\/strong>\u00a0&#8211; <em>Fran\u00e7ais<\/em> &#8211; Correction collective<\/p>\n<p>22 &#8211; <strong>CSS des Premi\u00e8res Seigneuries<\/strong> &#8211; Math\u00e9matique &#8211; Correction collective<\/p>\n<p>26 &#8211; <strong><del datetime=\"2024-02-13T18:51:15+00:00\">CSS des Affluent<del datetime=\"2024-02-13T18:51:15+00:00\">s<\/del><\/del><\/strong>\u00a0&#8211; <em><del datetime=\"2024-02-13T18:51:15+00:00\">Francisation<\/del><\/em> &#8211; <del datetime=\"2024-02-13T18:51:15+00:00\">Multiniveau<\/del> <strong>Report\u00e9<\/strong><\/p>\n<p>29 &#8211; <strong>Regroupement r\u00e9gion 04<\/strong> &#8211; Participation sociale &#8211; Pr\u00e9sentation[\/vc_column_text][\/vc_tta_section][\/vc_tta_accordion][\/vc_column][vc_column width=\u00a0\u00bb1\/6&Prime;][vc_tta_accordion active_section=\u00a0\u00bb1&Prime; collapsible_all=\u00a0\u00bbtrue\u00a0\u00bb][vc_tta_section title=\u00a0\u00bbMai\u00a0\u00bb tab_id=\u00a0\u00bb1542912638137-c7d0356c-4755&Prime;][vc_column_text]2 &#8211; <strong>CSS Trois-Lacs<\/strong>\u00a0&#8211; <em>Francisation &#8211; Multiniveau<\/em><\/p>\n<p>3 &#8211; <strong>R\u00e9gion 16<\/strong> &#8211; Participation sociale &#8211; La client\u00e8le TSA<\/p>\n<p>6 \u00e0 midi &#8211; <strong>Tous<\/strong> &#8211; Sciences &#8211; D\u00e9pannage dans les <a href=\"https:\/\/aprescours.ticfga.ca\/\">Apr\u00e8s-cours FGA<\/a><\/p>\n<p>6 &#8211; <strong>CSS de Montr\u00e9al<\/strong> &#8211; <em>Francisation<\/em> &#8211; Diff\u00e9rencier son enseignement<\/p>\n<p>10 &#8211; <strong>CSS des\u00a0<\/strong><b>Mille-\u00celes<\/b>\u00a0&#8211; <em>Francisation<\/em> &#8211; Correction collective[\/vc_column_text][\/vc_tta_section][\/vc_tta_accordion][vc_tta_accordion active_section=\u00a0\u00bb1&Prime; collapsible_all=\u00a0\u00bbtrue\u00a0\u00bb][vc_tta_section title=\u00a0\u00bbJuin\u00a0\u00bb tab_id=\u00a0\u00bb1591806232113-dc0cde43-5b92&Prime;][vc_column_text][\/vc_column_text][\/vc_tta_section][\/vc_tta_accordion][\/vc_column][\/vc_row][vc_row][vc_column][vc_column_text]<\/p>\n<p>[\/vc_column_text][\/vc_column][\/vc_row][vc_row][vc_column][vc_column_text]<br \/>\n[\/vc_column_text][\/vc_column][\/vc_row][vc_row][vc_column][\/vc_column][\/vc_row][vc_row][vc_column width=\u00a0\u00bb1\/3&Prime;][\/vc_column][vc_column width=\u00a0\u00bb1\/3&Prime;][\/vc_column][vc_column width=\u00a0\u00bb1\/3&Prime;][\/vc_column][\/vc_row][vc_row][vc_column][vc_column_text]<\/p>\n<p>[\/vc_column_text][\/vc_column][\/vc_row]<\/p>\n<\/div>","protected":false},"excerpt":{"rendered":"<p>[vc_row bk_type=\u00a0\u00bbverve_full_row\u00a0\u00bb el_class=\u00a0\u00bbpetit_texte\u00a0\u00bb custom_css=\u00a0\u00bbmargin:30px; padding-right:50px;\u00a0\u00bb css=\u00a0\u00bb.vc_custom_1556544688688{margin-top: 15px !important;}\u00a0\u00bb][vc_column width=\u00a0\u00bb1\/6&Prime;][vc_single_image image=\u00a0\u00bb9041&Prime; img_size=\u00a0\u00bbfull\u00a0\u00bb][vc_column_text]Vous voudriez recourir aux services de [&hellip;]<\/p>\n","protected":false},"author":1,"featured_media":0,"parent":0,"menu_order":0,"comment_status":"closed","ping_status":"closed","template":"full-width.php","meta":{"footnotes":"","_links_to":"","_links_to_target":""},"_links":{"self":[{"href":"https:\/\/www.carrefourfga.ca\/fr\/wp-json\/wp\/v2\/pages\/9035"}],"collection":[{"href":"https:\/\/www.carrefourfga.ca\/fr\/wp-json\/wp\/v2\/pages"}],"about":[{"href":"https:\/\/www.carrefourfga.ca\/fr\/wp-json\/wp\/v2\/types\/page"}],"author":[{"embeddable":true,"href":"https:\/\/www.carrefourfga.ca\/fr\/wp-json\/wp\/v2\/users\/1"}],"replies":[{"embeddable":true,"href":"https:\/\/www.carrefourfga.ca\/fr\/wp-json\/wp\/v2\/comments?post=9035"}],"version-history":[{"count":100,"href":"https:\/\/www.carrefourfga.ca\/fr\/wp-json\/wp\/v2\/pages\/9035\/revisions"}],"predecessor-version":[{"id":9119,"href":"https:\/\/www.carrefourfga.ca\/fr\/wp-json\/wp\/v2\/pages\/9035\/revisions\/9119"}],"wp:attachment":[{"href":"https:\/\/www.carrefourfga.ca\/fr\/wp-json\/wp\/v2\/media?parent=9035"}],"curies":[{"name":"wp","href":"https:\/\/api.w.org\/{rel}","templated":true}]}}