{"id":8179,"date":"2021-05-20T10:51:31","date_gmt":"2021-05-20T15:51:31","guid":{"rendered":"http:\/\/www.carrefourfga.ca\/fr\/?page_id=8179"},"modified":"2026-04-20T15:19:19","modified_gmt":"2026-04-20T20:19:19","slug":"calendrier-de-lequipe-choc-pedagogique-services-educatifs-complementaires-2021-2022","status":"publish","type":"page","link":"https:\/\/www.carrefourfga.ca\/fr\/calendrier-de-lequipe-choc-pedagogique-services-educatifs-complementaires-2021-2022\/","title":{"rendered":"Calendrier de l\u2019\u00c9quipe choc &#8211; Services \u00e9ducatifs compl\u00e9mentaires 2025-2026"},"content":{"rendered":"<div class=\"wpb-content-wrapper\"><p>[vc_row bk_type=\u00a0\u00bbverve_full_row\u00a0\u00bb el_class=\u00a0\u00bbpetit_texte\u00a0\u00bb custom_css=\u00a0\u00bbmargin:30px; padding-right:50px;\u00a0\u00bb css=\u00a0\u00bb.vc_custom_1556544688688{margin-top: 15px !important;}\u00a0\u00bb][vc_column width=\u00a0\u00bb1\/6&Prime;][vc_tta_accordion active_section=\u00a0\u00bb1&Prime; collapsible_all=\u00a0\u00bbtrue\u00a0\u00bb][vc_tta_section title=\u00a0\u00bbAo\u00fbt\u00a0\u00bb tab_id=\u00a0\u00bb1538505722479-3acdd6d1-8d60&Prime;][vc_column_text]<b><span data-contrast=\"auto\">20 ao\u00fbt<\/span><\/b><span data-contrast=\"auto\">\u00a0<strong>~ CSS des Monts-et-Mar\u00e9es<\/strong><\/span><br \/>\nCultiver la diff\u00e9renciation, r\u00e9colter la r\u00e9ussite<\/p>\n<p><b><span data-contrast=\"auto\">21 ao\u00fbt <\/span><\/b><strong>~ CSS de Portneuf<\/strong><br \/>\nL&rsquo;\u00e9valuation au coeur de l&rsquo;apprentissage<\/p>\n<p><b><span data-contrast=\"auto\">21 ao\u00fbt <\/span><\/b><strong>~ CSS du Val-des-Cerfs<\/strong><br \/>\nAccompagnement AFE<\/p>\n<p><b><span data-contrast=\"auto\">22 ao\u00fbt <\/span><\/b><strong>~ Riverside School Board<\/strong><br \/>\nThe Power of Teacher-Student Relationships<\/p>\n<p><b><span data-contrast=\"auto\">26 ao\u00fbt <\/span><\/b><strong>~ English Montreal School Board<\/strong><br \/>\nIntervene to succeed[\/vc_column_text][\/vc_tta_section][\/vc_tta_accordion][vc_tta_accordion active_section=\u00a0\u00bb1&Prime; collapsible_all=\u00a0\u00bbtrue\u00a0\u00bb][vc_tta_section title=\u00a0\u00bbSeptembre\u00a0\u00bb tab_id=\u00a0\u00bb1538505026747-92be128c-3d2c\u00a0\u00bb][vc_column_text]<\/p>\n<p lang=\"fr\"><strong>8 septembre ~ CSS de la Capitale<\/strong><br \/>\nPlan de lutte, 1er intervenant<\/p>\n<p lang=\"fr\"><strong>12 septembre ~ CSS de l&rsquo;\u00c9nergie<\/strong><br \/>\nPlan de lutte, 1er intervenant<\/p>\n<p><strong>15 septembre ~ CSS des Hautes-Laurentides<\/strong><br \/>\nTDL: Mieux comprendre pour aider efficacement<br \/>\n<b><\/b><\/p>\n<p><b><span data-contrast=\"none\">23 septembre<\/span><\/b><span data-contrast=\"none\">\u00a0<strong>~ CSS des Mille-\u00celes<\/strong><\/span><br \/>\n<span data-contrast=\"none\">Les FAITS enseignants<\/span><\/p>\n<p><b><span data-contrast=\"none\">26 septembre<\/span><\/b><span data-contrast=\"none\">\u00a0<strong>~ Sir Wilfrid Laurier SB<\/strong><\/span><br \/>\n<span data-contrast=\"none\">Intervene to succeed<\/span><\/p>\n<p><b><span data-contrast=\"none\">30 septembre<\/span><\/b><span data-contrast=\"none\">\u00a0<strong>~ CSS des Mille-\u00celes<\/strong><\/span><br \/>\n<span data-contrast=\"none\">Les FAITS enseignants<\/span>[\/vc_column_text][\/vc_tta_section][\/vc_tta_accordion][vc_single_image image=\u00a0\u00bb184&Prime; img_size=\u00a0\u00bbfull\u00a0\u00bb][\/vc_column][vc_column width=\u00a0\u00bb1\/6&Prime;][vc_tta_accordion active_section=\u00a0\u00bb1&Prime; collapsible_all=\u00a0\u00bbtrue\u00a0\u00bb][vc_tta_section title=\u00a0\u00bbOctobre\u00a0\u00bb tab_id=\u00a0\u00bb1538502804653-411e9328-78ab\u00a0\u00bb][vc_column_text]<strong>3 octobre ~ CSS des Portages-de-l&rsquo;Outaouais<\/strong><br \/>\n<span style=\"font-weight: 400;\">Instauration d&rsquo;une vigie en FP<\/span><\/p>\n<p><b><span data-contrast=\"auto\">9 octobre<\/span><\/b><span data-contrast=\"auto\">\u00a0<strong>~ 2025 PROCEDE Conference<\/strong><\/span><br \/>\n&#8211; Classroom Management<br \/>\n&#8211; Recognizing and Preventing Crisis: Effective Intervention at Every Stage<br \/>\n&#8211; Strategies for Stress and Anxiety Reduction: A Practical Workshop<br \/>\n&#8211; Who\u2019s Afraid of Flexibility?<\/p>\n<p><b><span data-contrast=\"auto\">10 octobre<\/span><\/b><span data-contrast=\"auto\">\u00a0<strong>~ CSS de la Vall\u00e9e-des-Tisserands<\/strong><\/span><br \/>\nIntervenir aupr\u00e8s de l&rsquo;\u00e9l\u00e8ve ayant un TSA<\/p>\n<p><b><span data-contrast=\"auto\">10 octobre<\/span><\/b><span data-contrast=\"auto\">\u00a0<strong>~ CSS de Portneuf<\/strong><\/span><br \/>\nL&rsquo;\u00e9valuation au coeur de l&rsquo;apprentissage<\/p>\n<p><b><span data-contrast=\"auto\">14 octobre<\/span><\/b><span data-contrast=\"auto\">\u00a0<strong>~ CSS des Premi\u00e8res-Seigneuries<\/strong><\/span><br \/>\nMieux impliquer et guider en appliquant les principes de l\u2019andgragogie<\/p>\n<p><strong>16 octobre ~ Regroupement des orthop\u00e9dagogues (Qu\u00e9bec)<\/strong><br \/>\nCommunication et m\u00e9diation interculturelle : soutenir nos \u00e9l\u00e8ves et nos \u00e9quipes-centres en FGA-FP<\/p>\n<p><b><span data-contrast=\"auto\">24 octobre<\/span><\/b><span data-contrast=\"auto\">\u00a0<strong>~ CSS des Navigateurs<\/strong><\/span><br \/>\n&#8211; Sant\u00e9 mentale positive : Identifier, comprendre et agir<br \/>\n&#8211; Comprendre et mieux g\u00e9rer le stress des \u00e9l\u00e8ves pour favoriser la r\u00e9ussite \u00e9ducative<\/p>\n<p><strong>24 octobre ~ CSS de la C\u00f4te-du-Sud<br \/>\n<\/strong>Enseignement explicite: Comment influencer sa gestion de classe ?<\/p>\n<p><b><span data-contrast=\"auto\">30 octobre ~ CSS de Kamloup<br \/>\n<\/span><\/b>Instauration d&rsquo;une vigie en FGA[\/vc_column_text][\/vc_tta_section][\/vc_tta_accordion][\/vc_column][vc_column width=\u00a0\u00bb1\/6&Prime;][vc_tta_accordion active_section=\u00a0\u00bb1&Prime; collapsible_all=\u00a0\u00bbtrue\u00a0\u00bb][vc_tta_section title=\u00a0\u00bbNovembre\u00a0\u00bb tab_id=\u00a0\u00bb1538506032747-9f52a695-6beb\u00a0\u00bb][vc_column_text css=\u00a0\u00bb\u00a0\u00bb]<b><span data-contrast=\"auto\">7 novembre <\/span><\/b><strong>~ FGA Abitibi<\/strong><br \/>\n&#8211; Agir ensemble pour cultiver la sant\u00e9 mentale positive de tous<br \/>\n&#8211; Le bien-\u00eatre \u00e0 l&rsquo;\u00e9cole<\/p>\n<p><b><span data-contrast=\"auto\">10 novembre <\/span><\/b><strong>~ JP commune milieu carc\u00e9ral<\/strong><br \/>\n&#8211; Difficult\u00e9s d&rsquo;apprentissage: d\u00e9ficits invisibles, impacts r\u00e9els<br \/>\n&#8211; Sant\u00e9 mentale positive: un moteur de r\u00e9ussite \u00e9ducative<\/p>\n<p><b><span data-contrast=\"auto\">13 novembre <\/span><\/b><strong>~ CSS de Montr\u00e9al<\/strong><br \/>\nDiversit\u00e9 : enjeux interculturels dans notre pratique<\/p>\n<p><b><span data-contrast=\"auto\">14 novembre<\/span><\/b><span data-contrast=\"auto\">\u00a0<strong>~ CSS de l&rsquo;Or-et-des-Bois<\/strong><\/span><br \/>\n<span data-contrast=\"auto\">La motivation chez l&rsquo;adulte en formation<\/span><\/p>\n<p><b><span data-contrast=\"auto\">14 novembre<\/span><\/b><span data-contrast=\"auto\">\u00a0<strong>~ CSS des Hauts-Cantons<\/strong><\/span><br \/>\nL\u2019approche Dynamo ~ Enseigner et apprendre autrement en FGA<\/p>\n<p><b><span data-contrast=\"auto\">14 novembre<\/span><\/b><span data-contrast=\"auto\">\u00a0<strong>~ Riverside SB<\/strong><\/span><br \/>\nClassroom management<\/p>\n<p><strong>19 novembre ~ Eastern Shores SB<\/strong><br \/>\nEmpowering Students with Word Q: Flexibility and Adaptive Practices<\/p>\n<p><b><span data-contrast=\"auto\">21 novembre<\/span><\/b><span data-contrast=\"auto\">\u00a0<strong>~ CSS des Ch\u00eanes<\/strong><\/span><br \/>\nQu&rsquo;est-ce qui se cache derri\u00e8re l&rsquo;absence ?<\/p>\n<p><b><span data-contrast=\"auto\">21 novembre<\/span><\/b><span data-contrast=\"auto\">\u00a0<strong>~ CDFM Wendake<\/strong><\/span><br \/>\nAccompagnement personnalis\u00e9<\/p>\n<p><b><span data-contrast=\"auto\">28 novembre<\/span><\/b><span data-contrast=\"auto\">\u00a0<strong>~ CSS des Navigateurs<\/strong><\/span><br \/>\nAgir ensemble pour cultiver la sant\u00e9 mentale positive de tous[\/vc_column_text][\/vc_tta_section][\/vc_tta_accordion][vc_tta_accordion active_section=\u00a0\u00bb1&Prime; collapsible_all=\u00a0\u00bbtrue\u00a0\u00bb][vc_tta_section title=\u00a0\u00bbD\u00e9cembre\u00a0\u00bb tab_id=\u00a0\u00bb1538506220516-8744b941-77bc\u00a0\u00bb][vc_column_text]<strong>1 d\u00e9cembre ~ CSS du Chemin-du-Roy<\/strong><br \/>\nL&rsquo;approche relationnelle: d\u00e9velopper la relation p\u00e9dagogique gr\u00e2ce \u00e0 des balises scientifiques<\/p>\n<p><strong>2 d\u00e9cembre ~ CSS des Mille-\u00celes<\/strong><br \/>\nLa route incontournable de la gestion de classe en FP<\/p>\n<p><strong>5 d\u00e9cembre ~ CSS Marguerite-Bourgeoys<\/strong><br \/>\n&#8211; Le savoir-\u00eatre professionnel, \u00e7a ne s\u2019apprend pas dans les livres<br \/>\n&#8211; Cultiver la diff\u00e9renciation, r\u00e9colter la r\u00e9ussite<\/p>\n<p><strong>5 d\u00e9cembre ~ CSS des Affluents<\/strong><br \/>\nLa motivation chez l&rsquo;adulte en formation<\/p>\n<p><strong>16 d\u00e9cembre ~ CSS des Mille-\u00celes<\/strong><br \/>\nLa route incontournable de la gestion de classe en FP<\/p>\n<p><strong>16 d\u00e9cembre ~ Eastern Townships School Board\u00a0<\/strong><br \/>\nEducational Transitions, Research-Supported Tools and Strategies<\/p>\n<p><span data-teams=\"true\">\u00a0<\/span>[\/vc_column_text][\/vc_tta_section][\/vc_tta_accordion][\/vc_column][vc_column width=\u00a0\u00bb1\/6&Prime;][vc_tta_accordion active_section=\u00a0\u00bb1&Prime; collapsible_all=\u00a0\u00bbtrue\u00a0\u00bb][vc_tta_section title=\u00a0\u00bbJanvier\u00a0\u00bb tab_id=\u00a0\u00bb1538506258367-0855ea3b-42f4&Prime;][vc_column_text]<b><span data-contrast=\"auto\">5 janvier<\/span><\/b><span data-contrast=\"auto\">\u00a0<strong>~ CSS des Hautes-Rivi\u00e8res<\/strong><\/span><br \/>\nLa motivation chez l&rsquo;adulte en formation<\/p>\n<p><b><span data-contrast=\"auto\">5 janvier<\/span><\/b><span data-contrast=\"auto\">\u00a0<strong>~ CSS des Monts-et-Mar\u00e9es<\/strong><\/span><br \/>\nQu&rsquo;est-ce qui se cache derri\u00e8re l&rsquo;absence ?<\/p>\n<p><strong><b><span data-contrast=\"auto\">5 janvier<\/span><\/b><span data-contrast=\"auto\">~ CSS des Portages-de-l&rsquo;Outaouais<\/span><br \/>\n<\/strong>Diversit\u00e9: Enjeux interculturels dans notre pratique<\/p>\n<p><b><span data-contrast=\"auto\">6 janvier<\/span><\/b><span data-contrast=\"auto\">\u00a0<strong>~ CSS des D\u00e9couvreurs<\/strong><\/span><br \/>\nLe savoir-\u00eatre professionnel, \u00e7a ne s\u2019apprend pas dans les livres<\/p>\n<p><strong>21 janvier ~ CSS du Chemin-du-Roy<\/strong><br \/>\nL&rsquo;approche relationnelle: d\u00e9velopper la relation p\u00e9dagogique gr\u00e2ce \u00e0 des balises scientifiques<\/p>\n<p><strong>22 janvier ~ CSS du Chemin-du-Roy<\/strong><br \/>\nL&rsquo;approche relationnelle: d\u00e9velopper la relation p\u00e9dagogique gr\u00e2ce \u00e0 des balises scientifiques<\/p>\n<p><strong>23 janvier ~ CSS des Bois-Francs<\/strong><br \/>\nR\u00e9alit\u00e9 interculturelle en FP : Adapter notre accompagnement pour les \u00e9l\u00e8ves issus de l&rsquo;international<\/p>\n<p><strong>23 janvier ~ Riverside SB<\/strong><br \/>\nClassroom Management[\/vc_column_text][\/vc_tta_section][\/vc_tta_accordion][vc_tta_accordion active_section=\u00a0\u00bb1&Prime; collapsible_all=\u00a0\u00bbtrue\u00a0\u00bb][vc_tta_section title=\u00a0\u00bbF\u00e9vrier\u00a0\u00bb tab_id=\u00a0\u00bb1538506312493-5a64195c-4ee4&Prime;][vc_column_text css=\u00a0\u00bb\u00a0\u00bb]<b><span data-contrast=\"auto\">6 f\u00e9vrier<\/span><\/b><span data-contrast=\"auto\">\u00a0<strong>~ CSS des Affluents<\/strong><\/span><br \/>\n<span data-contrast=\"auto\">La motivation chez l&rsquo;adulte en formation<\/span><\/p>\n<p><b><span data-contrast=\"auto\">6 f\u00e9vrier<\/span><\/b><span data-contrast=\"auto\">\u00a0<strong>~ CSS des Hauts-Cantons<\/strong><\/span><br \/>\n<span data-contrast=\"auto\">&#8211; Le savoir-\u00eatre et les comp\u00e9tences socio-\u00e9motionnelles en FP et FGA<br \/>\n&#8211; Intervenir face aux comportements difficiles dans diff\u00e9rents contextes<\/span><\/p>\n<p><strong>9 f\u00e9vrier ~ CSS des Portages-de-l&rsquo;Outaouais<\/strong><br \/>\nInstauration d&rsquo;une vigie en FP<\/p>\n<p><b><span data-contrast=\"auto\">13 f\u00e9vrier<\/span><\/b><span data-contrast=\"auto\">\u00a0<strong>~ CSS des Mille-\u00celes<\/strong><\/span><br \/>\nDes liens qui comptent, instaurer une relation enseignant\u2010\u00e9l\u00e8ve constructive<\/p>\n<p><b><span data-contrast=\"auto\">19 f\u00e9vrier<\/span><\/b><span data-contrast=\"auto\">\u00a0<strong>~ CSS de la Pointe-de-l&rsquo;\u00cele<\/strong><\/span><br \/>\nSant\u00e9 mentale positive : Identifier, comprendre et agir<\/p>\n<p><b><span data-contrast=\"auto\">19 f\u00e9vrier<\/span><\/b><span data-contrast=\"auto\">\u00a0<strong>~ CSS de la Capitale<\/strong><\/span><br \/>\nCultiver la diff\u00e9renciation , r\u00e9colter la r\u00e9ussite<\/p>\n<p><b><span data-contrast=\"auto\">20 f\u00e9vrier<\/span><\/b><span data-contrast=\"auto\">\u00a0<strong>~ CSS de la R\u00e9gion de Sherbrooke<\/strong><\/span><br \/>\nIntervenir face aux comportements difficiles dans diff\u00e9rents contextes<\/p>\n<p><b><span data-contrast=\"auto\">20 f\u00e9vrier<\/span><\/b><span data-contrast=\"auto\">\u00a0<strong>~ CSS des Hautes-Rivi\u00e8res<\/strong><\/span><br \/>\nLe bien-\u00eatre \u00e0 l&rsquo;\u00e9cole<\/p>\n<p><b><span data-contrast=\"auto\">20 f\u00e9vrier<\/span><\/b><span data-contrast=\"auto\">\u00a0<strong>~ CSS de la Capitale<\/strong><\/span><br \/>\n&#8211; Intervenir sur les comportements difficiles<br \/>\n&#8211; La motivation chez l&rsquo;adulte en formation<\/p>\n<p><b><span data-contrast=\"auto\">24 f\u00e9vrier ~ CSS de Kamloup<br \/>\n<\/span><\/b>Instauration d&rsquo;une vigie en FGA[\/vc_column_text][\/vc_tta_section][\/vc_tta_accordion][\/vc_column][vc_column width=\u00a0\u00bb1\/6&Prime;][vc_tta_accordion active_section=\u00a0\u00bb1&Prime; collapsible_all=\u00a0\u00bbtrue\u00a0\u00bb][vc_tta_section title=\u00a0\u00bbMars\u00a0\u00bb tab_id=\u00a0\u00bb1542912261995-9bda7159-6bea\u00a0\u00bb][vc_column_text css=\u00a0\u00bb\u00a0\u00bb]<strong>9 mars ~ CSS des Navigateurs<\/strong><br \/>\nLa route incontournable de la gestion de classe en FP<\/p>\n<p><strong>13 mars ~ CSS de la Rivi\u00e8re-du-Nord<\/strong><br \/>\nImplantation CUA en FP<\/p>\n<p><strong>16 mars ~ CSS du Chemin-du-Roy<\/strong><br \/>\nImplantation du mod\u00e8le R\u00c0I en FP<\/p>\n<p><strong>16 mars ~ Eastern Townships SB<\/strong><br \/>\nExchange of Information in a Transition: Best Practices and Regulations<\/p>\n<p><strong>19 mars ~ ACE Online Summit<\/strong><br \/>\nClassroom Management<\/p>\n<p><strong>27 mars ~ CSS des Mille-\u00celes<\/strong><br \/>\nLa route incontournable de la gestion de classe en FP[\/vc_column_text][\/vc_tta_section][\/vc_tta_accordion][vc_tta_accordion active_section=\u00a0\u00bb1&Prime; collapsible_all=\u00a0\u00bbtrue\u00a0\u00bb][vc_tta_section title=\u00a0\u00bbAvril\u00a0\u00bb tab_id=\u00a0\u00bb1542912327582-1dfc0aa5-cdfb\u00a0\u00bb][vc_column_text css=\u00a0\u00bb\u00a0\u00bb]<strong><b><span data-contrast=\"auto\">7 avril <\/span><\/b>~ CSS Marguerite-Bourgeoys<br \/>\n<\/strong>&#8211; Qu&rsquo;est-ce qui se cache derri\u00e8re l&rsquo;absence ?<br \/>\n&#8211; La route incontournable de la gestion de classe<\/p>\n<p><strong><b><span data-contrast=\"auto\">7 avril <\/span><\/b>~ CSS de Kamloup<br \/>\n<\/strong>Instauration d&rsquo;une vigie en FGA<\/p>\n<p><strong>9 avril ~ FGA Mont\u00e9r\u00e9gie-Estrie<\/strong><br \/>\nFavoriser l\u2019adaptabilit\u00e9 chez l\u2019apprenant adulte confront\u00e9 \u00e0 des blocages<\/p>\n<p><strong>16 avril ~ FGA Mont\u00e9r\u00e9gie-Estrie<\/strong><br \/>\nFavoriser l\u2019adaptabilit\u00e9 chez l\u2019apprenant adulte confront\u00e9 \u00e0 des blocages<\/p>\n<p><strong>23-24 avril ~ AQIFGA<\/strong><br \/>\n&#8211; Portrait de classe: Mieux conna\u00eetre sa classe pour mieux enseigner<br \/>\n&#8211; Difficult\u00e9s d&rsquo;apprentissage: d\u00e9ficits invisibles, impacts r\u00e9els<br \/>\n&#8211; The Person Behind the Teacher<br \/>\n&#8211; The Essentials of Assistive Technology in Adult Education<br \/>\n&#8211; Quand le corps parle : les codes culturels<br \/>\n&#8211; Litt\u00e9ratie num\u00e9rique en FGA : quels d\u00e9fis reste-il \u00e0 relever ?<\/p>\n<p><strong><b><span data-contrast=\"auto\">24 avril <\/span><\/b>~ CSS des Mille-\u00celes<br \/>\n<\/strong>Instauration d&rsquo;une vigie en FP<\/p>\n<p><strong><b><span data-contrast=\"auto\">27 avril <\/span><\/b>~ CSS du Littoral<br \/>\n<\/strong>&#8211; Intervene to succeed<br \/>\n&#8211; Digital Tools for Learning: What, When, and How to Use Them<\/p>\n<p><strong><b><span data-contrast=\"auto\">28 avril <\/span><\/b>~ CSS du Littoral<br \/>\n<\/strong>&#8211; WordQ and Lexibar<br \/>\n&#8211; Office 365 Word Online<\/p>\n<p><strong><b><span data-contrast=\"auto\">30 avril <\/span><\/b>~ CSS de la Pointe-de-l&rsquo;\u00cele<\/strong><br \/>\nLa motivation chez l&rsquo;adulte en formation[\/vc_column_text][\/vc_tta_section][\/vc_tta_accordion][\/vc_column][vc_column width=\u00a0\u00bb1\/6&Prime;][vc_tta_accordion active_section=\u00a0\u00bb1&Prime; collapsible_all=\u00a0\u00bbtrue\u00a0\u00bb][vc_tta_section title=\u00a0\u00bbMai\u00a0\u00bb tab_id=\u00a0\u00bb1542912638137-c7d0356c-4755&Prime;][vc_column_text css=\u00a0\u00bb\u00a0\u00bb]<strong>1 mai ~ CSS des Sommets<\/strong><br \/>\nQu&rsquo;est-ce qui se cache derri\u00e8re l&rsquo;absence ?<\/p>\n<p><b><strong>1 mai ~<\/strong><\/b>\u00a0EASS<br \/>\nIntervene to Succeed<\/p>\n<p><strong>7 mai ~ CSS de la Rivi\u00e8re-du-Nord<\/strong><br \/>\n<span data-teams=\"true\">Enjeux interculturels dans notre pratique<\/span> (FP)<\/p>\n<p><strong>8 mai ~ CSS des Portages-de-l&rsquo;Outaouais<\/strong><br \/>\nInstauration d&rsquo;une vigie en FP<\/p>\n<p><strong>11 mai ~ CSS de la Rivi\u00e8re-du-Nord<\/strong><br \/>\n<span data-teams=\"true\">Enjeux interculturels dans notre pratique (FGA)<\/span><\/p>\n<p><strong>14 et 15 mai ~ QACVE<\/strong><br \/>\n&#8211; Discover How Online Teaching Can Inspire your VT Classroom<br \/>\n&#8211; The Person behind the Teacher<br \/>\n&#8211; The Essentials of Assistive Technology in Vocational Training<br \/>\n&#8211; WOW Your Classroom: Digital Integration for Student Success in VT<\/p>\n<p><strong>19 mai ~ CSS de Kamloup<\/strong><br \/>\nInstauration d&rsquo;une vigie en FGA<\/p>\n<p><strong>18 mai ~ CSS du Fer<\/strong><br \/>\nLe savoir-\u00eatre professionnel, \u00e7a ne s\u2019apprend pas dans les livres<\/p>\n<p><strong>20 mai ~ FGA Mont\u00e9r\u00e9gie-Estrie<\/strong><br \/>\nFavoriser l\u2019adaptabilit\u00e9 chez l\u2019apprenant adulte confront\u00e9 \u00e0 des blocages<\/p>\n<p><strong>22 mai ~ CSS des Navigateurs<\/strong><br \/>\n<span class=\"C9DxTc \">L&rsquo;approche relationnelle: d\u00e9velopper la relation p\u00e9dagogique gr\u00e2ce \u00e0 des balises scientifiques<\/span>[\/vc_column_text][\/vc_tta_section][\/vc_tta_accordion][vc_tta_accordion active_section=\u00a0\u00bb1&Prime; collapsible_all=\u00a0\u00bbtrue\u00a0\u00bb][vc_tta_section title=\u00a0\u00bbJuin\u00a0\u00bb tab_id=\u00a0\u00bb1591806232113-dc0cde43-5b92&Prime;][vc_column_text]<strong>20 mai ~ CSS de la Baie-James<\/strong><br \/>\nLa motivation chez l&rsquo;adute en formation[\/vc_column_text][\/vc_tta_section][\/vc_tta_accordion][vc_single_image image=\u00a0\u00bb2947&Prime; img_size=\u00a0\u00bbfull\u00a0\u00bb][\/vc_column][\/vc_row][vc_row][vc_column][vc_column_text]<\/p>\n<p>[\/vc_column_text][\/vc_column][\/vc_row][vc_row][vc_column][vc_column_text]<br \/>\n[\/vc_column_text][\/vc_column][\/vc_row][vc_row][vc_column][\/vc_column][\/vc_row][vc_row][vc_column width=\u00a0\u00bb1\/3&Prime;][\/vc_column][vc_column width=\u00a0\u00bb1\/3&Prime;][\/vc_column][vc_column width=\u00a0\u00bb1\/3&Prime;][\/vc_column][\/vc_row][vc_row][vc_column][vc_column_text]<\/p>\n<p>[\/vc_column_text][\/vc_column][\/vc_row]<\/p>\n<\/div>","protected":false},"excerpt":{"rendered":"<p>[vc_row bk_type=\u00a0\u00bbverve_full_row\u00a0\u00bb el_class=\u00a0\u00bbpetit_texte\u00a0\u00bb custom_css=\u00a0\u00bbmargin:30px; padding-right:50px;\u00a0\u00bb css=\u00a0\u00bb.vc_custom_1556544688688{margin-top: 15px !important;}\u00a0\u00bb][vc_column width=\u00a0\u00bb1\/6&Prime;][vc_tta_accordion active_section=\u00a0\u00bb1&Prime; collapsible_all=\u00a0\u00bbtrue\u00a0\u00bb][vc_tta_section title=\u00a0\u00bbAo\u00fbt\u00a0\u00bb tab_id=\u00a0\u00bb1538505722479-3acdd6d1-8d60&Prime;][vc_column_text]20 ao\u00fbt\u00a0~ CSS des [&hellip;]<\/p>\n","protected":false},"author":8,"featured_media":0,"parent":0,"menu_order":0,"comment_status":"closed","ping_status":"closed","template":"full-width.php","meta":{"footnotes":"","_links_to":"","_links_to_target":""},"_links":{"self":[{"href":"https:\/\/www.carrefourfga.ca\/fr\/wp-json\/wp\/v2\/pages\/8179"}],"collection":[{"href":"https:\/\/www.carrefourfga.ca\/fr\/wp-json\/wp\/v2\/pages"}],"about":[{"href":"https:\/\/www.carrefourfga.ca\/fr\/wp-json\/wp\/v2\/types\/page"}],"author":[{"embeddable":true,"href":"https:\/\/www.carrefourfga.ca\/fr\/wp-json\/wp\/v2\/users\/8"}],"replies":[{"embeddable":true,"href":"https:\/\/www.carrefourfga.ca\/fr\/wp-json\/wp\/v2\/comments?post=8179"}],"version-history":[{"count":339,"href":"https:\/\/www.carrefourfga.ca\/fr\/wp-json\/wp\/v2\/pages\/8179\/revisions"}],"predecessor-version":[{"id":11434,"href":"https:\/\/www.carrefourfga.ca\/fr\/wp-json\/wp\/v2\/pages\/8179\/revisions\/11434"}],"wp:attachment":[{"href":"https:\/\/www.carrefourfga.ca\/fr\/wp-json\/wp\/v2\/media?parent=8179"}],"curies":[{"name":"wp","href":"https:\/\/api.w.org\/{rel}","templated":true}]}}