{"id":8175,"date":"2021-05-20T09:24:30","date_gmt":"2021-05-20T14:24:30","guid":{"rendered":"http:\/\/www.carrefourfga.ca\/fr\/?page_id=8175"},"modified":"2022-06-16T08:12:30","modified_gmt":"2022-06-16T13:12:30","slug":"calendrier-2021-2022","status":"publish","type":"page","link":"https:\/\/www.carrefourfga.ca\/fr\/calendrier-2021-2022\/","title":{"rendered":"Calendrier 2021-2022"},"content":{"rendered":"<div class=\"wpb-content-wrapper\"><p>[vc_row bk_type=\u00a0\u00bbverve_full_row\u00a0\u00bb el_class=\u00a0\u00bbpetit_texte\u00a0\u00bb custom_css=\u00a0\u00bbmargin:30px; padding-right:50px;\u00a0\u00bb css=\u00a0\u00bb.vc_custom_1556544163835{margin-top: 15px !important;}\u00a0\u00bb][vc_column width=\u00a0\u00bb1\/6&Prime;][vc_tta_accordion active_section=\u00a0\u00bb1&Prime; collapsible_all=\u00a0\u00bbtrue\u00a0\u00bb][vc_tta_section title=\u00a0\u00bbSeptembre\u00a0\u00bb tab_id=\u00a0\u00bb1538505026747-92be128c-3d2c\u00a0\u00bb][vc_column_text]9-10 sept.<br \/>\n<span style=\"color: #000000;\">ACCPQ &#8211;<strong> Journ\u00e9e de formation sur l&rsquo;int\u00e9gration du num\u00e9rique en conseillance p\u00e9dagogique<\/strong><\/span><\/p>\n<p>10 sept.<br \/>\n<span style=\"color: #000000;\">Services \u00e9ducatifs compl\u00e9mentaires &#8211;<strong>\u00a0<a href=\"https:\/\/us02web.zoom.us\/j\/5284279150#success\">Motivation, o\u00f9 es-tu<\/a> ?\u00a0<\/strong><\/span><\/p>\n<p>15 sept.<br \/>\n<span style=\"color: #000000;\">R\u00c9CIT AGE &#8211; <\/span><a href=\"https:\/\/us17.campaign-archive.com\/?u=177a5a790dfc036e5cf808be2&amp;id=fe35609cb0\"><strong>Newsletter<\/strong><\/a><\/p>\n<p>16 sept.<br \/>\n<span style=\"color: #000000;\">R\u00c9CIT FGA &#8211; <\/span><a href=\"https:\/\/mailchi.mp\/6d65bdb97f1a\/recitfga_sept2021-10464245\"><strong>Infolettre<\/strong><\/a><\/p>\n<p>23 sept.<br \/>\n<span style=\"color: #000000;\">Carrefour FGA &#8211; <\/span><a href=\"https:\/\/us9.campaign-archive.com\/?u=bc6f030e621352feed53636b9&amp;id=6f652ba6e0\"><strong>Infolettre<\/strong><\/a><\/p>\n<p>28 sept.<br \/>\n<span style=\"color: #000000;\">L&rsquo;\u00c9quipe-choc pedagogical &#8211; <\/span><a href=\"https:\/\/us7.campaign-archive.com\/?u=181caa2dabe58c58c58a79bcc&amp;id=aae9d4bbfc\"><strong>Newsletter<\/strong><\/a><\/p>\n<p>30 sept.<br \/>\n<span style=\"color: #000000;\">Services \u00e9ducatifs compl\u00e9mentaires &#8211; <\/span><a href=\"https:\/\/mailchi.mp\/b7822db56f2b\/infolettre-des-services-ducatifs-complmentaires?e=235967c0a2\"><strong>Infolettre<\/strong><\/a>[\/vc_column_text][\/vc_tta_section][\/vc_tta_accordion][vc_tta_accordion active_section=\u00a0\u00bb1&Prime; collapsible_all=\u00a0\u00bbtrue\u00a0\u00bb][vc_tta_section title=\u00a0\u00bbOctobre\u00a0\u00bb tab_id=\u00a0\u00bb1629216242183-784e40ab-1f6f\u00a0\u00bb][vc_column_text]5 oct.<br \/>\n<span style=\"color: #000000;\">Formations nationales math\u00e9matiques &#8211;<br \/>\n<strong><a href=\"https:\/\/sites.google.com\/cssmi.qc.ca\/fnm\/2021-2022?authuser=0\">L&rsquo;erreur, un outil pour enseigner<\/a><\/strong><\/span><\/p>\n<p><span style=\"color: #000000;\">6 oct.<br \/>\nServices \u00e9ducatifs compl\u00e9mentaires &#8211;<br \/>\n<strong><a href=\"https:\/\/aprescours.ticfga.ca\/tour-dhorizon-des-troubles-dapprentissage\/\">Tour d&rsquo;horizon des troubles d&rsquo;apprentissage chez l&rsquo;adulte <\/a><\/strong><br \/>\n<\/span><\/p>\n<p>7 oct.<br \/>\n<span style=\"color: #000000;\">SARCA &#8211; <\/span><strong><a href=\"http:\/\/eepurl.com\/hKbPpH\" target=\"_blank\" rel=\"noopener noreferrer\">Newsletter<\/a><br \/>\n<\/strong><\/p>\n<p>12 oct.<br \/>\n<span style=\"color: #000000;\">R\u00c9CIT AGE &#8211; <\/span><strong><a href=\"http:\/\/eepurl.com\/hKDfrH\" target=\"_blank\" rel=\"noopener noreferrer\">Newsletter<\/a><br \/>\n<\/strong><\/p>\n<p>13 oct.<br \/>\n<span style=\"color: #000000;\">Services \u00e9ducatifs compl\u00e9mentaires &#8211;<br \/>\n<strong><a href=\"https:\/\/aprescours.ticfga.ca\/learning-with-a-dysphasia\/\">Learning with Dysphasia<\/a><\/strong><\/span><\/p>\n<p>14 oct.<br \/>\n<span style=\"color: #000000;\">R\u00c9CIT FGA &#8211; <\/span><a href=\"http:\/\/eepurl.com\/hKRDDX\" target=\"_blank\" rel=\"noopener noreferrer\"><strong>Infolettre<\/strong><\/a><\/p>\n<p>18 oct.<br \/>\n<span style=\"color: #000000;\">R\u00c9CIT\/S\u00c9C\/EC p\u00e9dagogique <\/span><br \/>\n<a href=\"https:\/\/aprescours.ticfga.ca\/https-aprescours-ticfga-ca-eleve-au-coeur-de-lecole-18-octobre\"><span style=\"color: #000000;\"><b>Webinaire &#8211; L&rsquo;\u00e9l\u00e8ve au c\u0153ur de son \u00e9cole<\/b><\/span><\/a><\/p>\n<p>19 oct.<br \/>\n<span style=\"color: #000000;\">L&rsquo;\u00c9quipe-choc pedagogical &#8211; <\/span><strong><a href=\"http:\/\/eepurl.com\/hK7pP5\" target=\"_blank\" rel=\"noopener noreferrer\">Newsletter<\/a><br \/>\n<\/strong><\/p>\n<p><span style=\"color: #000000;\">Formations nationales math\u00e9matiques<\/span> &#8211; <a href=\"https:\/\/sites.google.com\/cssmi.qc.ca\/fnm\/2021-2022?authuser=0\"><strong>Obstacles p\u00e9dagogiques et parcours de formation<\/strong><\/a><\/p>\n<p><span style=\"color: #000000;\">Services \u00e9ducatifs compl\u00e9mentaires<\/span> &#8211; <a href=\"https:\/\/aprescours.ticfga.ca\/la-dysphasie-ou-trouble-developpemental-du-langage-tdl\/\"><strong>La dysphasie ou trouble d\u00e9veloppemental du langage<\/strong><\/a><\/p>\n<p>20 oct.<br \/>\n<span style=\"color: #000000;\">Services \u00e9ducatifs compl\u00e9mentaires &#8211;<br \/>\n<strong><a href=\"https:\/\/aprescours.ticfga.ca\/les-fonctions-executives\/\">Les fonctions ex\u00e9cutives en apprentissage<\/a><\/strong><\/span><\/p>\n<p>21 oct.<br \/>\n<span style=\"color: #000000;\">Carrefour FGA &#8211; <\/span><a href=\"http:\/\/eepurl.com\/hLcH59\" target=\"_blank\" rel=\"noopener noreferrer\"><strong>Infolettre<\/strong><\/a><\/p>\n<p><span style=\"color: #000000;\">Services \u00e9ducatifs compl\u00e9mentaires &#8211;<br \/>\n<strong><a href=\"https:\/\/aprescours.ticfga.ca\/des-mots-sur-un-maux-la-dyslexie\/\">La dyslexie, c&rsquo;est quoi ?<\/a><\/strong><\/span><\/p>\n<p>28 oct.<br \/>\n<span style=\"color: #000000;\">Carrefour FGA &#8211; <\/span><a href=\"http:\/\/eepurl.com\/hLVp7P\" target=\"_blank\" rel=\"noopener noreferrer\"><strong>Infolettre sp\u00e9ciale<\/strong><\/a><\/p>\n<p><span style=\"color: #000000;\">Services \u00e9ducatifs compl\u00e9mentaires &#8211;<br \/>\n<strong><a href=\"https:\/\/aprescours.ticfga.ca\/le-trouble-deficitaire-de-lattention-avec-ou-sans-hyperactivite-tda-h\/\">TDAH chez l&rsquo;adulte\u00a0<\/a><\/strong><\/span>[\/vc_column_text][\/vc_tta_section][\/vc_tta_accordion][vc_single_image image=\u00a0\u00bb3226&Prime; img_size=\u00a0\u00bbfull\u00a0\u00bb][\/vc_column][vc_column width=\u00a0\u00bb1\/6&Prime;][vc_tta_accordion active_section=\u00a0\u00bb1&Prime; collapsible_all=\u00a0\u00bbtrue\u00a0\u00bb][vc_tta_section title=\u00a0\u00bbNovembre\u00a0\u00bb tab_id=\u00a0\u00bb1539109672422-0a94875b-633f\u00a0\u00bb][vc_column_text]4 nov.<br \/>\n<span style=\"color: #000000;\">Formations nationales math\u00e9matiques &#8211; <a href=\"https:\/\/sites.google.com\/cssmi.qc.ca\/fnm\/2021-2022?authuser=0\"><strong>La techno en aide \u00e0 la consolidation des savoirs lacunaires<\/strong><\/a><\/span><\/p>\n<p>5 nov.<br \/>\n<a href=\"http:\/\/www.education.gouv.qc.ca\/dossiers-thematiques\/plan-daction-numerique\/formations\/journee-du-numerique-en-education\/\"><strong>Journ\u00e9e du num\u00e9rique en \u00e9ducation<\/strong><\/a><\/p>\n<p>9 nov.<br \/>\n<span style=\"color: #000000;\">R\u00c9CIT AGE &#8211; <\/span><strong><a href=\"http:\/\/eepurl.com\/hMYhGn\" target=\"_blank\" rel=\"noopener noreferrer\">Newsletter<\/a><br \/>\n<\/strong><\/p>\n<p>11 nov.<br \/>\n<span style=\"color: #000000;\">R\u00c9CIT FGA &#8211; <\/span><strong><a href=\"http:\/\/eepurl.com\/hM7Lg9\" target=\"_blank\" rel=\"noopener noreferrer\">Infolettre<\/a>\u00a0<\/strong><\/p>\n<p>16 nov.<br \/>\n<span style=\"color: #000000;\">Formations nationales math\u00e9matiques &#8211; <a href=\"https:\/\/sites.google.com\/cssmi.qc.ca\/fnm\/2021-2022?authuser=0\"><strong>Adapter les t\u00e2ches complexes aux besoins particuliers des \u00e9l\u00e8ves<\/strong><\/a><\/span><\/p>\n<p><span style=\"color: #000000;\">L&rsquo;\u00c9quipe-choc pedagogical &#8211; <\/span><strong><a href=\"http:\/\/eepurl.com\/hNqm91\" target=\"_blank\" rel=\"noopener noreferrer\">Newsletter<\/a><br \/>\n<\/strong><\/p>\n<p>18 nov.<br \/>\n<strong><span style=\"color: #000000;\">Carrefour FGA &#8211; <\/span><a href=\"http:\/\/eepurl.com\/hNDPzX\" target=\"_blank\" rel=\"noopener noreferrer\">Infolettre<\/a>\u00a0<\/strong><\/p>\n<p>19 nov.<br \/>\n<a href=\"https:\/\/16.ticfga.ca\/developpement-professionnel\/post-jpmv-2021\/#top\" target=\"_blank\" rel=\"noopener noreferrer\"><strong>Journ\u00e9e p\u00e9dagogique Mont\u00e9r\u00e9gienne<\/strong><\/a><br \/>\n<strong>Journ\u00e9e p\u00e9dagogique LLL<\/strong><\/p>\n<p>22 nov.<br \/>\n<span style=\"color: #000000;\">Services \u00e9ducatifs compl\u00e9mentaires &#8211; <b>L&rsquo;EVR, un carrefour de collaboration avec les SEC<\/b><\/span><\/p>\n<p>23 nov.<br \/>\n<span style=\"color: #000000;\">Services \u00e9ducatifs compl\u00e9mentaires &#8211; <a href=\"https:\/\/aprescours.ticfga.ca\/la-bienveillance-un-vecteur-de-reussite\/\"><b>La bienveillance, un vecteur de r\u00e9ussite<\/b><\/a><\/span><\/p>\n<p>30 nov.<br \/>\n<span style=\"color: #000000;\">Formations nationales math\u00e9matiques &#8211; <a href=\"https:\/\/sites.google.com\/cssmi.qc.ca\/fnm\/2021-2022?authuser=0\"><b>Strat\u00e9gies de lecture des \u00e9nonc\u00e9s math\u00e9matiques<\/b><\/a><\/span>[\/vc_column_text][\/vc_tta_section][\/vc_tta_accordion][vc_tta_accordion active_section=\u00a0\u00bb1&Prime; collapsible_all=\u00a0\u00bbtrue\u00a0\u00bb][vc_tta_section title=\u00a0\u00bbD\u00e9cembre\u00a0\u00bb tab_id=\u00a0\u00bb1538502804653-411e9328-78ab\u00a0\u00bb][vc_column_text]1<sup>er<\/sup> d\u00e9c.<br \/>\n<span style=\"color: #000000;\">Services \u00e9ducatifs compl\u00e9mentaires &#8211; <\/span><strong><a href=\"http:\/\/eepurl.com\/hOVFWn\" target=\"_blank\" rel=\"noopener noreferrer\">Infolettre<\/a>\u00a0<\/strong><\/p>\n<p>2 d\u00e9cembre<br \/>\n<span style=\"color: #000000;\">L&rsquo;\u00c9quipe-choc Pedagogical + FNI<\/span><strong><br \/>\n<a href=\"https:\/\/aprescours.ticfga.ca\/presentation-of-the-new-history-of-quebec-and-canada-program\/\">History of Quebec and Canada<\/a><\/strong><\/p>\n<p>7 d\u00e9c.<br \/>\n<span style=\"color: #000000;\">R\u00c9CIT AGE &#8211; <\/span><strong><a href=\"http:\/\/eepurl.com\/hPjkr5\" target=\"_blank\" rel=\"noopener noreferrer\">Newsletter<\/a><br \/>\n<\/strong><\/p>\n<p>9 d\u00e9c.<br \/>\n<span style=\"color: #000000;\">R\u00c9CIT FGA &#8211; <\/span><strong><a href=\"http:\/\/eepurl.com\/hPKXWj\" target=\"_blank\" rel=\"noopener noreferrer\">Infolettre<\/a>\u00a0<\/strong><\/p>\n<p>14 d\u00e9c.<br \/>\n<span style=\"color: #000000;\">SARCA &#8211; <\/span><strong><a href=\"http:\/\/eepurl.com\/hPTC1T\" target=\"_blank\" rel=\"noopener noreferrer\">Newsletter<\/a><br \/>\n<\/strong><\/p>\n<p>14 d\u00e9c.<br \/>\n<span style=\"color: #000000;\">L&rsquo;\u00c9quipe-choc pedagogical &#8211; <\/span><strong><a href=\"http:\/\/eepurl.com\/hP2yfD\" target=\"_blank\" rel=\"noopener noreferrer\">Newsletter<\/a><br \/>\n<\/strong><\/p>\n<p>16 d\u00e9c.<br \/>\n<span style=\"color: #000000;\">Carrefour FGA &#8211; <\/span><strong><a href=\"http:\/\/eepurl.com\/hP9RVD\" target=\"_blank\" rel=\"noopener noreferrer\">Infolettre<\/a>\u00a0<\/strong>[\/vc_column_text][\/vc_tta_section][\/vc_tta_accordion][\/vc_column][vc_column width=\u00a0\u00bb1\/6&Prime;][vc_tta_accordion active_section=\u00a0\u00bb1&Prime; collapsible_all=\u00a0\u00bbtrue\u00a0\u00bb][vc_tta_section title=\u00a0\u00bbJanvier\u00a0\u00bb tab_id=\u00a0\u00bb1539109674205-6d6beb9d-42bc\u00a0\u00bb][vc_column_text]15 janvier<br \/>\n<span style=\"color: #000000;\">L&rsquo;\u00c9quipe-choc P\u00e9dagogical + FNI<\/span><br \/>\n<a href=\"https:\/\/aprescours.ticfga.ca\/presentation-of-the-new-financial-education-program-january-12-2022\/\"><strong>Presentation of the Financial Education\u00a0 program<\/strong><\/a><\/p>\n<p>18 janvier<br \/>\n<span style=\"color: #000000;\">R\u00c9CIT AGE &#8211;\u00a0<\/span><strong><a href=\"http:\/\/eepurl.com\/hSuA31\" target=\"_blank\" rel=\"noopener noreferrer\">Newsletter<\/a><br \/>\n<\/strong><\/p>\n<p>20 jan.<br \/>\n<span style=\"color: #000000;\">R\u00c9CIT FGA &#8211; <\/span><strong><a href=\"http:\/\/eepurl.com\/hSA0Nf\" target=\"_blank\" rel=\"noopener noreferrer\">Infolettre<\/a>\u00a0<\/strong><\/p>\n<p><span style=\"color: #000000;\">Services \u00e9ducatifs compl\u00e9mentaires &#8211; <a href=\"https:\/\/sites.google.com\/view\/fga-fad-fonctions-tutorales\/accueil\"><strong>Les fonctions tutorales et les actions des intervenants SEC<\/strong><\/a><\/span><\/p>\n<p>21 jan.<br \/>\n<span style=\"color: #000000;\">Services \u00e9ducatifs compl\u00e9mentaires &#8211; <a href=\"https:\/\/aprescours.ticfga.ca\/la-gestion-de-classe-en-fga-et-fp\/\"><strong>Les incontournables de la gestion de classe en FGA-FP<\/strong><\/a><\/span><\/p>\n<p>25 jan.<br \/>\n<span style=\"color: #000000;\">L&rsquo;\u00c9quipe-choc pedagogical &#8211; <\/span><strong><a href=\"http:\/\/eepurl.com\/hSI9i5\" target=\"_blank\" rel=\"noopener noreferrer\">Newsletter<\/a><br \/>\n<\/strong><\/p>\n<p>27 jan.<br \/>\n<span style=\"color: #000000;\">Formations nationales math\u00e9matiques &#8211; <a href=\"https:\/\/sites.google.com\/cssmi.qc.ca\/fnm\/2021-2022?authuser=0\"><strong>Comment questionner pour faciliter le d\u00e9veloppement des comp\u00e9tences<\/strong><\/a><\/span><\/p>\n<p><span style=\"color: #000000;\">Carrefour FGA &#8211; <\/span><strong><a href=\"http:\/\/eepurl.com\/hS-XKX\" target=\"_blank\" rel=\"noopener noreferrer\">Infolettre<\/a>\u00a0<\/strong>[\/vc_column_text][\/vc_tta_section][\/vc_tta_accordion][vc_tta_accordion active_section=\u00a0\u00bb1&Prime; collapsible_all=\u00a0\u00bbtrue\u00a0\u00bb][vc_tta_section title=\u00a0\u00bbF\u00e9vrier\u00a0\u00bb tab_id=\u00a0\u00bb1538506032747-9f52a695-6beb\u00a0\u00bb][vc_column_text]8 f\u00e9v.<br \/>\n<span style=\"color: #000000;\">Formations nationales math\u00e9matiques &#8211;<a href=\"https:\/\/sites.google.com\/cssmi.qc.ca\/fnm\/2021-2022?authuser=0\"><strong> Pr\u00e9paration mentale et gestion du stress en \u00e9valuation<\/strong><\/a><\/span><\/p>\n<p>10 f\u00e9v.<br \/>\n<span style=\"color: #000000;\">SARCA &#8211; <\/span><strong><a href=\"http:\/\/eepurl.com\/hUk7tj\" target=\"_blank\" rel=\"noopener noreferrer\">Newsletter<\/a><br \/>\n<\/strong><\/p>\n<p>15 f\u00e9v.<br \/>\n<span style=\"color: #000000;\">R\u00c9CIT AGE &#8211; <\/span><strong><a href=\"http:\/\/eepurl.com\/hUN_pP\" target=\"_blank\" rel=\"noopener noreferrer\">Newsletter<\/a><br \/>\n<\/strong><\/p>\n<p>17 f\u00e9v.<br \/>\n<span style=\"color: #000000;\">INFO-FLE &#8211; <\/span><strong><a href=\"http:\/\/eepurl.com\/hUT6pz\" target=\"_blank\" rel=\"noopener noreferrer\">Infolettre<\/a><\/strong><\/p>\n<p><span style=\"color: #000000;\">P\u00e9dago Mosa\u00efque &#8211; <\/span><strong><a href=\"http:\/\/eepurl.com\/hU4jpH\" target=\"_blank\" rel=\"noopener noreferrer\">Infolettre<\/a><\/strong><\/p>\n<p><span style=\"color: #000000;\">R\u00c9CIT FGA &#8211; <\/span><strong><a href=\"http:\/\/eepurl.com\/hUWwcn\" target=\"_blank\" rel=\"noopener noreferrer\">Infolettre<\/a><\/strong><\/p>\n<p>22 f\u00e9v.<br \/>\n<span style=\"color: #000000;\">L&rsquo;\u00c9quipe-choc pedagogical &#8211;\u00a0<\/span><strong><a href=\"http:\/\/eepurl.com\/hVqUVj\" target=\"_blank\" rel=\"noopener noreferrer\">Newsletter<\/a><br \/>\n<\/strong><\/p>\n<p>23 f\u00e9v.<br \/>\n<span style=\"color: #000000;\">Formations nationales math\u00e9matiques &#8211;<strong> <a href=\"https:\/\/sites.google.com\/cssmi.qc.ca\/fnm\/2021-2022?authuser=0\">R\u00e9soudre par concept cl\u00e9<\/a><\/strong><\/span><\/p>\n<p>24 f\u00e9v.<br \/>\n<span style=\"color: #000000;\">Carrefour FGA &#8211; <\/span><a href=\"http:\/\/eepurl.com\/hTYGlz\" target=\"_blank\" rel=\"noopener noreferrer\"><strong>Infolettre<\/strong><\/a><\/p>\n<p>22-25 f\u00e9v.<br \/>\n<a href=\"https:\/\/www.fadio.net\/evenements\/semaine-de-la-formation-a-distance\/\">FADIO<\/a><a href=\"https:\/\/www.fadio.net\/evenements\/semaine-de-la-formation-a-distance\/\"> &#8211;<\/a><strong><a href=\"https:\/\/www.fadio.net\/evenements\/semaine-de-la-formation-a-distance\/\"> Semaine de la FAD\u00a0<\/a><\/strong>[\/vc_column_text][\/vc_tta_section][\/vc_tta_accordion][\/vc_column][vc_column width=\u00a0\u00bb1\/6&Prime;][vc_tta_accordion active_section=\u00a0\u00bb1&Prime; collapsible_all=\u00a0\u00bbtrue\u00a0\u00bb][vc_tta_section title=\u00a0\u00bbMars\u00a0\u00bb tab_id=\u00a0\u00bb1539109676551-4fa0477d-3a1f\u00a0\u00bb][vc_column_text]9 mars<br \/>\n<span style=\"color: #000000;\">Services \u00e9ducatifs compl\u00e9mentaires &#8211; <\/span><a href=\"https:\/\/mailchi.mp\/ac7aa82ff0ef\/infolettre-des-services-ducatifs-complmentaires?e=%5BUNIQID%5D\" target=\"_blank\" rel=\"noopener noreferrer\"><strong>Infolettre\u00a0<\/strong><\/a><\/p>\n<p>10 mars<br \/>\n<span style=\"color: #000000;\">R\u00c9CIT\/S\u00c9C\/Ecp\u00e9dagogique &#8211;\u00a0 <b>L&rsquo;\u00e9l\u00e8ve au c\u0153ur de sa communaut\u00e9<\/b><\/span><\/p>\n<p>15 mars<br \/>\n<span style=\"color: #000000;\">R\u00c9CIT AGE &#8211;\u00a0<\/span><a href=\"https:\/\/mailchi.mp\/fb0d2c5206d2\/march2022?e=0bc32dd57c\" target=\"_blank\" rel=\"noopener noreferrer\"><b>Newsletter<\/b><\/a><\/p>\n<p>18 mars<br \/>\n<span style=\"color: #000000;\">P\u00e9dago Mosa\u00efque\u00a0 &#8211; <a href=\"https:\/\/mailchi.mp\/c331390e30c7\/pedagomosaique-mars2022\" target=\"_blank\" rel=\"noopener noreferrer\"><b>Infolettre<\/b><\/a><\/span><\/p>\n<p><span style=\"color: #000000;\">R\u00c9CIT FGA\u00a0 &#8211; <\/span><a href=\"https:\/\/mailchi.mp\/65dd6b972f26\/recitfga_mars2022\" target=\"_blank\" rel=\"noopener noreferrer\"><b>Infolettre<\/b><\/a><\/p>\n<p><span style=\"color: #000000;\">Services \u00e9ducatifs compl\u00e9mentaires &#8211; <a href=\"https:\/\/us02web.zoom.us\/j\/5284279150#success\"><b>L&rsquo;EFFET enseignant<\/b><\/a><\/span><\/p>\n<p>22 mars<br \/>\n<span style=\"color: #000000;\">L&rsquo;\u00c9quipe-choc pedagogical &#8211; <\/span><a href=\"https:\/\/mailchi.mp\/d06afc62740d\/march2022?fbclid=IwAR0zVLZA_qOAGQaMbthG4gLJj314ee8__D98BfTOO-cfcBvyXoUcmMcERsw\" target=\"_blank\" rel=\"noopener noreferrer\"><b>Newsletter<\/b><\/a><\/p>\n<p>24 mars &#8211; Annul\u00e9<br \/>\n<span style=\"color: #000000;\">Formations nationales math\u00e9matiques &#8211;<a href=\"https:\/\/sites.google.com\/cssmi.qc.ca\/fnm\/2021-2022?authuser=0\"><strong> G\u00e9om\u00e9trie dynamique, conjecture et d\u00e9monstration<\/strong><\/a><\/span><\/p>\n<p><span style=\"color: #000000;\">Carrefour FGA &#8211;\u00a0<\/span><a href=\"https:\/\/mailchi.mp\/81e33d0c37ae\/mars2022\" target=\"_blank\" rel=\"noopener noreferrer\"><strong>Infolettre<\/strong><\/a><\/p>\n<p>22-25 mars<br \/>\n<strong><a href=\"https:\/\/www.institutta.com\/\">Congr\u00e8s de l&rsquo;Institut TA<\/a><\/strong>[\/vc_column_text][\/vc_tta_section][\/vc_tta_accordion][vc_tta_accordion active_section=\u00a0\u00bb1&Prime; collapsible_all=\u00a0\u00bbtrue\u00a0\u00bb][vc_tta_section title=\u00a0\u00bbAvril\u00a0\u00bb tab_id=\u00a0\u00bb1538506220516-8744b941-77bc\u00a0\u00bb][vc_column_text]7 avril<br \/>\n<span style=\"color: #000000;\">Formations nationales math\u00e9matiques &#8211; <strong><a href=\"https:\/\/sites.google.com\/cssmi.qc.ca\/fnm\/2021-2022?authuser=0\">Interventions efficaces aupr\u00e8s des \u00e9l\u00e8ves \u00e0 besoins particuliers<\/a><\/strong><\/span><\/p>\n<p>12 avril<br \/>\n<span style=\"color: #000000;\">R\u00c9CIT AGE &#8211;\u00a0<\/span><a href=\"https:\/\/mailchi.mp\/861cfb8b54a8\/april2022\" target=\"_blank\" rel=\"noopener noreferrer\"><strong>Newsletter<\/strong><\/a><\/p>\n<p>12-14 avril<br \/>\n<strong><a href=\"https:\/\/www.aquops.qc.ca\/\">Colloque de l&rsquo;AQUOPS<\/a><\/strong><\/p>\n<p>14 avril<br \/>\n<span style=\"color: #000000;\">P\u00e9dago Mosa\u00efque &#8211; <a href=\"https:\/\/mailchi.mp\/da95971ea11a\/pedagomosaique-avril2022\" target=\"_blank\" rel=\"noopener noreferrer\"><strong>Infolettre<\/strong><\/a><\/span><\/p>\n<p><span style=\"color: #000000;\">R\u00c9CIT FGA\u00a0 &#8211; <\/span><a href=\"https:\/\/mailchi.mp\/f466a1b94145\/recitfga_avril2022\" target=\"_blank\" rel=\"noopener noreferrer\"><strong>Infolettre<\/strong><\/a><\/p>\n<p>19 avril<br \/>\n<span style=\"color: #000000;\">L&rsquo;\u00c9quipe-choc pedagogical &#8211;\u00a0<\/span><a href=\"https:\/\/mailchi.mp\/05ef866cdb5e\/april2022\" target=\"_blank\" rel=\"noopener noreferrer\"><strong>Newsletter<\/strong><\/a><\/p>\n<p>21 avril<br \/>\n<span style=\"color: #000000;\">Carrefour FGA &#8211;\u00a0<\/span><a href=\"https:\/\/mailchi.mp\/82d07c8248f4\/avril2022\" target=\"_blank\" rel=\"noopener noreferrer\"><strong>Infolettre<\/strong><\/a><\/p>\n<p>27 avril<br \/>\n<span style=\"color: #000000;\"><a href=\"https:\/\/mailchi.mp\/e6e250d5519d\/revue_annuelle2022\" target=\"_blank\" rel=\"noopener noreferrer\"><strong>3<sup>e<\/sup> \u00e9dition<\/strong><\/a> de la revue annuelle du R\u00c9CIT FGA<\/span><\/p>\n<p>27-29 avril<br \/>\n<strong><a href=\"https:\/\/www.aqifga.com\/fr\/\">Congr\u00e8s de l&rsquo;AQIFGA<\/a><\/strong>[\/vc_column_text][\/vc_tta_section][\/vc_tta_accordion][\/vc_column][vc_column width=\u00a0\u00bb1\/6&Prime;][vc_tta_accordion active_section=\u00a0\u00bb1&Prime; collapsible_all=\u00a0\u00bbtrue\u00a0\u00bb][vc_tta_section title=\u00a0\u00bbMai\u00a0\u00bb tab_id=\u00a0\u00bb1538506258367-0855ea3b-42f4&Prime;][vc_column_text]10 mai<br \/>\n<span style=\"color: #000000;\">R\u00c9CIT AGE &#8211;\u00a0<\/span><a href=\"https:\/\/mailchi.mp\/0aa38fff79da\/recitage_may2022\" target=\"_blank\" rel=\"noopener noreferrer\"><strong>Newsletter<\/strong><\/a><\/p>\n<p>12 mai<br \/>\n<span style=\"color: #000000;\">R\u00c9CIT FGA &#8211;\u00a0<\/span><a href=\"https:\/\/mailchi.mp\/0007aff0da07\/recitfga_mai2022\" target=\"_blank\" rel=\"noopener noreferrer\"><strong>Infolettre<\/strong><\/a><\/p>\n<p>16 mai<br \/>\n<span style=\"color: #000000;\">Services \u00e9ducatifs compl\u00e9mentaires &#8211; <strong><a href=\"http:\/\/www.carrefourfgafp.com\/SEC\/evenements\/\">Pourquoi et comment parler de sexualit\u00e9 en FGA\/FP<\/a><\/strong><\/span><\/p>\n<p>17 mai<br \/>\n<span style=\"color: #000000;\">L&rsquo;\u00c9quipe-choc Pedagogical &#8211; <\/span><a href=\"https:\/\/mailchi.mp\/06ce4a1ce011\/may2022\" target=\"_blank\" rel=\"noopener noreferrer\"><strong>Newsletter<\/strong><\/a><\/p>\n<p>18 mai<br \/>\n<span style=\"color: #000000;\">S\u00c9C\/SARCA\/R\u00c9CIT AGE\/ LBPSB &#8211;\u00a0<strong><a href=\"http:\/\/www.carrefourfgafp.com\/SEC\/wp-content\/uploads\/2022\/03\/pubfr_comp_socioprofessionnelle_compression.pdf\">Trousse de ressources en IS, ISP et FP<\/a><\/strong><\/span><\/p>\n<p>19 mai<br \/>\n<span style=\"color: #000000;\">Carrefour FGA &#8211;\u00a0<\/span><a href=\"https:\/\/mailchi.mp\/8552cf2d4a2f\/mai2022\" target=\"_blank\" rel=\"noopener noreferrer\"><strong>Infolettre<\/strong><\/a><\/p>\n<p>30 mai<br \/>\n<span style=\"color: #000000;\">Services \u00e9ducatifs compl\u00e9mentaires &#8211; <a href=\"http:\/\/www.carrefourfgafp.com\/SEC\/evenements\/\"><strong>La citoyennet\u00e9 num\u00e9rique en FGA-FP : de la sensibilisation \u00e0 l&rsquo;intervention<\/strong><\/a><\/span>[\/vc_column_text][\/vc_tta_section][\/vc_tta_accordion][vc_tta_accordion active_section=\u00a0\u00bb1&Prime; collapsible_all=\u00a0\u00bbtrue\u00a0\u00bb][vc_tta_section title=\u00a0\u00bbJuin\u00a0\u00bb tab_id=\u00a0\u00bb1538506312493-5a64195c-4ee4&Prime;][vc_column_text]1<sup>er<\/sup> juin<br \/>\n<span style=\"color: #000000;\">Services \u00e9ducatifs compl\u00e9mentaires &#8211; <\/span><a href=\"https:\/\/mailchi.mp\/6370301f6015\/infolettre-sarca-juin-2022?e=24d79e6ed6\" target=\"_blank\" rel=\"noopener noreferrer\"><strong>Infolettre<\/strong><\/a><\/p>\n<p>1-2 juin<br \/>\n<a href=\"https:\/\/www.treaq.ca\/\" target=\"_blank\" rel=\"noopener noreferrer\"><strong>Colloque conjoint de la TR\u00c9AQ et de la CPFGPE de l&rsquo;AQCS<\/strong><\/a><\/p>\n<p>7 juin<br \/>\n<span style=\"color: #000000;\">Services \u00e9ducatifs compl\u00e9mentaires &#8211; <strong><a href=\"http:\/\/www.carrefourfgafp.com\/SEC\/evenements\/\">Mieux intervenir et contrer les actes d&rsquo;intimidation et de violence<\/a><\/strong><\/span><\/p>\n<p>14 juin<br \/>\n<span style=\"color: #000000;\">R\u00c9CIT AGE &#8211; <\/span><a href=\"https:\/\/mailchi.mp\/924adb71ce05\/recitage_june2022\" target=\"_blank\" rel=\"noopener noreferrer\"><strong>Newsletter<\/strong><\/a><\/p>\n<p>16 juin<br \/>\n<span style=\"color: #000000;\">R\u00c9CIT FGA &#8211;\u00a0<\/span><a href=\"https:\/\/mailchi.mp\/240b1e497d63\/recitfga_juin2022\" target=\"_blank\" rel=\"noopener noreferrer\"><strong>Infolettre<\/strong><\/a><\/p>\n<p>21 juin<br \/>\n<span style=\"color: #000000;\">L&rsquo;\u00c9quipe-choc pedagogical &#8211; <\/span>Newsletter<\/p>\n<p>23 juin<br \/>\n<span style=\"color: #000000;\">Carrefour FGA &#8211;\u00a0<\/span>Infolettre[\/vc_column_text][\/vc_tta_section][\/vc_tta_accordion][\/vc_column][vc_column width=\u00a0\u00bb1\/6&Prime;][vc_single_image image=\u00a0\u00bb2330&Prime; img_size=\u00a0\u00bbfull\u00a0\u00bb][\/vc_column][\/vc_row][vc_row][vc_column][vc_column_text]<\/p>\n<p>[\/vc_column_text][\/vc_column][\/vc_row][vc_row][vc_column][vc_column_text]<br \/>\n[\/vc_column_text][\/vc_column][\/vc_row][vc_row][vc_column][vc_column_text][\/vc_column_text][\/vc_column][\/vc_row][vc_row][vc_column width=\u00a0\u00bb1\/3&Prime;][\/vc_column][vc_column width=\u00a0\u00bb1\/3&Prime;][\/vc_column][vc_column width=\u00a0\u00bb1\/3&Prime;][\/vc_column][\/vc_row][vc_row][vc_column][vc_column_text]<\/p>\n<p>[\/vc_column_text][\/vc_column][\/vc_row]<\/p>\n<\/div>","protected":false},"excerpt":{"rendered":"<p>[vc_row bk_type=\u00a0\u00bbverve_full_row\u00a0\u00bb el_class=\u00a0\u00bbpetit_texte\u00a0\u00bb custom_css=\u00a0\u00bbmargin:30px; padding-right:50px;\u00a0\u00bb css=\u00a0\u00bb.vc_custom_1556544163835{margin-top: 15px !important;}\u00a0\u00bb][vc_column width=\u00a0\u00bb1\/6&Prime;][vc_tta_accordion active_section=\u00a0\u00bb1&Prime; collapsible_all=\u00a0\u00bbtrue\u00a0\u00bb][vc_tta_section title=\u00a0\u00bbSeptembre\u00a0\u00bb tab_id=\u00a0\u00bb1538505026747-92be128c-3d2c\u00a0\u00bb][vc_column_text]9-10 sept. ACCPQ &#8211; [&hellip;]<\/p>\n","protected":false},"author":1,"featured_media":0,"parent":0,"menu_order":0,"comment_status":"closed","ping_status":"closed","template":"full-width.php","meta":{"footnotes":"","_links_to":"","_links_to_target":""},"_links":{"self":[{"href":"https:\/\/www.carrefourfga.ca\/fr\/wp-json\/wp\/v2\/pages\/8175"}],"collection":[{"href":"https:\/\/www.carrefourfga.ca\/fr\/wp-json\/wp\/v2\/pages"}],"about":[{"href":"https:\/\/www.carrefourfga.ca\/fr\/wp-json\/wp\/v2\/types\/page"}],"author":[{"embeddable":true,"href":"https:\/\/www.carrefourfga.ca\/fr\/wp-json\/wp\/v2\/users\/1"}],"replies":[{"embeddable":true,"href":"https:\/\/www.carrefourfga.ca\/fr\/wp-json\/wp\/v2\/comments?post=8175"}],"version-history":[{"count":93,"href":"https:\/\/www.carrefourfga.ca\/fr\/wp-json\/wp\/v2\/pages\/8175\/revisions"}],"predecessor-version":[{"id":8649,"href":"https:\/\/www.carrefourfga.ca\/fr\/wp-json\/wp\/v2\/pages\/8175\/revisions\/8649"}],"wp:attachment":[{"href":"https:\/\/www.carrefourfga.ca\/fr\/wp-json\/wp\/v2\/media?parent=8175"}],"curies":[{"name":"wp","href":"https:\/\/api.w.org\/{rel}","templated":true}]}}