{"id":81,"date":"2017-02-08T14:22:47","date_gmt":"2017-02-08T19:22:47","guid":{"rendered":"http:\/\/www.carrefourfga.ca\/contact-image\/"},"modified":"2025-02-25T11:54:46","modified_gmt":"2025-02-25T16:54:46","slug":"nous-joindre","status":"publish","type":"page","link":"https:\/\/www.carrefourfga.ca\/fr\/nous-joindre\/","title":{"rendered":"Nous joindre"},"content":{"rendered":"<div class=\"wpb-content-wrapper\"><p>[vc_row full_height=\u00a0\u00bbyes\u00a0\u00bb columns_placement=\u00a0\u00bbtop\u00a0\u00bb equal_height=\u00a0\u00bbyes\u00a0\u00bb bk_type=\u00a0\u00bbverve_full_row\u00a0\u00bb row_height=\u00a0\u00bbvrv_fixed_height\u00a0\u00bb row_fixed=\u00a0\u00bb480&Prime; margin_bottom=\u00a0\u00bb60px\u00a0\u00bb bk_element=\u00a0\u00bbimage\u00a0\u00bb bg_image_repeat=\u00a0\u00bbverve_cover_top\u00a0\u00bb el_class=\u00a0\u00bbultra_lax\u00a0\u00bb bg_image=\u00a0\u00bb8&Prime;][vc_column width=\u00a0\u00bb2\/3&Prime; css=\u00a0\u00bb.vc_custom_1740500082729{background-image: url(http:\/\/www.carrefourfga.ca\/fr\/wp-content\/uploads\/2025\/01\/cover-Recit-jan-2025-72.jpeg?id=9816) !important;background-position: center !important;background-repeat: no-repeat !important;background-size: cover !important;}\u00a0\u00bb][vc_empty_space height=\u00a0\u00bb200px\u00a0\u00bb][\/vc_column][vc_column width=\u00a0\u00bb1\/3&Prime; css=\u00a0\u00bb.vc_custom_1740499867658{background-color: #000000 !important;}\u00a0\u00bb][vc_column_text css=\u00a0\u00bb.vc_custom_1740502227580{padding-right: 20px !important;padding-left: 20px !important;}\u00a0\u00bb]<\/p>\n<h2 class=\"qodef-page-title entry-title\" style=\"text-align: left;\"><span style=\"color: #ffffff;\">Nous joindre<\/span><\/h2>\n<h3 class=\"qodef-page-subtitle\" style=\"color: #cf4d4c; text-align: left;\"><a style=\"color: #cf4d4c !important; text-align: left;\" href=\"mailto:info@carrefourfga.com\">info@carrefourfga.com<\/a><\/h3>\n<p>&nbsp;<\/p>\n<p style=\"text-align: left;\"><span style=\"color: #ffffff;\">N&rsquo;h\u00e9sitez pas \u00e0 nous joindre pour toutes questions ou suggestions!<\/span><\/p>\n<p>&nbsp;<\/p>\n<p style=\"text-align: justify;\"><span style=\"color: #ffffff;\">Le\u00a0<span style=\"color: #cf4d4c;\"><b>Carrefour FGA<\/b><\/span>\u00a0est un regroupement de sites qu\u00e9b\u00e9cois con\u00e7us pour la formation g\u00e9n\u00e9rale des adultes (FGA). Ici, les id\u00e9es, les visions et les cr\u00e9ations de partout convergent en un seul lieu.<\/span><\/p>\n<p>&nbsp;<\/p>\n<p style=\"text-align: justify;\"><span style=\"color: #ffffff;\">Le\u00a0<span style=\"color: #cf4d4c;\"><b>Carrefour FGA<\/b><\/span>\u00a0se veut un point de d\u00e9part pour la recherche et la d\u00e9couverte de ressources utiles pour les intervenants en FGA. Nous souhaitons que la diversit\u00e9 des ressources en ligne r\u00e9unie en un seul endroit facilite le quotidien de chacun et stimule la r\u00e9flexion professionnelle.<\/span><\/p>\n<p>&nbsp;<\/p>\n<p style=\"text-align: justify;\"><span style=\"color: #ffffff;\">Le\u00a0<span style=\"color: #cf4d4c;\"><b>Carrefour FGA<\/b><\/span>\u00a0souhaite faire les liens vers les meilleures ressources en \u00e9ducation d\u2019ici et d\u2019ailleurs. La contribution du r\u00e9seau, votre contribution \u00e0 garder ces liens \u00e0 jour influencera l\u2019\u00e9volution de ce site. Le\u00a0<span style=\"color: #cf4d4c;\"><b>Carrefour FGA<\/b><\/span>, la force d\u2019un r\u00e9seau!<\/span><\/p>\n<p>[\/vc_column_text][vc_empty_space height=\u00a0\u00bb330px\u00a0\u00bb][\/vc_column][\/vc_row]<\/p>\n<\/div>","protected":false},"excerpt":{"rendered":"<p>[vc_row full_height=\u00a0\u00bbyes\u00a0\u00bb columns_placement=\u00a0\u00bbtop\u00a0\u00bb equal_height=\u00a0\u00bbyes\u00a0\u00bb bk_type=\u00a0\u00bbverve_full_row\u00a0\u00bb row_height=\u00a0\u00bbvrv_fixed_height\u00a0\u00bb row_fixed=\u00a0\u00bb480&Prime; margin_bottom=\u00a0\u00bb60px\u00a0\u00bb bk_element=\u00a0\u00bbimage\u00a0\u00bb bg_image_repeat=\u00a0\u00bbverve_cover_top\u00a0\u00bb el_class=\u00a0\u00bbultra_lax\u00a0\u00bb bg_image=\u00a0\u00bb8&Prime;][vc_column width=\u00a0\u00bb2\/3&Prime; css=\u00a0\u00bb.vc_custom_1740500082729{background-image: url(http:\/\/www.carrefourfga.ca\/fr\/wp-content\/uploads\/2025\/01\/cover-Recit-jan-2025-72.jpeg?id=9816) !important;background-position: [&hellip;]<\/p>\n","protected":false},"author":1,"featured_media":0,"parent":0,"menu_order":0,"comment_status":"closed","ping_status":"closed","template":"full-width.php","meta":{"footnotes":"","_links_to":"","_links_to_target":""},"_links":{"self":[{"href":"https:\/\/www.carrefourfga.ca\/fr\/wp-json\/wp\/v2\/pages\/81"}],"collection":[{"href":"https:\/\/www.carrefourfga.ca\/fr\/wp-json\/wp\/v2\/pages"}],"about":[{"href":"https:\/\/www.carrefourfga.ca\/fr\/wp-json\/wp\/v2\/types\/page"}],"author":[{"embeddable":true,"href":"https:\/\/www.carrefourfga.ca\/fr\/wp-json\/wp\/v2\/users\/1"}],"replies":[{"embeddable":true,"href":"https:\/\/www.carrefourfga.ca\/fr\/wp-json\/wp\/v2\/comments?post=81"}],"version-history":[{"count":38,"href":"https:\/\/www.carrefourfga.ca\/fr\/wp-json\/wp\/v2\/pages\/81\/revisions"}],"predecessor-version":[{"id":9855,"href":"https:\/\/www.carrefourfga.ca\/fr\/wp-json\/wp\/v2\/pages\/81\/revisions\/9855"}],"wp:attachment":[{"href":"https:\/\/www.carrefourfga.ca\/fr\/wp-json\/wp\/v2\/media?parent=81"}],"curies":[{"name":"wp","href":"https:\/\/api.w.org\/{rel}","templated":true}]}}