{"id":7467,"date":"2020-02-13T17:02:00","date_gmt":"2020-02-13T22:02:00","guid":{"rendered":"http:\/\/www.carrefourfga.ca\/fr\/?page_id=7467"},"modified":"2020-07-09T07:50:52","modified_gmt":"2020-07-09T12:50:52","slug":"volet-autochtones","status":"publish","type":"page","link":"https:\/\/www.carrefourfga.ca\/fr\/volet-autochtones\/","title":{"rendered":"Volet Autochtones"},"content":{"rendered":"<div class=\"wpb-content-wrapper\"><p>[vc_row full_height=\u00a0\u00bbyes\u00a0\u00bb equal_height=\u00a0\u00bbyes\u00a0\u00bb css=\u00a0\u00bb.vc_custom_1581631057429{background-image: url(http:\/\/www.carrefourfga.ca\/fr\/wp-content\/uploads\/2017\/01\/color-conifer-countryside-1179229.jpg?id=7213) !important;background-position: center !important;background-repeat: no-repeat !important;background-size: cover !important;}\u00a0\u00bb][vc_column width=\u00a0\u00bb2\/3&Prime; css=\u00a0\u00bb.vc_custom_1557402769361{margin-left: 50px !important;background-position: center !important;background-repeat: no-repeat !important;background-size: cover !important;}\u00a0\u00bb][vc_row_inner equal_height=\u00a0\u00bbyes\u00a0\u00bb content_placement=\u00a0\u00bbmiddle\u00a0\u00bb][vc_column_inner width=\u00a0\u00bb2\/5&Prime; css=\u00a0\u00bb.vc_custom_1557489386229{background-color: #000000 !important;}\u00a0\u00bb][vc_column_text css=\u00a0\u00bb.vc_custom_1581631020553{margin-right: 25px !important;margin-left: 25px !important;}\u00a0\u00bb]<\/p>\n<p style=\"text-align: left;\"><span style=\"color: #ffffff; font-size: 48px; letter-spacing: 1px; line-height: 55px;\">Volet<\/span><br \/>\n<span style=\"color: #c44b49; font-size: 44px; letter-spacing: 1px; line-height: 55px;\">AUTOCHTONES<\/span><\/p>\n<p>[\/vc_column_text][vc_empty_space height=\u00a0\u00bb144px\u00a0\u00bb][vc_empty_space height=\u00a0\u00bb52px\u00a0\u00bb][\/vc_column_inner][vc_column_inner width=\u00a0\u00bb3\/5&Prime; css=\u00a0\u00bb.vc_custom_1573830591537{padding-right: 15px !important;padding-left: 15px !important;background-color: #ffffff !important;}\u00a0\u00bb][vc_empty_space][vc_column_text]Dans cette section, vous trouverez de l\u2019information relative \u00e0 la population autochtone en formation g\u00e9n\u00e9rale des adultes.<\/p>\n<p class=\"desc\">Les centres de services scolaires d\u00e9sireuses de faire conna\u00eetre des activit\u00e9s \u00e9ducatives ou des outils p\u00e9dagogiques jug\u00e9s porteurs et d\u2019int\u00e9r\u00eat commun, sp\u00e9cifiques aux adultes autochtones, peuvent les soumettre par courriel \u00e0 cette adresse : <a href=\"mailto:autochtones@carrefourfga.ca\"><b>info@carrefourfga.com<\/b><\/a><\/p>\n<p class=\"desc\"><b>MAT\u00c9RIEL DE SOUTIEN POUR LE PERSONNEL SCOLAIRE ET EXEMPLES D\u2019INTERVENTION<\/b><\/p>\n<ul type=\"square\">\n<li><a href=\"http:\/\/www.etudesuniversitaires.ca\/programmes-et-services-pour-etudiants-autochtones\/\" target=\"_blank\" rel=\"noopener noreferrer\">Programmes et services pour \u00e9tudiants autochtones<\/a><\/li>\n<li><a href=\"http:\/\/www.carrefourfga.com\/documents\/FRAN_Explo%20acquis_Autochtones_Avril%202016.pdf\" target=\"_blank\" rel=\"noopener noreferrer\">Outils d\u2019intervention pour le service d\u2019exploration des acquis (SARCA)<\/a><\/li>\n<li>Soutenir la r\u00e9ussite des \u00e9l\u00e8ves autochtones adultes :\n<ul>\n<li><a href=\"http:\/\/www.carrefourfga.com\/documents\/Partie%201_Mieux%20se%20connaitre%20-%20un%20apprentissage%20mutuel.pdf\" target=\"_blank\" rel=\"noopener noreferrer\">Partie 1 \u2013 Mieux se conna\u00eetre, un apprentissage mutuel<\/a><\/li>\n<li><a href=\"http:\/\/www.carrefourfga.com\/documents\/Partie%202_Vers%20un%20developpement%20de%20nos%20competences.pdf\" target=\"_blank\" rel=\"noopener noreferrer\">Partie 2 \u2013 Vers un d\u00e9veloppement de nos comp\u00e9tences<\/a><\/li>\n<\/ul>\n<\/li>\n<li><a href=\"http:\/\/www.carrefourfga.com\/documents\/Pedagogie%20autochtone_D%20Campeau_2015-04-01.pptx\" target=\"_blank\" rel=\"noopener noreferrer\">P\u00e9dagogie autochtone et formation g\u00e9n\u00e9rale des adultes au Qu\u00e9bec (diaporama, audio inclus)<\/a><\/li>\n<li><a href=\"http:\/\/www.carrefourfga.com\/documents\/Presentation%20VFrancaise_Solidarite%20Autochtones_01%20mai%202014.pdf\" target=\"_blank\" rel=\"noopener noreferrer\">Solidarit\u00e9 avec les Autochtones (partage d\u2019une exp\u00e9rimentation d\u2019un centre de services scolaire)<\/a><\/li>\n<li><a href=\"http:\/\/mikinak.net\/\" target=\"_blank\" rel=\"noopener noreferrer\">Mikinak, outil de sensibilisation aux r\u00e9alit\u00e9s des \u00e9l\u00e8ves des Premi\u00e8res Nations<\/a><\/li>\n<li><a href=\"http:\/\/www.wapikoni.ca\/\" target=\"_blank\" rel=\"noopener noreferrer\">Wapikoni, studio ambulant de formation et de cr\u00e9ation audiovisuelle des Premi\u00e8res Nations<\/a><\/li>\n<li><a href=\"http:\/\/www.carrefourfga.ca\/wp-content\/uploads\/2018\/01\/Guide-initiatives-autochtones_reussite-educative-1.pdf\" target=\"_blank\" rel=\"noopener noreferrer\">Guide des initiatives inspirantes pour la r\u00e9ussite \u00e9ducative des \u00e9l\u00e8ves autochtones (partage d\u2019initiatives du r\u00e9seau scolaire et informations compl\u00e9mentaires)<\/a><\/li>\n<li><a href=\"http:\/\/psja.ctreq.qc.ca\/\" target=\"_blank\" rel=\"noopener noreferrer\">Pers\u00e9v\u00e9rance scolaire des jeunes Autochtones (partage, planification de projet\u2026)\u00a0<\/a><\/li>\n<li><a href=\"http:\/\/www.ctreq.qc.ca\/tag\/autochtone\/\" target=\"_blank\" rel=\"noopener noreferrer\">Centre de transfert pour la r\u00e9ussite \u00e9ducative du Qu\u00e9bec (CTREQ) \u2013 cat\u00e9gorie \u00ab\u00a0Autochtone\u00a0\u00bb<\/a><\/li>\n<li><a href=\"http:\/\/www.tshakapesh.ca\/fr\/recherche-et-developpement_52\/\" target=\"_blank\" rel=\"noopener noreferrer\">Documents et vid\u00e9o de l\u2019Institut Tshakapesh<\/a><\/li>\n<\/ul>\n<p class=\"desc\"><b>CULTURE AUTOCHTONE ET R\u00c9F\u00c9RENCES\u00a0<\/b><\/p>\n<p class=\"desc\"><b>Organismes :<\/b><\/p>\n<ul type=\"square\">\n<li><a href=\"http:\/\/www.cssspnql.com\/\" target=\"_blank\" rel=\"noopener noreferrer\">Commission de la Sant\u00e9 et des Services sociaux des Premi\u00e8res Nations du Qu\u00e9bec et du Labrador<\/a><\/li>\n<li><a href=\"http:\/\/www.education.gouv.qc.ca\/commissions-scolaires\/aide-et-soutien\/communautes-autochtones\/\" target=\"_blank\" rel=\"noopener noreferrer\">Direction des Services aux Autochtones et du d\u00e9veloppement nordique, minist\u00e8re de l\u2019\u00c9ducation et de l\u2019Enseignement sup\u00e9rieur<\/a><\/li>\n<li><a href=\"http:\/\/www.aadnc-aandc.gc.ca\/\" target=\"_blank\" rel=\"noopener noreferrer\">Minist\u00e8re des Affaires autochtones et du Nord Canada<\/a><\/li>\n<li><a href=\"http:\/\/www.rcaaq.info\/fr\" target=\"_blank\" rel=\"noopener noreferrer\">Regroupement des centres d\u2019amiti\u00e9 autochtone du Qu\u00e9bec<\/a><\/li>\n<li><a href=\"http:\/\/www.reseaudialog.ca\/\" target=\"_blank\" rel=\"noopener noreferrer\">R\u00e9seau de recherche et de connaissances relatives aux peuples autochtones (DIALOG)<\/a><\/li>\n<\/ul>\n<p class=\"desc\"><b>R\u00e9f\u00e9rences sur les nations :<\/b><\/p>\n<ul type=\"square\">\n<li><a href=\"http:\/\/www.cdpdj.qc.ca\/publications\/Mythes-Realites.pdf\" target=\"_blank\" rel=\"noopener noreferrer\">Mythes et r\u00e9alit\u00e9s<\/a><\/li>\n<li><a href=\"http:\/\/www.tshakapesh.ca\/fr\/recherche-et-developpement_52\/\" target=\"_blank\" rel=\"noopener noreferrer\">Documents et vid\u00e9o de l\u2019Institut Tshakapesh<\/a><\/li>\n<li><a href=\"https:\/\/www.youtube.com\/watch?v=4sZaoLiv934\" target=\"_blank\" rel=\"noopener noreferrer\">Vid\u00e9o sur les pensionnats de la CSSPNQL<\/a><\/li>\n<\/ul>\n<p>[\/vc_column_text][vc_empty_space height=\u00a0\u00bb52px\u00a0\u00bb][\/vc_column_inner][\/vc_row_inner][\/vc_column][vc_column width=\u00a0\u00bb2\/6&Prime;][vc_empty_space height=\u00a0\u00bb22px\u00a0\u00bb][\/vc_column][\/vc_row]<\/p>\n<\/div>","protected":false},"excerpt":{"rendered":"<p>[vc_row full_height=\u00a0\u00bbyes\u00a0\u00bb equal_height=\u00a0\u00bbyes\u00a0\u00bb css=\u00a0\u00bb.vc_custom_1581631057429{background-image: url(http:\/\/www.carrefourfga.ca\/fr\/wp-content\/uploads\/2017\/01\/color-conifer-countryside-1179229.jpg?id=7213) !important;background-position: center !important;background-repeat: no-repeat !important;background-size: cover !important;}\u00a0\u00bb][vc_column width=\u00a0\u00bb2\/3&Prime; css=\u00a0\u00bb.vc_custom_1557402769361{margin-left: 50px !important;background-position: [&hellip;]<\/p>\n","protected":false},"author":1,"featured_media":0,"parent":0,"menu_order":0,"comment_status":"closed","ping_status":"closed","template":"full-width.php","meta":{"footnotes":"","_links_to":"","_links_to_target":""},"_links":{"self":[{"href":"https:\/\/www.carrefourfga.ca\/fr\/wp-json\/wp\/v2\/pages\/7467"}],"collection":[{"href":"https:\/\/www.carrefourfga.ca\/fr\/wp-json\/wp\/v2\/pages"}],"about":[{"href":"https:\/\/www.carrefourfga.ca\/fr\/wp-json\/wp\/v2\/types\/page"}],"author":[{"embeddable":true,"href":"https:\/\/www.carrefourfga.ca\/fr\/wp-json\/wp\/v2\/users\/1"}],"replies":[{"embeddable":true,"href":"https:\/\/www.carrefourfga.ca\/fr\/wp-json\/wp\/v2\/comments?post=7467"}],"version-history":[{"count":7,"href":"https:\/\/www.carrefourfga.ca\/fr\/wp-json\/wp\/v2\/pages\/7467\/revisions"}],"predecessor-version":[{"id":7781,"href":"https:\/\/www.carrefourfga.ca\/fr\/wp-json\/wp\/v2\/pages\/7467\/revisions\/7781"}],"wp:attachment":[{"href":"https:\/\/www.carrefourfga.ca\/fr\/wp-json\/wp\/v2\/media?parent=7467"}],"curies":[{"name":"wp","href":"https:\/\/api.w.org\/{rel}","templated":true}]}}