{"id":7434,"date":"2020-02-13T16:16:33","date_gmt":"2020-02-13T21:16:33","guid":{"rendered":"http:\/\/www.carrefourfga.ca\/fr\/?page_id=7434"},"modified":"2024-10-04T09:05:37","modified_gmt":"2024-10-04T14:05:37","slug":"formation-generale-de-base-francisation-en-entreprise","status":"publish","type":"page","link":"https:\/\/www.carrefourfga.ca\/fr\/formation-generale-de-base-francisation-en-entreprise\/","title":{"rendered":"Formation g\u00e9n\u00e9rale de base et francisation en entreprise"},"content":{"rendered":"<div class=\"wpb-content-wrapper\"><p>[vc_row full_height=\u00a0\u00bbyes\u00a0\u00bb equal_height=\u00a0\u00bbyes\u00a0\u00bb css=\u00a0\u00bb.vc_custom_1582663615917{background-image: url(http:\/\/www.carrefourfga.ca\/fr\/wp-content\/uploads\/2017\/02\/bg2.jpg?id=2991) !important;background-position: center !important;background-repeat: no-repeat !important;background-size: cover !important;}\u00a0\u00bb][vc_column css=\u00a0\u00bb.vc_custom_1557402769361{margin-left: 50px !important;background-position: center !important;background-repeat: no-repeat !important;background-size: cover !important;}\u00a0\u00bb][vc_row_inner equal_height=\u00a0\u00bbyes\u00a0\u00bb content_placement=\u00a0\u00bbmiddle\u00a0\u00bb css=\u00a0\u00bb.vc_custom_1582663918900{margin-right: 30px !important;margin-left: 0px !important;}\u00a0\u00bb][vc_column_inner width=\u00a0\u00bb1\/4&Prime; css=\u00a0\u00bb.vc_custom_1557489386229{background-color: #000000 !important;}\u00a0\u00bb][vc_empty_space][vc_column_text css=\u00a0\u00bb.vc_custom_1582663752165{margin-right: 25px !important;margin-left: 25px !important;}\u00a0\u00bb]<\/p>\n<h2><span style=\"color: #ffffff; letter-spacing: 1px;\">Information de la DEAFP<\/span><br \/>\n<span style=\"color: #c44b49; letter-spacing: 1px;\">Formation g\u00e9n\u00e9rale de base et francisation en entreprise<\/span><\/h2>\n<p>[\/vc_column_text][vc_empty_space height=\u00a0\u00bb44px\u00a0\u00bb][vc_empty_space height=\u00a0\u00bb52px\u00a0\u00bb][\/vc_column_inner][vc_column_inner width=\u00a0\u00bb2\/4&Prime; css=\u00a0\u00bb.vc_custom_1582663794935{padding-right: 15px !important;padding-left: 0px !important;background-color: #ffffff !important;}\u00a0\u00bb][vc_empty_space][vc_column_text el_class=\u00a0\u00bbmarginLeft\u00a0\u00bb]<\/p>\n<ul>\n<li><a href=\"http:\/\/www.carrefourfga.ca\/en\/wp-content\/uploads\/2017\/10\/1-ppt-orientation-22-sept.pdf\" target=\"_blank\" rel=\"noopener noreferrer\">Orientations minist\u00e9rielles \u00e0 l\u2019\u00e9gard de l\u2019offre de la formation g\u00e9n\u00e9rale de base et de la francisation en entreprise<\/a><\/li>\n<li><a href=\"http:\/\/www.carrefourfga.ca\/en\/wp-content\/uploads\/2017\/10\/2-Pr%C3%A9sentation_PEICA_SAE_ac.pdf\" target=\"_blank\" rel=\"noopener noreferrer\">Programme pour l\u2019\u00e9valuation internationale des comp\u00e9tences des adultes (PEICA)<\/a><\/li>\n<li><a href=\"http:\/\/www.carrefourfga.ca\/en\/wp-content\/uploads\/2017\/10\/3-PP_La-Francisation-en-entreprise-RN-2-15-22-sept17.pdf\" target=\"_blank\" rel=\"noopener noreferrer\">\u00c9laboration d\u2019un cadre de r\u00e9f\u00e9rence pour la francisation en entreprise<\/a><\/li>\n<li><a href=\"http:\/\/www.carrefourfga.ca\/en\/wp-content\/uploads\/2017\/10\/4-Presentation_PPT_FGBE_19sept17.pdf\" target=\"_blank\" rel=\"noopener noreferrer\">Travaux r\u00e9alis\u00e9s conjointement entre le Minist\u00e8re et le Comit\u00e9 sur la formation g\u00e9n\u00e9rale de base en entreprise de la TREAQFP<\/a><\/li>\n<li><a href=\"http:\/\/www.carrefourfga.ca\/en\/wp-content\/uploads\/2017\/10\/5-Plan-dintervention-en-formation-de-base-2017.pdf\" target=\"_blank\" rel=\"noopener noreferrer\">Plan d\u2019intervention en mati\u00e8re de rehaussement et de maintien des comp\u00e9tences aupr\u00e8s des partenaires du march\u00e9 du travail<\/a><\/li>\n<li><a href=\"http:\/\/www.carrefourfga.ca\/en\/wp-content\/uploads\/2017\/10\/6-PP_DMSEP2_MEES_08-09-17.pdf\" target=\"_blank\" rel=\"noopener noreferrer\">Mesures de formation de la main-d\u2019\u0153uvre \u2013 volet entreprises par Emploi-Qu\u00e9bec<\/a><\/li>\n<li><a href=\"http:\/\/www.carrefourfga.ca\/en\/wp-content\/uploads\/2017\/10\/7-r%C3%A8gles-budg%C3%A9taires-15-22-sept.pptx\">Mesures pr\u00e9vues aux r\u00e8gles budg\u00e9taires des centres de services scolaires<\/a><\/li>\n<li><a href=\"http:\/\/www.carrefourfga.ca\/fr\/wp-content\/uploads\/2021\/03\/Webinaire_MEQ_2021-03-26.pdf\" target=\"_blank\" rel=\"noopener noreferrer\">L\u2019intervention en entreprise afin de rehausser les comp\u00e9tences de base de la main-d&rsquo;\u0153uvre (26 mars 2021)<\/a>\n<ul>\n<li><a href=\"http:\/\/www.carrefourfga.ca\/fr\/wp-content\/uploads\/2021\/03\/Webinaire_MEQ_2021-03-26.pdf\" target=\"_blank\" rel=\"noopener noreferrer\">Pr\u00e9sentation<\/a><\/li>\n<li><a href=\"#spu-8120\" rel=\"noopener noreferrer\">Enregistrement<\/a><\/li>\n<\/ul>\n<\/li>\n<li>Mesures budg\u00e9taires et des r\u00e9sultats pour les services aux entreprises\n<ul>\n<li><a href=\"http:\/\/www.carrefourfga.ca\/fr\/wp-content\/uploads\/2022\/10\/Pr\u00e9sentation-M15194-15165_2022-10-13.pdf\" target=\"_blank\" rel=\"noopener noreferrer\">Pr\u00e9sentation des r\u00e9sultats 2022-2023<\/a><\/li>\n<li><a href=\"http:\/\/www.carrefourfga.ca\/fr\/wp-content\/uploads\/2024\/10\/Mesure15194_Guide-adm_2024-2025_VF.pdf\" target=\"_blank\" rel=\"noopener noreferrer\">Guide administratif 2024-2025<\/a><\/li>\n<\/ul>\n<\/li>\n<\/ul>\n<p>[\/vc_column_text][vc_empty_space height=\u00a0\u00bb62px\u00a0\u00bb][\/vc_column_inner][vc_column_inner width=\u00a0\u00bb1\/4&Prime;][\/vc_column_inner][\/vc_row_inner][vc_empty_space][\/vc_column][\/vc_row]<\/p>\n<\/div>","protected":false},"excerpt":{"rendered":"<p>[vc_row full_height=\u00a0\u00bbyes\u00a0\u00bb equal_height=\u00a0\u00bbyes\u00a0\u00bb css=\u00a0\u00bb.vc_custom_1582663615917{background-image: url(http:\/\/www.carrefourfga.ca\/fr\/wp-content\/uploads\/2017\/02\/bg2.jpg?id=2991) !important;background-position: center !important;background-repeat: no-repeat !important;background-size: cover !important;}\u00a0\u00bb][vc_column css=\u00a0\u00bb.vc_custom_1557402769361{margin-left: 50px !important;background-position: center [&hellip;]<\/p>\n","protected":false},"author":1,"featured_media":0,"parent":0,"menu_order":0,"comment_status":"closed","ping_status":"closed","template":"full-width.php","meta":{"footnotes":"","_links_to":"","_links_to_target":""},"_links":{"self":[{"href":"https:\/\/www.carrefourfga.ca\/fr\/wp-json\/wp\/v2\/pages\/7434"}],"collection":[{"href":"https:\/\/www.carrefourfga.ca\/fr\/wp-json\/wp\/v2\/pages"}],"about":[{"href":"https:\/\/www.carrefourfga.ca\/fr\/wp-json\/wp\/v2\/types\/page"}],"author":[{"embeddable":true,"href":"https:\/\/www.carrefourfga.ca\/fr\/wp-json\/wp\/v2\/users\/1"}],"replies":[{"embeddable":true,"href":"https:\/\/www.carrefourfga.ca\/fr\/wp-json\/wp\/v2\/comments?post=7434"}],"version-history":[{"count":22,"href":"https:\/\/www.carrefourfga.ca\/fr\/wp-json\/wp\/v2\/pages\/7434\/revisions"}],"predecessor-version":[{"id":9607,"href":"https:\/\/www.carrefourfga.ca\/fr\/wp-json\/wp\/v2\/pages\/7434\/revisions\/9607"}],"wp:attachment":[{"href":"https:\/\/www.carrefourfga.ca\/fr\/wp-json\/wp\/v2\/media?parent=7434"}],"curies":[{"name":"wp","href":"https:\/\/api.w.org\/{rel}","templated":true}]}}