{"id":7419,"date":"2020-02-13T15:14:23","date_gmt":"2020-02-13T20:14:23","guid":{"rendered":"http:\/\/www.carrefourfga.ca\/fr\/?page_id=7419"},"modified":"2020-02-21T11:41:36","modified_gmt":"2020-02-21T16:41:36","slug":"rencontres-nationales-et-presentations","status":"publish","type":"page","link":"https:\/\/www.carrefourfga.ca\/fr\/rencontres-nationales-et-presentations\/","title":{"rendered":"Rencontres nationales et pr\u00e9sentations colloques"},"content":{"rendered":"<div class=\"wpb-content-wrapper\"><p>[vc_row full_height=\u00a0\u00bbyes\u00a0\u00bb equal_height=\u00a0\u00bbyes\u00a0\u00bb css=\u00a0\u00bb.vc_custom_1581624118521{background-image: url(http:\/\/www.carrefourfga.ca\/fr\/wp-content\/uploads\/2017\/02\/bg2.jpg?id=2991) !important;background-position: center !important;background-repeat: no-repeat !important;background-size: cover !important;}\u00a0\u00bb][vc_column css=\u00a0\u00bb.vc_custom_1582303268479{margin-right: 30px !important;margin-left: 30px !important;background-position: center !important;background-repeat: no-repeat !important;background-size: cover !important;}\u00a0\u00bb][vc_row_inner equal_height=\u00a0\u00bbyes\u00a0\u00bb content_placement=\u00a0\u00bbmiddle\u00a0\u00bb][vc_column_inner width=\u00a0\u00bb1\/5&Prime; css=\u00a0\u00bb.vc_custom_1557489386229{background-color: #000000 !important;}\u00a0\u00bb][vc_empty_space][vc_column_text css=\u00a0\u00bb.vc_custom_1582302454247{margin-right: 25px !important;margin-left: 25px !important;}\u00a0\u00bb]<\/p>\n<h2><span style=\"color: #ffffff; letter-spacing: 6px !important;\">Information de la DEAFP<\/span><br \/>\n<span style=\"color: #c44b49; letter-spacing: 3px; font-size: 85% !important;\">Rencontres nationales et pr\u00e9sentations colloques<\/span><\/h2>\n<p>[\/vc_column_text][vc_empty_space height=\u00a0\u00bb44px\u00a0\u00bb][vc_empty_space height=\u00a0\u00bb52px\u00a0\u00bb][\/vc_column_inner][vc_column_inner width=\u00a0\u00bb2\/5&Prime; css=\u00a0\u00bb.vc_custom_1573830591537{padding-right: 15px !important;padding-left: 15px !important;background-color: #ffffff !important;}\u00a0\u00bb][vc_empty_space]<div class=\"qodef-accordion-holder qodef-ac-default marginLeft qodef-toggle qodef-ac-boxed  clearfix\">\n\t<h5 class=\"qodef-accordion-title\">\n    <span class=\"qodef-accordion-mark\">\n\t\t<span class=\"qodef_icon_plus icon_plus\"><\/span>\n\t\t<span class=\"qodef_icon_minus icon_minus-06\"><\/span>\n\t<\/span>\n\t<span class=\"qodef-tab-title\">JOURN\u00c9E NATIONALE D\u2019INFORMATION SUR LA RECONNAISSANCE DES ACQUIS<\/span>\n<\/h5>\n<div class=\"qodef-accordion-content\">\n\t<div class=\"qodef-accordion-content-inner\">\n\t\t[vc_column_text]<\/p>\n<h3>MAI 2019<\/h3>\n<ul>\n<li><a href=\"http:\/\/www.carrefourfga.ca\/wp-content\/uploads\/2019\/05\/RAC_Introduction_Supraregionales_Mai-2019.pdf\" target=\"_blank\" rel=\"noopener noreferrer\" data-alt-text=\"Introduction - Constats et principes\">INTRODUCTION &#8211; CONSTATS ET PRINCIPES<\/a><\/li>\n<li><a href=\"http:\/\/www.carrefourfga.ca\/wp-content\/uploads\/2019\/05\/RAC_ELS-FLS_rencontres-nationales_FR_mai-2019.pdf\" target=\"_blank\" rel=\"noopener noreferrer\" data-alt-text=\"ELS-FLS (en fran\u00e7ais)\">ELS-FLS (EN FRAN\u00c7AIS)<\/a><\/li>\n<li><a href=\"http:\/\/www.carrefourfga.ca\/wp-content\/uploads\/2019\/05\/RAC_ESL-FSL_rencontres-nationales_ANG_mai-2019.pdf\" target=\"_blank\" rel=\"noopener noreferrer\" data-alt-text=\"ELS-FLS (en anglais)\">ELS-FLS (EN ANGLAIS)<\/a><\/li>\n<li><a href=\"http:\/\/www.carrefourfga.ca\/wp-content\/uploads\/2019\/05\/RAC-FMS_Supraregionales_FR_mai2019.pdf\" target=\"_blank\" rel=\"noopener noreferrer\" data-alt-text=\"FMS (en fran\u00e7ais)\">FMS (EN FRAN\u00c7AIS)<\/a><\/li>\n<li><a href=\"http:\/\/www.carrefourfga.ca\/wp-content\/uploads\/2019\/05\/RAC-FMS_Supraregionales_ANG_mai2019.pdf\" target=\"_blank\" rel=\"noopener noreferrer\" data-alt-text=\"FMS (en anglais)\">FMS (EN ANGLAIS)<\/a><\/li>\n<li><a href=\"http:\/\/www.carrefourfga.ca\/wp-content\/uploads\/2019\/05\/RAC-UCG_Supraregionales_FR_mai2019.pdf\" target=\"_blank\" rel=\"noopener noreferrer\" data-alt-text=\"UCG (en fran\u00e7ais)\">UCG (EN FRAN\u00c7AIS)<\/a><\/li>\n<li><a href=\"http:\/\/www.carrefourfga.ca\/wp-content\/uploads\/2019\/05\/RAC-UCG_Supraregionales_ANG_mai2019.pdf\" target=\"_blank\" rel=\"noopener noreferrer\" data-alt-text=\"UCG (en anglais)\">UCG (EN ANGLAIS)<\/a><\/li>\n<\/ul>\n<p>[\/vc_column_text]\t<\/div>\n<\/div><h5 class=\"qodef-accordion-title\">\n    <span class=\"qodef-accordion-mark\">\n\t\t<span class=\"qodef_icon_plus icon_plus\"><\/span>\n\t\t<span class=\"qodef_icon_minus icon_minus-06\"><\/span>\n\t<\/span>\n\t<span class=\"qodef-tab-title\">RENCONTRES RESPONSABLES DE SOUTIEN P\u00c9DAGOGIQUE (RSP)<\/span>\n<\/h5>\n<div class=\"qodef-accordion-content\">\n\t<div class=\"qodef-accordion-content-inner\">\n\t\t[vc_column_text]<\/p>\n<ul>\n<li><a href=\"http:\/\/www.carrefourfga.ca\/fr\/information-deafc\/rsp-janvier-2019\/\">23-25 janvier 2019<\/a><\/li>\n<li><a href=\"http:\/\/www.carrefourfga.ca\/fr\/information-deafc\/rsp-janvier-2018\/\">25 et 26 janvier 2018<\/a><\/li>\n<li><a href=\"http:\/\/www.carrefourfga.com\/Implantation\/rsp.html\" target=\"_blank\" rel=\"noopener noreferrer\">26 et 27 janvier 2017<\/a><\/li>\n<li><a href=\"http:\/\/www.carrefourfga.com\/rsp.asp\" target=\"_blank\" rel=\"noopener noreferrer\">2012-2014<br \/>\nAcc\u00e9der \u00e0 la section s\u00e9curis\u00e9e &gt;&gt;<br \/>\n\u00c9crivez-nous pour y avoir acc\u00e8s : info@carrefourfga.com<\/a><\/li>\n<\/ul>\n<p>[\/vc_column_text]\t<\/div>\n<\/div><h5 class=\"qodef-accordion-title\">\n    <span class=\"qodef-accordion-mark\">\n\t\t<span class=\"qodef_icon_plus icon_plus\"><\/span>\n\t\t<span class=\"qodef_icon_minus icon_minus-06\"><\/span>\n\t<\/span>\n\t<span class=\"qodef-tab-title\">RENCONTRES DES GESTIONNAIRES<\/span>\n<\/h5>\n<div class=\"qodef-accordion-content\">\n\t<div class=\"qodef-accordion-content-inner\">\n\t\t[vc_column_text]<\/p>\n<h4><a href=\"http:\/\/treaqfp.qc.ca\/formation-generale-des-adultes\/nouveau-curriculum\/les-rencontres-nationales-sur-leducation-des-adultes\/\" target=\"_blank\" rel=\"noopener noreferrer\">Les rencontres nationales sur l\u2019\u00e9ducation des adultes<\/a><\/h4>\n<p>Documents pr\u00e9sent\u00e9s lors des rencontres nationales des gestionnaires de centres et de services d\u2019\u00e9ducation des adultes[\/vc_column_text]\t<\/div>\n<\/div><h5 class=\"qodef-accordion-title\">\n    <span class=\"qodef-accordion-mark\">\n\t\t<span class=\"qodef_icon_plus icon_plus\"><\/span>\n\t\t<span class=\"qodef_icon_minus icon_minus-06\"><\/span>\n\t<\/span>\n\t<span class=\"qodef-tab-title\">AQIFGA<\/span>\n<\/h5>\n<div class=\"qodef-accordion-content\">\n\t<div class=\"qodef-accordion-content-inner\">\n\t\t[vc_column_text]<\/p>\n<h4>2014-2015<\/h4>\n<p class=\"desc2\">Nouveau regard sur l\u2019\u00e9valuation des comp\u00e9tences en math\u00e9matique<br \/>\n<i class=\"noms\">Michel Ruel, M\u00e9lanie Tremblay et Martin Francoeur<\/i><br \/>\n<a href=\"http:\/\/www.aqifga.com\/spip\/IMG\/pdf\/ppt_mathematique.pdf\" target=\"_blank\" rel=\"noopener noreferrer\">Pr\u00e9sentation<\/a>\u00a0|\u00a0<a href=\"http:\/\/www.aqifga.com\/spip\/IMG\/zip\/autre_doc.zip\">Autres documents<\/a><\/p>\n<p class=\"desc2\">Nouveau regard sur l\u2019\u00e9valuation des apprentissages en fran\u00e7ais, langue d\u2019enseignement<br \/>\n<i class=\"noms\">Marie-Jos\u00e9e Quinn, Huguette Doray et Mireille Gauthier<\/i><br \/>\n<a href=\"http:\/\/www.aqifga.com\/spip\/IMG\/pdf\/ppt_fle.pdf\" target=\"_blank\" rel=\"noopener noreferrer\">Pr\u00e9sentation<\/a>\u00a0|\u00a0<a href=\"http:\/\/www.aqifga.com\/spip\/IMG\/zip\/autres-fle.zip\">Autres documents<\/a><\/p>\n<p class=\"desc2\">A New Look at Evaluation in Diversified Basic Education : English as a Second Language<br \/>\n<i class=\"noms\">Annie Lefebvre, Fr\u00e9d\u00e9ric Lehoux et Frances Brandow<\/i><br \/>\n<a href=\"http:\/\/www.aqifga.com\/spip\/IMG\/pdf\/ppt_anglais_langue_seconde.pdf\" target=\"_blank\" rel=\"noopener noreferrer\">Pr\u00e9sentation<\/a>\u00a0|\u00a0<a href=\"http:\/\/www.aqifga.com\/spip\/IMG\/zip\/autre_doc-3.zip\">Autres documents<\/a>\u00a0|\u00a0<a href=\"https:\/\/www.youtube.com\/watch?v=YeJBpgLM8ks&amp;feature=youtu.be\" target=\"_blank\" rel=\"noopener noreferrer\">Vid\u00e9o<\/a><\/p>\n<p class=\"desc2\">Porter un regard neuf sur l\u2019\u00e9valuation des apprentissages en science et technologie<br \/>\n<i class=\"noms\">Doris St-Amant et Guy Mathieu<\/i><br \/>\n<a href=\"http:\/\/www.aqifga.com\/spip\/IMG\/pdf\/ppt_science_et_technologie.pdf\" target=\"_blank\" rel=\"noopener noreferrer\">Pr\u00e9sentation<\/a>\u00a0|\u00a0<a href=\"http:\/\/www.aqifga.com\/spip\/IMG\/zip\/sct.zip\" target=\"_blank\" rel=\"noopener noreferrer\">Autres documents<\/a><\/p>\n<p class=\"desc2\">Pr\u00e9sentation du nouveau programme d\u2019\u00e9tudes\u00a0<i>Francisation<\/i><br \/>\n<i class=\"noms\">Judith Davidson et Julie Champoux-Millette<\/i><br \/>\n<a href=\"http:\/\/www.aqifga.com\/spip\/IMG\/pdf\/ppt_francisation.pdf\" target=\"_blank\" rel=\"noopener noreferrer\">Pr\u00e9sentation<\/a>\u00a0|\u00a0<a href=\"http:\/\/www.aqifga.com\/spip\/IMG\/zip\/autres_doc.zip\" target=\"_blank\" rel=\"noopener noreferrer\">Autres documents<\/a><\/p>\n<p class=\"desc2\">Nouveau regard sur l\u2019\u00e9valuation des apprentissages en monde contemporain<br \/>\n<i class=\"noms\">Mario Harvey et Harold Gigu\u00e8re<\/i><br \/>\n<a href=\"http:\/\/www.aqifga.com\/spip\/IMG\/pdf\/ppt_monde_contemporain.pdf\" target=\"_blank\" rel=\"noopener noreferrer\">Pr\u00e9sentation<\/a>\u00a0|\u00a0<a href=\"http:\/\/www.aqifga.com\/spip\/IMG\/zip\/autre_doc-2.zip\" target=\"_blank\" rel=\"noopener noreferrer\">Autres documents<\/a><\/p>\n<p class=\"desc2\">The Evolution of Evaluation : An Active Look at Competency-Based Evaluation in English Language Arts<br \/>\n<i class=\"noms\">Annie Lefebvre, Tania Battista et Frank Furfaro<\/i><br \/>\n<a href=\"http:\/\/www.aqifga.com\/spip\/IMG\/pdf\/ppt_english_language_arts.pdf\" target=\"_blank\" rel=\"noopener noreferrer\">Pr\u00e9sentation<\/a>\u00a0|\u00a0<a href=\"http:\/\/www.aqifga.com\/spip\/IMG\/zip\/autres_doc-2.zip\">Autres documents<\/a>\u00a0|\u00a0<a href=\"https:\/\/www.youtube.com\/watch?v=GCSPOQZDllM&amp;feature=youtu.be\" target=\"_blank\" rel=\"noopener noreferrer\">Vid\u00e9o<\/a><\/p>\n<hr \/>\n<h4>2013-2014<\/h4>\n<p class=\"desc2\"><a href=\"http:\/\/www.aqifga.com\/spip\/IMG\/pdf\/ppt_204integration_sociale.pdf\" target=\"_blank\" rel=\"noopener noreferrer\">Du concept d\u2019int\u00e9gration sociale vers celui de participation sociale<\/a><br \/>\n<i class=\"noms\">Estelle L\u00e9pine et H\u00e9l\u00e8ne L\u00e9gar\u00e9<\/i><\/p>\n<p class=\"desc2\"><a href=\"http:\/\/www.aqifga.com\/spip\/IMG\/pdf\/ppt_403la_fbd_et_l_evaluation_des_apprentissages.pdf\" target=\"_blank\" rel=\"noopener noreferrer\">L\u2019\u00e9valuation des apprentissages<\/a><br \/>\n<i class=\"noms\">Odette Gingras et Michel Ruel<\/i><\/p>\n<p>[\/vc_column_text]\t<\/div>\n<\/div><h5 class=\"qodef-accordion-title\">\n    <span class=\"qodef-accordion-mark\">\n\t\t<span class=\"qodef_icon_plus icon_plus\"><\/span>\n\t\t<span class=\"qodef_icon_minus icon_minus-06\"><\/span>\n\t<\/span>\n\t<span class=\"qodef-tab-title\">TREAQ<\/span>\n<\/h5>\n<div class=\"qodef-accordion-content\">\n\t<div class=\"qodef-accordion-content-inner\">\n\t\t[vc_column_text]<\/p>\n<h4>2014-2015<\/h4>\n<ul>\n<li class=\"desc2\"><a href=\"http:\/\/www.carrefourfga.com\/documents\/OrientationProfessionnelle(2014-2015).pdf\" target=\"_blank\" rel=\"noopener noreferrer\">Orientation professionnelle<\/a><\/li>\n<li><a href=\"http:\/\/www.carrefourfga.com\/documents\/ReconnaissanceAcquisFGA(2014-2015).pdf\" target=\"_blank\" rel=\"noopener noreferrer\">Reconnaissance des acquis en FGA<\/a><\/li>\n<\/ul>\n<h4>2014-2015<\/h4>\n<ul>\n<li><a href=\"http:\/\/www.carrefourfga.com\/documents\/IntegrationSociale(2013-2014).pdf\" target=\"_blank\" rel=\"noopener noreferrer\">Int\u00e9gration sociale<\/a><\/li>\n<\/ul>\n<p>[\/vc_column_text]\t<\/div>\n<\/div><h5 class=\"qodef-accordion-title\">\n    <span class=\"qodef-accordion-mark\">\n\t\t<span class=\"qodef_icon_plus icon_plus\"><\/span>\n\t\t<span class=\"qodef_icon_minus icon_minus-06\"><\/span>\n\t<\/span>\n\t<span class=\"qodef-tab-title\">TOURN\u00c9E DES R\u00c9GIONS<\/span>\n<\/h5>\n<div class=\"qodef-accordion-content\">\n\t<div class=\"qodef-accordion-content-inner\">\n\t\t[vc_column_text]<\/p>\n<h3>8 OCTOBRE 2013<\/h3>\n<h4><a href=\"http:\/\/www.carrefourfga.com\/documents\/TourneDesRegionsFGA.pdf\" target=\"_blank\" rel=\"noopener noreferrer\">Bilan de la tourn\u00e9e des r\u00e9gions<\/a><\/h4>\n<p>Rencontre nationale des gestionnaires<br \/>\n8 octobre 2013[\/vc_column_text]\t<\/div>\n<\/div><\/div>[vc_empty_space height=\u00a0\u00bb52px\u00a0\u00bb][\/vc_column_inner][vc_column_inner width=\u00a0\u00bb2\/5&Prime;][\/vc_column_inner][\/vc_row_inner][\/vc_column][\/vc_row]<\/p>\n<\/div>","protected":false},"excerpt":{"rendered":"<p>[vc_row full_height=\u00a0\u00bbyes\u00a0\u00bb equal_height=\u00a0\u00bbyes\u00a0\u00bb css=\u00a0\u00bb.vc_custom_1581624118521{background-image: url(http:\/\/www.carrefourfga.ca\/fr\/wp-content\/uploads\/2017\/02\/bg2.jpg?id=2991) !important;background-position: center !important;background-repeat: no-repeat !important;background-size: cover !important;}\u00a0\u00bb][vc_column css=\u00a0\u00bb.vc_custom_1582303268479{margin-right: 30px !important;margin-left: 30px [&hellip;]<\/p>\n","protected":false},"author":1,"featured_media":0,"parent":0,"menu_order":0,"comment_status":"closed","ping_status":"closed","template":"full-width.php","meta":{"footnotes":"","_links_to":"","_links_to_target":""},"_links":{"self":[{"href":"https:\/\/www.carrefourfga.ca\/fr\/wp-json\/wp\/v2\/pages\/7419"}],"collection":[{"href":"https:\/\/www.carrefourfga.ca\/fr\/wp-json\/wp\/v2\/pages"}],"about":[{"href":"https:\/\/www.carrefourfga.ca\/fr\/wp-json\/wp\/v2\/types\/page"}],"author":[{"embeddable":true,"href":"https:\/\/www.carrefourfga.ca\/fr\/wp-json\/wp\/v2\/users\/1"}],"replies":[{"embeddable":true,"href":"https:\/\/www.carrefourfga.ca\/fr\/wp-json\/wp\/v2\/comments?post=7419"}],"version-history":[{"count":13,"href":"https:\/\/www.carrefourfga.ca\/fr\/wp-json\/wp\/v2\/pages\/7419\/revisions"}],"predecessor-version":[{"id":7552,"href":"https:\/\/www.carrefourfga.ca\/fr\/wp-json\/wp\/v2\/pages\/7419\/revisions\/7552"}],"wp:attachment":[{"href":"https:\/\/www.carrefourfga.ca\/fr\/wp-json\/wp\/v2\/media?parent=7419"}],"curies":[{"name":"wp","href":"https:\/\/api.w.org\/{rel}","templated":true}]}}