{"id":7406,"date":"2020-02-13T14:42:59","date_gmt":"2020-02-13T19:42:59","guid":{"rendered":"http:\/\/www.carrefourfga.ca\/fr\/?page_id=7406"},"modified":"2021-06-22T11:44:11","modified_gmt":"2021-06-22T16:44:11","slug":"rencontres-via-de-la-deafp","status":"publish","type":"page","link":"https:\/\/www.carrefourfga.ca\/fr\/rencontres-via-de-la-deafp\/","title":{"rendered":"Rencontres VIA de la DEAFP"},"content":{"rendered":"<div class=\"wpb-content-wrapper\"><p>[vc_row full_height=\u00a0\u00bbyes\u00a0\u00bb equal_height=\u00a0\u00bbyes\u00a0\u00bb css=\u00a0\u00bb.vc_custom_1581624118521{background-image: url(http:\/\/www.carrefourfga.ca\/fr\/wp-content\/uploads\/2017\/02\/bg2.jpg?id=2991) !important;background-position: center !important;background-repeat: no-repeat !important;background-size: cover !important;}\u00a0\u00bb][vc_column css=\u00a0\u00bb.vc_custom_1582309541497{margin-right: 30px !important;margin-left: 30px !important;background-position: center !important;background-repeat: no-repeat !important;background-size: cover !important;}\u00a0\u00bb][vc_row_inner equal_height=\u00a0\u00bbyes\u00a0\u00bb content_placement=\u00a0\u00bbmiddle\u00a0\u00bb][vc_column_inner width=\u00a0\u00bb1\/5&Prime; css=\u00a0\u00bb.vc_custom_1557489386229{background-color: #000000 !important;}\u00a0\u00bb][vc_empty_space][vc_column_text css=\u00a0\u00bb.vc_custom_1582309472546{margin-right: 25px !important;margin-left: 25px !important;}\u00a0\u00bb]<\/p>\n<h2><span style=\"color: #ffffff; letter-spacing: 6px !important;\">Information de la DEAFP<\/span><br \/>\n<span style=\"color: #c44b49; letter-spacing: 3px; font-size: 85% !important;\">RENCONTRES VIA<\/span><\/h2>\n<p>[\/vc_column_text][vc_empty_space height=\u00a0\u00bb44px\u00a0\u00bb][vc_empty_space height=\u00a0\u00bb52px\u00a0\u00bb][\/vc_column_inner][vc_column_inner width=\u00a0\u00bb2\/5&Prime; css=\u00a0\u00bb.vc_custom_1573830591537{padding-right: 15px !important;padding-left: 15px !important;background-color: #ffffff !important;}\u00a0\u00bb][vc_empty_space][vc_column_text css=\u00a0\u00bb.vc_custom_1613492170444{margin-right: 25px !important;margin-left: 25px !important;}\u00a0\u00bb]<\/p>\n<h3>2020-2021<\/h3>\n<p>[\/vc_column_text][vc_empty_space height=\u00a0\u00bb22px\u00a0\u00bb]<div class=\"qodef-accordion-holder qodef-ac-default marginLeft qodef-toggle qodef-ac-boxed  clearfix\">\n\t<h5 class=\"qodef-accordion-title\">\n    <span class=\"qodef-accordion-mark\">\n\t\t<span class=\"qodef_icon_plus icon_plus\"><\/span>\n\t\t<span class=\"qodef_icon_minus icon_minus-06\"><\/span>\n\t<\/span>\n\t<span class=\"qodef-tab-title\">Webinaire : Session d\u2019information sur les projets en francisation MIFI MEQ, 15 juin 2021<\/span>\n<\/h5>\n<div class=\"qodef-accordion-content\">\n\t<div class=\"qodef-accordion-content-inner\">\n\t\t[vc_column_text]<\/p>\n<ul>\n<li><strong><a href=\"http:\/\/www.carrefourfga.ca\/fr\/wp-content\/uploads\/2021\/06\/Webinaire-MIFI-MEQ_Francisation_20210615.pdf\" target=\"_blank\" rel=\"noopener noreferrer\">Pr\u00e9sentation du webinaire<\/a><\/strong><\/li>\n<li><strong><a href=\"#spu-8233\" rel=\"noopener noreferrer\">Enregistrement du webinaire<\/a><\/strong><\/li>\n<\/ul>\n<p>[\/vc_column_text][vc_empty_space height=\u00a0\u00bb22px\u00a0\u00bb]\t<\/div>\n<\/div><h5 class=\"qodef-accordion-title\">\n    <span class=\"qodef-accordion-mark\">\n\t\t<span class=\"qodef_icon_plus icon_plus\"><\/span>\n\t\t<span class=\"qodef_icon_minus icon_minus-06\"><\/span>\n\t<\/span>\n\t<span class=\"qodef-tab-title\">Webinaire : L\u2019intervention en entreprise afin de rehausser les comp\u00e9tences de base de la main-d&#039;\u0153uvre, 26 mars 2021<\/span>\n<\/h5>\n<div class=\"qodef-accordion-content\">\n\t<div class=\"qodef-accordion-content-inner\">\n\t\t[vc_column_text]<\/p>\n<ul>\n<li><strong><a href=\"http:\/\/www.carrefourfga.ca\/fr\/wp-content\/uploads\/2021\/03\/Webinaire_MEQ_2021-03-26.pdf\" target=\"_blank\" rel=\"noopener noreferrer\">Pr\u00e9sentation du webinaire<\/a><\/strong><\/li>\n<li><strong><a href=\"#spu-8120\" rel=\"noopener noreferrer\">Enregistrement du webinaire<\/a><\/strong><\/li>\n<\/ul>\n<p>[\/vc_column_text][vc_empty_space height=\u00a0\u00bb22px\u00a0\u00bb]\t<\/div>\n<\/div><h5 class=\"qodef-accordion-title\">\n    <span class=\"qodef-accordion-mark\">\n\t\t<span class=\"qodef_icon_plus icon_plus\"><\/span>\n\t\t<span class=\"qodef_icon_minus icon_minus-06\"><\/span>\n\t<\/span>\n\t<span class=\"qodef-tab-title\">Webinaire : Services de francisation, 12 f\u00e9vrier 2021<\/span>\n<\/h5>\n<div class=\"qodef-accordion-content\">\n\t<div class=\"qodef-accordion-content-inner\">\n\t\t[vc_column_text]<\/p>\n<ul>\n<li><strong><a href=\"http:\/\/www.carrefourfga.ca\/fr\/wp-content\/uploads\/2021\/02\/Webinaire-Francisation_MEQ_2021-02-12.pdf\" target=\"_blank\" rel=\"noopener noreferrer\">Pr\u00e9sentation du webinaire<\/a><\/strong><\/li>\n<li><strong><a href=\"#spu-8073\" rel=\"noopener noreferrer\">Enregistrement du webinaire<\/a><\/strong><\/li>\n<\/ul>\n<p>[\/vc_column_text][vc_empty_space height=\u00a0\u00bb22px\u00a0\u00bb]\t<\/div>\n<\/div><\/div>[vc_empty_space height=\u00a0\u00bb22px\u00a0\u00bb][vc_column_text css=\u00a0\u00bb.vc_custom_1592421480096{margin-right: 25px !important;margin-left: 25px !important;}\u00a0\u00bb]<\/p>\n<h3>2019-2020<\/h3>\n<p>[\/vc_column_text][vc_empty_space height=\u00a0\u00bb22px\u00a0\u00bb]<div class=\"qodef-accordion-holder qodef-ac-default marginLeft qodef-toggle qodef-ac-boxed  clearfix\">\n\t<h5 class=\"qodef-accordion-title\">\n    <span class=\"qodef-accordion-mark\">\n\t\t<span class=\"qodef_icon_plus icon_plus\"><\/span>\n\t\t<span class=\"qodef_icon_minus icon_minus-06\"><\/span>\n\t<\/span>\n\t<span class=\"qodef-tab-title\">Formation Univers de comp\u00e9tences g\u00e9n\u00e9riques (UCG) en anglais (15 janvier 2020)<\/span>\n<\/h5>\n<div class=\"qodef-accordion-content\">\n\t<div class=\"qodef-accordion-content-inner\">\n\t\t[vc_column_text]<iframe loading=\"lazy\" src=\"https:\/\/www.youtube.com\/embed\/P8_LLdQ0f4I\" width=\"360\" height=\"215\" frameborder=\"0\" allowfullscreen=\"allowfullscreen\"><\/iframe>[\/vc_column_text]\t<\/div>\n<\/div><h5 class=\"qodef-accordion-title\">\n    <span class=\"qodef-accordion-mark\">\n\t\t<span class=\"qodef_icon_plus icon_plus\"><\/span>\n\t\t<span class=\"qodef_icon_minus icon_minus-06\"><\/span>\n\t<\/span>\n\t<span class=\"qodef-tab-title\">Formation Univers de comp\u00e9tences g\u00e9n\u00e9riques (UCG) en fran\u00e7ais (4 F\u00e9vrier 2020)<\/span>\n<\/h5>\n<div class=\"qodef-accordion-content\">\n\t<div class=\"qodef-accordion-content-inner\">\n\t\t[vc_column_text]<iframe loading=\"lazy\" src=\"https:\/\/www.youtube.com\/embed\/H6jHL_m8bnI\" width=\"360\" height=\"215\" frameborder=\"0\" allowfullscreen=\"allowfullscreen\"><\/iframe>[\/vc_column_text]\t<\/div>\n<\/div><h5 class=\"qodef-accordion-title\">\n    <span class=\"qodef-accordion-mark\">\n\t\t<span class=\"qodef_icon_plus icon_plus\"><\/span>\n\t\t<span class=\"qodef_icon_minus icon_minus-06\"><\/span>\n\t<\/span>\n\t<span class=\"qodef-tab-title\">R\u00e9sultats du d\u00e9marchage aupr\u00e8s des entreprises 2018-2019 (Mesure 15165) (D\u00e9cembre 2019)<\/span>\n<\/h5>\n<div class=\"qodef-accordion-content\">\n\t<div class=\"qodef-accordion-content-inner\">\n\t\t[vc_column_text]<\/p>\n<ul>\n<li><a href=\"http:\/\/www.carrefourfga.ca\/wp-content\/uploads\/2019\/12\/Presentation_Resultats_M15165_1819.pdf\" target=\"_blank\" rel=\"noopener noreferrer\">R\u00e9sultats du d\u00e9marchage aupr\u00e8s des entreprises 2018-2019 (Mesure 15165)<\/a><\/li>\n<li><a href=\"http:\/\/www.carrefourfga.ca\/wp-content\/uploads\/2019\/12\/Formation-francisation-en-entreprise-CSBE.pdf\" target=\"_blank\" rel=\"noopener noreferrer\">Aide au d\u00e9ploiement de la francisation en entreprise (Mesure 15165)<\/a><\/li>\n<li><a href=\"http:\/\/www.carrefourfga.ca\/wp-content\/uploads\/2019\/12\/Synth%C3%A8se_Strategies_BonsCoups_Defis.pdf\" target=\"_blank\" rel=\"noopener noreferrer\">Synth\u00e8se des strat\u00e9gies de d\u00e9marchage, des bons coups et des d\u00e9fis des services aux entreprises en formation de base et en francisation<\/a><\/li>\n<li><a href=\"http:\/\/www.carrefourfga.ca\/wp-content\/uploads\/2019\/12\/Avancement-des-travaux-riverside-en-FGBE.pdf\" target=\"_blank\" rel=\"noopener noreferrer\">Avancement des travaux de la commission scolaire Riverside<\/a><\/li>\n<li><a href=\"http:\/\/www.carrefourfga.ca\/fr\/wp-content\/uploads\/2020\/02\/PPT-ConnexionEntreprise_SOFAD_2019.pdf\">Connexion en entreprise (SOFAD)<\/a><\/li>\n<\/ul>\n<p>[\/vc_column_text]\t<\/div>\n<\/div><h5 class=\"qodef-accordion-title\">\n    <span class=\"qodef-accordion-mark\">\n\t\t<span class=\"qodef_icon_plus icon_plus\"><\/span>\n\t\t<span class=\"qodef_icon_minus icon_minus-06\"><\/span>\n\t<\/span>\n\t<span class=\"qodef-tab-title\">Info-FGA - \u00c0 l\u2019intention des directions (7 novembre 2019)<\/span>\n<\/h5>\n<div class=\"qodef-accordion-content\">\n\t<div class=\"qodef-accordion-content-inner\">\n\t\t[vc_column_text]<\/p>\n<ul>\n<li><a href=\"http:\/\/www.carrefourfga.ca\/wp-content\/uploads\/2019\/11\/PPT_INFO-FGA_7-novembre-2019.pdf\" target=\"_blank\" rel=\"noopener noreferrer\">Pr\u00e9sentation<\/a><\/li>\n<\/ul>\n<p>[\/vc_column_text]\t<\/div>\n<\/div><\/div>[vc_empty_space][vc_column_text css=\u00a0\u00bb.vc_custom_1592421680355{margin-right: 25px !important;margin-left: 25px !important;}\u00a0\u00bb]<\/p>\n<h3>Archives<\/h3>\n<p>[\/vc_column_text][vc_empty_space height=\u00a0\u00bb22px\u00a0\u00bb]<div class=\"qodef-accordion-holder qodef-ac-default marginLeft qodef-toggle qodef-ac-boxed  clearfix\">\n\t<h5 class=\"qodef-accordion-title\">\n    <span class=\"qodef-accordion-mark\">\n\t\t<span class=\"qodef_icon_plus icon_plus\"><\/span>\n\t\t<span class=\"qodef_icon_minus icon_minus-06\"><\/span>\n\t<\/span>\n\t<span class=\"qodef-tab-title\">2018-2019<\/span>\n<\/h5>\n<div class=\"qodef-accordion-content\">\n\t<div class=\"qodef-accordion-content-inner\">\n\t\t[vc_column_text]<\/p>\n<div id=\"1561470398633-f0183fde-12fa\" class=\"vc_tta-panel vc_active\" data-vc-content=\".vc_tta-panel-body\">\n<div class=\"vc_tta-panel-body\">\n<div class=\"wpb_text_column wpb_content_element \">\n<div class=\"wpb_wrapper\">\n<h4>14 juin 2019<\/h4>\n<ul>\n<li><a href=\"http:\/\/www.carrefourfga.ca\/wp-content\/uploads\/2019\/06\/Regles-budgetaires-FGA_2019-06-14.pdf\" target=\"_blank\" rel=\"noopener noreferrer\">R\u00e8gles budg\u00e9taires des centres de services scolaires 2019-2020<\/a><\/li>\n<li><a href=\"http:\/\/www.carrefourfga.ca\/wp-content\/uploads\/2019\/06\/CollecteInfo-FGA_2019-06-14.pdf\" target=\"_blank\" rel=\"noopener noreferrer\">COLLECTE-INFO FGA \/ Ajustements 2019-2020<\/a><\/li>\n<\/ul>\n<hr \/>\n<h4>4 d\u00e9cembre 2018<\/h4>\n<ul>\n<li><a href=\"#spu-7403\" rel=\"noopener noreferrer\">Enregistrement du webinaire sur le maintien et rehaussement des comp\u00e9tences de la main-d\u2019oeuvre (Mesure 15165)<\/a><\/li>\n<\/ul>\n<hr \/>\n<h4>27 septembre 2018<\/h4>\n<ul>\n<li><a href=\"http:\/\/www.carrefourfga.ca\/wp-content\/uploads\/2018\/09\/PPT_INFO-FGA_27septembre2018.pdf\" target=\"_blank\" rel=\"noopener noreferrer\">INFO-FGA \u2013 \u00c0 l\u2019intention des directions DEAFC (pr\u00e9sentation)<\/a><\/li>\n<\/ul>\n<\/div>\n<\/div>\n<div class=\"wpb_text_column wpb_content_element \">\n<div class=\"wpb_wrapper\"><\/div>\n<\/div>\n<\/div>\n<\/div>\n<div id=\"1573225341575-3c5be3e5-41f1\" class=\"vc_tta-panel\" data-vc-content=\".vc_tta-panel-body\">\n<div class=\"vc_tta-panel-heading\">\n<h4 class=\"vc_tta-panel-title vc_tta-controls-icon-position-left\"><\/h4>\n<\/div>\n<\/div>\n<p>[\/vc_column_text]\t<\/div>\n<\/div><h5 class=\"qodef-accordion-title\">\n    <span class=\"qodef-accordion-mark\">\n\t\t<span class=\"qodef_icon_plus icon_plus\"><\/span>\n\t\t<span class=\"qodef_icon_minus icon_minus-06\"><\/span>\n\t<\/span>\n\t<span class=\"qodef-tab-title\">2017-2018<\/span>\n<\/h5>\n<div class=\"qodef-accordion-content\">\n\t<div class=\"qodef-accordion-content-inner\">\n\t\t[vc_column_text]<\/p>\n<h4>14 juin 2018<\/h4>\n<ul>\n<li><a href=\"http:\/\/www.carrefourfga.ca\/wp-content\/uploads\/2018\/05\/Programmes-etudes-FGA_VIA-gestionnaires_2018-06-14-1.pdf\" target=\"_blank\" rel=\"noopener noreferrer\">Programmes d\u2019\u00e9tudes FGA<\/a><\/li>\n<li><a href=\"http:\/\/www.carrefourfga.ca\/wp-content\/uploads\/2018\/05\/Mesures-15161-62-63_VIA-gestionnaires_2018-06-14.pdf\">Mesures 15161-62-63<\/a>\u00a0|<\/li>\n<li><a href=\"http:\/\/www.carrefourfga.ca\/wp-content\/uploads\/2018\/05\/Plan-action-numerique_DEAFC_VIA-gestionnaires_2018-06-14.pdf\" target=\"_blank\" rel=\"noopener noreferrer\">Plan action numerique_DEAFC<\/a><\/li>\n<li><a href=\"http:\/\/www.carrefourfga.ca\/wp-content\/uploads\/2018\/05\/R%C3%A8gles-budg%C3%A9taires_VIA-gestionnaires_2018-06-14.pdf\" target=\"_blank\" rel=\"noopener noreferrer\">R\u00e8gles budg\u00e9taires<\/a><\/li>\n<li><a href=\"http:\/\/www.carrefourfga.ca\/wp-content\/uploads\/2018\/05\/Rencontres-FGA_2018-2019_VIA-gestionnaires_2018-06-14.pdf\" target=\"_blank\" rel=\"noopener noreferrer\">Rencontres FGA_2018-2019<\/a><\/li>\n<li><a href=\"http:\/\/www.carrefourfga.ca\/wp-content\/uploads\/2018\/05\/Codes-DHS_VIA-gestionnaires_2018-06-14.pdf\" target=\"_blank\" rel=\"noopener noreferrer\">Codes DHS<\/a><\/li>\n<li><a href=\"http:\/\/www.carrefourfga.ca\/wp-content\/uploads\/2018\/08\/Aide-m%C3%A9moire_INFO-FGA_-14-juin-2018.pdf\" target=\"_blank\" rel=\"noopener noreferrer\">Aide-m\u00e9moire<\/a><\/li>\n<\/ul>\n<hr \/>\n<h4>22 f\u00e9vrier 2018<\/h4>\n<ul>\n<li><a href=\"http:\/\/www.carrefourfga.ca\/wp-content\/uploads\/2017\/10\/Objectif-emploi_MTESS-INFO-FGA_2018-02-22.pptx\">Programme objectif emploi<\/a><\/li>\n<\/ul>\n<hr \/>\n<h4>5 octobre 2017<\/h4>\n<ul>\n<li><a href=\"http:\/\/www.carrefourfga.ca\/wp-content\/uploads\/2017\/10\/Aidem%C3%A9moire_VIA-gestionnaires_5-octobre-2017.pdf\" target=\"_blank\" rel=\"noopener noreferrer\">Aide m\u00e9moire<\/a><\/li>\n<li><a href=\"http:\/\/www.carrefourfga.ca\/wp-content\/uploads\/2017\/10\/Renouveau_Via-gestionnaires_05_octobre-2017.pdf\" target=\"_blank\" rel=\"noopener noreferrer\">Renouveau<\/a><\/li>\n<li><a href=\"http:\/\/www.carrefourfga.ca\/wp-content\/uploads\/2017\/10\/Mesures-15161-15162-15163_Via-gestionnaire_5-octobre-2017.pdf\" target=\"_blank\" rel=\"noopener noreferrer\">Mesures 15161-15162-15163<\/a><\/li>\n<\/ul>\n<p>[\/vc_column_text]\t<\/div>\n<\/div><h5 class=\"qodef-accordion-title\">\n    <span class=\"qodef-accordion-mark\">\n\t\t<span class=\"qodef_icon_plus icon_plus\"><\/span>\n\t\t<span class=\"qodef_icon_minus icon_minus-06\"><\/span>\n\t<\/span>\n\t<span class=\"qodef-tab-title\">2016-2017<\/span>\n<\/h5>\n<div class=\"qodef-accordion-content\">\n\t<div class=\"qodef-accordion-content-inner\">\n\t\t[vc_column_text]<\/p>\n<h4>22 mars 2017<\/h4>\n<ul>\n<li style=\"list-style-type: none;\">\n<ul>\n<li><a href=\"http:\/\/www.carrefourfga.com\/documents\/Ordre%20du%20jour_VIA%2022mars2017.pdf\" target=\"_blank\" rel=\"noopener noreferrer\">Ordre du jour<\/a><\/li>\n<li><a href=\"http:\/\/www.carrefourfga.com\/documents\/Aidememoire_communication%20au%20reseau_22mars2017.pdf\" target=\"_blank\" rel=\"noopener noreferrer\">Aide m\u00e9moire<\/a><\/li>\n<li><a href=\"http:\/\/www.carrefourfga.com\/documents\/Aidememoire_Annexe%201_VIA%2022mars2017.pdf\" target=\"_blank\" rel=\"noopener noreferrer\">Annexe 1<\/a><\/li>\n<\/ul>\n<\/li>\n<\/ul>\n<ul>\n<li><a href=\"http:\/\/www.carrefourfga.com\/documents\/Aidememoire_Annexe%202_VIA%2022mars2017.pdf\" target=\"_blank\" rel=\"noopener noreferrer\">Annexe 2<\/a><\/li>\n<\/ul>\n<hr \/>\n<h4>19 octobre 2016<\/h4>\n<ul>\n<li><a href=\"http:\/\/www.carrefourfga.com\/Implantation\/documents\/Via%20-%2019%20octobre%20-%20Ordre%20du%20jour.pdf\" target=\"_blank\" rel=\"noopener noreferrer\">Ordre du jour<\/a><\/li>\n<\/ul>\n<hr \/>\n<h4>30 septembre 2016<\/h4>\n<ul>\n<li><a href=\"http:\/\/implantation.carrefourfga.com\/documents\/VIA-Plan_action.pptx\">Plan d\u2019action national<\/a><\/li>\n<\/ul>\n<p>[\/vc_column_text]\t<\/div>\n<\/div><h5 class=\"qodef-accordion-title\">\n    <span class=\"qodef-accordion-mark\">\n\t\t<span class=\"qodef_icon_plus icon_plus\"><\/span>\n\t\t<span class=\"qodef_icon_minus icon_minus-06\"><\/span>\n\t<\/span>\n\t<span class=\"qodef-tab-title\">2015-2016<\/span>\n<\/h5>\n<div class=\"qodef-accordion-content\">\n\t<div class=\"qodef-accordion-content-inner\">\n\t\t[vc_column_text]<\/p>\n<h4>7 octobre 2015<\/h4>\n<ul>\n<li><a href=\"http:\/\/www.carrefourfga.com\/documents\/Ordre%20du%20jour_VIA_7oct2015.pdf\" target=\"_blank\" rel=\"noopener noreferrer\">Ordre du jour<\/a><\/li>\n<li><a href=\"http:\/\/www.carrefourfga.com\/documents\/Aide%20memoire%20(7-10-15).pdf\" target=\"_blank\" rel=\"noopener noreferrer\">Aide m\u00e9moire<\/a><\/li>\n<li><a href=\"http:\/\/www.carrefourfga.com\/documents\/Annexe%201%20(7-10-15).pdf\" target=\"_blank\" rel=\"noopener noreferrer\">Annexe 1<\/a><\/li>\n<li><a href=\"http:\/\/www.carrefourfga.com\/documents\/Annexe%202%20(7-10-15).pdf\" target=\"_blank\" rel=\"noopener noreferrer\">Annexe 2<\/a><\/li>\n<\/ul>\n<hr \/>\n<h4>13 janvier 2016<\/h4>\n<ul>\n<li><a href=\"http:\/\/www.carrefourfga.com\/documents\/Ordre%20du%20jour%20-%2013%20JANVIER%202016.pdf\" target=\"_blank\" rel=\"noopener noreferrer\">Ordre du jour<\/a><\/li>\n<li><a href=\"http:\/\/www.carrefourfga.com\/documents\/Aidememoire_communication%20aur%C3%A9seau_13janv2016.pdf\" target=\"_blank\" rel=\"noopener noreferrer\">Aide m\u00e9moire<\/a><\/li>\n<li><a href=\"http:\/\/www.carrefourfga.com\/documents\/Calendrier%202015-2016_2016-01-13.pdf\" target=\"_blank\" rel=\"noopener noreferrer\">Calendrier d\u2019accompagnement\u00a0(version 2016-01-13)<\/a><\/li>\n<\/ul>\n<hr \/>\n<h4>17 mai 2016<\/h4>\n<ul>\n<li><a href=\"http:\/\/www.carrefourfga.com\/documents\/Aidememoire_communication_17mai2016.pdf\" target=\"_blank\" rel=\"noopener noreferrer\">Aide m\u00e9moire<\/a><\/li>\n<\/ul>\n<hr \/>\n<h4>8 juin 2016<\/h4>\n<ul>\n<li><a href=\"http:\/\/www.carrefourfga.com\/documents\/Ordre%20du%20jour_8juin2016.pdf\" target=\"_blank\" rel=\"noopener noreferrer\">Ordre du jour<\/a><\/li>\n<li><a href=\"http:\/\/www.carrefourfga.com\/documents\/Aidememoire_communication%20aureseau_8juin2016.pdf\" target=\"_blank\" rel=\"noopener noreferrer\">Aide m\u00e9moire<\/a><\/li>\n<li><a href=\"http:\/\/www.carrefourfga.com\/documents\/Aidememoire_annexe1_VIA_2016-06-08_Implantation.pdf\" target=\"_blank\" rel=\"noopener noreferrer\">Annexe 1 <\/a><\/li>\n<li><a href=\"http:\/\/www.carrefourfga.com\/documents\/Aide-memoire_annexe2_Pub_CalendrierDDE_TitresDocuments_2016-06-08.pdf\" target=\"_blank\" rel=\"noopener noreferrer\">Annexe 2<\/a><\/li>\n<\/ul>\n<p>[\/vc_column_text]\t<\/div>\n<\/div><h5 class=\"qodef-accordion-title\">\n    <span class=\"qodef-accordion-mark\">\n\t\t<span class=\"qodef_icon_plus icon_plus\"><\/span>\n\t\t<span class=\"qodef_icon_minus icon_minus-06\"><\/span>\n\t<\/span>\n\t<span class=\"qodef-tab-title\">2014-2015<\/span>\n<\/h5>\n<div class=\"qodef-accordion-content\">\n\t<div class=\"qodef-accordion-content-inner\">\n\t\t[vc_column_text]<\/p>\n<ul>\n<li><a href=\"http:\/\/www.carrefourfga.com\/documents\/Ordre%20du%20jour.pdf\" target=\"_blank\" rel=\"noopener noreferrer\">Ordre du jour<\/a><\/li>\n<li><a href=\"http:\/\/www.carrefourfga.com\/documents\/Aide-memoire%20VIA%20(13-07-15).pdf\" target=\"_blank\" rel=\"noopener noreferrer\">Aide m\u00e9moire<\/a><\/li>\n<li><a href=\"http:\/\/www.carrefourfga.com\/documents\/Annexe1.pdf\" target=\"_blank\" rel=\"noopener noreferrer\">Annexe 1<\/a><\/li>\n<li><a href=\"http:\/\/www.carrefourfga.com\/documents\/Annexe2.pdf\" target=\"_blank\" rel=\"noopener noreferrer\">Annexe 2<\/a><\/li>\n<li><a href=\"http:\/\/www.carrefourfga.com\/documents\/Annexe3.pdf\" target=\"_blank\" rel=\"noopener noreferrer\">Annexe 3<\/a><\/li>\n<\/ul>\n<p>[\/vc_column_text]\t<\/div>\n<\/div><\/div>[vc_empty_space height=\u00a0\u00bb52px\u00a0\u00bb][\/vc_column_inner][vc_column_inner width=\u00a0\u00bb2\/5&Prime;][\/vc_column_inner][\/vc_row_inner][\/vc_column][\/vc_row]<\/p>\n<\/div>","protected":false},"excerpt":{"rendered":"<p>[vc_row full_height=\u00a0\u00bbyes\u00a0\u00bb equal_height=\u00a0\u00bbyes\u00a0\u00bb css=\u00a0\u00bb.vc_custom_1581624118521{background-image: url(http:\/\/www.carrefourfga.ca\/fr\/wp-content\/uploads\/2017\/02\/bg2.jpg?id=2991) !important;background-position: center !important;background-repeat: no-repeat !important;background-size: cover !important;}\u00a0\u00bb][vc_column css=\u00a0\u00bb.vc_custom_1582309541497{margin-right: 30px !important;margin-left: 30px [&hellip;]<\/p>\n","protected":false},"author":1,"featured_media":0,"parent":0,"menu_order":0,"comment_status":"closed","ping_status":"closed","template":"full-width.php","meta":{"footnotes":"","_links_to":"","_links_to_target":""},"_links":{"self":[{"href":"https:\/\/www.carrefourfga.ca\/fr\/wp-json\/wp\/v2\/pages\/7406"}],"collection":[{"href":"https:\/\/www.carrefourfga.ca\/fr\/wp-json\/wp\/v2\/pages"}],"about":[{"href":"https:\/\/www.carrefourfga.ca\/fr\/wp-json\/wp\/v2\/types\/page"}],"author":[{"embeddable":true,"href":"https:\/\/www.carrefourfga.ca\/fr\/wp-json\/wp\/v2\/users\/1"}],"replies":[{"embeddable":true,"href":"https:\/\/www.carrefourfga.ca\/fr\/wp-json\/wp\/v2\/comments?post=7406"}],"version-history":[{"count":33,"href":"https:\/\/www.carrefourfga.ca\/fr\/wp-json\/wp\/v2\/pages\/7406\/revisions"}],"predecessor-version":[{"id":8239,"href":"https:\/\/www.carrefourfga.ca\/fr\/wp-json\/wp\/v2\/pages\/7406\/revisions\/8239"}],"wp:attachment":[{"href":"https:\/\/www.carrefourfga.ca\/fr\/wp-json\/wp\/v2\/media?parent=7406"}],"curies":[{"name":"wp","href":"https:\/\/api.w.org\/{rel}","templated":true}]}}