{"id":7352,"date":"2020-02-11T15:14:32","date_gmt":"2020-02-11T20:14:32","guid":{"rendered":"http:\/\/www.carrefourfga.ca\/fr\/?page_id=7352"},"modified":"2020-06-29T13:12:17","modified_gmt":"2020-06-29T18:12:17","slug":"calendrier-de-lequipe-choc-pedagogique-2019-2020","status":"publish","type":"page","link":"https:\/\/www.carrefourfga.ca\/fr\/calendrier-de-lequipe-choc-pedagogique-2019-2020\/","title":{"rendered":"Calendrier de l&rsquo;\u00e9quipe choc p\u00e9dagogique 2019-2020"},"content":{"rendered":"<div class=\"wpb-content-wrapper\"><p>[vc_row bk_type=\u00a0\u00bbverve_full_row\u00a0\u00bb el_class=\u00a0\u00bbpetit_texte\u00a0\u00bb custom_css=\u00a0\u00bbmargin:30px; padding-right:50px;\u00a0\u00bb css=\u00a0\u00bb.vc_custom_1556544688688{margin-top: 15px !important;}\u00a0\u00bb][vc_column width=\u00a0\u00bb1\/6&Prime;][vc_tta_accordion active_section=\u00a0\u00bb1&Prime; collapsible_all=\u00a0\u00bbtrue\u00a0\u00bb][vc_tta_section title=\u00a0\u00bbAo\u00fbt\u00a0\u00bb tab_id=\u00a0\u00bb1538505722479-3acdd6d1-8d60&Prime;][vc_column_text]<strong>19 ao\u00fbt :\u00a0<\/strong><strong>CS Kativik<\/strong><br \/>\nFran\u00e7ais, langue seconde<br \/>\nAnglais, langue maternelle<\/p>\n<p><strong>19 ao\u00fbt :\u00a0<\/strong><strong>CS D\u00e9couvreurs<\/strong><br \/>\nMultimati\u00e8res<\/p>\n<p><strong>20 ao\u00fbt :\u00a0<\/strong><strong>CS Cree<\/strong><br \/>\nAnglais, langue maternelle<\/p>\n<p><strong>21 ao\u00fbt :\u00a0<\/strong><strong>CS Kativik<\/strong><br \/>\nAnglais, langue maternelle<\/p>\n<p><strong>29 ao\u00fbt :\u00a0<\/strong><strong>CSDA<\/strong><br \/>\nFrancisation[\/vc_column_text][\/vc_tta_section][\/vc_tta_accordion][vc_tta_accordion active_section=\u00a0\u00bb1&Prime; collapsible_all=\u00a0\u00bbtrue\u00a0\u00bb][vc_tta_section title=\u00a0\u00bbSeptembre\u00a0\u00bb tab_id=\u00a0\u00bb1538505026747-92be128c-3d2c\u00a0\u00bb][vc_column_text]<strong>12 septembre :\u00a0<\/strong><strong>CSduRoy<\/strong><br \/>\nFrancisation<\/p>\n<p><strong>27 septembre :\u00a0<\/strong><strong>CSMB<\/strong><br \/>\nMultimati\u00e8res<\/p>\n<p><strong>27 septembre :\u00a0<\/strong><strong>CS des Phares<\/strong><br \/>\nFrancisation[\/vc_column_text][\/vc_tta_section][\/vc_tta_accordion][vc_single_image image=\u00a0\u00bb184&Prime; img_size=\u00a0\u00bbfull\u00a0\u00bb][\/vc_column][vc_column width=\u00a0\u00bb1\/6&Prime;][vc_tta_accordion active_section=\u00a0\u00bb1&Prime; collapsible_all=\u00a0\u00bbtrue\u00a0\u00bb][vc_tta_section title=\u00a0\u00bbOctobre\u00a0\u00bb tab_id=\u00a0\u00bb1538502804653-411e9328-78ab\u00a0\u00bb][vc_column_text]<strong>3-4 octobre :\u00a0CS du Fer<\/strong><br \/>\nMultimati\u00e8res<\/p>\n<p><strong>4 octobre :\u00a0CS des Draveurs<\/strong><br \/>\nFrancisation<\/p>\n<p><strong>4 octobre :\u00a0<\/strong><strong>CSPO<\/strong><br \/>\nFran\u00e7ais, langue maternelle<br \/>\nFrancisation<\/p>\n<p><strong>10 octobre : journ\u00e9e r\u00e9gionale Qu\u00e9bec<\/strong><br \/>\nFrancisation<\/p>\n<p><strong>11 octobre : CSDA<\/strong><br \/>\nFran\u00e7ais, langue maternelle<\/p>\n<p><strong>11 octobre : CSMB<\/strong><br \/>\nMultimati\u00e8res<\/p>\n<p><strong>16 octobre : CSSH<\/strong><br \/>\nFrancisation<\/p>\n<p><strong>21 octobre : CSduROY<\/strong><br \/>\nFrancisation<\/p>\n<p><strong>21 octobre : CSDHR<\/strong><br \/>\nFrancisation<\/p>\n<p><strong>24-25 octobre : CSLT<\/strong><br \/>\nFran\u00e7ais, langue maternelle[\/vc_column_text][\/vc_tta_section][\/vc_tta_accordion][vc_tta_accordion active_section=\u00a0\u00bb1&Prime; collapsible_all=\u00a0\u00bbtrue\u00a0\u00bb][vc_tta_section title=\u00a0\u00bbNovembre\u00a0\u00bb tab_id=\u00a0\u00bb1538506032747-9f52a695-6beb\u00a0\u00bb][vc_column_text]<strong>1 novembre : CSP<\/strong><br \/>\nFrancisation<br \/>\nFran\u00e7ais, langue maternelle<br \/>\nSciences<br \/>\nAnglais, langue seconde<\/p>\n<p><strong>4-5 novembre : CSLT<\/strong><br \/>\nAnglais, langue maternelle<br \/>\nSciences<br \/>\nFran\u00e7ais, langue seconde<\/p>\n<p><strong>8 novembre : CSPortneuf<\/strong><br \/>\nFrancisation<\/p>\n<p><strong>11 novembre : CSBeauport<\/strong><br \/>\nMultimati\u00e8res<\/p>\n<p><strong>13 novembre : CSSH<\/strong><br \/>\nFrancisation<\/p>\n<p><strong>15 novembre : CSBF<\/strong><br \/>\nFrancisation<\/p>\n<p><strong>15 novembre : CSMB<\/strong><br \/>\nMultimati\u00e8res<\/p>\n<p><strong>15 novembre : CSL<\/strong><br \/>\nFrancisation<br \/>\nSciences<\/p>\n<p><strong>15 novembre : CSKamloup<\/strong><br \/>\nFran\u00e7ais<\/p>\n<p><strong>22 novembre : CSDPS<\/strong><br \/>\nMath\u00e9matique<\/p>\n<p><strong>22 novembre : CSOB<\/strong><br \/>\nFran\u00e7ais, langue maternelle<br \/>\nSciences<br \/>\nUnivers social<\/p>\n<p><strong>25 novembre : CSCapitale<\/strong><br \/>\nFran\u00e7ais, langue maternelle<br \/>\nFrancisation<br \/>\nSciences<br \/>\nAnglais, langue seconde<\/p>\n<p><strong>25 novembre : CSLT<\/strong><br \/>\nMath\u00e9matique<\/p>\n<p><strong>29 novembre : CSDM<\/strong><br \/>\nFran\u00e7ais, langue maternelle<br \/>\nSciences<br \/>\nMultimati\u00e8res<br \/>\nMath\u00e9matique[\/vc_column_text][\/vc_tta_section][\/vc_tta_accordion][\/vc_column][vc_column width=\u00a0\u00bb1\/6&Prime;][vc_tta_accordion active_section=\u00a0\u00bb1&Prime; collapsible_all=\u00a0\u00bbtrue\u00a0\u00bb][vc_tta_section title=\u00a0\u00bbD\u00e9cembre\u00a0\u00bb tab_id=\u00a0\u00bb1538506220516-8744b941-77bc\u00a0\u00bb][vc_column_text]<strong>9 d\u00e9cembre : R\u00e9gions 04-17<\/strong><br \/>\nSciences[\/vc_column_text][\/vc_tta_section][\/vc_tta_accordion][vc_tta_accordion active_section=\u00a0\u00bb1&Prime; collapsible_all=\u00a0\u00bbtrue\u00a0\u00bb][vc_tta_section title=\u00a0\u00bbJanvier\u00a0\u00bb tab_id=\u00a0\u00bb1538506258367-0855ea3b-42f4&Prime;][vc_column_text]<strong>10 janvier : CSDA<\/strong><br \/>\nFrancisation<\/p>\n<p><strong>14 janvier : CSRS<\/strong><br \/>\nFran\u00e7ais<\/p>\n<p><strong>22 janvier : R\u00e9gion mont\u00e9r\u00e9gienne<\/strong><br \/>\nScience<\/p>\n<p><strong>30 janvier : CSduRoy<\/strong><br \/>\nFrancisation[\/vc_column_text][\/vc_tta_section][\/vc_tta_accordion][\/vc_column][vc_column width=\u00a0\u00bb1\/6&Prime;][vc_tta_accordion active_section=\u00a0\u00bb1&Prime; collapsible_all=\u00a0\u00bbtrue\u00a0\u00bb][vc_tta_section title=\u00a0\u00bbF\u00e9vrier\u00a0\u00bb tab_id=\u00a0\u00bb1538506312493-5a64195c-4ee4&Prime;][vc_column_text]<strong>12 f\u00e9vrier :\u00a0CSMV<br \/>\n<\/strong>Math\u00e9matique<\/p>\n<p><strong>14 f\u00e9vrier :\u00a0CSRS<br \/>\n<\/strong>Francisation<\/p>\n<p><strong>14 f\u00e9vrier : CSDHR<br \/>\n<\/strong>Francisation<\/p>\n<p><strong>14 f\u00e9vrier :\u00a0CSDL<br \/>\n<\/strong>Fran\u00e7ais<\/p>\n<p><strong>19 f\u00e9vrier :\u00a0CSMV<br \/>\n<\/strong>Univers social<\/p>\n<p><strong>21 f\u00e9vrier :\u00a0CSPO<\/strong><br \/>\nFrancisation<\/p>\n<p><strong>21 f\u00e9vrier :\u00a0CSMB<\/strong><br \/>\nAnglais langue seconde[\/vc_column_text][\/vc_tta_section][\/vc_tta_accordion][vc_tta_accordion active_section=\u00a0\u00bb1&Prime; collapsible_all=\u00a0\u00bbtrue\u00a0\u00bb][vc_tta_section title=\u00a0\u00bbMars\u00a0\u00bb tab_id=\u00a0\u00bb1542912261995-9bda7159-6bea\u00a0\u00bb][vc_column_text]<strong>23 mars : CSBE (report\u00e9e)<\/strong><br \/>\nFrancisation<\/p>\n<p><strong>27 mars : CSBF (report\u00e9e)<\/strong><br \/>\nFrancisation[\/vc_column_text][\/vc_tta_section][\/vc_tta_accordion][\/vc_column][vc_column width=\u00a0\u00bb1\/6&Prime;][vc_tta_accordion active_section=\u00a0\u00bb1&Prime; collapsible_all=\u00a0\u00bbtrue\u00a0\u00bb][vc_tta_section title=\u00a0\u00bbAvril\u00a0\u00bb tab_id=\u00a0\u00bb1542912327582-1dfc0aa5-cdfb\u00a0\u00bb][vc_column_text]<strong>24 avril : CSDHR (report\u00e9e)<\/strong><\/p>\n<p>Francisation[\/vc_column_text][\/vc_tta_section][\/vc_tta_accordion][vc_tta_accordion active_section=\u00a0\u00bb1&Prime; collapsible_all=\u00a0\u00bbtrue\u00a0\u00bb][vc_tta_section title=\u00a0\u00bbMai\u00a0\u00bb tab_id=\u00a0\u00bb1542912638137-c7d0356c-4755&Prime;][vc_column_text]<strong>1er mai : CSMV (report\u00e9e)<\/strong><br \/>\nFran\u00e7ais, langue maternelle<br \/>\nAnglais, langue seconde<br \/>\nMultimati\u00e8res<\/p>\n<p><strong>6 mai : CSRS (report\u00e9e)<\/strong><br \/>\nFrancisation<\/p>\n<p><strong>21 mai : CSDM (report\u00e9e)<\/strong><br \/>\nFran\u00e7ais[\/vc_column_text][\/vc_tta_section][\/vc_tta_accordion][vc_tta_accordion active_section=\u00a0\u00bb1&Prime; collapsible_all=\u00a0\u00bbtrue\u00a0\u00bb][vc_tta_section title=\u00a0\u00bbJuin\u00a0\u00bb tab_id=\u00a0\u00bb1591806232113-dc0cde43-5b92&Prime;][vc_column_text]<strong>8 juin : CSDM (report\u00e9e)<\/strong><br \/>\nFran\u00e7ais<\/p>\n<p><strong>juin : CSRDN (report\u00e9e)<\/strong><br \/>\nFrancisation[\/vc_column_text][\/vc_tta_section][\/vc_tta_accordion][\/vc_column][vc_column width=\u00a0\u00bb1\/6&Prime;][vc_single_image image=\u00a0\u00bb2947&Prime; img_size=\u00a0\u00bbfull\u00a0\u00bb][\/vc_column][\/vc_row][vc_row][vc_column][vc_column_text]<\/p>\n<p>[\/vc_column_text][\/vc_column][\/vc_row][vc_row][vc_column][vc_column_text]<br \/>\n[\/vc_column_text][\/vc_column][\/vc_row][vc_row][vc_column][\/vc_column][\/vc_row][vc_row][vc_column width=\u00a0\u00bb1\/3&Prime;][\/vc_column][vc_column width=\u00a0\u00bb1\/3&Prime;][\/vc_column][vc_column width=\u00a0\u00bb1\/3&Prime;][\/vc_column][\/vc_row][vc_row][vc_column][vc_column_text]<\/p>\n<p>[\/vc_column_text][\/vc_column][\/vc_row]<\/p>\n<\/div>","protected":false},"excerpt":{"rendered":"<p>[vc_row bk_type=\u00a0\u00bbverve_full_row\u00a0\u00bb el_class=\u00a0\u00bbpetit_texte\u00a0\u00bb custom_css=\u00a0\u00bbmargin:30px; padding-right:50px;\u00a0\u00bb css=\u00a0\u00bb.vc_custom_1556544688688{margin-top: 15px !important;}\u00a0\u00bb][vc_column width=\u00a0\u00bb1\/6&Prime;][vc_tta_accordion active_section=\u00a0\u00bb1&Prime; collapsible_all=\u00a0\u00bbtrue\u00a0\u00bb][vc_tta_section title=\u00a0\u00bbAo\u00fbt\u00a0\u00bb tab_id=\u00a0\u00bb1538505722479-3acdd6d1-8d60&Prime;][vc_column_text]19 ao\u00fbt :\u00a0CS Kativik [&hellip;]<\/p>\n","protected":false},"author":1,"featured_media":0,"parent":0,"menu_order":0,"comment_status":"closed","ping_status":"closed","template":"full-width.php","meta":{"footnotes":"","_links_to":"","_links_to_target":""},"_links":{"self":[{"href":"https:\/\/www.carrefourfga.ca\/fr\/wp-json\/wp\/v2\/pages\/7352"}],"collection":[{"href":"https:\/\/www.carrefourfga.ca\/fr\/wp-json\/wp\/v2\/pages"}],"about":[{"href":"https:\/\/www.carrefourfga.ca\/fr\/wp-json\/wp\/v2\/types\/page"}],"author":[{"embeddable":true,"href":"https:\/\/www.carrefourfga.ca\/fr\/wp-json\/wp\/v2\/users\/1"}],"replies":[{"embeddable":true,"href":"https:\/\/www.carrefourfga.ca\/fr\/wp-json\/wp\/v2\/comments?post=7352"}],"version-history":[{"count":8,"href":"https:\/\/www.carrefourfga.ca\/fr\/wp-json\/wp\/v2\/pages\/7352\/revisions"}],"predecessor-version":[{"id":7773,"href":"https:\/\/www.carrefourfga.ca\/fr\/wp-json\/wp\/v2\/pages\/7352\/revisions\/7773"}],"wp:attachment":[{"href":"https:\/\/www.carrefourfga.ca\/fr\/wp-json\/wp\/v2\/media?parent=7352"}],"curies":[{"name":"wp","href":"https:\/\/api.w.org\/{rel}","templated":true}]}}