{"id":11437,"date":"2026-04-21T08:43:50","date_gmt":"2026-04-21T13:43:50","guid":{"rendered":"https:\/\/www.carrefourfga.ca\/fr\/?page_id=11437"},"modified":"2026-04-23T09:44:53","modified_gmt":"2026-04-23T14:44:53","slug":"infolettre-carrefour-dossier-special-avril-2026","status":"publish","type":"page","link":"https:\/\/www.carrefourfga.ca\/fr\/infolettre-carrefour-dossier-special-avril-2026\/","title":{"rendered":"Infolettre Carrefour &#8211; Dossier sp\u00e9cial &#8211; Avril 2026"},"content":{"rendered":"<div class=\"wpb-content-wrapper\"><p>[vc_row full_width=\u00a0\u00bbstretch_row\u00a0\u00bb css_animation=\u00a0\u00bbfadeIn\u00a0\u00bb css=\u00a0\u00bb.vc_custom_1772199190281{background-color: #FFFFFF !important;}\u00a0\u00bb][vc_column width=\u00a0\u00bb1\/4&Prime;][\/vc_column][vc_column width=\u00a0\u00bb1\/2&Prime;][vc_single_image image=\u00a0\u00bb10798&Prime; img_size=\u00a0\u00bbfull\u00a0\u00bb alignment=\u00a0\u00bbcenter\u00a0\u00bb css_animation=\u00a0\u00bbfadeInDown\u00a0\u00bb css=\u00a0\u00bb\u00a0\u00bb][\/vc_column][vc_column width=\u00a0\u00bb1\/4&Prime;][\/vc_column][\/vc_row][vc_row][vc_column][vc_single_image image=\u00a0\u00bb11441&Prime; img_size=\u00a0\u00bbfull\u00a0\u00bb alignment=\u00a0\u00bbcenter\u00a0\u00bb onclick=\u00a0\u00bbcustom_link\u00a0\u00bb img_link_target=\u00a0\u00bb_blank\u00a0\u00bb css_animation=\u00a0\u00bbfadeIn\u00a0\u00bb css=\u00a0\u00bb\u00a0\u00bb link=\u00a0\u00bbhttps:\/\/www.carrefourfga.ca\/fr\/dossiers-speciaux\/\u00a0\u00bb][vc_empty_space][\/vc_column][\/vc_row][vc_row][vc_column][vc_column_text css_animation=\u00a0\u00bbfadeIn\u00a0\u00bb css=\u00a0\u00bb\u00a0\u00bb]<\/p>\n<h1 class=\"null\" style=\"text-align: center;\"><span data-teams=\"true\"><strong>Lancement du Dossier sp\u00e9cial 9 (Carrefour FGA) : Un r\u00e9seau pour la FGA<\/strong><\/span><\/h1>\n<p>[\/vc_column_text][vc_empty_space][\/vc_column][\/vc_row][vc_row][vc_column css_animation=\u00a0\u00bbbounceInLeft\u00a0\u00bb][vc_column_text css=\u00a0\u00bb\u00a0\u00bb]Depuis ses d\u00e9buts, le <b>Carrefour FGA<\/b> n\u2019a cess\u00e9 d\u2019\u00e9voluer pour devenir le pilier qu\u2019il est aujourd\u2019hui: un v\u00e9ritable \u00e9cosyst\u00e8me national d\u00e9di\u00e9 \u00e0 la r\u00e9ussite des adultes et au soutien du personnel de la formation g\u00e9n\u00e9rale des adultes. <a href=\"https:\/\/www.carrefourfga.ca\/fr\/dossiers-speciaux\/\" target=\"_blank\" rel=\"noopener\">Ce dossier sp\u00e9cial<\/a> a pour objectif de vous d\u00e9voiler l\u2019incroyable richesse des services qui gravitent autour de notre plateforme, une offre qui s\u2019est bonifi\u00e9e au fil des ans pour r\u00e9pondre pr\u00e9cis\u00e9ment aux besoins du terrain.<\/p>\n<p>Structur\u00e9 pour faciliter votre navigation, le dossier explore <b>quatre grandes cat\u00e9gories<\/b>:<\/p>\n<ul>\n<li aria-level=\"1\"><b>Services p\u00e9dagogiques<\/b>: L\u2019\u00c9quipe-choc, le R\u00c9CIT et les accompagnements (math\u00e9matique, francisation) vous offrent une expertise de pointe directement au c\u0153ur de vos centres.<\/li>\n<li aria-level=\"1\"><b>Services sp\u00e9cialis\u00e9s<\/b>: Un soutien multidimensionnel via les SEC (apprentissage, bien-\u00eatre, vie \u00e9tudiante) et les SARCA (accueil, r\u00e9f\u00e9rence, conseil, accompagnement) pour accompagner l\u2019adulte dans toutes les facettes de son parcours.<\/li>\n<li aria-level=\"1\"><b>Ressources<\/b>: Des plateformes phares comme Alexandrie FGA et Espace conseils FGA centralisent des milliers d\u2019outils et de capsules de formation accessibles en un clic.<\/li>\n<li aria-level=\"1\"><b>Collaborateurs<\/b>: La force de notre r\u00e9seau s&rsquo;appuie sur des partenaires tels que l\u2019AQIFGA, la TR\u00c9AQ et PROCEDE.<\/li>\n<\/ul>\n<p>Plongez \u00e9galement dans nos projets nationaux innovants, tels que le Projet WOW, la CoP FAD et la Guilde p\u00e9dagonum\u00e9rique.<\/p>\n<p>Pour explorer ce vaste univers de mani\u00e8re intuitive, utilisez notre toute nouvelle <b>cartographie interactive<\/b>: cliquez sur le service de votre choix pour acc\u00e9der instantan\u00e9ment \u00e0 ses descriptions et liens pertinents.<\/p>\n<p><b>Bonne lecture et bon r\u00e9seautage!<\/b>[\/vc_column_text][vc_empty_space height=\u00a0\u00bb22px\u00a0\u00bb][vc_single_image image=\u00a0\u00bb10810&Prime; img_size=\u00a0\u00bbfull\u00a0\u00bb css=\u00a0\u00bb\u00a0\u00bb][\/vc_column][\/vc_row][vc_row css_animation=\u00a0\u00bbfadeIn\u00a0\u00bb][vc_column css_animation=\u00a0\u00bbnone\u00a0\u00bb][vc_empty_space][\/vc_column][\/vc_row][vc_row css_animation=\u00a0\u00bbfadeIn\u00a0\u00bb][vc_column css_animation=\u00a0\u00bbnone\u00a0\u00bb][vc_separator color=\u00a0\u00bbcustom\u00a0\u00bb border_width=\u00a0\u00bb2&Prime; css=\u00a0\u00bb\u00a0\u00bb accent_color=\u00a0\u00bb#5C5C61&Prime;][vc_empty_space][\/vc_column][\/vc_row][vc_row][vc_column width=\u00a0\u00bb1\/5&Prime;][vc_single_image image=\u00a0\u00bb10882&Prime; img_size=\u00a0\u00bb100px\u00a0\u00bb alignment=\u00a0\u00bbcenter\u00a0\u00bb onclick=\u00a0\u00bbcustom_link\u00a0\u00bb img_link_target=\u00a0\u00bb_blank\u00a0\u00bb css=\u00a0\u00bb\u00a0\u00bb link=\u00a0\u00bbhttps:\/\/www.facebook.com\/CarrefourFGA\u00a0\u00bb][\/vc_column][vc_column width=\u00a0\u00bb1\/5&Prime;][vc_single_image image=\u00a0\u00bb10886&Prime; img_size=\u00a0\u00bb100px\u00a0\u00bb alignment=\u00a0\u00bbcenter\u00a0\u00bb onclick=\u00a0\u00bbcustom_link\u00a0\u00bb img_link_target=\u00a0\u00bb_blank\u00a0\u00bb css=\u00a0\u00bb\u00a0\u00bb link=\u00a0\u00bbhttps:\/\/www.linkedin.com\/in\/carrefourfga\/\u00a0\u00bb][\/vc_column][vc_column width=\u00a0\u00bb1\/5&Prime;][vc_single_image image=\u00a0\u00bb10887&Prime; img_size=\u00a0\u00bb100px\u00a0\u00bb alignment=\u00a0\u00bbcenter\u00a0\u00bb onclick=\u00a0\u00bbcustom_link\u00a0\u00bb img_link_target=\u00a0\u00bb_blank\u00a0\u00bb css=\u00a0\u00bb\u00a0\u00bb link=\u00a0\u00bbhttps:\/\/www.youtube.com\/channel\/UCrlGsnqTupIk-zUECV6ngoA\u00a0\u00bb][\/vc_column][vc_column width=\u00a0\u00bb1\/5&Prime;][vc_single_image image=\u00a0\u00bb10889&Prime; img_size=\u00a0\u00bb100px\u00a0\u00bb alignment=\u00a0\u00bbcenter\u00a0\u00bb onclick=\u00a0\u00bbcustom_link\u00a0\u00bb img_link_target=\u00a0\u00bb_blank\u00a0\u00bb css=\u00a0\u00bb\u00a0\u00bb link=\u00a0\u00bbhttps:\/\/www.carrefourfga.ca\/fr\/\u00a0\u00bb][\/vc_column][vc_column width=\u00a0\u00bb1\/5&Prime;][vc_single_image image=\u00a0\u00bb10891&Prime; img_size=\u00a0\u00bb100px\u00a0\u00bb alignment=\u00a0\u00bbcenter\u00a0\u00bb onclick=\u00a0\u00bbcustom_link\u00a0\u00bb img_link_target=\u00a0\u00bb_blank\u00a0\u00bb css=\u00a0\u00bb\u00a0\u00bb link=\u00a0\u00bbmailto:info@carrefourfga.com\u00a0\u00bb][\/vc_column][\/vc_row][vc_row][vc_column][vc_empty_space][\/vc_column][\/vc_row][vc_row css_animation=\u00a0\u00bbfadeIn\u00a0\u00bb][vc_column css_animation=\u00a0\u00bbnone\u00a0\u00bb css=\u00a0\u00bb.vc_custom_1772555672555{background-color: #000000 !important;}\u00a0\u00bb][vc_column_text css=\u00a0\u00bb\u00a0\u00bb]<\/p>\n<p style=\"text-align: center;\"><span style=\"color: #f2f2f2;\"><strong>Carrefour FGA<\/strong><\/span><\/p>\n<p style=\"text-align: center;\"><span style=\"color: #f2f2f2;\">Loi canadienne anti-pourriel (LCAP) :<\/span><br \/>\n<span style=\"color: #f2f2f2;\">Vous recevez ce courriel parce que vous \u00eates abonn\u00e9(e)s \u00e0 l&rsquo;infolettre du Carrefour FGA.<\/span><br \/>\n<span style=\"color: #f2f2f2;\"><a href=\"https:\/\/forms.office.com\/pages\/responsepage.aspx?id=z5g5meCJ4kqyQf-QOOe7qIxM92tIeVFKmmOpzQp2KtNUM0Y4OEhWQUc2WjE4VTVGWUtCMzNQRVk5Vy4u&amp;route=shorturl\" target=\"_blank\" rel=\"noopener\">Abonnez-vous<\/a>\u00a0 |\u00a0 <a href=\"https:\/\/forms.office.com\/pages\/responsepage.aspx?id=z5g5meCJ4kqyQf-QOOe7qIxM92tIeVFKmmOpzQp2KtNUM0Y4OEhWQUc2WjE4VTVGWUtCMzNQRVk5Vy4u&amp;route=shorturl\" target=\"_blank\" rel=\"noopener\">Se d\u00e9sabonner<\/a> |\u00a0 <a href=\"mailto:sarca@carrefourfga.com\" target=\"_blank\" rel=\"noopener\">Contact<\/a><\/span><\/p>\n<p>[\/vc_column_text][vc_empty_space][\/vc_column][\/vc_row][vc_row][vc_column][vc_empty_space][vc_column_text css=\u00a0\u00bb\u00a0\u00bb]<\/p>\n<p style=\"text-align: center;\">\u00a9 2026 Carrefour FGA. Tous droits r\u00e9serv\u00e9s.<\/p>\n<p style=\"text-align: center;\">CC <a href=\"https:\/\/creativecommons.org\/licenses\/by-nc-sa\/4.0\/\" target=\"_blank\" rel=\"noopener\">BY-NC-SA 4.0<\/a> \u00a9 2019-2026<\/p>\n<p style=\"text-align: center;\"><a href=\"https:\/\/creativecommons.org\/licenses\/by-nc-sa\/4.0\/\" target=\"_blank\" rel=\"noopener\"><img decoding=\"async\" loading=\"lazy\" src=\"https:\/\/gallery.mailchimp.com\/c382b966019fb97aba9212934\/images\/9eeed8cf-602b-46ad-8293-10f4f58dbc8c.png\" width=\"60\" height=\"20\" \/><\/a><\/p>\n<p>[\/vc_column_text][vc_empty_space][\/vc_column][\/vc_row][vc_row][vc_column][vc_column_text css=\u00a0\u00bb\u00a0\u00bb][\/vc_column_text][\/vc_column][\/vc_row]<\/p>\n<\/div>","protected":false},"excerpt":{"rendered":"<p>[vc_row full_width=\u00a0\u00bbstretch_row\u00a0\u00bb css_animation=\u00a0\u00bbfadeIn\u00a0\u00bb css=\u00a0\u00bb.vc_custom_1772199190281{background-color: #FFFFFF !important;}\u00a0\u00bb][vc_column width=\u00a0\u00bb1\/4&Prime;][\/vc_column][vc_column width=\u00a0\u00bb1\/2&Prime;][vc_single_image image=\u00a0\u00bb10798&Prime; img_size=\u00a0\u00bbfull\u00a0\u00bb alignment=\u00a0\u00bbcenter\u00a0\u00bb css_animation=\u00a0\u00bbfadeInDown\u00a0\u00bb css=\u00a0\u00bb\u00a0\u00bb][\/vc_column][vc_column width=\u00a0\u00bb1\/4&Prime;][\/vc_column][\/vc_row][vc_row][vc_column][vc_single_image image=\u00a0\u00bb11441&Prime; img_size=\u00a0\u00bbfull\u00a0\u00bb [&hellip;]<\/p>\n","protected":false},"author":9,"featured_media":0,"parent":0,"menu_order":0,"comment_status":"closed","ping_status":"closed","template":"","meta":{"footnotes":"","_links_to":"","_links_to_target":""},"_links":{"self":[{"href":"https:\/\/www.carrefourfga.ca\/fr\/wp-json\/wp\/v2\/pages\/11437"}],"collection":[{"href":"https:\/\/www.carrefourfga.ca\/fr\/wp-json\/wp\/v2\/pages"}],"about":[{"href":"https:\/\/www.carrefourfga.ca\/fr\/wp-json\/wp\/v2\/types\/page"}],"author":[{"embeddable":true,"href":"https:\/\/www.carrefourfga.ca\/fr\/wp-json\/wp\/v2\/users\/9"}],"replies":[{"embeddable":true,"href":"https:\/\/www.carrefourfga.ca\/fr\/wp-json\/wp\/v2\/comments?post=11437"}],"version-history":[{"count":10,"href":"https:\/\/www.carrefourfga.ca\/fr\/wp-json\/wp\/v2\/pages\/11437\/revisions"}],"predecessor-version":[{"id":11462,"href":"https:\/\/www.carrefourfga.ca\/fr\/wp-json\/wp\/v2\/pages\/11437\/revisions\/11462"}],"wp:attachment":[{"href":"https:\/\/www.carrefourfga.ca\/fr\/wp-json\/wp\/v2\/media?parent=11437"}],"curies":[{"name":"wp","href":"https:\/\/api.w.org\/{rel}","templated":true}]}}