{"id":11404,"date":"2026-04-14T08:23:51","date_gmt":"2026-04-14T13:23:51","guid":{"rendered":"https:\/\/www.carrefourfga.ca\/fr\/?page_id=11404"},"modified":"2026-04-16T08:57:48","modified_gmt":"2026-04-16T13:57:48","slug":"infolettre-recit-avril-2026","status":"publish","type":"page","link":"https:\/\/www.carrefourfga.ca\/fr\/infolettre-recit-avril-2026\/","title":{"rendered":"Infolettre R\u00c9CIT &#8211; Avril 2026"},"content":{"rendered":"<div class=\"wpb-content-wrapper\"><p>[vc_row full_width=\u00a0\u00bbstretch_row\u00a0\u00bb css_animation=\u00a0\u00bbfadeIn\u00a0\u00bb css=\u00a0\u00bb.vc_custom_1776172127622{padding-top: 100px !important;padding-right: 100px !important;padding-bottom: 100px !important;padding-left: 100px !important;background-image: url(http:\/\/www.carrefourfga.ca\/fr\/wp-content\/uploads\/2026\/04\/AdobeStock_745449779-scaled.jpeg?id=11411) !important;background-position: center !important;background-repeat: no-repeat !important;background-size: cover !important;}\u00a0\u00bb][vc_column width=\u00a0\u00bb1\/4&Prime;][\/vc_column][vc_column width=\u00a0\u00bb1\/2&Prime;][vc_single_image image=\u00a0\u00bb10237&Prime; img_size=\u00a0\u00bbfull\u00a0\u00bb alignment=\u00a0\u00bbcenter\u00a0\u00bb css_animation=\u00a0\u00bbfadeInDown\u00a0\u00bb css=\u00a0\u00bb\u00a0\u00bb][vc_empty_space][\/vc_column][vc_column width=\u00a0\u00bb1\/4&Prime;][\/vc_column][\/vc_row][vc_row][vc_column][vc_column_text css_animation=\u00a0\u00bbfadeIn\u00a0\u00bb css=\u00a0\u00bb\u00a0\u00bb]<\/p>\n<h1 class=\"null\" style=\"text-align: center;\"><strong>Infolettre du R\u00c9CIT FGA<br \/>\n<\/strong><strong>Avril 2026<\/strong><\/h1>\n<p>[\/vc_column_text][vc_column_text css_animation=\u00a0\u00bbfadeIn\u00a0\u00bb css=\u00a0\u00bb\u00a0\u00bb]<\/p>\n<h2 style=\"text-align: center;\"><b>La Revue Annuelle est disponible maintenant!<\/b><\/h2>\n<p>[\/vc_column_text][vc_empty_space][\/vc_column][\/vc_row][vc_row][vc_column css_animation=\u00a0\u00bbbounceInLeft\u00a0\u00bb][vc_single_image image=\u00a0\u00bb11409&Prime; img_size=\u00a0\u00bbfull\u00a0\u00bb alignment=\u00a0\u00bbcenter\u00a0\u00bb css=\u00a0\u00bb\u00a0\u00bb][vc_empty_space height=\u00a0\u00bb22px\u00a0\u00bb][vc_column_text css=\u00a0\u00bb\u00a0\u00bb]La 7\u1d49 \u00e9dition de la <a href=\"https:\/\/www.carrefourfga.ca\/recit\" target=\"_blank\" rel=\"noopener\">Revue Annuelle du R\u00c9CIT FGA<\/a> est maintenant disponible!<\/p>\n<p>Chaque ann\u00e9e, vos conseill\u00e8res et vos conseillers du R\u00c9CIT FGA accompagnent les intervenantes et les intervenants en FGA. Ils cr\u00e9ent du nouveau contenu et de nouvelles ressources, animent des ateliers lors de colloques et de congr\u00e8s et d\u00e9veloppent la p\u00e9dagogie num\u00e9rique.<\/p>\n<p>Cette ann\u00e9e, nous vous offrons la 7\u1d49 \u00e9dition de notre <a href=\"https:\/\/www.carrefourfga.ca\/recit\" target=\"_blank\" rel=\"noopener\">Revue Annuelle<\/a> qui regroupe des informations, pr\u00e9sente des r\u00e9alisations ainsi que plusieurs conseils pour int\u00e9grer p\u00e9dagogiquement le num\u00e9rique.<\/p>\n<p>Explorez, apprenez et surtout, n\u2019h\u00e9sitez pas \u00e0 cliquer sur les nombreuses ressources que vous trouverez au fil de votre lecture.<\/p>\n<p>Suivez-nous sur les r\u00e9seaux sociaux (<a href=\"https:\/\/www.facebook.com\/recitfga\" target=\"_blank\" rel=\"noopener\">Facebook<\/a> et <a href=\"https:\/\/www.linkedin.com\/in\/recitfga\/\" target=\"_blank\" rel=\"noopener\">LinkedIn<\/a>). Nous y publions r\u00e9guli\u00e8rement les \u00e9v\u00e9nements \u00e0 venir, des nouveaut\u00e9s, des astuces ou encore les avanc\u00e9es de diff\u00e9rents projets.<\/p>\n<p>Bonne lecture,<\/p>\n<p>Marc, du R\u00c9CIT FGA[\/vc_column_text][vc_empty_space height=\u00a0\u00bb22px\u00a0\u00bb][\/vc_column][\/vc_row][vc_row][vc_column css_animation=\u00a0\u00bbnone\u00a0\u00bb width=\u00a0\u00bb1\/2&Prime;][vc_single_image image=\u00a0\u00bb11416&Prime; img_size=\u00a0\u00bbfull\u00a0\u00bb alignment=\u00a0\u00bbcenter\u00a0\u00bb onclick=\u00a0\u00bbcustom_link\u00a0\u00bb img_link_target=\u00a0\u00bb_blank\u00a0\u00bb css=\u00a0\u00bb\u00a0\u00bb link=\u00a0\u00bbhttps:\/\/www.carrefourfga.ca\/recit\u00a0\u00bb][vc_empty_space height=\u00a0\u00bb22px\u00a0\u00bb][vc_single_image image=\u00a0\u00bb11420&Prime; img_size=\u00a0\u00bbfull\u00a0\u00bb alignment=\u00a0\u00bbcenter\u00a0\u00bb onclick=\u00a0\u00bbcustom_link\u00a0\u00bb img_link_target=\u00a0\u00bb_blank\u00a0\u00bb css=\u00a0\u00bb\u00a0\u00bb link=\u00a0\u00bbhttps:\/\/www.carrefourfga.ca\/recit\u00a0\u00bb][\/vc_column][vc_column width=\u00a0\u00bb1\/2&Prime;][vc_single_image image=\u00a0\u00bb11425&Prime; img_size=\u00a0\u00bbfull\u00a0\u00bb alignment=\u00a0\u00bbcenter\u00a0\u00bb onclick=\u00a0\u00bbcustom_link\u00a0\u00bb img_link_target=\u00a0\u00bb_blank\u00a0\u00bb css=\u00a0\u00bb\u00a0\u00bb link=\u00a0\u00bbhttps:\/\/www.carrefourfga.ca\/recit\u00a0\u00bb][vc_empty_space height=\u00a0\u00bb22px\u00a0\u00bb][vc_single_image image=\u00a0\u00bb11427&Prime; img_size=\u00a0\u00bbfull\u00a0\u00bb alignment=\u00a0\u00bbcenter\u00a0\u00bb onclick=\u00a0\u00bbcustom_link\u00a0\u00bb img_link_target=\u00a0\u00bb_blank\u00a0\u00bb css=\u00a0\u00bb\u00a0\u00bb link=\u00a0\u00bbhttps:\/\/www.carrefourfga.ca\/recit\u00a0\u00bb][\/vc_column][\/vc_row][vc_row][vc_column css_animation=\u00a0\u00bbbounceInLeft\u00a0\u00bb][vc_empty_space height=\u00a0\u00bb22px\u00a0\u00bb][\/vc_column][\/vc_row][vc_row css_animation=\u00a0\u00bbfadeIn\u00a0\u00bb css=\u00a0\u00bb.vc_custom_1771516203769{background-color: #DFE2E54D !important;}\u00a0\u00bb][vc_column css_animation=\u00a0\u00bbnone\u00a0\u00bb][vc_column_text css_animation=\u00a0\u00bbfadeIn\u00a0\u00bb css=\u00a0\u00bb\u00a0\u00bb]<\/p>\n<h4 style=\"text-align: center;\"><strong>Suivez-nous sur nos m\u00e9dias sociaux\u202f!<\/strong><\/h4>\n<h4 style=\"text-align: center;\"><strong>Nous sommes l\u00e0 pour vous\u202f! #recitfga<\/strong><\/h4>\n<p>[\/vc_column_text][vc_empty_space height=\u00a0\u00bb22px\u00a0\u00bb][vc_raw_html css=\u00a0\u00bb\u00a0\u00bb]JTNDY2VudGVyJTNFJTBEJTBBJTNDYSUyMGhyZWYlM0QlMjJodHRwJTNBJTJGJTJGcmVjaXRmZ2EuY2ElMkYlMjIlMjB0YXJnZXQlM0QlMjJfYmxhbmslMjIlMjBjbGFzcyUzRCUyMnZjX3NpbmdsZV9pbWFnZS13cmFwcGVyJTIwJTIwJTIwdmNfYm94X2JvcmRlcl9ncmV5JTIyJTNFJTBEJTBBJTNDaW1nJTIwd2lkdGglM0QlMjI2MHB4JTIyJTIwaGVpZ2h0JTNEJTIyNjBweCUyMiUyMHNyYyUzRCUyMmh0dHBzJTNBJTJGJTJGd3d3LmNhcnJlZm91cmZnYS5jYSUyRmZyJTJGd3AtY29udGVudCUyRnVwbG9hZHMlMkYyMDI2JTJGMDIlMkZmMTI2ZWYzYi00M2NkLWEyYzktZmI0YS0wZTk2OGYyOTc4NTQucG5nJTIyJTIwY2xhc3MlM0QlMjJ2Y19zaW5nbGVfaW1hZ2UtaW1nJTIwYXR0YWNobWVudC1mdWxsJTIyJTIwYWx0JTNEJTIyJTIyJTIwZGVjb2RpbmclM0QlMjJhc3luYyUyMiUyMHRpdGxlJTNEJTIyJTIyJTIwbG9hZGluZyUzRCUyMmxhenklMjIlMjAlMjB0YXJnZXQlM0QlMjJfYmxhbmslMjIlMjBjbGFzcyUzRCUyMnZjX3NpbmdsZV9pbWFnZS13cmFwcGVyJTIwJTIwJTIwdmNfYm94X2JvcmRlcl9ncmV5JTIyJTNFJTNDJTJGYSUzRSUyNm5ic3AlM0IlMjZuYnNwJTNCJTI2bmJzcCUzQiUwRCUwQSUwRCUwQSUwRCUwQSUzQ2ElMjBocmVmJTNEJTIyaHR0cHMlM0ElMkYlMkZ3d3cuZmFjZWJvb2suY29tJTJGcmVjaXRmZ2ElMjIlMjB0YXJnZXQlM0QlMjJfYmxhbmslMjIlMjBjbGFzcyUzRCUyMnZjX3NpbmdsZV9pbWFnZS13cmFwcGVyJTIwJTIwJTIwdmNfYm94X2JvcmRlcl9ncmV5JTIyJTNFJTBEJTBBJTNDaW1nJTIwd2lkdGglM0QlMjI2MHB4JTIyJTIwaGVpZ2h0JTNEJTIyNjBweCUyMiUyMHNyYyUzRCUyMmh0dHBzJTNBJTJGJTJGd3d3LmNhcnJlZm91cmZnYS5jYSUyRmZyJTJGd3AtY29udGVudCUyRnVwbG9hZHMlMkYyMDI2JTJGMDIlMkY1NmNlOGQ3Yi1hNDJmLTAzMzEtYTBmYi00MGY2ZTU0M2I3MzYucG5nJTIyJTIwY2xhc3MlM0QlMjJ2Y19zaW5nbGVfaW1hZ2UtaW1nJTIwYXR0YWNobWVudC1mdWxsJTIyJTIwYWx0JTNEJTIyJTIyJTIwZGVjb2RpbmclM0QlMjJhc3luYyUyMiUyMHRpdGxlJTNEJTIyJTIyJTIwbG9hZGluZyUzRCUyMmxhenklMjIlMjAlMjAlM0UlM0MlMkZhJTNFJTI2bmJzcCUzQiUyNm5ic3AlM0IlMjZuYnNwJTNCJTBEJTBBJTBEJTBBJTNDYSUyMGhyZWYlM0QlMjJodHRwcyUzQSUyRiUyRnd3dy5saW5rZWRpbi5jb20lMkZpbiUyRnJlY2l0ZmdhJTJGJTIyJTIwdGFyZ2V0JTNEJTIyX2JsYW5rJTIyJTIwY2xhc3MlM0QlMjJ2Y19zaW5nbGVfaW1hZ2Utd3JhcHBlciUyMCUyMCUyMHZjX2JveF9ib3JkZXJfZ3JleSUyMiUzRSUzQ2ltZyUyMHdpZHRoJTNEJTIyNjBweCUyMiUyMGhlaWdodCUzRCUyMjYwcHglMjIlMjBzcmMlM0QlMjJodHRwcyUzQSUyRiUyRnd3dy5jYXJyZWZvdXJmZ2EuY2ElMkZmciUyRndwLWNvbnRlbnQlMkZ1cGxvYWRzJTJGMjAyNiUyRjAyJTJGMjVkYzdlY2QtYmExYi02OWRkLTJmYjAtYjA2MjdhODYyMjg2LnBuZyUyMiUyMGNsYXNzJTNEJTIydmNfc2luZ2xlX2ltYWdlLWltZyUyMGF0dGFjaG1lbnQtZnVsbCUyMiUyMGFsdCUzRCUyMiUyMiUyMGRlY29kaW5nJTNEJTIyYXN5bmMlMjIlMjB0aXRsZSUzRCUyMiUyMiUyMGxvYWRpbmclM0QlMjJsYXp5JTIyJTIwJTIwJTNFJTNDJTJGYSUzRSUyNm5ic3AlM0IlMjZuYnNwJTNCJTI2bmJzcCUzQiUwRCUwQSUwRCUwQSUzQ2ElMjBocmVmJTNEJTIyaHR0cHMlM0ElMkYlMkZ3d3cueW91dHViZS5jb20lMkZjaGFubmVsJTJGVUNGa3hBOVNtOGlFeVhpT19aVDIzcVZnJTIyJTIwdGFyZ2V0JTNEJTIyX2JsYW5rJTIyJTIwY2xhc3MlM0QlMjJ2Y19zaW5nbGVfaW1hZ2Utd3JhcHBlciUyMCUyMCUyMHZjX2JveF9ib3JkZXJfZ3JleSUyMiUzRSUzQ2ltZyUyMHdpZHRoJTNEJTIyNjBweCUyMiUyMGhlaWdodCUzRCUyMjYwcHglMjIlMjBzcmMlM0QlMjJodHRwcyUzQSUyRiUyRnd3dy5jYXJyZWZvdXJmZ2EuY2ElMkZmciUyRndwLWNvbnRlbnQlMkZ1cGxvYWRzJTJGMjAyNiUyRjAyJTJGZDE1MmQwMTMtZDIxZC1iOGJjLWQ2ODAtY2EzMTU0YzU1NDFiLnBuZyUyMiUyMGNsYXNzJTNEJTIydmNfc2luZ2xlX2ltYWdlLWltZyUyMGF0dGFjaG1lbnQtZnVsbCUyMiUyMGFsdCUzRCUyMiUyMiUyMGRlY29kaW5nJTNEJTIyYXN5bmMlMjIlMjB0aXRsZSUzRCUyMiUyMiUyMGxvYWRpbmclM0QlMjJsYXp5JTIyJTIwJTIwJTIwJTNFJTNDJTJGYSUzRSUzQyUyRmNlbnRlciUzRQ==[\/vc_raw_html][vc_empty_space height=\u00a0\u00bb22px\u00a0\u00bb][\/vc_column][\/vc_row][vc_row][vc_column][vc_empty_space height=\u00a0\u00bb22px\u00a0\u00bb][\/vc_column][\/vc_row][vc_row css_animation=\u00a0\u00bbfadeIn\u00a0\u00bb css=\u00a0\u00bb.vc_custom_1771865625855{background-color: #0467BA !important;}\u00a0\u00bb][vc_column]<div class=\"qodef-separator-holder clearfix  qodef-separator-center \">\n\t<div class=\"qodef-separator\" ><\/div>\n<\/div>\n[vc_single_image image=\u00a0\u00bb10515&Prime; img_size=\u00a0\u00bblarge\u00a0\u00bb alignment=\u00a0\u00bbcenter\u00a0\u00bb onclick=\u00a0\u00bbcustom_link\u00a0\u00bb img_link_target=\u00a0\u00bb_blank\u00a0\u00bb css_animation=\u00a0\u00bbfadeIn\u00a0\u00bb css=\u00a0\u00bb\u00a0\u00bb link=\u00a0\u00bbhttps:\/\/ecoleouverte.ca\/soutien-scolaire\/recit\/accompagnement\/formation-generale-des-adultes\/\u00a0\u00bb][vc_empty_space height=\u00a0\u00bb42px\u00a0\u00bb][\/vc_column][\/vc_row][vc_row][vc_column][vc_empty_space height=\u00a0\u00bb22px\u00a0\u00bb][\/vc_column][\/vc_row][vc_row css_animation=\u00a0\u00bbfadeIn\u00a0\u00bb css=\u00a0\u00bb.vc_custom_1771525406751{background-color: #296DFF !important;}\u00a0\u00bb][vc_column css_animation=\u00a0\u00bbnone\u00a0\u00bb][vc_column_text css_animation=\u00a0\u00bbfadeIn\u00a0\u00bb css=\u00a0\u00bb.vc_custom_1774288119974{margin-bottom: 20px !important;}\u00a0\u00bb]<\/p>\n<h2 style=\"text-align: center;\"><strong><span style=\"color: #ffffff;\">NOS PARTENAIRES<\/span><\/strong><\/h2>\n<p>[\/vc_column_text][vc_empty_space height=\u00a0\u00bb40px\u00a0\u00bb][\/vc_column][\/vc_row][vc_row css_animation=\u00a0\u00bbfadeIn\u00a0\u00bb][vc_column width=\u00a0\u00bb1\/6&Prime;][vc_single_image image=\u00a0\u00bb10510&Prime; img_size=\u00a0\u00bbmedium\u00a0\u00bb alignment=\u00a0\u00bbcenter\u00a0\u00bb onclick=\u00a0\u00bbcustom_link\u00a0\u00bb img_link_target=\u00a0\u00bb_blank\u00a0\u00bb css=\u00a0\u00bb\u00a0\u00bb link=\u00a0\u00bbhttps:\/\/www.carrefourfga.ca\/fr\/\u00a0\u00bb][vc_empty_space height=\u00a0\u00bb22px\u00a0\u00bb][\/vc_column][vc_column width=\u00a0\u00bb1\/6&Prime;][vc_single_image image=\u00a0\u00bb10509&Prime; img_size=\u00a0\u00bbmedium\u00a0\u00bb alignment=\u00a0\u00bbcenter\u00a0\u00bb onclick=\u00a0\u00bbcustom_link\u00a0\u00bb img_link_target=\u00a0\u00bb_blank\u00a0\u00bb css=\u00a0\u00bb\u00a0\u00bb link=\u00a0\u00bbhttps:\/\/www2.carrefourfga.com\/alexandrie\/index_fr_m.php\u00a0\u00bb][vc_empty_space height=\u00a0\u00bb22px\u00a0\u00bb][\/vc_column][vc_column width=\u00a0\u00bb1\/6&Prime;][vc_single_image image=\u00a0\u00bb10508&Prime; img_size=\u00a0\u00bbmedium\u00a0\u00bb alignment=\u00a0\u00bbcenter\u00a0\u00bb onclick=\u00a0\u00bbcustom_link\u00a0\u00bb img_link_target=\u00a0\u00bb_blank\u00a0\u00bb css=\u00a0\u00bb\u00a0\u00bb link=\u00a0\u00bbhttps:\/\/sites.google.com\/cssmi.qc.ca\/recitfga-english-school-boards\/home\u00a0\u00bb][vc_empty_space height=\u00a0\u00bb22px\u00a0\u00bb][\/vc_column][vc_column width=\u00a0\u00bb1\/6&Prime;][vc_single_image image=\u00a0\u00bb10511&Prime; img_size=\u00a0\u00bbmedium\u00a0\u00bb alignment=\u00a0\u00bbcenter\u00a0\u00bb onclick=\u00a0\u00bbcustom_link\u00a0\u00bb img_link_target=\u00a0\u00bb_blank\u00a0\u00bb css=\u00a0\u00bb\u00a0\u00bb link=\u00a0\u00bbhttps:\/\/www.pedagomosaique.com\/\u00a0\u00bb][vc_empty_space height=\u00a0\u00bb22px\u00a0\u00bb][\/vc_column][vc_column width=\u00a0\u00bb1\/6&Prime;][vc_single_image image=\u00a0\u00bb10390&Prime; img_size=\u00a0\u00bbmedium\u00a0\u00bb alignment=\u00a0\u00bbcenter\u00a0\u00bb onclick=\u00a0\u00bbcustom_link\u00a0\u00bb img_link_target=\u00a0\u00bb_blank\u00a0\u00bb css=\u00a0\u00bb\u00a0\u00bb link=\u00a0\u00bbhttps:\/\/sites.google.com\/cssmi.qc.ca\/apc-fga-fp\/accueil\u00a0\u00bb][vc_empty_space height=\u00a0\u00bb22px\u00a0\u00bb][\/vc_column][vc_column width=\u00a0\u00bb1\/6&Prime;][vc_single_image image=\u00a0\u00bb10513&Prime; img_size=\u00a0\u00bbmedium\u00a0\u00bb alignment=\u00a0\u00bbcenter\u00a0\u00bb onclick=\u00a0\u00bbcustom_link\u00a0\u00bb img_link_target=\u00a0\u00bb_blank\u00a0\u00bb css=\u00a0\u00bb\u00a0\u00bb link=\u00a0\u00bbhttps:\/\/www.carrefourfgafp.ca\/ServicesEducatifsComplementaires\/\u00a0\u00bb][vc_empty_space height=\u00a0\u00bb22px\u00a0\u00bb][\/vc_column][\/vc_row][vc_row][vc_column][vc_empty_space height=\u00a0\u00bb22px\u00a0\u00bb][\/vc_column][\/vc_row][vc_row css_animation=\u00a0\u00bbfadeIn\u00a0\u00bb css=\u00a0\u00bb.vc_custom_1771525422163{background-color: #296DFF !important;}\u00a0\u00bb][vc_column][vc_row_inner][vc_column_inner][vc_column_text css_animation=\u00a0\u00bbfadeIn\u00a0\u00bb css=\u00a0\u00bb\u00a0\u00bb]<\/p>\n<h2 style=\"text-align: center;\"><strong><span style=\"color: #ffffff;\">RESTEZ INFORM\u00c9S<\/span><\/strong><\/h2>\n<p>[\/vc_column_text][vc_empty_space height=\u00a0\u00bb22px\u00a0\u00bb][vc_column_text css=\u00a0\u00bb\u00a0\u00bb]<\/p>\n<h3 style=\"text-align: center;\"><span style=\"color: #ffffff;\"><strong>Si ce n\u2019est d\u00e9j\u00e0 fait, abonnez-vous \u00e0 l\u2019infolettre du R\u00c9CIT FGA pour \u00eatre les premiers inform\u00e9s.<br \/>\nPartagez avec vos coll\u00e8gues!<\/strong><\/span><\/h3>\n<p>[\/vc_column_text][vc_empty_space height=\u00a0\u00bb22px\u00a0\u00bb][\/vc_column_inner][\/vc_row_inner][vc_empty_space height=\u00a0\u00bb22px\u00a0\u00bb][vc_row_inner][vc_column_inner width=\u00a0\u00bb1\/6&Prime;][\/vc_column_inner][vc_column_inner width=\u00a0\u00bb1\/6&Prime;][\/vc_column_inner][vc_column_inner width=\u00a0\u00bb1\/6&Prime;][vc_btn title=\u00a0\u00bbAbonnez-vous\u00a0\u00bb style=\u00a0\u00bbclassic\u00a0\u00bb color=\u00a0\u00bbwarning\u00a0\u00bb size=\u00a0\u00bblg\u00a0\u00bb align=\u00a0\u00bbcenter\u00a0\u00bb css=\u00a0\u00bb\u00a0\u00bb link=\u00a0\u00bburl:https%3A%2F%2Fforms.office.com%2Fr%2FC3n1ZmZimg|target:_blank\u00a0\u00bb][\/vc_column_inner][vc_column_inner width=\u00a0\u00bb1\/6&Prime;][vc_btn title=\u00a0\u00bbSe d\u00e9sabonner\u00a0\u00bb style=\u00a0\u00bbclassic\u00a0\u00bb color=\u00a0\u00bbchino\u00a0\u00bb size=\u00a0\u00bblg\u00a0\u00bb align=\u00a0\u00bbcenter\u00a0\u00bb css=\u00a0\u00bb\u00a0\u00bb link=\u00a0\u00bburl:https%3A%2F%2Fforms.office.com%2Fr%2FC3n1ZmZimg|target:_blank\u00a0\u00bb][\/vc_column_inner][vc_column_inner width=\u00a0\u00bb1\/6&Prime;][\/vc_column_inner][vc_column_inner width=\u00a0\u00bb1\/6&Prime;][\/vc_column_inner][\/vc_row_inner][vc_empty_space height=\u00a0\u00bb22px\u00a0\u00bb][vc_column_text css=\u00a0\u00bb\u00a0\u00bb]<\/p>\n<h3 style=\"text-align: center;\"><strong><span style=\"color: #ffffff;\">Pour consulter les \u00e9ditions ant\u00e9rieures,\u00a0<\/span><span style=\"color: #000000;\"><a style=\"color: #000000;\" href=\"http:\/\/recitfga.ca\/infolettres\/\" target=\"_blank\" rel=\"noopener\">c&rsquo;est ici<\/a><\/span>\u00a0<span style=\"color: #ffffff;\">que \u00e7a se passe.<\/span><\/strong><\/h3>\n<p>[\/vc_column_text][vc_empty_space height=\u00a0\u00bb42px\u00a0\u00bb][\/vc_column][\/vc_row][vc_row css_animation=\u00a0\u00bbbounceInUp\u00a0\u00bb][vc_column][vc_single_image image=\u00a0\u00bb10395&Prime; img_size=\u00a0\u00bbfull\u00a0\u00bb alignment=\u00a0\u00bbcenter\u00a0\u00bb css=\u00a0\u00bb\u00a0\u00bb][vc_empty_space height=\u00a0\u00bb22px\u00a0\u00bb][vc_raw_html css=\u00a0\u00bb\u00a0\u00bb]JTNDY2VudGVyJTNFJTBEJTBBJTNDYSUyMGhyZWYlM0QlMjJodHRwJTNBJTJGJTJGcmVjaXRmZ2EuY2ElMkYlMjIlMjB0YXJnZXQlM0QlMjJfYmxhbmslMjIlMjBjbGFzcyUzRCUyMnZjX3NpbmdsZV9pbWFnZS13cmFwcGVyJTIwJTIwJTIwdmNfYm94X2JvcmRlcl9ncmV5JTIyJTNFJTBEJTBBJTNDaW1nJTIwd2lkdGglM0QlMjI0MHB4JTIyJTIwaGVpZ2h0JTNEJTIyNDBweCUyMiUyMHNyYyUzRCUyMmh0dHBzJTNBJTJGJTJGd3d3LmNhcnJlZm91cmZnYS5jYSUyRmZyJTJGd3AtY29udGVudCUyRnVwbG9hZHMlMkYyMDI2JTJGMDIlMkZmMTI2ZWYzYi00M2NkLWEyYzktZmI0YS0wZTk2OGYyOTc4NTQucG5nJTIyJTIwY2xhc3MlM0QlMjJ2Y19zaW5nbGVfaW1hZ2UtaW1nJTIwYXR0YWNobWVudC1mdWxsJTIyJTIwYWx0JTNEJTIyJTIyJTIwZGVjb2RpbmclM0QlMjJhc3luYyUyMiUyMHRpdGxlJTNEJTIyJTIyJTIwbG9hZGluZyUzRCUyMmxhenklMjIlMjAlMjB0YXJnZXQlM0QlMjJfYmxhbmslMjIlMjBjbGFzcyUzRCUyMnZjX3NpbmdsZV9pbWFnZS13cmFwcGVyJTIwJTIwJTIwdmNfYm94X2JvcmRlcl9ncmV5JTIyJTNFJTNDJTJGYSUzRSUyNm5ic3AlM0IlMjZuYnNwJTNCJTI2bmJzcCUzQiUwRCUwQSUwRCUwQSUwRCUwQSUzQ2ElMjBocmVmJTNEJTIyaHR0cHMlM0ElMkYlMkZ3d3cuZmFjZWJvb2suY29tJTJGcmVjaXRmZ2ElMjIlMjB0YXJnZXQlM0QlMjJfYmxhbmslMjIlMjBjbGFzcyUzRCUyMnZjX3NpbmdsZV9pbWFnZS13cmFwcGVyJTIwJTIwJTIwdmNfYm94X2JvcmRlcl9ncmV5JTIyJTNFJTBEJTBBJTNDaW1nJTIwd2lkdGglM0QlMjI0MHB4JTIyJTIwaGVpZ2h0JTNEJTIyNDBweCUyMiUyMHNyYyUzRCUyMmh0dHBzJTNBJTJGJTJGd3d3LmNhcnJlZm91cmZnYS5jYSUyRmZyJTJGd3AtY29udGVudCUyRnVwbG9hZHMlMkYyMDI2JTJGMDIlMkY1NmNlOGQ3Yi1hNDJmLTAzMzEtYTBmYi00MGY2ZTU0M2I3MzYucG5nJTIyJTIwY2xhc3MlM0QlMjJ2Y19zaW5nbGVfaW1hZ2UtaW1nJTIwYXR0YWNobWVudC1mdWxsJTIyJTIwYWx0JTNEJTIyJTIyJTIwZGVjb2RpbmclM0QlMjJhc3luYyUyMiUyMHRpdGxlJTNEJTIyJTIyJTIwbG9hZGluZyUzRCUyMmxhenklMjIlMjAlMjAlM0UlM0MlMkZhJTNFJTI2bmJzcCUzQiUyNm5ic3AlM0IlMjZuYnNwJTNCJTBEJTBBJTBEJTBBJTNDYSUyMGhyZWYlM0QlMjJodHRwcyUzQSUyRiUyRnd3dy5saW5rZWRpbi5jb20lMkZpbiUyRnJlY2l0ZmdhJTJGJTIyJTIwdGFyZ2V0JTNEJTIyX2JsYW5rJTIyJTIwY2xhc3MlM0QlMjJ2Y19zaW5nbGVfaW1hZ2Utd3JhcHBlciUyMCUyMCUyMHZjX2JveF9ib3JkZXJfZ3JleSUyMiUzRSUzQ2ltZyUyMHdpZHRoJTNEJTIyNDBweCUyMiUyMGhlaWdodCUzRCUyMjQwcHglMjIlMjBzcmMlM0QlMjJodHRwcyUzQSUyRiUyRnd3dy5jYXJyZWZvdXJmZ2EuY2ElMkZmciUyRndwLWNvbnRlbnQlMkZ1cGxvYWRzJTJGMjAyNiUyRjAyJTJGMjVkYzdlY2QtYmExYi02OWRkLTJmYjAtYjA2MjdhODYyMjg2LnBuZyUyMiUyMGNsYXNzJTNEJTIydmNfc2luZ2xlX2ltYWdlLWltZyUyMGF0dGFjaG1lbnQtZnVsbCUyMiUyMGFsdCUzRCUyMiUyMiUyMGRlY29kaW5nJTNEJTIyYXN5bmMlMjIlMjB0aXRsZSUzRCUyMiUyMiUyMGxvYWRpbmclM0QlMjJsYXp5JTIyJTIwJTIwJTNFJTNDJTJGYSUzRSUyNm5ic3AlM0IlMjZuYnNwJTNCJTI2bmJzcCUzQiUwRCUwQSUwRCUwQSUzQ2ElMjBocmVmJTNEJTIyaHR0cHMlM0ElMkYlMkZ3d3cueW91dHViZS5jb20lMkZjaGFubmVsJTJGVUNGa3hBOVNtOGlFeVhpT19aVDIzcVZnJTIyJTIwdGFyZ2V0JTNEJTIyX2JsYW5rJTIyJTIwY2xhc3MlM0QlMjJ2Y19zaW5nbGVfaW1hZ2Utd3JhcHBlciUyMCUyMCUyMHZjX2JveF9ib3JkZXJfZ3JleSUyMiUzRSUzQ2ltZyUyMHdpZHRoJTNEJTIyNDBweCUyMiUyMGhlaWdodCUzRCUyMjQwcHglMjIlMjBzcmMlM0QlMjJodHRwcyUzQSUyRiUyRnd3dy5jYXJyZWZvdXJmZ2EuY2ElMkZmciUyRndwLWNvbnRlbnQlMkZ1cGxvYWRzJTJGMjAyNiUyRjAyJTJGZDE1MmQwMTMtZDIxZC1iOGJjLWQ2ODAtY2EzMTU0YzU1NDFiLnBuZyUyMiUyMGNsYXNzJTNEJTIydmNfc2luZ2xlX2ltYWdlLWltZyUyMGF0dGFjaG1lbnQtZnVsbCUyMiUyMGFsdCUzRCUyMiUyMiUyMGRlY29kaW5nJTNEJTIyYXN5bmMlMjIlMjB0aXRsZSUzRCUyMiUyMiUyMGxvYWRpbmclM0QlMjJsYXp5JTIyJTIwJTIwJTIwJTNFJTNDJTJGYSUzRSUzQyUyRmNlbnRlciUzRQ==[\/vc_raw_html][vc_empty_space height=\u00a0\u00bb22px\u00a0\u00bb][vc_column_text css=\u00a0\u00bb\u00a0\u00bb]<\/p>\n<p style=\"text-align: center;\">CC\u00a0<a href=\"https:\/\/creativecommons.org\/licenses\/by-nc-sa\/4.0\/\" target=\"_blank\" rel=\"noopener\">BY-NC-SA 4.0<\/a> \u00a9 2019-2026 R\u00c9CIT FGA<br \/>\n<a href=\"https:\/\/creativecommons.org\/licenses\/by-nc-sa\/4.0\/\" target=\"_blank\" rel=\"noopener\"><img decoding=\"async\" loading=\"lazy\" src=\"https:\/\/gallery.mailchimp.com\/c382b966019fb97aba9212934\/images\/9eeed8cf-602b-46ad-8293-10f4f58dbc8c.png\" width=\"60\" height=\"20\" \/><\/a><\/p>\n<p>[\/vc_column_text][vc_empty_space height=\u00a0\u00bb22px\u00a0\u00bb][\/vc_column][\/vc_row]<\/p>\n<\/div>","protected":false},"excerpt":{"rendered":"<p>[vc_row full_width=\u00a0\u00bbstretch_row\u00a0\u00bb css_animation=\u00a0\u00bbfadeIn\u00a0\u00bb css=\u00a0\u00bb.vc_custom_1776172127622{padding-top: 100px !important;padding-right: 100px !important;padding-bottom: 100px !important;padding-left: 100px !important;background-image: url(http:\/\/www.carrefourfga.ca\/fr\/wp-content\/uploads\/2026\/04\/AdobeStock_745449779-scaled.jpeg?id=11411) !important;background-position: center !important;background-repeat: [&hellip;]<\/p>\n","protected":false},"author":9,"featured_media":0,"parent":0,"menu_order":0,"comment_status":"closed","ping_status":"closed","template":"","meta":{"footnotes":"","_links_to":"","_links_to_target":""},"_links":{"self":[{"href":"https:\/\/www.carrefourfga.ca\/fr\/wp-json\/wp\/v2\/pages\/11404"}],"collection":[{"href":"https:\/\/www.carrefourfga.ca\/fr\/wp-json\/wp\/v2\/pages"}],"about":[{"href":"https:\/\/www.carrefourfga.ca\/fr\/wp-json\/wp\/v2\/types\/page"}],"author":[{"embeddable":true,"href":"https:\/\/www.carrefourfga.ca\/fr\/wp-json\/wp\/v2\/users\/9"}],"replies":[{"embeddable":true,"href":"https:\/\/www.carrefourfga.ca\/fr\/wp-json\/wp\/v2\/comments?post=11404"}],"version-history":[{"count":15,"href":"https:\/\/www.carrefourfga.ca\/fr\/wp-json\/wp\/v2\/pages\/11404\/revisions"}],"predecessor-version":[{"id":11430,"href":"https:\/\/www.carrefourfga.ca\/fr\/wp-json\/wp\/v2\/pages\/11404\/revisions\/11430"}],"wp:attachment":[{"href":"https:\/\/www.carrefourfga.ca\/fr\/wp-json\/wp\/v2\/media?parent=11404"}],"curies":[{"name":"wp","href":"https:\/\/api.w.org\/{rel}","templated":true}]}}