{"id":11350,"date":"2026-04-08T08:51:27","date_gmt":"2026-04-08T13:51:27","guid":{"rendered":"https:\/\/www.carrefourfga.ca\/fr\/?page_id=11350"},"modified":"2026-04-21T09:40:39","modified_gmt":"2026-04-21T14:40:39","slug":"calendrier-2025-2026","status":"publish","type":"page","link":"https:\/\/www.carrefourfga.ca\/fr\/calendrier-2025-2026\/","title":{"rendered":"Calendrier 2025-2026"},"content":{"rendered":"<div class=\"wpb-content-wrapper\"><p>[vc_row bk_type=\u00a0\u00bbverve_full_row\u00a0\u00bb el_class=\u00a0\u00bbpetit_texte\u00a0\u00bb custom_css=\u00a0\u00bbmargin:30px; padding-right:50px;\u00a0\u00bb css=\u00a0\u00bb.vc_custom_1556544163835{margin-top: 15px !important;}\u00a0\u00bb][vc_column width=\u00a0\u00bb1\/5&Prime;][vc_tta_accordion active_section=\u00a0\u00bb1&Prime; collapsible_all=\u00a0\u00bbtrue\u00a0\u00bb][vc_tta_section title=\u00a0\u00bbSeptembre\u00a0\u00bb tab_id=\u00a0\u00bb1538505026747-92be128c-3d2c\u00a0\u00bb][vc_column_text css=\u00a0\u00bb\u00a0\u00bb]<\/p>\n<h5>I N F O L E T T R E S<\/h5>\n<p><sup>18 sept.<\/sup> <a href=\"https:\/\/mailchi.mp\/d5f57415e482\/septembre2025-8347019?e=6ab4919ab9\" target=\"_blank\" rel=\"noopener\">Carrefour FGA<\/a><\/p>\n<p><sup>24 sept.<\/sup>\u00a0 <a href=\"https:\/\/mailchi.mp\/b443a212bdcc\/speciale_septembre2025-8347112?e=6ab4919ab9\" target=\"_blank\" rel=\"noopener\">Sp\u00e9ciale Carrefour FGA<\/a><br \/>\n<sup>26 sept.<\/sup> <a href=\"https:\/\/mailchi.mp\/015508290fdb\/english-community-sept2025-12750340\" target=\"_blank\" rel=\"noopener\">English Community Newsletter<\/a><br \/>\n<sup>26 sept.<\/sup> <a href=\"https:\/\/mailchi.mp\/e9b4aae3942a\/recitfga_sept2025-17445723\" target=\"_blank\" rel=\"noopener\">R\u00c9CIT FGA<\/a><\/p>\n<p><sup>30 sept.<\/sup> <a href=\"https:\/\/mailchi.mp\/carrefourfga\/infolettre-sarca-septembre2025-18248835\" target=\"_blank\" rel=\"noopener\">SARCA<\/a><\/p>\n<h5>Webinaires<\/h5>\n<p>[\/vc_column_text][\/vc_tta_section][\/vc_tta_accordion][\/vc_column][vc_column width=\u00a0\u00bb1\/5&Prime;][vc_tta_accordion active_section=\u00a0\u00bb1&Prime; collapsible_all=\u00a0\u00bbtrue\u00a0\u00bb][vc_tta_section title=\u00a0\u00bbOctobre\u00a0\u00bb tab_id=\u00a0\u00bb1629216242183-784e40ab-1f6f\u00a0\u00bb][vc_column_text css=\u00a0\u00bb\u00a0\u00bb]<\/p>\n<h5>I N F O L E T T R E S<\/h5>\n<p><sup>9 oct.<\/sup> <a href=\"https:\/\/mailchi.mp\/038309003da4\/octobre2025-8347322?e=%5BUNIQID%5D\" target=\"_blank\" rel=\"noopener\">Carrefour FGA<\/a><\/p>\n<p><sup>16 oct.<\/sup> <a href=\"https:\/\/mailchi.mp\/ef06e3b94d6f\/infolettre-sec-oct2025-13278934\" target=\"_blank\" rel=\"noopener\">SEC<\/a><br \/>\n<sup>28 oct.<\/sup> <a href=\"https:\/\/mailchi.mp\/b3ea8152c7c1\/english-community-oct2025-12751043?e=a5bec71d0d\" target=\"_blank\" rel=\"noopener\">English Community Newsletter<\/a><\/p>\n<p><sup>31 oct.<\/sup> <a href=\"https:\/\/mailchi.mp\/affd629a5f8b\/recitfga_oct2025-17446671\" target=\"_blank\" rel=\"noopener\">R\u00c9CIT FGA<\/a><\/p>\n<h5>Webinaires<\/h5>\n<p><sup>2 oct.<\/sup> <a href=\"https:\/\/www.youtube.com\/watch?v=kQiKq484nwA\" target=\"_blank\" rel=\"noopener\">Quand la TEVA s&rsquo;invite \u00e0 la FGA et \u00e0 la FP<\/a><br \/>\n<sup>23 oct.<\/sup> <a href=\"https:\/\/www.youtube.com\/watch?v=hxL0KlJ6MTc\" target=\"_blank\" rel=\"noopener\">EDI Webinar Series &#8211; Building Inclusive Adult Education Environments<\/a>[\/vc_column_text][\/vc_tta_section][\/vc_tta_accordion][\/vc_column][vc_column width=\u00a0\u00bb1\/5&Prime;][vc_tta_accordion active_section=\u00a0\u00bb1&Prime; collapsible_all=\u00a0\u00bbtrue\u00a0\u00bb][vc_tta_section title=\u00a0\u00bbNovembre\u00a0\u00bb tab_id=\u00a0\u00bb1539109672422-0a94875b-633f\u00a0\u00bb][vc_column_text css=\u00a0\u00bb\u00a0\u00bb]<\/p>\n<h5>I N F O L E T T R E S<\/h5>\n<p><sup>13 nov.<\/sup> <a href=\"https:\/\/mailchi.mp\/ef47eb036790\/novembre2025-8347852\" target=\"_blank\" rel=\"noopener\">Carrefour FGA<\/a><br \/>\n<sup>20 nov.<\/sup> <a href=\"https:\/\/mailchi.mp\/c69c154432df\/recitfga_nov2025-17447266?e=c9565a7fdd\" target=\"_blank\" rel=\"noopener\">R\u00c9CIT FGA<\/a><br \/>\n<sup>25 nov.<\/sup> <a href=\"https:\/\/mailchi.mp\/aa4f54f9c1af\/english-community-nov2025-12751490?e=b495e79706\" target=\"_blank\" rel=\"noopener\">English Community Newsletter<\/a><\/p>\n<h5>Webinaires<\/h5>\n<p><sup>6 nov.<\/sup> <a href=\"https:\/\/www.youtube.com\/watch?v=HJi4EeA_-FE\" target=\"_blank\" rel=\"noopener\">Webinaire SEC &#8211; Comprendre et soutenir la comp\u00e9tence \u00e9motionnelle chez les \u00e9l\u00e8ves de la FP et FGA<\/a><br \/>\n<sup>6 nov.<\/sup> <a href=\"https:\/\/www.youtube.com\/watch?v=Jnf2NNeEXoo\" target=\"_blank\" rel=\"noopener\">NMW &#8211; Experiential Mathematics: Bringing Concepts to Life in the Adult Classroom<\/a><br \/>\n<sup>12 nov.<\/sup> <a href=\"http:\/\/youtube.com\/watch?si=k8ipqvsFqoJQrcCT&amp;v=tTCphfU0kXE&amp;feature=youtu.be\" target=\"_blank\" rel=\"noopener\">Rendez-vous SARCA &#8211; d\u00e9pistage pr\u00e9coce des facteurs d&rsquo;abandon en FGA-FP avec l&rsquo;outil PerfoR\u00e9ussite<\/a><br \/>\n<sup>13 nov.<\/sup> <a href=\"http:\/\/youtube.com\/watch?v=cmm48It1gEQ&amp;feature=youtu.be\" target=\"_blank\" rel=\"noopener\">EDI &#8211; Weninar Series &#8211; Building Inlusive Adult Education Environnements<\/a><br \/>\n<sup>20 nov.<\/sup> <a href=\"https:\/\/www.youtube.com\/watch?v=6bq-sa0wmTE\" target=\"_blank\" rel=\"noopener\">Math\u00e9matique exp\u00e9rientiel : rendre les concepts math\u00e9matiques vivants dans nos classes<\/a>[\/vc_column_text][vc_column_text][\/vc_column_text][\/vc_tta_section][\/vc_tta_accordion][\/vc_column][vc_column width=\u00a0\u00bb1\/5&Prime;][vc_tta_accordion active_section=\u00a0\u00bb1&Prime; collapsible_all=\u00a0\u00bbtrue\u00a0\u00bb][vc_tta_section title=\u00a0\u00bbD\u00e9cembre\u00a0\u00bb tab_id=\u00a0\u00bb1538502804653-411e9328-78ab\u00a0\u00bb][vc_column_text css=\u00a0\u00bb\u00a0\u00bb]<\/p>\n<h5>I N F O L E T T R E S<\/h5>\n<p><sup>05 d\u00e9c.<\/sup> <a href=\"https:\/\/mailchi.mp\/13560cbca733\/decembre2025-8348205?e=6ab4919ab9\" target=\"_blank\" rel=\"noopener\">Carrefour FGA<\/a><br \/>\n<sup>16 d\u00e9c.<\/sup> <a href=\"https:\/\/us21.campaign-archive.com\/?u=694417cbf0d19889457445191&amp;id=e454c511fb\" target=\"_blank\" rel=\"noopener\">English Community Newsletter<\/a><br \/>\n<sup>17 d\u00e9c.<\/sup> <a href=\"https:\/\/mailchi.mp\/carrefourfga\/infolettre-sarca-decembre2025-18250142?e=425d7d3c2e\" target=\"_blank\" rel=\"noopener\">R\u00c9CIT FGA<\/a><\/p>\n<h5>Webinaires<\/h5>\n<p><sup>04 d\u00e9c.<\/sup> <a href=\"https:\/\/www.youtube.com\/watch?v=C_D7VMnQBYY\" target=\"_blank\" rel=\"noopener\">Webinaire SEC &#8211; Jeunes adultes et consommation: INtervenir dans une approche de r\u00e9duction de risques<\/a>[\/vc_column_text][\/vc_tta_section][\/vc_tta_accordion][\/vc_column][vc_column width=\u00a0\u00bb1\/5&Prime;][vc_tta_accordion active_section=\u00a0\u00bb1&Prime; collapsible_all=\u00a0\u00bbtrue\u00a0\u00bb][vc_tta_section title=\u00a0\u00bbJanvier\u00a0\u00bb tab_id=\u00a0\u00bb1539109674205-6d6beb9d-42bc\u00a0\u00bb][vc_column_text css=\u00a0\u00bb\u00a0\u00bb]<\/p>\n<h5>I N F O L E T T R E S<\/h5>\n<p><sup>14 jan.<\/sup> <a href=\"https:\/\/mailchi.mp\/682f3f8390fc\/infolettre-sec-janv2026-13279661?e=8a52326332\" target=\"_blank\" rel=\"noopener\">SEC<\/a><\/p>\n<p><sup>22 jan.<\/sup> <a href=\"https:\/\/mailchi.mp\/460790be0b6c\/janvier2026-8348759\" target=\"_blank\" rel=\"noopener\">Carrefour FGA<\/a><br \/>\n<sup>23 jan.<\/sup> <a href=\"https:\/\/mailchi.mp\/d004bc34e71f\/recitfga_janv2026-17448879\" target=\"_blank\" rel=\"noopener\">R\u00c9CIT FGA<\/a><\/p>\n<p><sup>27 jan.<\/sup> <a href=\"https:\/\/mailchi.mp\/a0c10c31f33c\/english-community-jan2026-12752693?e=a5bec71d0d\" target=\"_blank\" rel=\"noopener\">English Community Newsletter<\/a><\/p>\n<h5>Webinaires<\/h5>\n<p><sup>22 jan.<\/sup> <a href=\"https:\/\/www.youtube.com\/watch?v=16skHfwegtQ\" target=\"_blank\" rel=\"noopener\">SEC Webinar &#8211; ASD and Sexuality<\/a><br \/>\n<sup>29 jan.<\/sup> <a href=\"https:\/\/www.youtube.com\/watch?v=HwHC6vtGscg\" target=\"_blank\" rel=\"noopener\">Webinaire SEC &#8211; L&rsquo;art de la collaboration : Strat\u00e9gies gagnantes pour les \u00e9quipes multidisciplinaires<\/a>[\/vc_column_text][\/vc_tta_section][\/vc_tta_accordion][\/vc_column][\/vc_row][vc_row bk_type=\u00a0\u00bbverve_full_row\u00a0\u00bb el_class=\u00a0\u00bbpetit_texte\u00a0\u00bb custom_css=\u00a0\u00bbmargin:30px; padding-right:50px;\u00a0\u00bb css=\u00a0\u00bb.vc_custom_1556544163835{margin-top: 15px !important;}\u00a0\u00bb][vc_column width=\u00a0\u00bb1\/5&Prime;][vc_tta_accordion active_section=\u00a0\u00bb1&Prime; collapsible_all=\u00a0\u00bbtrue\u00a0\u00bb][vc_tta_section title=\u00a0\u00bbF\u00e9vrier\u00a0\u00bb tab_id=\u00a0\u00bb1732641645405-ffbf4686-f3b0&Prime;][vc_column_text css=\u00a0\u00bb\u00a0\u00bb]<\/p>\n<h5>I N F O L E T T R E S<\/h5>\n<p><sup>12 f\u00e9v.<\/sup> <a href=\"https:\/\/mailchi.mp\/4a28c8219eb9\/fevrier2026-8349107?e=6ab4919ab9\" target=\"_blank\" rel=\"noopener\">Carrefour FGA<\/a><br \/>\n<sup>23 f\u00e9v.<\/sup> <a href=\"https:\/\/www.carrefourfga.ca\/fr\/infolettre-recitfga-fevrier-2026\/\" target=\"_blank\" rel=\"noopener\">R\u00c9CIT FGA<\/a><\/p>\n<p><sup>27 f\u00e9v.<\/sup> <a href=\"https:\/\/www.carrefourfga.ca\/fr\/age-community-february-2026\/\" target=\"_blank\" rel=\"noopener\">English Community Newsletter<\/a><\/p>\n<h5>Webinaires<\/h5>\n<p><sup>10 f\u00e9v.<\/sup> <a href=\"https:\/\/www.youtube.com\/watch?v=Cwr5eowOsbY\" target=\"_blank\" rel=\"noopener\">Rendez-vous SARCA &#8211; Lancement du nouveau site pour les services nationaux SARCA et la nouvelle communaut\u00e9 Acceuil 1er niveau<\/a><br \/>\n<sup>12 f\u00e9v.<\/sup> <a href=\"https:\/\/www.youtube.com\/watch?v=yBHRFW1AY2o\" target=\"_blank\" rel=\"noopener\">Webinaires SEC &#8211; Violence \u00e9ducative ordinaire, c&rsquo;est l&rsquo;affaire de tous, mais \u00e7a commence par soi<\/a><br \/>\n<sup>12 f\u00e9v.<\/sup> <a href=\"https:\/\/www.youtube.com\/watch?v=TGOG-YdhOcM\" target=\"_blank\" rel=\"noopener\">FMN &#8211; Math\u00e9motion<\/a><br \/>\n<sup>20 f\u00e9v.<\/sup> <a title=\"Webinaire SEC-SARCA - Soutien aux \u00e9l\u00e8ves internationaux\" href=\"https:\/\/www.youtube.com\/watch?v=IRB27b1MNGk\" target=\"_blank\" rel=\"noopener\">MNW &#8211; Mathemotion<\/a>[\/vc_column_text][\/vc_tta_section][\/vc_tta_accordion][\/vc_column][vc_column width=\u00a0\u00bb1\/5&Prime;][vc_tta_accordion active_section=\u00a0\u00bb1&Prime; collapsible_all=\u00a0\u00bbtrue\u00a0\u00bb][vc_tta_section title=\u00a0\u00bbMars\u00a0\u00bb tab_id=\u00a0\u00bb1732641645421-16964a23-4b01&Prime;][vc_column_text css=\u00a0\u00bb\u00a0\u00bb]<\/p>\n<h5>C O N G R \u00c8 S<\/h5>\n<p><sup>18-19-20 mar.<\/sup><br \/>\n<a href=\"https:\/\/www.institutta.com\/51e-congres-annuel-en-ligne-programme\" target=\"_blank\" rel=\"noopener\"><strong>51e Congr\u00e8s en \u00e9ducation inclusive (en ligne)<\/strong><\/a><\/p>\n<h5>I N F O L E T T R E S<\/h5>\n<p><sup>10 mars<\/sup> <a href=\"https:\/\/www.carrefourfga.ca\/fr\/infolettre-sarca-mars2026\/\" target=\"_blank\" rel=\"noopener\">SARCA<\/a><\/p>\n<p><sup>19 mars<\/sup> <a href=\"https:\/\/www.carrefourfga.ca\/fr\/infolettre-carrefour-mars-2026\/\" target=\"_blank\" rel=\"noopener\">Carrefour FGA<\/a><br \/>\n<sup>24 mars<\/sup> <a href=\"https:\/\/www.carrefourfga.ca\/fr\/infolettre-sec-mars-2026\/\" target=\"_blank\" rel=\"noopener\">SEC<\/a><br \/>\n<sup>26 mars<\/sup> <a href=\"https:\/\/www.carrefourfga.ca\/fr\/infolettre-recit-mars-2026\/\" target=\"_blank\" rel=\"noopener\">R\u00c9CIT FGA<\/a><br \/>\n<sup>31 mars<\/sup> <a href=\"https:\/\/www.carrefourfga.ca\/fr\/age-community-march-2026\/\" target=\"_blank\" rel=\"noopener\">English Community Newsletter<\/a><\/p>\n<h5>Webinaires<\/h5>\n<p><sup>16 mars<\/sup> <a href=\"https:\/\/www.youtube.com\/watch?v=OV9c7RHyTrk\" target=\"_blank\" rel=\"noopener\">FNM &#8211; Le mod\u00e8le de la Tour, un levier pour \u00e9tablir les bases du sens du nombre<\/a><br \/>\n<sup>25 mars<\/sup> Webinaire SEC &#8211; FP-FGA : Soutenir l&rsquo;\u00e9quilibre des \u00e9l\u00e8ves entre travail, \u00e9tude et vie personnelle[\/vc_column_text][\/vc_tta_section][\/vc_tta_accordion][\/vc_column][vc_column width=\u00a0\u00bb1\/5&Prime;][vc_tta_accordion active_section=\u00a0\u00bb1&Prime; collapsible_all=\u00a0\u00bbtrue\u00a0\u00bb][vc_tta_section title=\u00a0\u00bbAvril\u00a0\u00bb tab_id=\u00a0\u00bb1732641645433-df728f5e-87dd\u00a0\u00bb][vc_column_text css=\u00a0\u00bb\u00a0\u00bb]<\/p>\n<h5>C O N G R \u00c8 S<\/h5>\n<p><sup>09 avr.<\/sup><br \/>\n<a href=\"https:\/\/aqifga.com\/congres2026\/\" target=\"_blank\" rel=\"noopener\"><strong>Journ\u00e9e r\u00e9seautage de l\u2019AQIFGA<\/strong><\/a><br \/>\n<sup>22 avr.<\/sup><br \/>\n<a href=\"https:\/\/aqifga.com\/congres2026\/\" target=\"_blank\" rel=\"noopener\"><strong>Congr\u00e8s de l\u2019AQIFGA \u00e0 Ste-Hyacinthe<\/strong><\/a><br \/>\n<sup>23-24 avr.<\/sup><br \/>\n<a href=\"https:\/\/www.aquops.qc.ca\/fr\/programmation\" target=\"_blank\" rel=\"noopener\"><strong>Colloque de l\u2019AQUOPS \u00e0 Qu\u00e9bec<\/strong><\/a><\/p>\n<p><sup>31 mars au 2 avril<\/sup><\/p>\n<h5>I N F O L E T T R E S<\/h5>\n<p><sup>9 avr.<\/sup> <a href=\"https:\/\/www.carrefourfga.ca\/fr\/infolettre-carrefour-avril-2026\/\" target=\"_blank\" rel=\"noopener\">Carrefour FGA<\/a><br \/>\n<sup>\u00a0avr.<\/sup> R\u00c9CIT FGA &#8211; Revue<br \/>\n<sup>\u00a0avr.<\/sup> English Community Newsletter<\/p>\n<h5>Webinaires<\/h5>\n<p>[\/vc_column_text][\/vc_tta_section][\/vc_tta_accordion][\/vc_column][vc_column width=\u00a0\u00bb1\/5&Prime;][vc_tta_accordion active_section=\u00a0\u00bb1&Prime; collapsible_all=\u00a0\u00bbtrue\u00a0\u00bb][vc_tta_section title=\u00a0\u00bbMai\u00a0\u00bb tab_id=\u00a0\u00bb1732641645450-5ce0459d-212f\u00a0\u00bb][vc_column_text css=\u00a0\u00bb\u00a0\u00bb]<\/p>\n<h5>C O N G R \u00c8 S<\/h5>\n<p><sup>27 mai.\u00a0<\/sup><del><\/del><a href=\"https:\/\/www.treaq.ca\/colloque\/colloques-precedents\/colloque-2026\/\">Colloque &#8211; JNSAE 2026<\/a><\/p>\n<h5>I N F O L E T T R E S<\/h5>\n<p><sup>\u00a0mai<\/sup> Carrefour FGA<br \/>\n<sup>\u00a0mai<\/sup> R\u00c9CIT FGA<br \/>\n<sup>\u00a0mai<\/sup> SARCA<br \/>\n<sup>\u00a0mai<\/sup> English Community Newsletter<\/p>\n<h5>Webinaires<\/h5>\n<p><sup>5 mai<\/sup> Webinaire SEC &#8211; Accomapgner des \u00e9quipes-centres: Le r\u00f4le-conseil des SEC au coeur du changement[\/vc_column_text][\/vc_tta_section][\/vc_tta_accordion][\/vc_column][vc_column width=\u00a0\u00bb1\/5&Prime;][vc_tta_accordion active_section=\u00a0\u00bb1&Prime; collapsible_all=\u00a0\u00bbtrue\u00a0\u00bb][vc_tta_section title=\u00a0\u00bbJuin\u00a0\u00bb tab_id=\u00a0\u00bb1732641645461-55027b63-b66b\u00a0\u00bb][vc_column_text css=\u00a0\u00bb\u00a0\u00bb]<\/p>\n<h5>I N F O L E T T R E S<\/h5>\n<p><sup>\u00a0juin<\/sup> SEC<br \/>\n<sup>\u00a0juin<\/sup> Carrefour FGA<br \/>\n<sup>\u00a0juin<\/sup> English Community Newsletter<br \/>\n<sup>\u00a0juin<\/sup> R\u00c9CIT FGA<\/p>\n<h5>Webinaires<\/h5>\n<p>[\/vc_column_text][vc_empty_space height=\u00a0\u00bb22px\u00a0\u00bb][vc_single_image image=\u00a0\u00bb3226&Prime; img_size=\u00a0\u00bbfull\u00a0\u00bb][\/vc_tta_section][\/vc_tta_accordion][\/vc_column][\/vc_row][vc_row][vc_column][vc_column_text]<\/p>\n<p>[\/vc_column_text][\/vc_column][\/vc_row][vc_row][vc_column][vc_column_text]<br \/>\n[\/vc_column_text][\/vc_column][\/vc_row][vc_row][vc_column][vc_column_text][\/vc_column_text][\/vc_column][\/vc_row][vc_row][vc_column width=\u00a0\u00bb1\/3&Prime;][\/vc_column][vc_column width=\u00a0\u00bb1\/3&Prime;][\/vc_column][vc_column width=\u00a0\u00bb1\/3&Prime;][\/vc_column][\/vc_row][vc_row][vc_column][vc_column_text]<\/p>\n<p>[\/vc_column_text][\/vc_column][\/vc_row]<\/p>\n<\/div>","protected":false},"excerpt":{"rendered":"<p>[vc_row bk_type=\u00a0\u00bbverve_full_row\u00a0\u00bb el_class=\u00a0\u00bbpetit_texte\u00a0\u00bb custom_css=\u00a0\u00bbmargin:30px; padding-right:50px;\u00a0\u00bb css=\u00a0\u00bb.vc_custom_1556544163835{margin-top: 15px !important;}\u00a0\u00bb][vc_column width=\u00a0\u00bb1\/5&Prime;][vc_tta_accordion active_section=\u00a0\u00bb1&Prime; collapsible_all=\u00a0\u00bbtrue\u00a0\u00bb][vc_tta_section title=\u00a0\u00bbSeptembre\u00a0\u00bb tab_id=\u00a0\u00bb1538505026747-92be128c-3d2c\u00a0\u00bb][vc_column_text css=\u00a0\u00bb\u00a0\u00bb] I N [&hellip;]<\/p>\n","protected":false},"author":1,"featured_media":0,"parent":0,"menu_order":0,"comment_status":"closed","ping_status":"closed","template":"full-width.php","meta":{"footnotes":"","_links_to":"","_links_to_target":""},"_links":{"self":[{"href":"https:\/\/www.carrefourfga.ca\/fr\/wp-json\/wp\/v2\/pages\/11350"}],"collection":[{"href":"https:\/\/www.carrefourfga.ca\/fr\/wp-json\/wp\/v2\/pages"}],"about":[{"href":"https:\/\/www.carrefourfga.ca\/fr\/wp-json\/wp\/v2\/types\/page"}],"author":[{"embeddable":true,"href":"https:\/\/www.carrefourfga.ca\/fr\/wp-json\/wp\/v2\/users\/1"}],"replies":[{"embeddable":true,"href":"https:\/\/www.carrefourfga.ca\/fr\/wp-json\/wp\/v2\/comments?post=11350"}],"version-history":[{"count":5,"href":"https:\/\/www.carrefourfga.ca\/fr\/wp-json\/wp\/v2\/pages\/11350\/revisions"}],"predecessor-version":[{"id":11445,"href":"https:\/\/www.carrefourfga.ca\/fr\/wp-json\/wp\/v2\/pages\/11350\/revisions\/11445"}],"wp:attachment":[{"href":"https:\/\/www.carrefourfga.ca\/fr\/wp-json\/wp\/v2\/media?parent=11350"}],"curies":[{"name":"wp","href":"https:\/\/api.w.org\/{rel}","templated":true}]}}