{"id":13396,"date":"2014-03-24T10:54:51","date_gmt":"2014-03-24T10:54:51","guid":{"rendered":"http:\/\/demo.qodeinteractive.com\/bridge7\/?page_id=13396"},"modified":"2024-12-03T17:11:59","modified_gmt":"2024-12-03T17:11:59","slug":"provincial","status":"publish","type":"page","link":"https:\/\/www.carrefourfga.ca\/SMC\/provincial\/","title":{"rendered":"Provincial"},"content":{"rendered":"<section class=\"wpb-content-wrapper\"><p>[vc_row css_animation=\u00a0\u00bb\u00a0\u00bb row_type=\u00a0\u00bbrow\u00a0\u00bb use_row_as_full_screen_section=\u00a0\u00bbno\u00a0\u00bb type=\u00a0\u00bbgrid\u00a0\u00bb angled_section=\u00a0\u00bbno\u00a0\u00bb text_align=\u00a0\u00bbleft\u00a0\u00bb background_image_as_pattern=\u00a0\u00bbwithout_pattern\u00a0\u00bb background_color=\u00a0\u00bb#ffffff\u00a0\u00bb padding_top=\u00a0\u00bb87&Prime; padding_bottom=\u00a0\u00bb0&Prime;][vc_column][vc_row_inner row_type=\u00a0\u00bbrow\u00a0\u00bb type=\u00a0\u00bbfull_width\u00a0\u00bb text_align=\u00a0\u00bbleft\u00a0\u00bb css_animation=\u00a0\u00bb\u00a0\u00bb][vc_column_inner width=\u00a0\u00bb1\/2&Prime;][vc_column_text]<\/p>\n<h4 style=\"text-align: center;\">LA COORDINATION PROVINCIALE DES SERVICES \u00c9DUCATIFS\u00a0EN MILIEU CARC\u00c9RAL PROVINCIAL<\/h4>\n<p>[\/vc_column_text][vc_separator type=\u00a0\u00bbsmall\u00a0\u00bb position=\u00a0\u00bbcenter\u00a0\u00bb up=\u00a0\u00bb7&Prime; down=\u00a0\u00bb38&Prime;][vc_column_text]Depuis les ann\u00e9es 2000, un protocole d\u2019entente entre le minist\u00e8re de l\u2019\u00c9ducation et de l\u2019Enseignement sup\u00e9rieur (MEES) et le minist\u00e8re de la S\u00e9curit\u00e9 publique (MSP) guide les deux minist\u00e8res sur la nature et les objectifs des services \u00e9ducatifs dans les centres de d\u00e9tention du Qu\u00e9bec.<\/p>\n<p>Plusieurs acteurs sont mis \u00e0 contribution pour assurer l\u2019application du protocole d\u2019entente, entre autres la coordination provinciale. Celle-ci travaille avec le repr\u00e9sentant du MEES porteur du dossier \u00ab \u00c9ducation en milieu carc\u00e9ral \u00bb.<\/p>\n<p>La coordination assure l\u2019accompagnement des gestionnaires des centres des services scolaires partenaires et des directions adjointes \u0153uvrant dans les centres de d\u00e9tention en vue d\u2019assurer l\u2019application de l\u2019entente, d\u2019am\u00e9liorer l\u2019organisation scolaire et la dispensation des services aux adultes.[\/vc_column_text][vc_separator type=\u00a0\u00bbtransparent\u00a0\u00bb up=\u00a0\u00bb10&Prime; down=\u00a0\u00bb10&Prime;]<div class=\"qode-accordion-holder clearfix qode-toggle qode-initial \">\n\t<h4 class=\"clearfix qode-title-holder\">\n<span class=\"qode-tab-title\">\n\t\t\t<span class=\"qode-tab-title-icon\">\n\t\t\t<i class=\"qode_icon_font_awesome fa fa-certificate \" ><\/i>\t\t<\/span>\n\t    <span class=\"qode-tab-title-inner\">\n        MANDAT DE LA COORDINATION     <\/span>\n<\/span>\n<span class=\"qode-accordion-mark\">\n    <span class=\"qode-accordion-mark-icon\">\n        <span class=\"icon_plus\"><\/span>\n        <span class=\"icon_minus-06\"><\/span>\n    <\/span>\n<\/span>\n<\/h4>\n<div class=\"qode-accordion-content qode-acc-title-with-icon\" >\n    <div class=\"qode-accordion-content-inner\">\n        [vc_column_text]LE MANDAT DE LA COORDINATION COMPORTE NOTAMMENT LES T\u00c2CHES SUIVANTES :<\/p>\n<ul>\n<li>coordonner, superviser et op\u00e9rationnaliser le r\u00e9seautage p\u00e9dagogique provincial en collaboration avec la coordination f\u00e9d\u00e9rale;<\/li>\n<li>participer, planifier, \u00e9laborer et superviser les sessions de r\u00e9seautage p\u00e9dagogique des enseignants des \u00e9tablissements sous juridiction f\u00e9d\u00e9rale et provinciale (ex. perfectionnement des enseignants);<\/li>\n<li>accro\u00eetre les initiatives reli\u00e9es \u00e0 la r\u00e9insertion sociale en diffusant l\u2019information pertinente \u00e0 l\u2019ensemble des intervenants en milieu carc\u00e9ral;<\/li>\n<li>accueillir les nouveaux gestionnaires ;<\/li>\n<li>soutenir et conseiller les gestionnaires;<\/li>\n<li>soutenir les commissions scolaires en lien avec le d\u00e9veloppement de cours, l\u2019implantation de nouvelles formations, les perfectionnements, les mesures de s\u00e9curit\u00e9, les indicateurs de r\u00e9ussites, l\u2019application de l\u2019entente, etc.;<\/li>\n<li>organiser et participer aux tables des repr\u00e9sentants des gestionnaires;<\/li>\n<li>participer au suivi de l\u2019application de l\u2019entente MEES\/MSP;<\/li>\n<li>assurer un soutien informationnel au MEES;<\/li>\n<li>coordonner la gestion des ressources informationnelles et produire diff\u00e9rents rapports et documents d\u2019information.<\/li>\n<\/ul>\n<p>[\/vc_column_text]    <\/div>\n<\/div><\/div><div class=\"qode-accordion-holder clearfix qode-toggle qode-initial \">\n\t<h4 class=\"clearfix qode-title-holder\">\n<span class=\"qode-tab-title\">\n\t\t\t<span class=\"qode-tab-title-icon\">\n\t\t\t<i class=\"qode_icon_font_awesome fa fa-users \" ><\/i>\t\t<\/span>\n\t    <span class=\"qode-tab-title-inner\">\n        CS PARTENAIRES    <\/span>\n<\/span>\n<span class=\"qode-accordion-mark\">\n    <span class=\"qode-accordion-mark-icon\">\n        <span class=\"icon_plus\"><\/span>\n        <span class=\"icon_minus-06\"><\/span>\n    <\/span>\n<\/span>\n<\/h4>\n<div class=\"qode-accordion-content qode-acc-title-with-icon\" >\n    <div class=\"qode-accordion-content-inner\">\n        [vc_column_text]<\/p>\n<p style=\"text-align: center;\">Centre de services scolaire Harricana<br \/>\nCentre de services scolaire de l\u2019Estuaire<br \/>\nCentre de services scolaire des Portages-de-l\u2019Outaouais<br \/>\nCentre de services scolaire de Laval<br \/>\nCentre de services scolaire de Montr\u00e9al<br \/>\nCentre de services scolaire de la Pointe-de-l\u2019\u00cele<br \/>\nCentre de services scolaire Ren\u00e9-L\u00e9vesque<br \/>\nCentre de services scolaire de la Capitale<br \/>\nCentre de services scolaire des Phares<br \/>\nCentre de services scolaire du Pays-des-Bleuets<br \/>\nCentre de services scolaire de la Rivi\u00e8re-du-Nord<br \/>\nCentre de services scolaire du Fer<br \/>\nCentre de services scolaire de la R\u00e9gion-de-Sherbrooke<br \/>\nCentre de services scolaire de Sorel-Tracy<br \/>\nCentre de services scolaire du Chemin-du-Roy<\/p>\n<p>[\/vc_column_text]    <\/div>\n<\/div><\/div>[\/vc_column_inner][vc_column_inner width=\u00a0\u00bb1\/2&Prime;][vc_single_image image=\u00a0\u00bb2821&Prime; img_size=\u00a0\u00bbfull\u00a0\u00bb qode_css_animation=\u00a0\u00bbelement_from_right\u00a0\u00bb][vc_column_text css=\u00a0\u00bb.vc_custom_1551382109230{background-color: #efefef !important;}\u00a0\u00bb]<\/p>\n<h3 style=\"text-align: center;\"><\/h3>\n<p>[\/vc_column_text][vc_column_text css=\u00a0\u00bb.vc_custom_1551382159967{padding-top: 20px !important;background-color: #efefef !important;}\u00a0\u00bb]<\/p>\n<h3 style=\"text-align: center;\">L\u2019\u00c9QUIPE DE COORDINATION<\/h3>\n<p>[\/vc_column_text]<div class='q_team' style='background-color:#efefef;'><div class='q_team_inner'><div class='q_team_text' ><div class='q_team_text_inner'><div class='q_team_title_holder'><h5 class='q_team_name' style = ''>MONSIEUR MARC-ANDR\u00c9 LACHA\u00ceNE<\/h5><span style = ''>Directeur adjoint des services \u00e9ducatifs FP-FGA<br \/>\nlachainem@csrdn.qc.ca<br \/>\nT\u00e9l\u00e9phone : (450) 438-3131 p.2270<\/span><\/div><div class='separator small center' style = ''><\/div><\/div><div class='q_team_social_holder'><\/div><\/div><\/div><\/div><div class='q_team' style='background-color:#efefef;'><div class='q_team_inner'><div class='q_team_text' ><div class='q_team_text_inner'><div class='q_team_title_holder'><h5 class='q_team_name' style = ''>Madame Nathalie Denis<\/h5><span style = ''>Conseill\u00e8re p\u00e9dagogique<br \/>\ndenisn@csrdn.qc.ca<br \/>\nT\u00e9l\u00e9phone : (450) 438-3131 p.2142<\/span><\/div><div class='separator small center' style = ''><\/div><\/div><div class='q_team_social_holder'><\/div><\/div><\/div><\/div>[\/vc_column_inner][\/vc_row_inner][vc_separator type=\u00a0\u00bbtransparent\u00a0\u00bb up=\u00a0\u00bb60&Prime; down=\u00a0\u00bb0&Prime;][\/vc_column][\/vc_row][vc_row css_animation=\u00a0\u00bb\u00a0\u00bb row_type=\u00a0\u00bbrow\u00a0\u00bb use_row_as_full_screen_section=\u00a0\u00bbno\u00a0\u00bb type=\u00a0\u00bbgrid\u00a0\u00bb angled_section=\u00a0\u00bbno\u00a0\u00bb text_align=\u00a0\u00bbleft\u00a0\u00bb background_image_as_pattern=\u00a0\u00bbwithout_pattern\u00a0\u00bb padding_top=\u00a0\u00bb87&Prime; padding_bottom=\u00a0\u00bb34&Prime;][vc_column][\/vc_column][\/vc_row]<\/p>\n<\/section>","protected":false},"excerpt":{"rendered":"<p>[vc_row css_animation=\u00a0\u00bb\u00a0\u00bb row_type=\u00a0\u00bbrow\u00a0\u00bb use_row_as_full_screen_section=\u00a0\u00bbno\u00a0\u00bb type=\u00a0\u00bbgrid\u00a0\u00bb angled_section=\u00a0\u00bbno\u00a0\u00bb text_align=\u00a0\u00bbleft\u00a0\u00bb background_image_as_pattern=\u00a0\u00bbwithout_pattern\u00a0\u00bb background_color=\u00a0\u00bb#ffffff\u00a0\u00bb padding_top=\u00a0\u00bb87&Prime; padding_bottom=\u00a0\u00bb0&Prime;][vc_column][vc_row_inner row_type=\u00a0\u00bbrow\u00a0\u00bb type=\u00a0\u00bbfull_width\u00a0\u00bb text_align=\u00a0\u00bbleft\u00a0\u00bb css_animation=\u00a0\u00bb\u00a0\u00bb][vc_column_inner width=\u00a0\u00bb1\/2&Prime;][vc_column_text] LA COORDINATION PROVINCIALE DES SERVICES \u00c9DUCATIFS\u00a0EN MILIEU CARC\u00c9RAL PROVINCIAL [\/vc_column_text][vc_separator type=\u00a0\u00bbsmall\u00a0\u00bb position=\u00a0\u00bbcenter\u00a0\u00bb up=\u00a0\u00bb7&Prime; down=\u00a0\u00bb38&Prime;][vc_column_text]Depuis les ann\u00e9es 2000, un protocole d\u2019entente entre le minist\u00e8re de l\u2019\u00c9ducation et de l\u2019Enseignement sup\u00e9rieur&#8230;<\/p>\n","protected":false},"author":1,"featured_media":0,"parent":0,"menu_order":0,"comment_status":"closed","ping_status":"closed","template":"full_width.php","meta":{"footnotes":""},"_links":{"self":[{"href":"https:\/\/www.carrefourfga.ca\/SMC\/wp-json\/wp\/v2\/pages\/13396"}],"collection":[{"href":"https:\/\/www.carrefourfga.ca\/SMC\/wp-json\/wp\/v2\/pages"}],"about":[{"href":"https:\/\/www.carrefourfga.ca\/SMC\/wp-json\/wp\/v2\/types\/page"}],"author":[{"embeddable":true,"href":"https:\/\/www.carrefourfga.ca\/SMC\/wp-json\/wp\/v2\/users\/1"}],"replies":[{"embeddable":true,"href":"https:\/\/www.carrefourfga.ca\/SMC\/wp-json\/wp\/v2\/comments?post=13396"}],"version-history":[{"count":35,"href":"https:\/\/www.carrefourfga.ca\/SMC\/wp-json\/wp\/v2\/pages\/13396\/revisions"}],"predecessor-version":[{"id":15382,"href":"https:\/\/www.carrefourfga.ca\/SMC\/wp-json\/wp\/v2\/pages\/13396\/revisions\/15382"}],"wp:attachment":[{"href":"https:\/\/www.carrefourfga.ca\/SMC\/wp-json\/wp\/v2\/media?parent=13396"}],"curies":[{"name":"wp","href":"https:\/\/api.w.org\/{rel}","templated":true}]}}