{"id":15469,"date":"2018-06-14T17:28:09","date_gmt":"2018-06-14T17:28:09","guid":{"rendered":"http:\/\/www.carrefourfga.ca\/SMC-Federal\/?page_id=15469"},"modified":"2018-06-14T19:15:11","modified_gmt":"2018-06-14T19:15:11","slug":"referentiel-trousse","status":"publish","type":"page","link":"https:\/\/www.carrefourfga.ca\/SMC-Federal\/referentiel-trousse\/","title":{"rendered":"R\u00e9f\u00e9rentiel des interventions pour soutenir les \u00e9l\u00e8ves \u00e0 besoins particuliers"},"content":{"rendered":"<section class=\"wpb-content-wrapper\">[vc_row row_type=\u00a0\u00bbparallax\u00a0\u00bb parallax_content_width=\u00a0\u00bbin_grid\u00a0\u00bb anchor=\u00a0\u00bbperformance\u00a0\u00bb in_content_menu=\u00a0\u00bbin_content_menu\u00a0\u00bb content_menu_title=\u00a0\u00bbOur Performance\u00a0\u00bb content_menu_icon=\u00a0\u00bbfa-bullseye\u00a0\u00bb text_align=\u00a0\u00bbleft\u00a0\u00bb background_image=\u00a0\u00bb9205&Prime; full_screen_section_height=\u00a0\u00bbno\u00a0\u00bb][vc_column][vc_row_inner row_type=\u00a0\u00bbrow\u00a0\u00bb type=\u00a0\u00bbfull_width\u00a0\u00bb text_align=\u00a0\u00bbleft\u00a0\u00bb css_animation=\u00a0\u00bb\u00a0\u00bb][vc_column_inner width=\u00a0\u00bb1\/2&Prime;]<a  href=\"http:\/\/www.carrefourfga.com\/SMC\/documents\/REFERENTIEL-TROUSSE.zip\" target=\"_blank\"  class=\"qbutton  large white enlarge\" style=\"background-color: #dd3333;\">T\u00e9l\u00e9charger tous les fichiers (.zip)<i class=\"fa fa-files-o\" style=\"color: #ffffff;\"><\/i><\/a>[vc_separator type=\u00a0\u00bbtransparent\u00a0\u00bb up=\u00a0\u00bb20&Prime; down=\u00a0\u00bb0&Prime;]<a  href=\"http:\/\/www.carrefourfga.com\/SMC\/documents\/REFERENTIEL-TROUSSE\/ReferentielInterventionsElevesBesoinsParticuliersV2.pdf\" target=\"_blank\"  class=\"qbutton  large white enlarge\" style=\"background-color: #1e73be;\">R\u00e9f\u00e9rentiel<i class=\"fa fa-file-pdf-o\" style=\"color: #dd3333;\"><\/i><\/a>[vc_separator type=\u00a0\u00bbtransparent\u00a0\u00bb up=\u00a0\u00bb20&Prime; down=\u00a0\u00bb0&Prime;][vc_column_text]\n<h3>PRATICO-PRATIQUE<\/h3>\n[\/vc_column_text][vc_separator type=\u00a0\u00bbtransparent\u00a0\u00bb up=\u00a0\u00bb20&Prime; down=\u00a0\u00bb0&Prime;][vc_column_text]\n<h4>Connaissance_Soutien_Eleve<\/h4>\n<p style=\"padding-left: 30px;\"><a href=\"http:\/\/www.carrefourfga.ca\/SMC-Federal\/wp-content\/uploads\/2018\/06\/1-Formulaire_Mon-autoportrait.docx\">1- Formulaire_Mon autoportrait<\/a><br \/>\n<a href=\"http:\/\/www.carrefourfga.ca\/SMC-Federal\/wp-content\/uploads\/2018\/06\/2-Formulaire_Portrait-eleve.docx\">2- Formulaire_Portrait eleve<\/a><br \/>\n<a href=\"http:\/\/www.carrefourfga.ca\/SMC-Federal\/wp-content\/uploads\/2018\/06\/3-QuestionnaireElevePourMieuxConnaitre.docx\">3- QuestionnaireElevePourMieuxConnaitre<\/a><br \/>\n<a href=\"http:\/\/www.carrefourfga.ca\/SMC-Federal\/wp-content\/uploads\/2018\/06\/4-Portrait_Classe_Carceral.xlsx\">4- Portrait_Classe_Carceral<\/a><br \/>\n<a href=\"http:\/\/www.carrefourfga.ca\/SMC-Federal\/wp-content\/uploads\/2018\/06\/5-FORMULAIRE-MERSURES-ADAPTATIVES.docx\">5- FORMULAIRE MERSURES ADAPTATIVES<\/a><br \/>\n<a href=\"http:\/\/www.carrefourfga.ca\/SMC-Federal\/wp-content\/uploads\/2018\/06\/6-Formulaire_PAA_complet_PlanAide_CD.docx\">6- Formulaire_PAA_complet_PlanAide_CD<\/a><br \/>\n<a href=\"http:\/\/www.carrefourfga.ca\/SMC-Federal\/wp-content\/uploads\/2018\/06\/7-SuiviEleveDemandeSMentale_CD.docx\">7- SuiviEleveDemandeSMentale_CD<\/a><\/p>\n[\/vc_column_text][vc_separator type=\u00a0\u00bbtransparent\u00a0\u00bb up=\u00a0\u00bb20&Prime; down=\u00a0\u00bb0&Prime;][vc_column_text]\n<h4>Outils_Depistage_Strategies en Lecture-Ecriture<\/h4>\n<p style=\"padding-left: 30px;\"><a href=\"http:\/\/www.carrefourfga.ca\/SMC-Federal\/wp-content\/uploads\/2018\/06\/1-DepistageDifficultesLecture.docx\">1-DepistageDifficultesLecture<\/a><a href=\"http:\/\/www.carrefourfga.ca\/SMC-Federal\/wp-content\/uploads\/2018\/06\/5-TestMemoireAuditiveMots.docx\"><br \/>\n<\/a><a href=\"http:\/\/www.carrefourfga.ca\/SMC-Federal\/wp-content\/uploads\/2018\/06\/2-DepistageDifficultesEcriture.docx\">2-DepistageDifficultesEcriture<\/a><a href=\"http:\/\/www.carrefourfga.ca\/SMC-Federal\/wp-content\/uploads\/2018\/06\/5-TestMemoireAuditiveMots.docx\"><br \/>\n<\/a><a href=\"http:\/\/www.carrefourfga.ca\/SMC-Federal\/wp-content\/uploads\/2018\/06\/3-GrilleEvaluationTextes.docx\">3-GrilleEvaluationTextes<\/a><a href=\"http:\/\/www.carrefourfga.ca\/SMC-Federal\/wp-content\/uploads\/2018\/06\/5-TestMemoireAuditiveMots.docx\"><br \/>\n<\/a><a href=\"http:\/\/www.carrefourfga.ca\/SMC-Federal\/wp-content\/uploads\/2018\/06\/4-TextesEnLienGrilleEvaluation.pdf\" target=\"_blank\">4- TextesEnLienGrilleEvaluation<br \/>\n<\/a><a href=\"http:\/\/www.carrefourfga.ca\/SMC-Federal\/wp-content\/uploads\/2018\/06\/5-TestMemoireAuditiveMots.docx\">5- TestMemoireAuditiveMots<\/a><br \/>\n<a href=\"http:\/\/www.carrefourfga.ca\/SMC-Federal\/wp-content\/uploads\/2018\/06\/6-TestMemoireAuditiveHistoire.docx\">6- TestMemoireAuditiveHistoire<\/a><br \/>\n<a href=\"http:\/\/www.carrefourfga.ca\/SMC-Federal\/wp-content\/uploads\/2018\/06\/7-SeanceLectureAssistee.docx\">7- SeanceLectureAssistee<\/a><br \/>\n<a href=\"http:\/\/www.carrefourfga.ca\/SMC-Federal\/wp-content\/uploads\/2018\/06\/8-EpreuveComprehensionLectureSilencieuse_CD.docx\">8- EpreuveComprehensionLectureSilencieuse_CD<\/a><br \/>\n<a href=\"http:\/\/www.carrefourfga.ca\/SMC-Federal\/wp-content\/uploads\/2018\/06\/9-OutilProgressionVitesseLecture.doc\">9- OutilProgressionVitesseLecture<\/a><br \/>\n<a href=\"http:\/\/www.carrefourfga.ca\/SMC-Federal\/wp-content\/uploads\/2018\/06\/10-DepistageEcritureDictees.docx\">10-DepistageEcritureDictees<\/a><br \/>\n<a href=\"http:\/\/www.carrefourfga.ca\/SMC-Federal\/wp-content\/uploads\/2018\/06\/11-DepistageVerbesDictees.docx\">11-DepistageVerbesDictees<\/a><br \/>\n<a href=\"http:\/\/www.carrefourfga.ca\/SMC-Federal\/wp-content\/uploads\/2018\/06\/12-DepistageParticipePasseDictees.docx\">12-DepistageParticipePasseDictees<\/a><br \/>\n<a href=\"http:\/\/www.carrefourfga.ca\/SMC-Federal\/wp-content\/uploads\/2018\/06\/13-OUTIL_APPRECIATION_FLUIDITE.pdf\" target=\"_blank\">13- OUTIL_APPRECIATION_FLUIDITE<\/a><br \/>\n<a href=\"http:\/\/www.carrefourfga.ca\/SMC-Federal\/wp-content\/uploads\/2018\/06\/14-OUTIL_COMPRENDRE-TEXTE-COURT.pdf\" target=\"_blank\">14-OUTIL_COMPRENDRE TEXTE COURT<\/a><br \/>\n<a href=\"http:\/\/www.carrefourfga.ca\/SMC-Federal\/wp-content\/uploads\/2018\/06\/15-OUTIL_exercices_reperage.doc\">15- OUTIL_exercices_reperage<\/a><br \/>\n<a href=\"http:\/\/www.carrefourfga.ca\/SMC-Federal\/wp-content\/uploads\/2018\/06\/16-OUTIL_exercices_Reperage-corrige.doc\">16- OUTIL_exercices_Reperage-corrige<\/a><br \/>\n<a href=\"http:\/\/www.carrefourfga.ca\/SMC-Federal\/wp-content\/uploads\/2018\/06\/17-OUTIL_LECTURE_DYADES.pdf\" target=\"_blank\">17- OUTIL_LECTURE_DYADES<\/a><br \/>\n<a href=\"http:\/\/www.carrefourfga.ca\/SMC-Federal\/wp-content\/uploads\/2018\/06\/18-OUTIL_Les-inferences.docx\">18- OUTIL_Les inferences<\/a><\/p>\n[\/vc_column_text][vc_separator type=\u00a0\u00bbtransparent\u00a0\u00bb up=\u00a0\u00bb20&Prime; down=\u00a0\u00bb0&Prime;][vc_column_text]\n<h4>Outils_Strategies diverses<\/h4>\n<p style=\"padding-left: 30px;\"><a href=\"http:\/\/www.carrefourfga.ca\/SMC-Federal\/wp-content\/uploads\/2018\/06\/1-IdeeBoiteOutilsDansClasse.docx\">1- IdeeBoiteOutilsDansClasse<\/a><\/p>\n[\/vc_column_text][vc_separator type=\u00a0\u00bbtransparent\u00a0\u00bb up=\u00a0\u00bb20&Prime; down=\u00a0\u00bb0&Prime;][vc_separator type=\u00a0\u00bbtransparent\u00a0\u00bb up=\u00a0\u00bb20&Prime; down=\u00a0\u00bb0&Prime;][vc_column_text]\n<h3>UTILITAIRES<\/h3>\n[\/vc_column_text][vc_separator type=\u00a0\u00bbtransparent\u00a0\u00bb up=\u00a0\u00bb20&Prime; down=\u00a0\u00bb0&Prime;][vc_column_text]\n<h4>Troubles<\/h4>\n<p>1- DYS<\/p>\n<p style=\"padding-left: 30px;\"><a href=\"http:\/\/www.carrefourfga.ca\/SMC-Federal\/wp-content\/uploads\/2018\/06\/1-DifficulteLangage_FavoriserReussite.pdf\" target=\"_blank\">1- DifficulteLangage_FavoriserReussite<\/a><a href=\"http:\/\/www.carrefourfga.ca\/SMC-Federal\/wp-content\/uploads\/2018\/06\/3-TROUBLE-DU-LANGAGE.pdf\" target=\"_blank\"><br \/>\n<\/a><a href=\"http:\/\/www.carrefourfga.ca\/SMC-Federal\/wp-content\/uploads\/2018\/06\/2-EnseignementTroubleApprentissage_DemarcheParEtape.pdf\" target=\"_blank\">2- EnseignementTroubleApprentissage_DemarcheParEtape<\/a><a href=\"http:\/\/www.carrefourfga.ca\/SMC-Federal\/wp-content\/uploads\/2018\/06\/3-TROUBLE-DU-LANGAGE.pdf\" target=\"_blank\"><br \/>\n3- TROUBLE DU LANGAGE<\/a><br \/>\n<a href=\"http:\/\/www.carrefourfga.ca\/SMC-Federal\/wp-content\/uploads\/2018\/06\/4-DYSPHASIE_TroubleLangage.pdf\" target=\"_blank\">4- DYSPHASIE_TroubleLangage<\/a><br \/>\n<a href=\"http:\/\/www.carrefourfga.ca\/SMC-Federal\/wp-content\/uploads\/2018\/06\/5-DYSPHASIE_STRATEGIES_CahierEleve.pdf\" target=\"_blank\">5- DYSPHASIE_STRATEGIES_CahierEleve<\/a><br \/>\n<a href=\"http:\/\/www.carrefourfga.ca\/SMC-Federal\/wp-content\/uploads\/2018\/06\/6-DYSPHASIE_SYMPTOMES.pdf\" target=\"_blank\">6- DYSPHASIE_SYMPTOMES<\/a><br \/>\n<a href=\"http:\/\/www.carrefourfga.ca\/SMC-Federal\/wp-content\/uploads\/2018\/06\/7-DYSLEXIE.pdf\" target=\"_blank\">7- DYSLEXIE<\/a><br \/>\n<a href=\"http:\/\/www.carrefourfga.ca\/SMC-Federal\/wp-content\/uploads\/2018\/06\/8-FACILITER-LA-LECTURE_dyslexie.pdf\" target=\"_blank\">8- FACILITER-LA-LECTURE_dyslexie<\/a><br \/>\n<a href=\"http:\/\/www.carrefourfga.ca\/SMC-Federal\/wp-content\/uploads\/2018\/06\/9-DYSPRAXIE.pdf\" target=\"_blank\">9- DYSPRAXIE<\/a><br \/>\n<a href=\"http:\/\/www.carrefourfga.ca\/SMC-Federal\/wp-content\/uploads\/2018\/06\/10-GuideInterventionClasseLangageSecondaire.pdf\" target=\"_blank\">10- GuideInterventionClasseLangageSecondaire<br \/>\n<\/a><a href=\"http:\/\/www.carrefourfga.ca\/SMC-Federal\/wp-content\/uploads\/2018\/06\/11-VIDEO_STRATEGIES-_LECTURE.wmv\" target=\"_blank\">11- VIDEO_STRATEGIES _LECTURE.wmv<\/a><\/p>\n<p>2- StressAnxiete<\/p>\n<p style=\"padding-left: 30px;\"><a href=\"http:\/\/www.carrefourfga.ca\/SMC-Federal\/wp-content\/uploads\/2018\/06\/1-InventaireStress_TestQuestionnaire.pdf\" target=\"_blank\">1- InventaireStress_TestQuestionnaire<br \/>\n<\/a><a href=\"http:\/\/www.carrefourfga.ca\/SMC-Federal\/wp-content\/uploads\/2018\/06\/2-ToublesAnxieux_Strategies.pdf\" target=\"_blank\">2- ToublesAnxieux_Strategies<\/a><br \/>\n<a href=\"http:\/\/www.carrefourfga.ca\/SMC-Federal\/wp-content\/uploads\/2018\/06\/3-QuestionnnaireAutoEvaluationAnxiete.pdf\" target=\"_blank\">3- QuestionnnaireAutoEvaluationAnxiete<\/a><\/p>\n<p>3- TDAH<\/p>\n<p style=\"padding-left: 30px;\"><a href=\"http:\/\/www.carrefourfga.ca\/SMC-Federal\/wp-content\/uploads\/2018\/06\/1-Criteres_TDAH.pdf\" target=\"_blank\">1- Criteres_TDAH<br \/>\n<\/a><a href=\"http:\/\/www.carrefourfga.ca\/SMC-Federal\/wp-content\/uploads\/2018\/06\/2-Explication-du-TDAH.pdf\" target=\"_blank\">2- Explication du TDAH<\/a><br \/>\n<a href=\"http:\/\/www.carrefourfga.ca\/SMC-Federal\/wp-content\/uploads\/2018\/06\/3-InventaireSymptomeTDAH_CADDRA.pdf\" target=\"_blank\">3- InventaireSymptomeTDAH_CADDRA<\/a><br \/>\n<a href=\"http:\/\/www.carrefourfga.ca\/SMC-Federal\/wp-content\/uploads\/2018\/06\/4-TDAH_CADDRA.pdf\" target=\"_blank\">4- TDAH_CADDRA<\/a><\/p>\n<p>4- TSA<\/p>\n<p style=\"padding-left: 30px;\"><a href=\"http:\/\/www.carrefourfga.ca\/SMC-Federal\/wp-content\/uploads\/2018\/06\/2-Trouble-Spectre-Autistique-TSA.pdf\" target=\"_blank\">1- GUIDE_TSA RelationsSociales<br \/>\n2- Trouble Spectre Autistique TSA<\/a><\/p>\n<p>5- AutresDifficultesTroubles<\/p>\n<p style=\"padding-left: 30px;\"><a href=\"http:\/\/www.carrefourfga.ca\/SMC-Federal\/wp-content\/uploads\/2018\/06\/1-ESTIME-DE-SOI_ACTIVITES.pdf\" target=\"_blank\">1- ESTIME DE SOI_ACTIVITES<\/a><a href=\"http:\/\/www.carrefourfga.ca\/SMC-Federal\/wp-content\/uploads\/2018\/06\/3-GESTION-DU-COMPORTEMENT_STRATEGIES.pdf\" target=\"_blank\"><br \/>\n<\/a><a href=\"http:\/\/www.carrefourfga.ca\/SMC-Federal\/wp-content\/uploads\/2018\/06\/2-FONCTIONNEMENT_NEUROPSYCHOLOGIQUE.pdf\" target=\"_blank\">2- FONCTIONNEMENT_NEUROPSYCHOLOGIQUE<\/a><a href=\"http:\/\/www.carrefourfga.ca\/SMC-Federal\/wp-content\/uploads\/2018\/06\/3-GESTION-DU-COMPORTEMENT_STRATEGIES.pdf\" target=\"_blank\"><br \/>\n3- GESTION DU COMPORTEMENT_STRATEGIES<\/a><br \/>\n<a href=\"http:\/\/www.carrefourfga.ca\/SMC-Federal\/wp-content\/uploads\/2018\/06\/4-GuideAccompagnement_PratiquesPedagoAdaptees.pdf\" target=\"_blank\">4- GuideAccompagnement_PratiquesPedagoAdaptees<\/a><br \/>\n<a href=\"http:\/\/www.carrefourfga.ca\/SMC-Federal\/wp-content\/uploads\/2018\/06\/5-Syndrome_Gilles-de-la-Tourette.pdf\" target=\"_blank\">5- Syndrome_Gilles de la Tourette<\/a><\/p>\n[\/vc_column_text][vc_separator type=\u00a0\u00bbtransparent\u00a0\u00bb up=\u00a0\u00bb20&Prime; down=\u00a0\u00bb0&Prime;][\/vc_column_inner][vc_column_inner width=\u00a0\u00bb1\/2&Prime;][vc_single_image image=\u00a0\u00bb15484&Prime; img_size=\u00a0\u00bbfull\u00a0\u00bb qode_css_animation=\u00a0\u00bb\u00a0\u00bb][vc_separator type=\u00a0\u00bbtransparent\u00a0\u00bb up=\u00a0\u00bb20&Prime; down=\u00a0\u00bb0&Prime;][vc_column_text]\n<h3>UTILITAIRES<\/h3>\n[\/vc_column_text][vc_separator type=\u00a0\u00bbtransparent\u00a0\u00bb up=\u00a0\u00bb20&Prime; down=\u00a0\u00bb0&Prime;][vc_column_text]\n<h4>DifficulteTroublesLectureEcriture<\/h4>\n<p style=\"padding-left: 30px;\">\u00a01- Documentation<\/p>\n<p style=\"padding-left: 60px;\"><a href=\"http:\/\/www.carrefourfga.ca\/SMC-Federal\/wp-content\/uploads\/2018\/06\/1-StrategiesComprehensionLecture.pdf\" target=\"_blank\">1- StrategiesComprehensionLecture<\/a><a href=\"http:\/\/www.carrefourfga.ca\/SMC-Federal\/wp-content\/uploads\/2018\/06\/4-FluiditeLecture.pdf\" target=\"_blank\"><br \/>\n<\/a><a href=\"http:\/\/www.carrefourfga.ca\/SMC-Federal\/wp-content\/uploads\/2018\/06\/2-EnseignementEfficaceLectureEcriture.pdf\" target=\"_blank\">2- EnseignementEfficaceLectureEcriture<\/a><a href=\"http:\/\/www.carrefourfga.ca\/SMC-Federal\/wp-content\/uploads\/2018\/06\/4-FluiditeLecture.pdf\" target=\"_blank\"><br \/>\n<\/a><a href=\"http:\/\/www.carrefourfga.ca\/SMC-Federal\/wp-content\/uploads\/2018\/06\/3-EvaluationCompetenceLecturePlusDe16ans.pdf\" target=\"_blank\">3- EvaluationCompetenceLecturePlusDe16ans<br \/>\n<\/a><a href=\"http:\/\/www.carrefourfga.ca\/SMC-Federal\/wp-content\/uploads\/2018\/06\/4-FluiditeLecture.pdf\" target=\"_blank\">4- FluiditeLecture<\/a><br \/>\n<a href=\"http:\/\/www.carrefourfga.ca\/SMC-Federal\/wp-content\/uploads\/2018\/06\/5-RepresentationsGraphiques-OutilsAideComprehension.pdf\" target=\"_blank\">5- RepresentationsGraphiques-OutilsAideComprehension<\/a><br \/>\n<a href=\"http:\/\/www.carrefourfga.ca\/SMC-Federal\/wp-content\/uploads\/2018\/06\/6-IdentificationMots_Lecture.pdf\" target=\"_blank\">6- IdentificationMots_Lecture<\/a><br \/>\n<a href=\"http:\/\/www.carrefourfga.ca\/SMC-Federal\/wp-content\/uploads\/2018\/06\/7-RaI-Recherche-USherbrooke.pdf\" target=\"_blank\">7- RaI- Recherche USherbrooke<\/a><br \/>\n<a href=\"http:\/\/www.carrefourfga.ca\/SMC-Federal\/wp-content\/uploads\/2018\/06\/8-ReferentielRetroactionsGeneriques.pdf\" target=\"_blank\">8- ReferentielRetroactionsGeneriques<\/a><br \/>\n<a href=\"http:\/\/www.carrefourfga.ca\/SMC-Federal\/wp-content\/uploads\/2018\/06\/9-ReferentielInterventionEcriture.pdf\" target=\"_blank\">9- ReferentielInterventionEcriture<\/a><br \/>\n<a href=\"http:\/\/www.carrefourfga.ca\/SMC-Federal\/wp-content\/uploads\/2018\/06\/10-ReferentielInterventionLectureEleve10-15ansSection2.pdf\" target=\"_blank\">10- ReferentielInterventionLectureEleve10-15ansSection2<\/a><br \/>\n<a href=\"http:\/\/www.carrefourfga.ca\/SMC-Federal\/wp-content\/uploads\/2018\/06\/11-GuideCommentFournirRetroactionEleves.pdf\" target=\"_blank\">11- GuideCommentFournirRetroactionEleves<\/a><br \/>\n<a href=\"http:\/\/www.carrefourfga.ca\/SMC-Federal\/wp-content\/uploads\/2018\/06\/12-StrategiesLecture_EnseignementExplicite.pdf\" target=\"_blank\">12- StrategiesLecture_EnseignementExplicite<\/a><br \/>\n<a href=\"http:\/\/www.carrefourfga.ca\/SMC-Federal\/wp-content\/uploads\/2018\/06\/13-StrategiesLecture-_TravaillerFaconExplicites.pdf\" target=\"_blank\">13- StrategiesLecture _TravaillerFaconExplicites<\/a><\/p>\n<p style=\"padding-left: 30px;\">2 -Outils<\/p>\n<p style=\"padding-left: 60px;\"><a href=\"http:\/\/www.carrefourfga.ca\/SMC-Federal\/wp-content\/uploads\/2018\/06\/1-CAHIER_EXERCICE_ECRITURE.pdf\" target=\"_blank\">1- CAHIER_EXERCICE_ECRITURE<\/a><a href=\"http:\/\/www.carrefourfga.ca\/SMC-Federal\/wp-content\/uploads\/2018\/06\/6-JeuxPourLireMieux.pdf\" target=\"_blank\"><br \/>\n<\/a><a href=\"http:\/\/www.carrefourfga.ca\/SMC-Federal\/wp-content\/uploads\/2018\/06\/2-Ecriture-IdentificationMot.pdf\" target=\"_blank\">2- Ecriture-IdentificationMot<\/a><a href=\"http:\/\/www.carrefourfga.ca\/SMC-Federal\/wp-content\/uploads\/2018\/06\/6-JeuxPourLireMieux.pdf\" target=\"_blank\"><br \/>\n<\/a><a href=\"http:\/\/www.carrefourfga.ca\/SMC-Federal\/wp-content\/uploads\/2018\/06\/3-EtreCompetentLecture.pdf\" target=\"_blank\">3- EtreCompetentLecture<\/a><a href=\"http:\/\/www.carrefourfga.ca\/SMC-Federal\/wp-content\/uploads\/2018\/06\/6-JeuxPourLireMieux.pdf\" target=\"_blank\"><br \/>\n<\/a><a href=\"http:\/\/www.carrefourfga.ca\/SMC-Federal\/wp-content\/uploads\/2018\/06\/4-DevelopperFluiditeLectureParRelecture.pdf\" target=\"_blank\">4- DevelopperFluiditeLectureParRelecture<\/a><a href=\"http:\/\/www.carrefourfga.ca\/SMC-Federal\/wp-content\/uploads\/2018\/06\/6-JeuxPourLireMieux.pdf\" target=\"_blank\"><br \/>\n<\/a><a href=\"http:\/\/www.carrefourfga.ca\/SMC-Federal\/wp-content\/uploads\/2018\/06\/5-CAHIER_EXERCICES_Lecture.pdf\" target=\"_blank\">5- CAHIER_EXERCICES_Lecture<\/a><a href=\"http:\/\/www.carrefourfga.ca\/SMC-Federal\/wp-content\/uploads\/2018\/06\/6-JeuxPourLireMieux.pdf\" target=\"_blank\"><br \/>\n6- JeuxPourLireMieux<\/a><br \/>\n<a href=\"http:\/\/www.carrefourfga.ca\/SMC-Federal\/wp-content\/uploads\/2018\/06\/7-CahierStrategiesEleve-lecture.doc\">7- CahierStrategiesEleve-lecture<\/a><br \/>\n<a href=\"http:\/\/www.carrefourfga.ca\/SMC-Federal\/wp-content\/uploads\/2018\/06\/8-CahierStrategiesEnseignant-lecture.doc\">8- CahierStrategiesEnseignant-lecture<\/a><br \/>\n<a href=\"http:\/\/www.carrefourfga.ca\/SMC-Federal\/wp-content\/uploads\/2018\/06\/9-AFFICHE-et-AIDE-MEMOIRE.pdf\" target=\"_blank\">9- AFFICHE et AIDE-MEMOIRE<\/a><br \/>\n<a href=\"http:\/\/www.carrefourfga.ca\/SMC-Federal\/wp-content\/uploads\/2018\/06\/10-AFFICHES_TypesApprenants.pdf\" target=\"_blank\">10- AFFICHES_TypesApprenants<\/a><br \/>\n<a href=\"http:\/\/www.carrefourfga.ca\/SMC-Federal\/wp-content\/uploads\/2018\/06\/11.1-OUTILS_TECHNOLOGIQUE_FonctionsAideDefinitions.pdf\" target=\"_blank\">11.1- OUTILS_TECHNOLOGIQUE_FonctionsAideDefinitions<\/a><br \/>\n<a href=\"http:\/\/www.carrefourfga.ca\/SMC-Federal\/wp-content\/uploads\/2018\/06\/11.2-OUTILS_TECHNOLOGIQUES_TableauSyntheseFonctionAideEtProduits.pdf\" target=\"_blank\">11.2- OUTILS_TECHNOLOGIQUES_TableauSyntheseFonctionAideEtProduits<br \/>\n<\/a><a href=\"http:\/\/www.carrefourfga.ca\/SMC-Federal\/wp-content\/uploads\/2018\/06\/11.3-OUTILS_TECHNOLOGIQUES_DictionnaireElectronique.png\">11.3- OUTILS_TECHNOLOGIQUES_DictionnaireElectronique<br \/>\n<\/a><\/p>\n<p style=\"padding-left: 30px;\">3- ROC<\/p>\n<p style=\"padding-left: 60px;\">Documentation<\/p>\n<p style=\"padding-left: 90px;\"><a href=\"http:\/\/www.carrefourfga.ca\/SMC-Federal\/wp-content\/uploads\/2018\/06\/1-PPT_PRESENTATION_ROC.ppt\">1- PPT_PRESENTATION_ROC<\/a><a href=\"http:\/\/www.carrefourfga.ca\/SMC-Federal\/wp-content\/uploads\/2018\/06\/2-PPT_ROC.ppt\"><br \/>\n2- PPT_ROC<\/a><br \/>\n<a href=\"http:\/\/www.carrefourfga.ca\/SMC-Federal\/wp-content\/uploads\/2018\/06\/3-PRESENTATION_OUTIL_ROC.pdf\" target=\"_blank\">3- PRESENTATION_OUTIL_ROC<\/a><br \/>\n<a href=\"http:\/\/www.carrefourfga.ca\/SMC-Federal\/wp-content\/uploads\/2018\/06\/4-DYSLEXIE_SITE-COGNISCIENCES.pdf\" target=\"_blank\">4- DYSLEXIE_SITE COGNISCIENCES<\/a><br \/>\n<a href=\"http:\/\/www.carrefourfga.ca\/SMC-Federal\/wp-content\/uploads\/2018\/06\/5-LECTURE_FLUIDIT\u00c9_BALISES.pdf\" target=\"_blank\">5- LECTURE_FLUIDIT\u00c9_BALISES<\/a><\/p>\n<p style=\"padding-left: 60px;\">Outils<\/p>\n<p style=\"padding-left: 90px;\"><a href=\"http:\/\/www.carrefourfga.ca\/SMC-Federal\/wp-content\/uploads\/2018\/06\/1-ROC_COLLIGER_INFO.xls\">1- ROC_COLLIGER_INFO<\/a><br \/>\n<a href=\"http:\/\/www.carrefourfga.ca\/SMC-Federal\/wp-content\/uploads\/2018\/06\/2-ROC_CAHIER_ELEVE.doc\">2- ROC_CAHIER_ELEVE<\/a><br \/>\n<a href=\"http:\/\/www.carrefourfga.ca\/SMC-Federal\/wp-content\/uploads\/2018\/06\/3-ROC_CAHIER_ENS.doc\">3- ROC_CAHIER_ENS<\/a><\/p>\n<p style=\"padding-left: 30px;\">4- DifferenciationPedagogique<\/p>\n<p style=\"padding-left: 60px;\"><a href=\"http:\/\/www.carrefourfga.ca\/SMC-Federal\/wp-content\/uploads\/2018\/06\/1-FRANCAIS_MOYENS_POUR_DIFFERENCIER.pdf\" target=\"_blank\">1- FRANCAIS_MOYENS_POUR_DIFFERENCIER<br \/>\n<\/a><a href=\"http:\/\/www.carrefourfga.ca\/SMC-Federal\/wp-content\/uploads\/2018\/06\/2-MATHEMATIQUE_MOYENS_POUR-_DIFFERENCIER.pdf\" target=\"_blank\">2- MATHEMATIQUE_MOYENS_POUR _DIFFERENCIER<\/a><br \/>\n<a href=\"http:\/\/www.carrefourfga.ca\/SMC-Federal\/wp-content\/uploads\/2018\/06\/3-ANGLAIS_MOYENS_POUR_DIFFERENCIER.pdf\" target=\"_blank\">3- ANGLAIS_MOYENS_POUR_DIFFERENCIER<\/a><br \/>\n<a href=\"http:\/\/www.carrefourfga.ca\/SMC-Federal\/wp-content\/uploads\/2018\/06\/4-SCIENCES_MOYENS_POUR_DIFFERENCIER.pdf\" target=\"_blank\">4- SCIENCES_MOYENS_POUR_DIFFERENCIER<\/a><br \/>\n<a href=\"http:\/\/www.carrefourfga.ca\/SMC-Federal\/wp-content\/uploads\/2018\/06\/5-RAI_REPONSE_INTERVENTION.pdf\" target=\"_blank\">5- RAI_REPONSE_INTERVENTION<\/a><\/p>\n[\/vc_column_text][\/vc_column_inner][\/vc_row_inner][\/vc_column][\/vc_row][vc_row css_animation=\u00a0\u00bb\u00a0\u00bb row_type=\u00a0\u00bbrow\u00a0\u00bb use_row_as_full_screen_section=\u00a0\u00bbno\u00a0\u00bb type=\u00a0\u00bbfull_width\u00a0\u00bb angled_section=\u00a0\u00bbno\u00a0\u00bb text_align=\u00a0\u00bbleft\u00a0\u00bb background_image_as_pattern=\u00a0\u00bbwithout_pattern\u00a0\u00bb][vc_column][vc_empty_space][\/vc_column][\/vc_row]\n<\/section>","protected":false},"excerpt":{"rendered":"<p>[vc_row row_type=\u00a0\u00bbparallax\u00a0\u00bb parallax_content_width=\u00a0\u00bbin_grid\u00a0\u00bb anchor=\u00a0\u00bbperformance\u00a0\u00bb in_content_menu=\u00a0\u00bbin_content_menu\u00a0\u00bb content_menu_title=\u00a0\u00bbOur Performance\u00a0\u00bb content_menu_icon=\u00a0\u00bbfa-bullseye\u00a0\u00bb text_align=\u00a0\u00bbleft\u00a0\u00bb background_image=\u00a0\u00bb9205&Prime; full_screen_section_height=\u00a0\u00bbno\u00a0\u00bb][vc_column][vc_row_inner row_type=\u00a0\u00bbrow\u00a0\u00bb type=\u00a0\u00bbfull_width\u00a0\u00bb text_align=\u00a0\u00bbleft\u00a0\u00bb css_animation=\u00a0\u00bb\u00a0\u00bb][vc_column_inner width=\u00a0\u00bb1\/2&Prime;][vc_separator type=\u00a0\u00bbtransparent\u00a0\u00bb up=\u00a0\u00bb20&Prime; down=\u00a0\u00bb0&Prime;][vc_separator type=\u00a0\u00bbtransparent\u00a0\u00bb up=\u00a0\u00bb20&Prime; down=\u00a0\u00bb0&Prime;][vc_column_text] PRATICO-PRATIQUE [\/vc_column_text][vc_separator type=\u00a0\u00bbtransparent\u00a0\u00bb up=\u00a0\u00bb20&Prime; down=\u00a0\u00bb0&Prime;][vc_column_text] Connaissance_Soutien_Eleve 1- Formulaire_Mon autoportrait 2- Formulaire_Portrait eleve 3- QuestionnaireElevePourMieuxConnaitre 4- Portrait_Classe_Carceral 5- FORMULAIRE MERSURES ADAPTATIVES 6- Formulaire_PAA_complet_PlanAide_CD 7-&#8230;<\/p>\n","protected":false},"author":1,"featured_media":0,"parent":0,"menu_order":0,"comment_status":"closed","ping_status":"closed","template":"","meta":{"footnotes":""},"_links":{"self":[{"href":"https:\/\/www.carrefourfga.ca\/SMC-Federal\/wp-json\/wp\/v2\/pages\/15469"}],"collection":[{"href":"https:\/\/www.carrefourfga.ca\/SMC-Federal\/wp-json\/wp\/v2\/pages"}],"about":[{"href":"https:\/\/www.carrefourfga.ca\/SMC-Federal\/wp-json\/wp\/v2\/types\/page"}],"author":[{"embeddable":true,"href":"https:\/\/www.carrefourfga.ca\/SMC-Federal\/wp-json\/wp\/v2\/users\/1"}],"replies":[{"embeddable":true,"href":"https:\/\/www.carrefourfga.ca\/SMC-Federal\/wp-json\/wp\/v2\/comments?post=15469"}],"version-history":[{"count":25,"href":"https:\/\/www.carrefourfga.ca\/SMC-Federal\/wp-json\/wp\/v2\/pages\/15469\/revisions"}],"predecessor-version":[{"id":15596,"href":"https:\/\/www.carrefourfga.ca\/SMC-Federal\/wp-json\/wp\/v2\/pages\/15469\/revisions\/15596"}],"wp:attachment":[{"href":"https:\/\/www.carrefourfga.ca\/SMC-Federal\/wp-json\/wp\/v2\/media?parent=15469"}],"curies":[{"name":"wp","href":"https:\/\/api.w.org\/{rel}","templated":true}]}}