{"id":14229,"date":"2014-03-27T12:10:39","date_gmt":"2014-03-27T12:10:39","guid":{"rendered":"http:\/\/demo.qodeinteractive.com\/bridge7\/?page_id=14229"},"modified":"2020-07-14T14:42:31","modified_gmt":"2020-07-14T18:42:31","slug":"home-10","status":"publish","type":"page","link":"https:\/\/www.carrefourfga.ca\/SMC-Federal\/","title":{"rendered":"Accueil"},"content":{"rendered":"<section class=\"wpb-content-wrapper\">[vc_row css_animation=\u00a0\u00bb\u00a0\u00bb row_type=\u00a0\u00bbrow\u00a0\u00bb use_row_as_full_screen_section=\u00a0\u00bbno\u00a0\u00bb type=\u00a0\u00bbgrid\u00a0\u00bb angled_section=\u00a0\u00bbno\u00a0\u00bb text_align=\u00a0\u00bbleft\u00a0\u00bb background_image_as_pattern=\u00a0\u00bbwithout_pattern\u00a0\u00bb background_color=\u00a0\u00bb#ffffff\u00a0\u00bb padding_top=\u00a0\u00bb87&Prime; padding_bottom=\u00a0\u00bb34&Prime;][vc_column][vc_column_text]\n<h2 style=\"text-align: center;\">MILIEU CARC\u00c9RAL<\/h2>\n[\/vc_column_text][vc_separator type=\u00a0\u00bbsmall\u00a0\u00bb position=\u00a0\u00bbcenter\u00a0\u00bb up=\u00a0\u00bb7&Prime; down=\u00a0\u00bb38&Prime;][vc_column_text]\n<h4 style=\"text-align: center;\">La coordination provinciale<\/h4>\n<p style=\"text-align: center;\">Depuis 1982, la CSSMI assure la coordination p\u00e9dagogique et administrative des pratiques \u00e9ducatives<br \/>\ndans les onze\u00a0\u00e9tablissements de d\u00e9tention f\u00e9d\u00e9raux de la province desservis par sept centres de services scolaires partenaires.<\/p>\n[\/vc_column_text][vc_separator type=\u00a0\u00bbtransparent\u00a0\u00bb up=\u00a0\u00bb35&Prime; down=\u00a0\u00bb22&Prime;][vc_single_image image=\u00a0\u00bb14217&Prime; img_size=\u00a0\u00bbfull\u00a0\u00bb alignment=\u00a0\u00bbcenter\u00a0\u00bb qode_css_animation=\u00a0\u00bbelement_from_bottom\u00a0\u00bb transition_delay=\u00a0\u00bb0.3&Prime;][vc_separator type=\u00a0\u00bbtransparent\u00a0\u00bb up=\u00a0\u00bb-35&Prime; down=\u00a0\u00bb0&Prime;][\/vc_column][\/vc_row][vc_row css_animation=\u00a0\u00bb\u00a0\u00bb row_type=\u00a0\u00bbrow\u00a0\u00bb use_row_as_full_screen_section=\u00a0\u00bbno\u00a0\u00bb type=\u00a0\u00bbgrid\u00a0\u00bb angled_section=\u00a0\u00bbno\u00a0\u00bb text_align=\u00a0\u00bbleft\u00a0\u00bb background_image_as_pattern=\u00a0\u00bbwithout_pattern\u00a0\u00bb padding_top=\u00a0\u00bb87&Prime;][vc_column width=\u00a0\u00bb1\/2&Prime;][vc_single_image image=\u00a0\u00bb2821&Prime; img_size=\u00a0\u00bbfull\u00a0\u00bb qode_css_animation=\u00a0\u00bb\u00a0\u00bb][vc_separator type=\u00a0\u00bbtransparent\u00a0\u00bb up=\u00a0\u00bb7&Prime; down=\u00a0\u00bb7&Prime;][vc_accordion active_tab=\u00a0\u00bb0&Prime; style=\u00a0\u00bbtoggle\u00a0\u00bb][vc_accordion_tab title=\u00a0\u00bbLa coordination provinciale\u00a0\u00bb][vc_column_text]Depuis 1982, la CSSMI assure la coordination p\u00e9dagogique et administrative des pratiques \u00e9ducatives dans les onze\u00a0\u00e9tablissements de d\u00e9tention f\u00e9d\u00e9raux de la province desservis par sept centres de services scolaires partenaires.[\/vc_column_text][\/vc_accordion_tab][vc_accordion_tab title=\u00a0\u00bbLe mandat de la coordonnation comporte notamment les t\u00e2ches suivantes :\u00a0\u00bb]<div class='q_list circle'>\n<ul>\n<li>Planifier avec les repr\u00e9sentants du MEES et du SCC les activit\u00e9s de coordination;<\/li>\n<li>Planifier et organiser les r\u00e9unions des diff\u00e9rentes tables provinciales de gestion de l\u2019entente, d\u2019organisation scolaire et d\u2019harmonisation p\u00e9dagogique;<\/li>\n<li>Participer \u00e0 la n\u00e9gociation du renouvellement des ententes triennales SCC\/MEES;<\/li>\n<li>Consolider le leadership provincial de la CSSMI et repr\u00e9senter celle-ci aupr\u00e8s des partenaires sp\u00e9cifiques;<\/li>\n<li>Planifier, mettre en \u0153uvre et coordonner les activit\u00e9s du Service d\u2019accompagnement en milieu scolaire S.A.M.i.S;<\/li>\n<li>Planifier et organiser diff\u00e9rents comit\u00e9s mixtes de travail, affect\u00e9s \u00e0 des projets sp\u00e9cifiques ou probl\u00e9matiques op\u00e9rationnelles en carc\u00e9ral;<\/li>\n<li>Coordonner la gestion administrative (facturation des centres de services scolaires) et les ressources informationnelles (indicateurs et autres) et produire les rapports d\u2019activit\u00e9 en milieu carc\u00e9ral;<\/li>\n<li>Participer aux colloques relatifs aux orientations, programmes et services \u00e9dict\u00e9s par le MEES et organiser les perfectionnements (\u00ab 25e anniversaire \u00bb de l\u2019entente-cadre en 2007).<\/li>\n<\/ul>\n<\/div>[\/vc_accordion_tab][vc_accordion_tab title=\u00a0\u00bbLa nature du SAMIS\u00a0\u00bb][vc_column_text]\n<p>Service sp\u00e9cialis\u00e9 dans l\u2019accompagnement des personnes contrevenantes adultes qui d\u00e9sirent concr\u00e9tiser ou terminer en communaut\u00e9 un projet personnel de formation s\u2019inscrivant dans le cadre des r\u00e9gimes p\u00e9dagogiques propres au secondaire \u00e0 savoir celui de la formation g\u00e9n\u00e9rale des adultes et celui de la formation professionnelle.<\/p>\n[\/vc_column_text][\/vc_accordion_tab][vc_accordion_tab title=\u00a0\u00bbLes objectifs du SAMIS\u00a0\u00bb][vc_column_text]Ce service d\u2019accompagnement en communaut\u00e9 vise \u00e0 :[\/vc_column_text]<div class='q_list circle'>\n<ul>\n<li>Favoriser la r\u00e9ussite scolaire du contrevenant adulte en communaut\u00e9;<\/li>\n<li>Fournir les renseignements pertinents \u00e0 la personne contrevenante adulte qui veut augmenter son employabilit\u00e9 par la r\u00e9alisation d\u2019un projet personnel\u00a0de formation dans la communaut\u00e9;<\/li>\n<li>\u00c9laborer avec cette personne un projet personnel de formation;<\/li>\n<li>L\u2019assister dans la mise en \u0153uvre de son projet de formation;<\/li>\n<li>Assurer un suivi de son projet de formation dans le milieu scolaire;<\/li>\n<li>Amener cette personne \u00e0 se responsabiliser face \u00e0 la r\u00e9ussite de son projet d\u2019\u00e9tude.<\/li>\n<\/ul>\n<\/div>[\/vc_accordion_tab][vc_accordion_tab title=\u00a0\u00bbLa population vis\u00e9e\u00a0\u00bb][vc_column_text]Toute personne contrevenante adulte[\/vc_column_text]<div class='q_list circle'>\n<ul>\n<li>D\u00e9sirant concr\u00e9tiser ou poursuivre son projet de formation en communaut\u00e9;<\/li>\n<li>Admissible \u00e0 l\u2019\u00e9ducation des adultes au secondaire (FG ou FP);<\/li>\n<li>Recommand\u00e9e par son \u00e9quipe de gestion de cas;<\/li>\n<li>B\u00e9n\u00e9ficiant de l\u2019accord de l\u2019intervenant correctionnel responsable de son \u00e9valuation.<\/li>\n<\/ul>\n<\/div>[\/vc_accordion_tab][vc_accordion_tab title=\u00a0\u00bbL\u2019accompagnement\u00a0\u00bb][vc_column_text]L&rsquo;accompagnement prend la forme d\u2019assistance aux formalit\u00e9s d\u2019admission et inscription au programme d\u2019\u00e9tude cibl\u00e9 et, lorsque la personne contrevenante est lib\u00e9r\u00e9e en communaut\u00e9, elle est r\u00e9guli\u00e8rement rencontr\u00e9e et\/ou contact\u00e9e au regard de la progression de ses \u00e9tudes.[\/vc_column_text][\/vc_accordion_tab][\/vc_accordion][vc_separator type=\u00a0\u00bbtransparent\u00a0\u00bb up=\u00a0\u00bb89&Prime; down=\u00a0\u00bb0&Prime;][\/vc_column][vc_column width=\u00a0\u00bb1\/2&Prime;][vc_column_text]\n<h2 style=\"text-align: left;\">CSS PARTENAIRES<\/h2>\n[\/vc_column_text][vc_separator type=\u00a0\u00bbsmall\u00a0\u00bb position=\u00a0\u00bbleft\u00a0\u00bb up=\u00a0\u00bb7&Prime; down=\u00a0\u00bb38&Prime;][vc_column_text]La CSSMI peut compter sur la collaboration de plusieurs centres de services scolaires, lesquelles permettent de desservir les \u00e9tablissements de d\u00e9tention f\u00e9d\u00e9raux\u00a0de la province :[\/vc_column_text]<div class='q_list circle animate_list'>\n<ul>\n<li>Le Centre de services scolaire des Ch\u00eanes dessert l\u2019\u00e9tablissement Drummond;<\/li>\n<li>Le Centre de services scolaire du Fer dessert l\u2019\u00e9tablissement Port-Cartier;<\/li>\n<li>Le Centre de services scolaire Pierre-Neveu dessert l\u2019\u00e9tablissement La Macaza;<\/li>\n<li>Le Centre de services scolaire Portneuf dessert l\u2019\u00e9tablissement Donnacona;<\/li>\n<li>Le Centre de services scolaire des Samares dessert l\u2019\u00e9tablissement Joliette;<\/li>\n<li>Le Centre de services scolaire du Val-des-Cerfs dessert l\u2019\u00e9tablissement Cowansville.<\/li>\n<\/ul>\n<\/div>[vc_column_text]La CSSMI dessert, quant \u00e0 elle, le Complexe Sainte-Anne-des-Plaines incluant les \u00e9tablissements Archambault minimum et maximum et le Centre r\u00e9gional de r\u00e9ception,ainsi que le Complexe Laval incluant les deux \u00e9tablissements du Centre f\u00e9d\u00e9ral de formation.[\/vc_column_text][vc_separator type=\u00a0\u00bbtransparent\u00a0\u00bb up=\u00a0\u00bb40&Prime; down=\u00a0\u00bb0&Prime;][\/vc_column][\/vc_row][vc_row css_animation=\u00a0\u00bb\u00a0\u00bb row_type=\u00a0\u00bbrow\u00a0\u00bb use_row_as_full_screen_section=\u00a0\u00bbno\u00a0\u00bb type=\u00a0\u00bbgrid\u00a0\u00bb angled_section=\u00a0\u00bbno\u00a0\u00bb text_align=\u00a0\u00bbleft\u00a0\u00bb background_image_as_pattern=\u00a0\u00bbwithout_pattern\u00a0\u00bb background_color=\u00a0\u00bb#ffffff\u00a0\u00bb padding_top=\u00a0\u00bb80&Prime; padding_bottom=\u00a0\u00bb19&Prime;][vc_column width=\u00a0\u00bb1\/3&Prime;]<div class='q_icon_with_title medium circle center'><div class=\"icon_holder \" style=\"margin: 0 0 28px 0; \"><span data-icon-type=\"circle\"   class=\"qode_iwt_icon_holder fa-stack fa-3x \" style=\"font-size: 45px;\"><i class=\"qode_icon_font_awesome fa fa-briefcase qode_iwt_icon_element\" style=\"\" ><\/i><\/span><\/div><div class=\"icon_text_holder\" style=\"\"><div class=\"icon_text_inner\" style=\"\"><h3 class=\"icon_title\" style=\"\">GESTIONNAIRES<\/h3><p style=''><\/p><\/div><\/div><\/div>[vc_separator type=\u00a0\u00bbtransparent\u00a0\u00bb up=\u00a0\u00bb37&Prime; down=\u00a0\u00bb0&Prime;][\/vc_column][vc_column width=\u00a0\u00bb1\/3&Prime;]<div class='q_icon_with_title medium circle center'><div class=\"icon_holder \" style=\"margin: 0 0 28px 0; \"><span data-icon-type=\"circle\"   class=\"qode_iwt_icon_holder fa-stack fa-3x \" style=\"font-size: 45px;\"><i class=\"qode_icon_font_awesome fa fa-bicycle qode_iwt_icon_element\" style=\"\" ><\/i><\/span><\/div><div class=\"icon_text_holder\" style=\"\"><div class=\"icon_text_inner\" style=\"\"><h3 class=\"icon_title\" style=\"\">ENSEIGNANTS<\/h3><p style=''><\/p><\/div><\/div><\/div>[vc_separator type=\u00a0\u00bbtransparent\u00a0\u00bb up=\u00a0\u00bb37&Prime; down=\u00a0\u00bb0&Prime;][\/vc_column][vc_column width=\u00a0\u00bb1\/3&Prime;]<div class='q_icon_with_title medium circle center'><div class=\"icon_holder \" style=\"margin: 0 0 28px 0; \"><span data-icon-type=\"circle\"   class=\"qode_iwt_icon_holder fa-stack fa-3x \" style=\"font-size: 45px;\"><i class=\"qode_icon_font_awesome fa fa-building qode_iwt_icon_element\" style=\"\" ><\/i><\/span><\/div><div class=\"icon_text_holder\" style=\"\"><div class=\"icon_text_inner\" style=\"\"><h3 class=\"icon_title\" style=\"\">ADMINISTRATION<\/h3><p style=''><\/p><\/div><\/div><\/div>[vc_separator type=\u00a0\u00bbtransparent\u00a0\u00bb up=\u00a0\u00bb37&Prime; down=\u00a0\u00bb0&Prime;][\/vc_column][\/vc_row][vc_row css_animation=\u00a0\u00bb\u00a0\u00bb row_type=\u00a0\u00bbrow\u00a0\u00bb use_row_as_full_screen_section=\u00a0\u00bbno\u00a0\u00bb type=\u00a0\u00bbgrid\u00a0\u00bb angled_section=\u00a0\u00bbno\u00a0\u00bb text_align=\u00a0\u00bbleft\u00a0\u00bb background_image_as_pattern=\u00a0\u00bbwithout_pattern\u00a0\u00bb background_color=\u00a0\u00bb#ffffff\u00a0\u00bb padding_top=\u00a0\u00bb46&Prime; padding_bottom=\u00a0\u00bb49&Prime; el_class=\u00a0\u00bbcacher\u00a0\u00bb][vc_column]<div class='qode_carousels_holder clearfix'><div class='qode_carousels' data-number-of-visible-items=''><ul class='slides'><li class='item'><div class=\"carousel_item_holder\"><span class='first_image_holder has_hover_image'><img src=\"http:\/\/www.carrefourfga.ca\/SMC-Federal\/wp-content\/uploads\/2014\/01\/CSDF-nb.png\" alt=\"carousel image\" \/><\/span><span class='second_image_holder has_hover_image'><img src=\"http:\/\/www.carrefourfga.ca\/SMC-Federal\/wp-content\/uploads\/2014\/01\/CSDF.png\" alt=\"carousel image\" \/><\/span><\/div><\/li><li class='item'><div class=\"carousel_item_holder\"><span class='first_image_holder has_hover_image'><img src=\"http:\/\/www.carrefourfga.ca\/SMC-Federal\/wp-content\/uploads\/2016\/05\/CSDC-nb-1.png\" alt=\"carousel image\" \/><\/span><span class='second_image_holder has_hover_image'><img src=\"http:\/\/www.carrefourfga.ca\/SMC-Federal\/wp-content\/uploads\/2016\/05\/CSDC-1.png\" alt=\"carousel image\" \/><\/span><\/div><\/li><li class='item'><div class=\"carousel_item_holder\"><span class='first_image_holder has_hover_image'><img src=\"http:\/\/www.carrefourfga.ca\/SMC-Federal\/wp-content\/uploads\/2014\/01\/cssmi-nb.png\" alt=\"carousel image\" \/><\/span><span class='second_image_holder has_hover_image'><img src=\"http:\/\/www.carrefourfga.ca\/SMC-Federal\/wp-content\/uploads\/2014\/01\/cssmi.png\" alt=\"carousel image\" \/><\/span><\/div><\/li><li class='item'><div class=\"carousel_item_holder\"><span class='first_image_holder has_hover_image'><img src=\"http:\/\/www.carrefourfga.ca\/SMC-Federal\/wp-content\/uploads\/2016\/05\/CSPN-nb.png\" alt=\"carousel image\" \/><\/span><span class='second_image_holder has_hover_image'><img src=\"http:\/\/www.carrefourfga.ca\/SMC-Federal\/wp-content\/uploads\/2016\/05\/CSPN.png\" alt=\"carousel image\" \/><\/span><\/div><\/li><li class='item'><div class=\"carousel_item_holder\"><span class='first_image_holder has_hover_image'><img src=\"http:\/\/www.carrefourfga.ca\/SMC-Federal\/wp-content\/uploads\/2016\/05\/CSP-nb.png\" alt=\"carousel image\" \/><\/span><span class='second_image_holder has_hover_image'><img src=\"http:\/\/www.carrefourfga.ca\/SMC-Federal\/wp-content\/uploads\/2016\/05\/CSP.png\" alt=\"carousel image\" \/><\/span><\/div><\/li><li class='item'><div class=\"carousel_item_holder\"><span class='first_image_holder has_hover_image'><img src=\"http:\/\/www.carrefourfga.ca\/SMC-Federal\/wp-content\/uploads\/2016\/05\/CSDS-nb.png\" alt=\"carousel image\" \/><\/span><span class='second_image_holder has_hover_image'><img src=\"http:\/\/www.carrefourfga.ca\/SMC-Federal\/wp-content\/uploads\/2016\/05\/CSDS.png\" alt=\"carousel image\" \/><\/span><\/div><\/li><li class='item'><div class=\"carousel_item_holder\"><span class='first_image_holder has_hover_image'><img src=\"http:\/\/www.carrefourfga.ca\/SMC-Federal\/wp-content\/uploads\/2016\/05\/MEES-nb.png\" alt=\"carousel image\" \/><\/span><span class='second_image_holder has_hover_image'><img src=\"http:\/\/www.carrefourfga.ca\/SMC-Federal\/wp-content\/uploads\/2016\/05\/MEES.png\" alt=\"carousel image\" \/><\/span><\/div><\/li><li class='item'><div class=\"carousel_item_holder\"><span class='first_image_holder has_hover_image'><img src=\"http:\/\/www.carrefourfga.ca\/SMC-Federal\/wp-content\/uploads\/2016\/05\/SCC-nb.png\" alt=\"carousel image\" \/><\/span><span class='second_image_holder has_hover_image'><img src=\"http:\/\/www.carrefourfga.ca\/SMC-Federal\/wp-content\/uploads\/2016\/05\/SCC.png\" alt=\"carousel image\" \/><\/span><\/div><\/li><\/ul><\/div><\/div>[\/vc_column][\/vc_row]\n<\/section>","protected":false},"excerpt":{"rendered":"<p>[vc_row css_animation=\u00a0\u00bb\u00a0\u00bb row_type=\u00a0\u00bbrow\u00a0\u00bb use_row_as_full_screen_section=\u00a0\u00bbno\u00a0\u00bb type=\u00a0\u00bbgrid\u00a0\u00bb angled_section=\u00a0\u00bbno\u00a0\u00bb text_align=\u00a0\u00bbleft\u00a0\u00bb background_image_as_pattern=\u00a0\u00bbwithout_pattern\u00a0\u00bb background_color=\u00a0\u00bb#ffffff\u00a0\u00bb padding_top=\u00a0\u00bb87&Prime; padding_bottom=\u00a0\u00bb34&Prime;][vc_column][vc_column_text] MILIEU CARC\u00c9RAL [\/vc_column_text][vc_separator type=\u00a0\u00bbsmall\u00a0\u00bb position=\u00a0\u00bbcenter\u00a0\u00bb up=\u00a0\u00bb7&Prime; down=\u00a0\u00bb38&Prime;][vc_column_text] La coordination provinciale Depuis 1982, la CSSMI assure la coordination p\u00e9dagogique et administrative des pratiques \u00e9ducatives dans les onze\u00a0\u00e9tablissements de d\u00e9tention f\u00e9d\u00e9raux de la province desservis par&#8230;<\/p>\n","protected":false},"author":1,"featured_media":0,"parent":0,"menu_order":0,"comment_status":"open","ping_status":"open","template":"full_width.php","meta":{"footnotes":""},"_links":{"self":[{"href":"https:\/\/www.carrefourfga.ca\/SMC-Federal\/wp-json\/wp\/v2\/pages\/14229"}],"collection":[{"href":"https:\/\/www.carrefourfga.ca\/SMC-Federal\/wp-json\/wp\/v2\/pages"}],"about":[{"href":"https:\/\/www.carrefourfga.ca\/SMC-Federal\/wp-json\/wp\/v2\/types\/page"}],"author":[{"embeddable":true,"href":"https:\/\/www.carrefourfga.ca\/SMC-Federal\/wp-json\/wp\/v2\/users\/1"}],"replies":[{"embeddable":true,"href":"https:\/\/www.carrefourfga.ca\/SMC-Federal\/wp-json\/wp\/v2\/comments?post=14229"}],"version-history":[{"count":40,"href":"https:\/\/www.carrefourfga.ca\/SMC-Federal\/wp-json\/wp\/v2\/pages\/14229\/revisions"}],"predecessor-version":[{"id":15754,"href":"https:\/\/www.carrefourfga.ca\/SMC-Federal\/wp-json\/wp\/v2\/pages\/14229\/revisions\/15754"}],"wp:attachment":[{"href":"https:\/\/www.carrefourfga.ca\/SMC-Federal\/wp-json\/wp\/v2\/media?parent=14229"}],"curies":[{"name":"wp","href":"https:\/\/api.w.org\/{rel}","templated":true}]}}