{"id":17554,"date":"2025-02-14T20:02:07","date_gmt":"2025-02-14T20:02:07","guid":{"rendered":"https:\/\/www.carrefourfga.ca\/SARCA-DEAFP\/?page_id=17554"},"modified":"2025-02-14T21:36:39","modified_gmt":"2025-02-14T21:36:39","slug":"rendez-vous-sarca","status":"publish","type":"page","link":"https:\/\/www.carrefourfga.ca\/SARCA-DEAFP\/rendez-vous-sarca\/","title":{"rendered":"Rendez-vous SARCA 2024-2025"},"content":{"rendered":"<section class=\"wpb-content-wrapper\"><div id=\"modal-ready\"><p>[vc_row row_type=\u00a0\u00bbcontent_menu\u00a0\u00bb][vc_column][\/vc_column][\/vc_row][vc_row css_animation=\u00a0\u00bb\u00a0\u00bb row_type=\u00a0\u00bbrow\u00a0\u00bb use_row_as_full_screen_section=\u00a0\u00bbno\u00a0\u00bb type=\u00a0\u00bbfull_width\u00a0\u00bb anchor=\u00a0\u00bb2021-2022&Prime; in_content_menu=\u00a0\u00bbin_content_menu\u00a0\u00bb content_menu_title=\u00a0\u00bb2024-2025&Prime; content_menu_icon=\u00a0\u00bbfa-calendar-check-o\u00a0\u00bb angled_section=\u00a0\u00bbno\u00a0\u00bb text_align=\u00a0\u00bbleft\u00a0\u00bb background_image_as_pattern=\u00a0\u00bbwithout_pattern\u00a0\u00bb background_color=\u00a0\u00bb#eaeaea\u00a0\u00bb padding_top=\u00a0\u00bb44&Prime; padding_bottom=\u00a0\u00bb44&Prime; z_index=\u00a0\u00bb\u00a0\u00bb][vc_column][vc_row_inner row_type=\u00a0\u00bbrow\u00a0\u00bb type=\u00a0\u00bbgrid\u00a0\u00bb text_align=\u00a0\u00bbleft\u00a0\u00bb css_animation=\u00a0\u00bb\u00a0\u00bb][vc_column_inner][vc_column_text]<\/p>\n<h2>2024-2025<\/h2>\n<p>[\/vc_column_text][\/vc_column_inner][\/vc_row_inner][vc_row_inner row_type=\u00a0\u00bbrow\u00a0\u00bb type=\u00a0\u00bbgrid\u00a0\u00bb text_align=\u00a0\u00bbleft\u00a0\u00bb css_animation=\u00a0\u00bb\u00a0\u00bb][vc_column_inner][\/vc_column_inner][\/vc_row_inner][\/vc_column][\/vc_row][vc_row css_animation=\u00a0\u00bb\u00a0\u00bb row_type=\u00a0\u00bbrow\u00a0\u00bb use_row_as_full_screen_section=\u00a0\u00bbno\u00a0\u00bb type=\u00a0\u00bbfull_width\u00a0\u00bb angled_section=\u00a0\u00bbno\u00a0\u00bb text_align=\u00a0\u00bbleft\u00a0\u00bb background_image_as_pattern=\u00a0\u00bbwithout_pattern\u00a0\u00bb padding_top=\u00a0\u00bb55&Prime; padding_bottom=\u00a0\u00bb55&Prime; z_index=\u00a0\u00bb\u00a0\u00bb][vc_column][vc_row_inner row_type=\u00a0\u00bbrow\u00a0\u00bb type=\u00a0\u00bbgrid\u00a0\u00bb text_align=\u00a0\u00bbleft\u00a0\u00bb css_animation=\u00a0\u00bb\u00a0\u00bb][vc_column_inner width=\u00a0\u00bb2\/3&Prime;][vc_column_text]<\/p>\n<h4 class=\"icon_title\">Janvier 2025<\/h4>\n<h4 class=\"null\"><strong>L&rsquo;impact de la posture d&rsquo;accueil de l&rsquo;\u00e9quipe-\u00e9cole sur la motivation et le bien \u00eatre des \u00e9l\u00e8ves adultes<\/strong><\/h4>\n<p>[\/vc_column_text][\/vc_column_inner][vc_column_inner width=\u00a0\u00bb1\/3&Prime;][vc_separator type=\u00a0\u00bbtransparent\u00a0\u00bb up=\u00a0\u00bb5&Prime; down=\u00a0\u00bb5&Prime;][vc_column_text]<\/p>\n<ul class=\"ul_outside\">\n<li><a href=\"http:\/\/www.carrefourfga.ca\/SARCA-DEAFP\/wp-content\/uploads\/2025\/02\/SARCA-29-janvier-2025.pdf\" target=\"_blank\" rel=\"noopener\"><b>Pr\u00e9sentation<\/b><\/a><\/li>\n<li><a href=\"https:\/\/www.youtube.com\/watch?v=hANl9KU8EY4\" target=\"_blank\" rel=\"noopener\"><strong>Enregistrement<\/strong><\/a><\/li>\n<\/ul>\n<p>[\/vc_column_text][\/vc_column_inner][\/vc_row_inner][\/vc_column][\/vc_row][vc_row css_animation=\u00a0\u00bb\u00a0\u00bb row_type=\u00a0\u00bbrow\u00a0\u00bb use_row_as_full_screen_section=\u00a0\u00bbno\u00a0\u00bb type=\u00a0\u00bbfull_width\u00a0\u00bb anchor=\u00a0\u00bb2023-2024&Prime; in_content_menu=\u00a0\u00bbin_content_menu\u00a0\u00bb content_menu_title=\u00a0\u00bb2023-2024&Prime; content_menu_icon=\u00a0\u00bbfa-calendar-check-o\u00a0\u00bb angled_section=\u00a0\u00bbno\u00a0\u00bb text_align=\u00a0\u00bbleft\u00a0\u00bb background_image_as_pattern=\u00a0\u00bbwithout_pattern\u00a0\u00bb background_color=\u00a0\u00bb#eaeaea\u00a0\u00bb padding_top=\u00a0\u00bb44&Prime; padding_bottom=\u00a0\u00bb44&Prime; z_index=\u00a0\u00bb\u00a0\u00bb][vc_column][vc_row_inner row_type=\u00a0\u00bbrow\u00a0\u00bb type=\u00a0\u00bbgrid\u00a0\u00bb text_align=\u00a0\u00bbleft\u00a0\u00bb css_animation=\u00a0\u00bb\u00a0\u00bb][vc_column_inner][vc_column_text]<\/p>\n<h2>2023-2024<\/h2>\n<p>[\/vc_column_text][\/vc_column_inner][\/vc_row_inner][vc_row_inner row_type=\u00a0\u00bbrow\u00a0\u00bb type=\u00a0\u00bbgrid\u00a0\u00bb text_align=\u00a0\u00bbleft\u00a0\u00bb css_animation=\u00a0\u00bb\u00a0\u00bb][vc_column_inner][\/vc_column_inner][\/vc_row_inner][\/vc_column][\/vc_row][vc_row css_animation=\u00a0\u00bb\u00a0\u00bb row_type=\u00a0\u00bbrow\u00a0\u00bb use_row_as_full_screen_section=\u00a0\u00bbno\u00a0\u00bb type=\u00a0\u00bbfull_width\u00a0\u00bb angled_section=\u00a0\u00bbno\u00a0\u00bb text_align=\u00a0\u00bbleft\u00a0\u00bb background_image_as_pattern=\u00a0\u00bbwithout_pattern\u00a0\u00bb padding_top=\u00a0\u00bb55&Prime; padding_bottom=\u00a0\u00bb55&Prime; z_index=\u00a0\u00bb\u00a0\u00bb][vc_column][vc_raw_html]JTNDZGl2JTIwY2xhc3MlM0QlMjJ2Y19yb3clMjB3cGJfcm93JTIwc2VjdGlvbiUyMHZjX3Jvdy1mbHVpZCUyMCUyMiUyMHN0eWxlJTNEJTIyJTIwcGFkZGluZy10b3AlM0E1NXB4JTNCJTIwcGFkZGluZy1ib3R0b20lM0E1NXB4JTNCJTIwdGV4dC1hbGlnbiUzQWxlZnQlM0IlMjIlM0UlM0NkaXYlMjBjbGFzcyUzRCUyMiUyMGZ1bGxfc2VjdGlvbl9pbm5lciUyMGNsZWFyZml4JTIyJTNFJTNDZGl2JTIwY2xhc3MlM0QlMjJ3cGJfY29sdW1uJTIwdmNfY29sdW1uX2NvbnRhaW5lciUyMHZjX2NvbC1zbS0xMiUyMiUzRSUzQ2RpdiUyMGNsYXNzJTNEJTIydmNfY29sdW1uLWlubmVyJTIyJTNFJTNDZGl2JTIwY2xhc3MlM0QlMjJ3cGJfd3JhcHBlciUyMiUzRSUzQ2RpdiUyMGNsYXNzJTNEJTIydmNfcm93JTIwd3BiX3JvdyUyMHNlY3Rpb24lMjB2Y19yb3ctZmx1aWQlMjB2Y19pbm5lciUyMCUyMGdyaWRfc2VjdGlvbiUyMiUyMHN0eWxlJTNEJTIyJTIwdGV4dC1hbGlnbiUzQWxlZnQlM0IlMjIlM0UlM0NkaXYlMjBjbGFzcyUzRCUyMiUyMHNlY3Rpb25faW5uZXIlMjBjbGVhcmZpeCUyMiUzRSUzQ2RpdiUyMGNsYXNzJTNEJTIyc2VjdGlvbl9pbm5lcl9tYXJnaW4lMjBjbGVhcmZpeCUyMiUzRSUzQ2RpdiUyMGNsYXNzJTNEJTIyd3BiX2NvbHVtbiUyMHZjX2NvbHVtbl9jb250YWluZXIlMjB2Y19jb2wtc20tOCUyMiUzRSUzQ2RpdiUyMGNsYXNzJTNEJTIydmNfY29sdW1uLWlubmVyJTIyJTNFJTNDZGl2JTIwY2xhc3MlM0QlMjJ3cGJfd3JhcHBlciUyMiUzRSUwQSUwOSUzQ2RpdiUyMGNsYXNzJTNEJTIyd3BiX3RleHRfY29sdW1uJTIwd3BiX2NvbnRlbnRfZWxlbWVudCUyMCUyMiUzRSUwQSUwOSUwOSUzQ2RpdiUyMGNsYXNzJTNEJTIyd3BiX3dyYXBwZXIlMjIlM0UlMEElMDklMDklMDklM0NoNCUyMGNsYXNzJTNEJTIyaWNvbl90aXRsZSUyMiUzRUp1aW4lMjAyMDI0JTNDJTJGaDQlM0UlMEElM0NoNCUzRSUzQ3N0cm9uZyUzRUwlRTIlODAlOTlhY2Nlc3NpYmlsaXQlQzMlQTklMjBkZXMlMjBzZXJ2aWNlcyUyMGQlRTIlODAlOTlvcmllbnRhdGlvbiUyMHNjb2xhaXJlJTIwZXQlMjBwcm9mZXNzaW9ubmVsbGUlMjBhdSUyMFF1JUMzJUE5YmVjJTIwJTNBJTIwdW5lJTIwcXVlc3Rpb24lMjBkZSUyMGp1c3RpY2UlMjBzb2NpYWxlJTIwZXQlMjBkZSUyMGNvbnRpbnVpdCVDMyVBOSUyMGRlJTIwc2VydmljZXMlM0MlMkZzdHJvbmclM0UlM0MlMkZoNCUzRSUwQSUwQSUwOSUwOSUzQyUyRmRpdiUzRSUyMCUwQSUwOSUzQyUyRmRpdiUzRSUyMCUzQyUyRmRpdiUzRSUzQyUyRmRpdiUzRSUzQyUyRmRpdiUzRSUzQ2RpdiUyMGNsYXNzJTNEJTIyd3BiX2NvbHVtbiUyMHZjX2NvbHVtbl9jb250YWluZXIlMjB2Y19jb2wtc20tNCUyMiUzRSUzQ2RpdiUyMGNsYXNzJTNEJTIydmNfY29sdW1uLWlubmVyJTIyJTNFJTNDZGl2JTIwY2xhc3MlM0QlMjJ3cGJfd3JhcHBlciUyMiUzRSUzQ2RpdiUyMGNsYXNzJTNEJTIyc2VwYXJhdG9yJTIwJTIwdHJhbnNwYXJlbnQlMjAlMjAlMjAlMjIlMjBzdHlsZSUzRCUyMm1hcmdpbi10b3AlM0ElMjA1cHglM0JtYXJnaW4tYm90dG9tJTNBJTIwNXB4JTNCJTIyJTNFJTNDJTJGZGl2JTNFJTBBJTBBJTA5JTNDZGl2JTIwY2xhc3MlM0QlMjJ3cGJfdGV4dF9jb2x1bW4lMjB3cGJfY29udGVudF9lbGVtZW50JTIwJTIyJTNFJTBBJTA5JTA5JTNDZGl2JTIwY2xhc3MlM0QlMjJ3cGJfd3JhcHBlciUyMiUzRSUwQSUwOSUwOSUwOSUzQ3VsJTIwY2xhc3MlM0QlMjJ1bF9vdXRzaWRlJTIyJTNFJTBBJTNDbGklM0UlM0NhJTIwaHJlZiUzRCUyMmh0dHBzJTNBJTJGJTJGd3d3LmNhcnJlZm91cmZnYS5jYSUyRlNBUkNBLURFQUZQJTJGd3AtY29udGVudCUyRnVwbG9hZHMlMkYyMDI0JTJGMDYlMkZSVi1TQVJDQS02LUpVSU4tMjAyNC5wZGYlMjIlMjB0YXJnZXQlM0QlMjJfYmxhbmslMjIlMjByZWwlM0QlMjJub29wZW5lciUyMiUzRSUzQ2IlM0VQciVDMyVBOXNlbnRhdGlvbiUzQyUyRmIlM0UlM0MlMkZhJTNFJTNDJTJGbGklM0UlMEElM0NsaSUzRSUzQ2ElMjBocmVmJTNEJTIyaHR0cHMlM0ElMkYlMkZ5b3V0dS5iZSUyRkxzSVJaekdtMUtNJTIyJTIwdGFyZ2V0JTNEJTIyX2JsYW5rJTIyJTIwcmVsJTNEJTIybm9vcGVuZXIlMjIlM0UlM0NzdHJvbmclM0VFbnJlZ2lzdHJlbWVudCUzQyUyRnN0cm9uZyUzRSUzQyUyRmElM0UlM0MlMkZsaSUzRSUwQSUzQ2xpJTNFJTNDYSUyMGhyZWYlM0QlMjJodHRwcyUzQSUyRiUyRnd3dy5jYXJyZWZvdXJmZ2EuY2ElMkZTQVJDQS1ERUFGUCUyRndwLWNvbnRlbnQlMkZ1cGxvYWRzJTJGMjAyNCUyRjA2JTJGYW5uZXhlc18tUFBULVJEVi1TQVJDQS1qdWluLTIwMjQuemlwJTIyJTIwcmVsJTNEJTIybm9vcGVuZXIlMjIlM0UlM0NzdHJvbmclM0VUJUMzJUE5bCVDMyVBOWNoYXJnZXIlMjB0b3VzJTIwbGVzJTIwYW5uZXhlcy56aXAlM0MlMkZzdHJvbmclM0UlM0MlMkZhJTNFJTNDJTJGbGklM0UlMEElM0MlMkZ1bCUzRSUwQSUwQSUwOSUwOSUzQyUyRmRpdiUzRSUyMCUwQSUwOSUzQyUyRmRpdiUzRSUyMCUzQyUyRmRpdiUzRSUzQyUyRmRpdiUzRSUzQyUyRmRpdiUzRSUzQyUyRmRpdiUzRSUzQyUyRmRpdiUzRSUzQyUyRmRpdiUzRSUzQyUyRmRpdiUzRSUzQyUyRmRpdiUzRSUzQyUyRmRpdiUzRSUzQyUyRmRpdiUzRSUzQyUyRmRpdiUzRQ==[\/vc_raw_html][vc_raw_html]JTNDZGl2JTIwY2xhc3MlM0QlMjJ2Y19yb3clMjB3cGJfcm93JTIwc2VjdGlvbiUyMHZjX3Jvdy1mbHVpZCUyMCUyMiUyMHN0eWxlJTNEJTIyJTIwcGFkZGluZy10b3AlM0E1NXB4JTNCJTIwcGFkZGluZy1ib3R0b20lM0E1NXB4JTNCJTIwdGV4dC1hbGlnbiUzQWxlZnQlM0IlMjIlM0UlM0NkaXYlMjBjbGFzcyUzRCUyMiUyMGZ1bGxfc2VjdGlvbl9pbm5lciUyMGNsZWFyZml4JTIyJTNFJTNDZGl2JTIwY2xhc3MlM0QlMjJ3cGJfY29sdW1uJTIwdmNfY29sdW1uX2NvbnRhaW5lciUyMHZjX2NvbC1zbS0xMiUyMiUzRSUzQ2RpdiUyMGNsYXNzJTNEJTIydmNfY29sdW1uLWlubmVyJTIyJTNFJTNDZGl2JTIwY2xhc3MlM0QlMjJ3cGJfd3JhcHBlciUyMiUzRSUzQ2RpdiUyMGNsYXNzJTNEJTIydmNfcm93JTIwd3BiX3JvdyUyMHNlY3Rpb24lMjB2Y19yb3ctZmx1aWQlMjB2Y19pbm5lciUyMCUyMGdyaWRfc2VjdGlvbiUyMiUyMHN0eWxlJTNEJTIyJTIwdGV4dC1hbGlnbiUzQWxlZnQlM0IlMjIlM0UlM0NkaXYlMjBjbGFzcyUzRCUyMiUyMHNlY3Rpb25faW5uZXIlMjBjbGVhcmZpeCUyMiUzRSUzQ2RpdiUyMGNsYXNzJTNEJTIyc2VjdGlvbl9pbm5lcl9tYXJnaW4lMjBjbGVhcmZpeCUyMiUzRSUzQ2RpdiUyMGNsYXNzJTNEJTIyd3BiX2NvbHVtbiUyMHZjX2NvbHVtbl9jb250YWluZXIlMjB2Y19jb2wtc20tOCUyMiUzRSUzQ2RpdiUyMGNsYXNzJTNEJTIydmNfY29sdW1uLWlubmVyJTIyJTNFJTNDZGl2JTIwY2xhc3MlM0QlMjJ3cGJfd3JhcHBlciUyMiUzRSUwQSUwOSUzQ2RpdiUyMGNsYXNzJTNEJTIyd3BiX3RleHRfY29sdW1uJTIwd3BiX2NvbnRlbnRfZWxlbWVudCUyMCUyMiUzRSUwQSUwOSUwOSUzQ2RpdiUyMGNsYXNzJTNEJTIyd3BiX3dyYXBwZXIlMjIlM0UlMEElMDklMDklMDklM0NoNCUyMGNsYXNzJTNEJTIyaWNvbl90aXRsZSUyMiUzRU1haSUyMDIwMjQlM0MlMkZoNCUzRSUwQSUzQ2g0JTNFJTNDc3Ryb25nJTNFTGElMjBjb21wbCVDMyVBOW1lbnRhcml0JUMzJUE5JTIwZGVzJTIwU0FSQ0ElMjBldCUyMGRlJTIwbGElMjBSQUMlMjBlbiUyMEZHQS1GUCUyMHBvdXIlMjBsZXMlMjBhZHVsdGVzJTIwZGUlMjBwbHVzJTIwZGUlMjAxNiUyMGFucyUyMCUzQSUyMHRydWNzJTIwZXQlMjBhc3R1Y2VzJTNDJTJGc3Ryb25nJTNFJTNDJTJGaDQlM0UlMEElMEElMDklMDklM0MlMkZkaXYlM0UlMjAlMEElMDklM0MlMkZkaXYlM0UlMjAlM0MlMkZkaXYlM0UlM0MlMkZkaXYlM0UlM0MlMkZkaXYlM0UlM0NkaXYlMjBjbGFzcyUzRCUyMndwYl9jb2x1bW4lMjB2Y19jb2x1bW5fY29udGFpbmVyJTIwdmNfY29sLXNtLTQlMjIlM0UlM0NkaXYlMjBjbGFzcyUzRCUyMnZjX2NvbHVtbi1pbm5lciUyMiUzRSUzQ2RpdiUyMGNsYXNzJTNEJTIyd3BiX3dyYXBwZXIlMjIlM0UlM0NkaXYlMjBjbGFzcyUzRCUyMnNlcGFyYXRvciUyMCUyMHRyYW5zcGFyZW50JTIwJTIwJTIwJTIyJTIwc3R5bGUlM0QlMjJtYXJnaW4tdG9wJTNBJTIwNXB4JTNCbWFyZ2luLWJvdHRvbSUzQSUyMDVweCUzQiUyMiUzRSUzQyUyRmRpdiUzRSUwQSUwQSUwOSUzQ2RpdiUyMGNsYXNzJTNEJTIyd3BiX3RleHRfY29sdW1uJTIwd3BiX2NvbnRlbnRfZWxlbWVudCUyMCUyMiUzRSUwQSUwOSUwOSUzQ2RpdiUyMGNsYXNzJTNEJTIyd3BiX3dyYXBwZXIlMjIlM0UlMEElMDklMDklMDklM0N1bCUyMGNsYXNzJTNEJTIydWxfb3V0c2lkZSUyMiUzRSUwQSUzQ2xpJTNFJTNDYSUyMGhyZWYlM0QlMjJodHRwcyUzQSUyRiUyRnd3dy5jYXJyZWZvdXJmZ2EuY2ElMkZTQVJDQS1ERUFGUCUyRndwLWNvbnRlbnQlMkZ1cGxvYWRzJTJGMjAyNCUyRjA2JTJGUlYtU0FSQ0EtY29tcGwtUkFDLTIwMjQtcHJlcy5wZGYlMjIlMjB0YXJnZXQlM0QlMjJfYmxhbmslMjIlMjByZWwlM0QlMjJub29wZW5lciUyMiUzRSUzQ3N0cm9uZyUzRVByJUMzJUE5c2VudGF0aW9uJTNDJTJGc3Ryb25nJTNFJTNDJTJGYSUzRSUzQyUyRmxpJTNFJTBBJTNDbGklM0UlM0NhJTIwaHJlZiUzRCUyMmh0dHBzJTNBJTJGJTJGd3d3LmNhcnJlZm91cmZnYS5jYSUyRlNBUkNBLURFQUZQJTJGd3AtY29udGVudCUyRnVwbG9hZHMlMkYyMDI0JTJGMDYlMkZSVi1TQVJDQS1jb21wbC1SQUMtMjAyNC1leC1jb21wbGVtZW50YXJpdGVzLnBkZiUyMiUyMHRhcmdldCUzRCUyMl9ibGFuayUyMiUyMHJlbCUzRCUyMm5vb3BlbmVyJTIyJTNFJTNDc3Ryb25nJTNFUHIlQzMlQTljaXNpb25zJTIwc3VyJTIwbGVzJTIwZXhlbXBsZXMlMjBkZSUyMGNvbXBsJUMzJUE5bWVudGFyaXQlQzMlQTklM0MlMkZzdHJvbmclM0UlM0MlMkZhJTNFJTNDJTJGbGklM0UlMEElM0NsaSUzRSUzQ2ElMjBocmVmJTNEJTIyaHR0cHMlM0ElMkYlMkZ5b3V0dS5iZSUyRjNYZm5QU3ZQY2pRJTIyJTIwdGFyZ2V0JTNEJTIyX2JsYW5rJTIyJTIwcmVsJTNEJTIybm9vcGVuZXIlMjIlM0UlM0NzdHJvbmclM0VFbnJlZ2lzdHJlbWVudCUzQyUyRnN0cm9uZyUzRSUzQyUyRmElM0UlM0MlMkZsaSUzRSUwQSUzQyUyRnVsJTNFJTBBJTBBJTA5JTA5JTNDJTJGZGl2JTNFJTIwJTBBJTA5JTNDJTJGZGl2JTNFJTIwJTNDJTJGZGl2JTNFJTNDJTJGZGl2JTNFJTNDJTJGZGl2JTNFJTNDJTJGZGl2JTNFJTNDJTJGZGl2JTNFJTNDJTJGZGl2JTNFJTNDJTJGZGl2JTNFJTNDJTJGZGl2JTNFJTNDJTJGZGl2JTNFJTNDJTJGZGl2JTNFJTNDJTJGZGl2JTNF[\/vc_raw_html][\/vc_column][\/vc_row]<\/p>\n<\/div><\/section>","protected":false},"excerpt":{"rendered":"<p>[vc_row row_type=\u00a0\u00bbcontent_menu\u00a0\u00bb][vc_column][\/vc_column][\/vc_row][vc_row css_animation=\u00a0\u00bb\u00a0\u00bb row_type=\u00a0\u00bbrow\u00a0\u00bb use_row_as_full_screen_section=\u00a0\u00bbno\u00a0\u00bb type=\u00a0\u00bbfull_width\u00a0\u00bb anchor=\u00a0\u00bb2021-2022&Prime; in_content_menu=\u00a0\u00bbin_content_menu\u00a0\u00bb content_menu_title=\u00a0\u00bb2024-2025&Prime; content_menu_icon=\u00a0\u00bbfa-calendar-check-o\u00a0\u00bb angled_section=\u00a0\u00bbno\u00a0\u00bb text_align=\u00a0\u00bbleft\u00a0\u00bb background_image_as_pattern=\u00a0\u00bbwithout_pattern\u00a0\u00bb background_color=\u00a0\u00bb#eaeaea\u00a0\u00bb padding_top=\u00a0\u00bb44&Prime; padding_bottom=\u00a0\u00bb44&Prime; z_index=\u00a0\u00bb\u00a0\u00bb][vc_column][vc_row_inner row_type=\u00a0\u00bbrow\u00a0\u00bb type=\u00a0\u00bbgrid\u00a0\u00bb text_align=\u00a0\u00bbleft\u00a0\u00bb css_animation=\u00a0\u00bb\u00a0\u00bb][vc_column_inner][vc_column_text] 2024-2025 [\/vc_column_text][\/vc_column_inner][\/vc_row_inner][vc_row_inner row_type=\u00a0\u00bbrow\u00a0\u00bb type=\u00a0\u00bbgrid\u00a0\u00bb text_align=\u00a0\u00bbleft\u00a0\u00bb css_animation=\u00a0\u00bb\u00a0\u00bb][vc_column_inner][\/vc_column_inner][\/vc_row_inner][\/vc_column][\/vc_row][vc_row css_animation=\u00a0\u00bb\u00a0\u00bb row_type=\u00a0\u00bbrow\u00a0\u00bb use_row_as_full_screen_section=\u00a0\u00bbno\u00a0\u00bb type=\u00a0\u00bbfull_width\u00a0\u00bb angled_section=\u00a0\u00bbno\u00a0\u00bb text_align=\u00a0\u00bbleft\u00a0\u00bb background_image_as_pattern=\u00a0\u00bbwithout_pattern\u00a0\u00bb padding_top=\u00a0\u00bb55&Prime; padding_bottom=\u00a0\u00bb55&Prime; z_index=\u00a0\u00bb\u00a0\u00bb][vc_column][vc_row_inner row_type=\u00a0\u00bbrow\u00a0\u00bb type=\u00a0\u00bbgrid\u00a0\u00bb text_align=\u00a0\u00bbleft\u00a0\u00bb css_animation=\u00a0\u00bb\u00a0\u00bb][vc_column_inner width=\u00a0\u00bb2\/3&Prime;][vc_column_text] Janvier 2025 L&rsquo;impact&#8230;<\/p>\n","protected":false},"author":1,"featured_media":0,"parent":0,"menu_order":2,"comment_status":"closed","ping_status":"closed","template":"full_width.php","meta":{"om_disable_all_campaigns":false,"_monsterinsights_skip_tracking":false,"_monsterinsights_sitenote_active":false,"_monsterinsights_sitenote_note":"","_monsterinsights_sitenote_category":0,"footnotes":"","_links_to":"","_links_to_target":""},"_links":{"self":[{"href":"https:\/\/www.carrefourfga.ca\/SARCA-DEAFP\/wp-json\/wp\/v2\/pages\/17554"}],"collection":[{"href":"https:\/\/www.carrefourfga.ca\/SARCA-DEAFP\/wp-json\/wp\/v2\/pages"}],"about":[{"href":"https:\/\/www.carrefourfga.ca\/SARCA-DEAFP\/wp-json\/wp\/v2\/types\/page"}],"author":[{"embeddable":true,"href":"https:\/\/www.carrefourfga.ca\/SARCA-DEAFP\/wp-json\/wp\/v2\/users\/1"}],"replies":[{"embeddable":true,"href":"https:\/\/www.carrefourfga.ca\/SARCA-DEAFP\/wp-json\/wp\/v2\/comments?post=17554"}],"version-history":[{"count":7,"href":"https:\/\/www.carrefourfga.ca\/SARCA-DEAFP\/wp-json\/wp\/v2\/pages\/17554\/revisions"}],"predecessor-version":[{"id":17594,"href":"https:\/\/www.carrefourfga.ca\/SARCA-DEAFP\/wp-json\/wp\/v2\/pages\/17554\/revisions\/17594"}],"wp:attachment":[{"href":"https:\/\/www.carrefourfga.ca\/SARCA-DEAFP\/wp-json\/wp\/v2\/media?parent=17554"}],"curies":[{"name":"wp","href":"https:\/\/api.w.org\/{rel}","templated":true}]}}