{"id":17052,"date":"2020-11-25T19:37:25","date_gmt":"2020-11-25T19:37:25","guid":{"rendered":"http:\/\/www.carrefourfga.ca\/SARCA-DEAFP\/?page_id=17052"},"modified":"2023-10-22T18:35:06","modified_gmt":"2023-10-22T18:35:06","slug":"bibliotheque-reference","status":"publish","type":"page","link":"https:\/\/www.carrefourfga.ca\/SARCA-DEAFP\/bibliotheque-reference\/","title":{"rendered":"Biblioth\u00e8que &#8211; R\u00e9f\u00e9rence"},"content":{"rendered":"<section class=\"wpb-content-wrapper\"><div id=\"modal-ready\"><p>[vc_row css_animation=\u00a0\u00bb\u00a0\u00bb row_type=\u00a0\u00bbrow\u00a0\u00bb use_row_as_full_screen_section=\u00a0\u00bbno\u00a0\u00bb type=\u00a0\u00bbgrid\u00a0\u00bb anchor=\u00a0\u00bbACCUEIL\u00a0\u00bb in_content_menu=\u00a0\u00bbin_content_menu\u00a0\u00bb content_menu_title=\u00a0\u00bbR\u00c9F\u00c9RENCE\u00a0\u00bb content_menu_icon=\u00a0\u00bbfa-file-text\u00a0\u00bb angled_section=\u00a0\u00bbno\u00a0\u00bb text_align=\u00a0\u00bbleft\u00a0\u00bb background_image_as_pattern=\u00a0\u00bbwithout_pattern\u00a0\u00bb background_color=\u00a0\u00bb#f1f1f1&Prime; padding_top=\u00a0\u00bb90&Prime; padding_bottom=\u00a0\u00bb0&Prime; z_index=\u00a0\u00bb\u00a0\u00bb][vc_column width=\u00a0\u00bb1\/2&Prime;][vc_column_text]<\/p>\n<h1 class=\"icon_title\">R\u00c9F\u00c9RENCE\u00a0<span data-type=\"normal\"  class=\"qode_icon_shortcode  q_font_awsome_icon fa-lg  \" style=\" \"><i class=\"qode_icon_font_awesome fa fa-file-text qode_icon_element\" style=\"\" ><\/i><\/span><\/h1>\n<p>[\/vc_column_text][vc_separator type=\u00a0\u00bbtransparent\u00a0\u00bb up=\u00a0\u00bb12&Prime; down=\u00a0\u00bb0&Prime;]<div class='q_list circle'><\/p>\n<ul>\n<li><strong><a href=\"http:\/\/www.carrefourfga.ca\/SARCA-DEAFP\/reference-procedure-de-reference-aux-sarca\/\" target=\"_blank\" rel=\"noopener\">Proc\u00e9dure de r\u00e9f\u00e9rence aux SARCA<\/a><\/strong><\/li>\n<\/ul>\n<p><\/div>[vc_separator type=\u00a0\u00bbsmall\u00a0\u00bb position=\u00a0\u00bbcenter\u00a0\u00bb color=\u00a0\u00bb#c1c1c1&Prime; up=\u00a0\u00bb5&Prime; down=\u00a0\u00bb16&Prime;]<div class=\"qode-accordion-holder clearfix qode-toggle qode-initial \">\n\t<h6 class=\"clearfix qode-title-holder\">\n<span class=\"qode-tab-title\">\n\t    <span class=\"qode-tab-title-inner\">\n        PrioritAIRE (Accueil-Information-R\u00e9f\u00e9rence-\u00c9valuation) : les interventions d&#039;accueil dans un centre d&#039;\u00e9ducation des adultes (Recherche-action, 2008-2009)    <\/span>\n<\/span>\n<span class=\"qode-accordion-mark\">\n    <span class=\"qode-accordion-mark-icon\">\n        <span class=\"icon_plus\"><\/span>\n        <span class=\"icon_minus-06\"><\/span>\n    <\/span>\n<\/span>\n<\/h6>\n<div  class=\"qode-accordion-content \" >\n    <div class=\"qode-accordion-content-inner\">\n        [vc_separator type=\u00a0\u00bbtransparent\u00a0\u00bb up=\u00a0\u00bb5&Prime; down=\u00a0\u00bb16&Prime;][vc_column_text]Cette recherche-action du centre de services scolaire de la Seigneurie-des-Mille-Iles a conduit \u00e0 l&rsquo;exp\u00e9rimentation et \u00e0 la validation aupr\u00e8s d&rsquo;adultes d&rsquo;un mod\u00e8le syst\u00e9matis\u00e9 d&rsquo;accueil et de r\u00e9f\u00e9rence. Elle tente, entre autres, de r\u00e9pondre aux questions suivantes :<\/p>\n<ul>\n<li>\u00ab Comment pouvons-nous habiliter le personnel \u00e0 mieux r\u00e9pondre aux besoins de l&rsquo;adulte lors des interventions d&rsquo;accueil, dans un contexte de grande affluence et de raret\u00e9 des ressources?<\/li>\n<li>Quel adulte non inscrit doit imp\u00e9rativement \u00eatre vu en rencontre exploratoire par un conseiller?<\/li>\n<\/ul>\n<p>[\/vc_column_text]<a  itemprop=\"url\" href=\"http:\/\/www.education.gouv.qc.ca\/references\/publications\/resultats-de-la-recherche\/detail\/article\/prioritaire-accueil-information-reference-evaluation-les-interventions-daccueil-dans-un-centre\/\" target=\"_blank\"  class=\"qbutton  medium default\" style=\"\">Consulter<i class=\"qode_icon_font_awesome fa fa-file qode_button_icon_element\" style=\"\" ><\/i><\/a>    <\/div>\n<\/div><\/div>[vc_empty_space height=\u00a0\u00bb10px\u00a0\u00bb]<div class=\"qode-accordion-holder clearfix qode-toggle qode-initial \">\n\t<h6 class=\"clearfix qode-title-holder\">\n<span class=\"qode-tab-title\">\n\t    <span class=\"qode-tab-title-inner\">\n        Vers un projet de r\u00e9f\u00e9rence en milieu rural (Recherche-action, 2008-2009)    <\/span>\n<\/span>\n<span class=\"qode-accordion-mark\">\n    <span class=\"qode-accordion-mark-icon\">\n        <span class=\"icon_plus\"><\/span>\n        <span class=\"icon_minus-06\"><\/span>\n    <\/span>\n<\/span>\n<\/h6>\n<div  class=\"qode-accordion-content \" >\n    <div class=\"qode-accordion-content-inner\">\n        [vc_column_text]La population adulte que dessert le Centre de services scolaire Western Qu\u00e9bec est dispers\u00e9e sur un tr\u00e8s vaste territoire, plus rural qu&rsquo;urbain, l\u00e0 o\u00f9 les ressources et les services sont peu nombreux et sont encore plus rares pour la population anglophone. Par la recherche-action, le centre de services scolaire cherchait \u00e0 favoriser la mise en place d&rsquo;un syst\u00e8me de r\u00e9f\u00e9rence en concertation avec des agents du milieu afin de mieux diriger les adultes du milieu rural vers les ressources \u00e9ducatives et les services sp\u00e9cialis\u00e9s et techniques appropri\u00e9s \u00e0 leur situation.[\/vc_column_text][vc_separator type=\u00a0\u00bbtransparent\u00a0\u00bb up=\u00a0\u00bb5&Prime; down=\u00a0\u00bb16&Prime;]<a  itemprop=\"url\" href=\"http:\/\/www.education.gouv.qc.ca\/references\/publications\/resultats-de-la-recherche\/detail\/article\/vers-un-projet-de-reference-en-milieu-rural-rapport-de-recherche-action\/?tx_ttnews%5Blang%5D=0&amp;cHash=bb7a3997ddb12379bda07950b31071bb\" target=\"_blank\"  class=\"qbutton  medium default\" style=\"\">Consulter<i class=\"qode_icon_font_awesome fa fa-file qode_button_icon_element\" style=\"\" ><\/i><\/a>    <\/div>\n<\/div><\/div>[\/vc_column][vc_column width=\u00a0\u00bb1\/2&Prime;][vc_single_image image=\u00a0\u00bb15921&Prime; img_size=\u00a0\u00bbfull\u00a0\u00bb alignment=\u00a0\u00bbcenter\u00a0\u00bb qode_css_animation=\u00a0\u00bbelement_from_right\u00a0\u00bb transition_delay=\u00a0\u00bb0.4&Prime;][vc_separator type=\u00a0\u00bbtransparent\u00a0\u00bb up=\u00a0\u00bb89&Prime; down=\u00a0\u00bb0&Prime;][\/vc_column][vc_column width=\u00a0\u00bb1\/2&Prime;][vc_separator type=\u00a0\u00bbtransparent\u00a0\u00bb up=\u00a0\u00bb60&Prime; down=\u00a0\u00bb0&Prime;][vc_separator type=\u00a0\u00bbtransparent\u00a0\u00bb up=\u00a0\u00bb30&Prime; down=\u00a0\u00bb0&Prime;][\/vc_column][vc_column width=\u00a0\u00bb1\/2&Prime;][vc_column_text]<\/p>\n<p>[\/vc_column_text][\/vc_column][\/vc_row][vc_row css_animation=\u00a0\u00bb\u00a0\u00bb row_type=\u00a0\u00bbrow\u00a0\u00bb use_row_as_full_screen_section=\u00a0\u00bbno\u00a0\u00bb type=\u00a0\u00bbfull_width\u00a0\u00bb angled_section=\u00a0\u00bbno\u00a0\u00bb text_align=\u00a0\u00bbleft\u00a0\u00bb background_image_as_pattern=\u00a0\u00bbwithout_pattern\u00a0\u00bb][vc_column][vc_column_text]<\/p>\n<p>[\/vc_column_text][\/vc_column][\/vc_row][vc_row css_animation=\u00a0\u00bb\u00a0\u00bb row_type=\u00a0\u00bbrow\u00a0\u00bb use_row_as_full_screen_section=\u00a0\u00bbno\u00a0\u00bb type=\u00a0\u00bbgrid\u00a0\u00bb angled_section=\u00a0\u00bbno\u00a0\u00bb text_align=\u00a0\u00bbcenter\u00a0\u00bb background_image_as_pattern=\u00a0\u00bbwithout_pattern\u00a0\u00bb background_color=\u00a0\u00bb#00afaa\u00a0\u00bb padding_top=\u00a0\u00bb48&Prime; padding_bottom=\u00a0\u00bb52&Prime; z_index=\u00a0\u00bb\u00a0\u00bb][vc_column][vc_column_text]<span style=\"color: #000000;\"><strong>\u00c0 PARTAGER<\/strong><\/span><\/p>\n<p><span style=\"color: #000000;\">Vous avez d\u00e9velopp\u00e9 du mat\u00e9riel (vid\u00e9o, capsule, document, atelier, etc.) qui pourrait inspirer le r\u00e9seau scolaire&#8230;\u00a0Partagez vos bons coups par le biais de l\u2019infolettre SARCA ou dans le r\u00e9pertoire d&rsquo;activit\u00e9s!<\/span>[\/vc_column_text][vc_separator type=\u00a0\u00bbtransparent\u00a0\u00bb up=\u00a0\u00bb5&Prime; down=\u00a0\u00bb16&Prime;]<a  itemprop=\"url\" href=\"http:\/\/www.carrefourfga.ca\/SARCA-DEAFP\/fr\/nous-joindre\" target=\"_self\"  class=\"qbutton  small center default btn_100\" style=\"margin: 10px; \">Nous joindre<\/a><a  itemprop=\"url\" href=\"http:\/\/www.carrefourfga.ca\/SARCA-DEAFP\/fr\/soumettre\/\" target=\"_self\" data-hover-background-color=#000000 data-hover-border-color=#000000 data-hover-color=#ffffff class=\"qbutton  small center white default btn_100\" style=\"color: #000000; border-color: #ffffff; margin: 10px; background-color: #ffffff;\">Soumettre<\/a>[\/vc_column][\/vc_row][vc_row css_animation=\u00a0\u00bb\u00a0\u00bb row_type=\u00a0\u00bbrow\u00a0\u00bb use_row_as_full_screen_section=\u00a0\u00bbno\u00a0\u00bb type=\u00a0\u00bbfull_width\u00a0\u00bb angled_section=\u00a0\u00bbno\u00a0\u00bb text_align=\u00a0\u00bbleft\u00a0\u00bb background_image_as_pattern=\u00a0\u00bbwithout_pattern\u00a0\u00bb][vc_column]<span data-type=\"normal\"  class=\"qode_icon_shortcode  q_font_awsome_icon fa-lg  \" style=\" \"><i class=\"qode_icon_font_awesome fa  qode_icon_element\" style=\"\" ><\/i><\/span>[\/vc_column][\/vc_row][vc_row css_animation=\u00a0\u00bb\u00a0\u00bb row_type=\u00a0\u00bbrow\u00a0\u00bb use_row_as_full_screen_section=\u00a0\u00bbno\u00a0\u00bb type=\u00a0\u00bbfull_width\u00a0\u00bb angled_section=\u00a0\u00bbno\u00a0\u00bb text_align=\u00a0\u00bbleft\u00a0\u00bb background_image_as_pattern=\u00a0\u00bbwithout_pattern\u00a0\u00bb][vc_column]<div class='q_icon_with_title tiny normal_icon center '><div class=\"icon_holder \" style=\" \"><span data-icon-type=\"normal\"   style=\"\" class=\"qode_iwt_icon_holder q_font_awsome_icon fa-lg  \"><i class=\"qode_icon_font_awesome fa fa-arrow-circle-o-up qode_iwt_icon_element\" style=\"\" ><\/i><\/span><\/div><div class=\"icon_text_holder\" style=\"\"><div class=\"icon_text_inner\" style=\"\"><h5 class=\"icon_title\" style=\"\"><\/h5><p style=''><\/p><\/div><\/div><\/div>[\/vc_column][\/vc_row]<\/p>\n<\/div><\/section>","protected":false},"excerpt":{"rendered":"<p>[vc_row css_animation=\u00a0\u00bb\u00a0\u00bb row_type=\u00a0\u00bbrow\u00a0\u00bb use_row_as_full_screen_section=\u00a0\u00bbno\u00a0\u00bb type=\u00a0\u00bbgrid\u00a0\u00bb anchor=\u00a0\u00bbACCUEIL\u00a0\u00bb in_content_menu=\u00a0\u00bbin_content_menu\u00a0\u00bb content_menu_title=\u00a0\u00bbR\u00c9F\u00c9RENCE\u00a0\u00bb content_menu_icon=\u00a0\u00bbfa-file-text\u00a0\u00bb angled_section=\u00a0\u00bbno\u00a0\u00bb text_align=\u00a0\u00bbleft\u00a0\u00bb background_image_as_pattern=\u00a0\u00bbwithout_pattern\u00a0\u00bb background_color=\u00a0\u00bb#f1f1f1&Prime; padding_top=\u00a0\u00bb90&Prime; padding_bottom=\u00a0\u00bb0&Prime; z_index=\u00a0\u00bb\u00a0\u00bb][vc_column width=\u00a0\u00bb1\/2&Prime;][vc_column_text] R\u00c9F\u00c9RENCE\u00a0 [\/vc_column_text][vc_separator type=\u00a0\u00bbtransparent\u00a0\u00bb up=\u00a0\u00bb12&Prime; down=\u00a0\u00bb0&Prime;][vc_separator type=\u00a0\u00bbsmall\u00a0\u00bb position=\u00a0\u00bbcenter\u00a0\u00bb color=\u00a0\u00bb#c1c1c1&Prime; up=\u00a0\u00bb5&Prime; down=\u00a0\u00bb16&Prime;][vc_empty_space height=\u00a0\u00bb10px\u00a0\u00bb][\/vc_column][vc_column width=\u00a0\u00bb1\/2&Prime;][vc_single_image image=\u00a0\u00bb15921&Prime; img_size=\u00a0\u00bbfull\u00a0\u00bb alignment=\u00a0\u00bbcenter\u00a0\u00bb qode_css_animation=\u00a0\u00bbelement_from_right\u00a0\u00bb transition_delay=\u00a0\u00bb0.4&Prime;][vc_separator type=\u00a0\u00bbtransparent\u00a0\u00bb up=\u00a0\u00bb89&Prime; down=\u00a0\u00bb0&Prime;][\/vc_column][vc_column width=\u00a0\u00bb1\/2&Prime;][vc_separator type=\u00a0\u00bbtransparent\u00a0\u00bb up=\u00a0\u00bb60&Prime; down=\u00a0\u00bb0&Prime;][vc_separator type=\u00a0\u00bbtransparent\u00a0\u00bb up=\u00a0\u00bb30&Prime; down=\u00a0\u00bb0&Prime;][\/vc_column][vc_column width=\u00a0\u00bb1\/2&Prime;][vc_column_text]&#8230;<\/p>\n","protected":false},"author":1,"featured_media":0,"parent":0,"menu_order":3,"comment_status":"closed","ping_status":"closed","template":"full_width.php","meta":{"om_disable_all_campaigns":false,"_monsterinsights_skip_tracking":false,"_monsterinsights_sitenote_active":false,"_monsterinsights_sitenote_note":"","_monsterinsights_sitenote_category":0,"footnotes":"","_links_to":"","_links_to_target":""},"_links":{"self":[{"href":"https:\/\/www.carrefourfga.ca\/SARCA-DEAFP\/wp-json\/wp\/v2\/pages\/17052"}],"collection":[{"href":"https:\/\/www.carrefourfga.ca\/SARCA-DEAFP\/wp-json\/wp\/v2\/pages"}],"about":[{"href":"https:\/\/www.carrefourfga.ca\/SARCA-DEAFP\/wp-json\/wp\/v2\/types\/page"}],"author":[{"embeddable":true,"href":"https:\/\/www.carrefourfga.ca\/SARCA-DEAFP\/wp-json\/wp\/v2\/users\/1"}],"replies":[{"embeddable":true,"href":"https:\/\/www.carrefourfga.ca\/SARCA-DEAFP\/wp-json\/wp\/v2\/comments?post=17052"}],"version-history":[{"count":4,"href":"https:\/\/www.carrefourfga.ca\/SARCA-DEAFP\/wp-json\/wp\/v2\/pages\/17052\/revisions"}],"predecessor-version":[{"id":17406,"href":"https:\/\/www.carrefourfga.ca\/SARCA-DEAFP\/wp-json\/wp\/v2\/pages\/17052\/revisions\/17406"}],"wp:attachment":[{"href":"https:\/\/www.carrefourfga.ca\/SARCA-DEAFP\/wp-json\/wp\/v2\/media?parent=17052"}],"curies":[{"name":"wp","href":"https:\/\/api.w.org\/{rel}","templated":true}]}}