{"id":17048,"date":"2020-11-25T18:54:42","date_gmt":"2020-11-25T18:54:42","guid":{"rendered":"http:\/\/www.carrefourfga.ca\/SARCA-DEAFP\/?page_id=17048"},"modified":"2023-10-22T18:35:06","modified_gmt":"2023-10-22T18:35:06","slug":"bibliotheque-proactivite","status":"publish","type":"page","link":"https:\/\/www.carrefourfga.ca\/SARCA-DEAFP\/bibliotheque-proactivite\/","title":{"rendered":"Biblioth\u00e8que &#8211; Proactivit\u00e9"},"content":{"rendered":"<section class=\"wpb-content-wrapper\"><div id=\"modal-ready\"><p>[vc_row css_animation=\u00a0\u00bb\u00a0\u00bb row_type=\u00a0\u00bbrow\u00a0\u00bb use_row_as_full_screen_section=\u00a0\u00bbno\u00a0\u00bb type=\u00a0\u00bbgrid\u00a0\u00bb anchor=\u00a0\u00bbACCUEIL\u00a0\u00bb in_content_menu=\u00a0\u00bbin_content_menu\u00a0\u00bb content_menu_title=\u00a0\u00bbPROACTIVIT\u00c9\u00a0\u00bb content_menu_icon=\u00a0\u00bbfa-comments\u00a0\u00bb angled_section=\u00a0\u00bbno\u00a0\u00bb text_align=\u00a0\u00bbleft\u00a0\u00bb background_image_as_pattern=\u00a0\u00bbwithout_pattern\u00a0\u00bb background_color=\u00a0\u00bb#f1f1f1&Prime; padding_top=\u00a0\u00bb90&Prime; padding_bottom=\u00a0\u00bb90&Prime; z_index=\u00a0\u00bb\u00a0\u00bb][vc_column width=\u00a0\u00bb1\/2&Prime;][vc_column_text]<\/p>\n<h1 class=\"icon_title\">PROACTIVIT\u00c9\u00a0<span data-type=\"normal\"  class=\"qode_icon_shortcode  q_font_awsome_icon fa-lg  \" style=\" \"><i class=\"qode_icon_font_awesome fa fa-comments qode_icon_element\" style=\"\" ><\/i><\/span><\/h1>\n<p>[\/vc_column_text][vc_separator type=\u00a0\u00bbtransparent\u00a0\u00bb up=\u00a0\u00bb12&Prime; down=\u00a0\u00bb0&Prime;]<div class='q_list circle'><\/p>\n<ul>\n<li><strong><a href=\"http:\/\/www.carrefourfga.ca\/SARCA-DEAFP\/proactivite-rencontre-virtuelle-fp-secondaire\/\" target=\"_blank\" rel=\"noopener\"> Rencontre virtuelle FP-Secondaire<\/a><\/strong><\/li>\n<li><strong><a href=\"http:\/\/www.carrefourfga.ca\/SARCA-DEAFP\/proactivite-passeport-dintegration-a-la-vie-maskoutaine\/\" target=\"_blank\" rel=\"noopener\"> Passeport d&rsquo;int\u00e9gration \u00e0 la vie Maskoutaine<\/a><\/strong><\/li>\n<li><strong><a href=\"http:\/\/www.carrefourfga.ca\/SARCA-DEAFP\/proactivite-lire-le-monde\/\" target=\"_blank\" rel=\"noopener\"> Lire le monde<\/a><\/strong><\/li>\n<li><strong><a href=\"http:\/\/www.carrefourfga.ca\/SARCA-DEAFP\/proactivite-mythe-ou-realite\/\" target=\"_blank\" rel=\"noopener\"> Mythe ou r\u00e9alit\u00e9<\/a><\/strong><\/li>\n<li><strong><a href=\"http:\/\/www.carrefourfga.ca\/SARCA-DEAFP\/proactivite-defi-jeunesse-16-30-ans-du-transcontinental\/\" target=\"_blank\" rel=\"noopener\"> D\u00e9fi-Jeunesse 16-30 ans du Transcontinental<\/a><\/strong><\/li>\n<li><strong><a href=\"http:\/\/www.carrefourfga.ca\/SARCA-DEAFP\/proactivite-a-road-to-vocational-training\/\" target=\"_blank\" rel=\"noopener\"> A road to vocational training<\/a><\/strong><\/li>\n<li><strong><a href=\"http:\/\/www.carrefourfga.ca\/SARCA-DEAFP\/proactivite-un-dvd-sur-le-bilan-des-acquis-relatifs-a-la-formation-generale-de-base\/\" target=\"_blank\" rel=\"noopener\"> Un DVD sur le bilan des acquis relatifs \u00e0 la formation g\u00e9n\u00e9rale de base<\/a><\/strong><\/li>\n<li><strong><a href=\"http:\/\/www.carrefourfga.ca\/SARCA-DEAFP\/proactivite-relance-des-decrocheurs\/\" target=\"_blank\" rel=\"noopener\"> Relance des d\u00e9crocheurs <\/a><\/strong><\/li>\n<li><strong><a href=\"http:\/\/www.carrefourfga.ca\/SARCA-DEAFP\/proactivite-cahier-de-projet-de-vie\/\" target=\"_blank\" rel=\"noopener\"> Cahier de projet de vie<\/a><\/strong><\/li>\n<\/ul>\n<p><\/div>[vc_separator type=\u00a0\u00bbsmall\u00a0\u00bb position=\u00a0\u00bbcenter\u00a0\u00bb color=\u00a0\u00bb#c1c1c1&Prime;]<div class=\"qode-accordion-holder clearfix qode-toggle qode-initial \">\n\t<h6 class=\"clearfix qode-title-holder\">\n<span class=\"qode-tab-title\">\n\t    <span class=\"qode-tab-title-inner\">\n        La proactivit\u00e9 : les principes d&#039;action issus des savoirs d&#039;exp\u00e9rience (Recherche-action, 2008-2009)    <\/span>\n<\/span>\n<span class=\"qode-accordion-mark\">\n    <span class=\"qode-accordion-mark-icon\">\n        <span class=\"icon_plus\"><\/span>\n        <span class=\"icon_minus-06\"><\/span>\n    <\/span>\n<\/span>\n<\/h6>\n<div  class=\"qode-accordion-content \" >\n    <div class=\"qode-accordion-content-inner\">\n        [vc_column_text]R\u00e9dig\u00e9 par Danielle Riverin-Simard, en collaboration avec Yanik Simard, ce document rend compte d&rsquo;une analyse de cinq rapports de recherche-action sous l&rsquo;angle de la proactivit\u00e9 et met en relief les riches savoirs d&rsquo;exp\u00e9rience des intervenants auteurs de ces rapports. Le document offre de nombreux \u00e9l\u00e9ments de r\u00e9ponse \u00e0 la question suivante : comment les SARCA peuvent-ils ou doivent-ils intervenir dans leur pratique quotidienne au regard de cette fonction qu&rsquo;est la proactivit\u00e9?[\/vc_column_text][vc_separator type=\u00a0\u00bbtransparent\u00a0\u00bb up=\u00a0\u00bb5&Prime; down=\u00a0\u00bb16&Prime;]<a  itemprop=\"url\" href=\"http:\/\/www.education.gouv.qc.ca\/references\/publications\/resultats-de-la-recherche\/detail\/article\/la-proactivite-les-principes-daction-issus-des-savoirs-dexperience-analyse-de-recherche-action\/\" target=\"_blank\"  class=\"qbutton  medium default\" style=\"\">Consulter<i class=\"qode_icon_font_awesome fa fa-file qode_button_icon_element\" style=\"\" ><\/i><\/a>    <\/div>\n<\/div><\/div>[vc_empty_space height=\u00a0\u00bb10px\u00a0\u00bb]<div class=\"qode-accordion-holder clearfix qode-toggle qode-initial \">\n\t<h6 class=\"clearfix qode-title-holder\">\n<span class=\"qode-tab-title\">\n\t    <span class=\"qode-tab-title-inner\">\n        La proactivit\u00e9 : sortir du cadre (Recherche-action, 2008-2009)    <\/span>\n<\/span>\n<span class=\"qode-accordion-mark\">\n    <span class=\"qode-accordion-mark-icon\">\n        <span class=\"icon_plus\"><\/span>\n        <span class=\"icon_minus-06\"><\/span>\n    <\/span>\n<\/span>\n<\/h6>\n<div  class=\"qode-accordion-content \" >\n    <div class=\"qode-accordion-content-inner\">\n        [vc_column_text]Le centre de services scolaire de la R\u00e9gion de Sherbrooke a exp\u00e9riment\u00e9 une forme de proactivit\u00e9 la conduisant \u00e0\u00abexternaliser\u00bb ces services dans le but de favoriser l&rsquo;expression de la demande de formation. La recherche-action a pris en consid\u00e9ration trois groupes de personnes identifi\u00e9es par la Politique gouvernementale d&rsquo;\u00e9ducation des adultes et de formation continue de 2002 ainsi qu&rsquo;un groupe de personnes dont la probl\u00e9matique est tr\u00e8s pr\u00e9sente sur le territoire du centre de services scolaire, des chefs de famille monoparentale. C&rsquo;est en \u00e9tablissant des liens et des partenariats avec des organismes communautaires et de d\u00e9veloppement de l&#8217;employabilit\u00e9 que les responsables de la recherche-action ont pu constituer les groupes d&rsquo;adultes cibl\u00e9s et les rencontrer.[\/vc_column_text][vc_separator type=\u00a0\u00bbtransparent\u00a0\u00bb up=\u00a0\u00bb5&Prime; down=\u00a0\u00bb16&Prime;]<a  itemprop=\"url\" href=\"http:\/\/www.education.gouv.qc.ca\/references\/publications\/resultats-de-la-recherche\/detail\/article\/sortir-du-cadre-recherche-action-sur-la-proactivite-rapport-de-recherche-action-sarca\/?tx_ttnews%5Blang%5D=0&amp;cHash=29de67a674b3545a5cfc6fe60d1c0041\" target=\"_blank\"  class=\"qbutton  medium default\" style=\"\">Consulter<i class=\"qode_icon_font_awesome fa fa-file qode_button_icon_element\" style=\"\" ><\/i><\/a>    <\/div>\n<\/div><\/div>[vc_empty_space height=\u00a0\u00bb10px\u00a0\u00bb]<div class=\"qode-accordion-holder clearfix qode-toggle qode-initial \">\n\t<h6 class=\"clearfix qode-title-holder\">\n<span class=\"qode-tab-title\">\n\t    <span class=\"qode-tab-title-inner\">\n        La proactivit\u00e9, un travail pr\u00e9alable et essentiel dans le d\u00e9veloppement des services en SARCA (Recherche-action, 2008-2009)    <\/span>\n<\/span>\n<span class=\"qode-accordion-mark\">\n    <span class=\"qode-accordion-mark-icon\">\n        <span class=\"icon_plus\"><\/span>\n        <span class=\"icon_minus-06\"><\/span>\n    <\/span>\n<\/span>\n<\/h6>\n<div  class=\"qode-accordion-content \" >\n    <div class=\"qode-accordion-content-inner\">\n        [vc_column_text]Cette recherche-action d\u00e9montre l&rsquo;importance des interventions communautaires pour susciter l&rsquo;expression de la demande de l&rsquo;adulte et l&rsquo;accompagnement de ce dernier dans une d\u00e9marche de projet. Dot\u00e9e d&rsquo;une longue tradition d&rsquo;animation du milieu, ayant d\u00e9j\u00e0 de tr\u00e8s bons liens avec les partenaires r\u00e9gionaux et travaillant de fa\u00e7on concert\u00e9e, le centre de services scolaire des Appalaches a exp\u00e9riment\u00e9 au cours de cette recherche des actions men\u00e9es en proactivit\u00e9, dans une approche bas\u00e9e sur le \u00ab partenariat \u00bb, avec des services d\u00e9centralis\u00e9s, dans un secteur probl\u00e9matique.[\/vc_column_text][vc_separator type=\u00a0\u00bbtransparent\u00a0\u00bb up=\u00a0\u00bb5&Prime; down=\u00a0\u00bb16&Prime;]<a  itemprop=\"url\" href=\"http:\/\/www.education.gouv.qc.ca\/references\/publications\/resultats-de-la-recherche\/detail\/article\/la-proactivite-un-travail-prealable-et-essentiel-dans-le-developpement-des-services-en-sarca-rapp\/\" target=\"_blank\"  class=\"qbutton  medium default\" style=\"\">Consulter<i class=\"qode_icon_font_awesome fa fa-file qode_button_icon_element\" style=\"\" ><\/i><\/a>    <\/div>\n<\/div><\/div>[vc_empty_space height=\u00a0\u00bb10px\u00a0\u00bb]<div class=\"qode-accordion-holder clearfix qode-toggle qode-initial \">\n\t<h6 class=\"clearfix qode-title-holder\">\n<span class=\"qode-tab-title\">\n\t    <span class=\"qode-tab-title-inner\">\n        L&#039;animation communautaire comme outil de conscientisation \u00e0 l&#039;apprentissage tout au long de la vie (Recherche-action, 2008-2009)    <\/span>\n<\/span>\n<span class=\"qode-accordion-mark\">\n    <span class=\"qode-accordion-mark-icon\">\n        <span class=\"icon_plus\"><\/span>\n        <span class=\"icon_minus-06\"><\/span>\n    <\/span>\n<\/span>\n<\/h6>\n<div  class=\"qode-accordion-content \" >\n    <div class=\"qode-accordion-content-inner\">\n        [vc_column_text]Cette recherche-action, r\u00e9alis\u00e9e par le Centre de services scolaire Eastern Townships explore les effets d&rsquo;une d\u00e9marche d&rsquo;animation communautaire proactive et innovatrice, susceptible de favoriser l&rsquo;expression de la demande de ressources et de soutien et de favoriser ainsi le d\u00e9veloppement d&rsquo;une culture d&rsquo;apprentissage tout au long de la vie. Le but est de voir comment diverses m\u00e9thodes novatrices d&rsquo;animation communautaire peuvent encourager les clients potentiels \u00e0 demander des formations ou des services du type SARCA.[\/vc_column_text][vc_separator type=\u00a0\u00bbtransparent\u00a0\u00bb up=\u00a0\u00bb5&Prime; down=\u00a0\u00bb16&Prime;]<a  itemprop=\"url\" href=\"http:\/\/www.education.gouv.qc.ca\/references\/publications\/resultats-de-la-recherche\/detail\/article\/lanimation-communautaire-comme-outil-de-conscientisation-a-lapprentissage-tout-au-long-de-la-vie\/?tx_ttnews%5Blang%5D=0&amp;cHash=d32bfe76f2cfe2f2771d30f39768aa9b\" target=\"_blank\"  class=\"qbutton  medium default\" style=\"\">Consulter<i class=\"qode_icon_font_awesome fa fa-file qode_button_icon_element\" style=\"\" ><\/i><\/a>    <\/div>\n<\/div><\/div>[\/vc_column][vc_column width=\u00a0\u00bb1\/2&Prime;][vc_single_image image=\u00a0\u00bb15919&Prime; img_size=\u00a0\u00bbfull\u00a0\u00bb alignment=\u00a0\u00bbcenter\u00a0\u00bb qode_css_animation=\u00a0\u00bbelement_from_right\u00a0\u00bb transition_delay=\u00a0\u00bb0.4&Prime;][vc_separator type=\u00a0\u00bbtransparent\u00a0\u00bb up=\u00a0\u00bb89&Prime; down=\u00a0\u00bb0&Prime;][\/vc_column][\/vc_row][vc_row css_animation=\u00a0\u00bb\u00a0\u00bb row_type=\u00a0\u00bbrow\u00a0\u00bb use_row_as_full_screen_section=\u00a0\u00bbno\u00a0\u00bb type=\u00a0\u00bbfull_width\u00a0\u00bb angled_section=\u00a0\u00bbno\u00a0\u00bb text_align=\u00a0\u00bbleft\u00a0\u00bb background_image_as_pattern=\u00a0\u00bbwithout_pattern\u00a0\u00bb][vc_column][vc_column_text]<\/p>\n<p>[\/vc_column_text][\/vc_column][\/vc_row][vc_row css_animation=\u00a0\u00bb\u00a0\u00bb row_type=\u00a0\u00bbrow\u00a0\u00bb use_row_as_full_screen_section=\u00a0\u00bbno\u00a0\u00bb type=\u00a0\u00bbgrid\u00a0\u00bb angled_section=\u00a0\u00bbno\u00a0\u00bb text_align=\u00a0\u00bbcenter\u00a0\u00bb background_image_as_pattern=\u00a0\u00bbwithout_pattern\u00a0\u00bb background_color=\u00a0\u00bb#00afaa\u00a0\u00bb padding_top=\u00a0\u00bb48&Prime; padding_bottom=\u00a0\u00bb52&Prime; z_index=\u00a0\u00bb\u00a0\u00bb][vc_column][vc_column_text]<span style=\"color: #000000;\"><strong>\u00c0 PARTAGER<\/strong><\/span><\/p>\n<p><span style=\"color: #000000;\">Vous avez d\u00e9velopp\u00e9 du mat\u00e9riel (vid\u00e9o, capsule, document, atelier, etc.) qui pourrait inspirer le r\u00e9seau scolaire&#8230;\u00a0Partagez vos bons coups par le biais de l\u2019infolettre SARCA ou dans le r\u00e9pertoire d&rsquo;activit\u00e9s!<\/span>[\/vc_column_text][vc_separator type=\u00a0\u00bbtransparent\u00a0\u00bb up=\u00a0\u00bb5&Prime; down=\u00a0\u00bb16&Prime;]<a  itemprop=\"url\" href=\"http:\/\/www.carrefourfga.ca\/SARCA-DEAFP\/fr\/nous-joindre\" target=\"_self\"  class=\"qbutton  small center default btn_100\" style=\"margin: 10px; \">Nous joindre<\/a><a  itemprop=\"url\" href=\"http:\/\/www.carrefourfga.ca\/SARCA-DEAFP\/fr\/soumettre\/\" target=\"_self\" data-hover-background-color=#000000 data-hover-border-color=#000000 data-hover-color=#ffffff class=\"qbutton  small center white default btn_100\" style=\"color: #000000; border-color: #ffffff; margin: 10px; background-color: #ffffff;\">Soumettre<\/a>[\/vc_column][\/vc_row][vc_row css_animation=\u00a0\u00bb\u00a0\u00bb row_type=\u00a0\u00bbrow\u00a0\u00bb use_row_as_full_screen_section=\u00a0\u00bbno\u00a0\u00bb type=\u00a0\u00bbfull_width\u00a0\u00bb angled_section=\u00a0\u00bbno\u00a0\u00bb text_align=\u00a0\u00bbleft\u00a0\u00bb background_image_as_pattern=\u00a0\u00bbwithout_pattern\u00a0\u00bb][vc_column]<span data-type=\"normal\"  class=\"qode_icon_shortcode  q_font_awsome_icon fa-lg  \" style=\" \"><i class=\"qode_icon_font_awesome fa  qode_icon_element\" style=\"\" ><\/i><\/span>[\/vc_column][\/vc_row][vc_row css_animation=\u00a0\u00bb\u00a0\u00bb row_type=\u00a0\u00bbrow\u00a0\u00bb use_row_as_full_screen_section=\u00a0\u00bbno\u00a0\u00bb type=\u00a0\u00bbfull_width\u00a0\u00bb angled_section=\u00a0\u00bbno\u00a0\u00bb text_align=\u00a0\u00bbleft\u00a0\u00bb background_image_as_pattern=\u00a0\u00bbwithout_pattern\u00a0\u00bb][vc_column]<div class='q_icon_with_title tiny normal_icon center '><div class=\"icon_holder \" style=\" \"><span data-icon-type=\"normal\"   style=\"\" class=\"qode_iwt_icon_holder q_font_awsome_icon fa-lg  \"><i class=\"qode_icon_font_awesome fa fa-arrow-circle-o-up qode_iwt_icon_element\" style=\"\" ><\/i><\/span><\/div><div class=\"icon_text_holder\" style=\"\"><div class=\"icon_text_inner\" style=\"\"><h5 class=\"icon_title\" style=\"\"><\/h5><p style=''><\/p><\/div><\/div><\/div>[\/vc_column][\/vc_row]<\/p>\n<\/div><\/section>","protected":false},"excerpt":{"rendered":"<p>[vc_row css_animation=\u00a0\u00bb\u00a0\u00bb row_type=\u00a0\u00bbrow\u00a0\u00bb use_row_as_full_screen_section=\u00a0\u00bbno\u00a0\u00bb type=\u00a0\u00bbgrid\u00a0\u00bb anchor=\u00a0\u00bbACCUEIL\u00a0\u00bb in_content_menu=\u00a0\u00bbin_content_menu\u00a0\u00bb content_menu_title=\u00a0\u00bbPROACTIVIT\u00c9\u00a0\u00bb content_menu_icon=\u00a0\u00bbfa-comments\u00a0\u00bb angled_section=\u00a0\u00bbno\u00a0\u00bb text_align=\u00a0\u00bbleft\u00a0\u00bb background_image_as_pattern=\u00a0\u00bbwithout_pattern\u00a0\u00bb background_color=\u00a0\u00bb#f1f1f1&Prime; padding_top=\u00a0\u00bb90&Prime; padding_bottom=\u00a0\u00bb90&Prime; z_index=\u00a0\u00bb\u00a0\u00bb][vc_column width=\u00a0\u00bb1\/2&Prime;][vc_column_text] PROACTIVIT\u00c9\u00a0 [\/vc_column_text][vc_separator type=\u00a0\u00bbtransparent\u00a0\u00bb up=\u00a0\u00bb12&Prime; down=\u00a0\u00bb0&Prime;][vc_separator type=\u00a0\u00bbsmall\u00a0\u00bb position=\u00a0\u00bbcenter\u00a0\u00bb color=\u00a0\u00bb#c1c1c1&Prime;][vc_empty_space height=\u00a0\u00bb10px\u00a0\u00bb][vc_empty_space height=\u00a0\u00bb10px\u00a0\u00bb][vc_empty_space height=\u00a0\u00bb10px\u00a0\u00bb][\/vc_column][vc_column width=\u00a0\u00bb1\/2&Prime;][vc_single_image image=\u00a0\u00bb15919&Prime; img_size=\u00a0\u00bbfull\u00a0\u00bb alignment=\u00a0\u00bbcenter\u00a0\u00bb qode_css_animation=\u00a0\u00bbelement_from_right\u00a0\u00bb transition_delay=\u00a0\u00bb0.4&Prime;][vc_separator type=\u00a0\u00bbtransparent\u00a0\u00bb up=\u00a0\u00bb89&Prime; down=\u00a0\u00bb0&Prime;][\/vc_column][\/vc_row][vc_row css_animation=\u00a0\u00bb\u00a0\u00bb row_type=\u00a0\u00bbrow\u00a0\u00bb use_row_as_full_screen_section=\u00a0\u00bbno\u00a0\u00bb type=\u00a0\u00bbfull_width\u00a0\u00bb angled_section=\u00a0\u00bbno\u00a0\u00bb text_align=\u00a0\u00bbleft\u00a0\u00bb background_image_as_pattern=\u00a0\u00bbwithout_pattern\u00a0\u00bb][vc_column][vc_column_text] [\/vc_column_text][\/vc_column][\/vc_row][vc_row&#8230;<\/p>\n","protected":false},"author":1,"featured_media":0,"parent":0,"menu_order":3,"comment_status":"closed","ping_status":"closed","template":"full_width.php","meta":{"om_disable_all_campaigns":false,"_monsterinsights_skip_tracking":false,"_monsterinsights_sitenote_active":false,"_monsterinsights_sitenote_note":"","_monsterinsights_sitenote_category":0,"footnotes":"","_links_to":"","_links_to_target":""},"_links":{"self":[{"href":"https:\/\/www.carrefourfga.ca\/SARCA-DEAFP\/wp-json\/wp\/v2\/pages\/17048"}],"collection":[{"href":"https:\/\/www.carrefourfga.ca\/SARCA-DEAFP\/wp-json\/wp\/v2\/pages"}],"about":[{"href":"https:\/\/www.carrefourfga.ca\/SARCA-DEAFP\/wp-json\/wp\/v2\/types\/page"}],"author":[{"embeddable":true,"href":"https:\/\/www.carrefourfga.ca\/SARCA-DEAFP\/wp-json\/wp\/v2\/users\/1"}],"replies":[{"embeddable":true,"href":"https:\/\/www.carrefourfga.ca\/SARCA-DEAFP\/wp-json\/wp\/v2\/comments?post=17048"}],"version-history":[{"count":5,"href":"https:\/\/www.carrefourfga.ca\/SARCA-DEAFP\/wp-json\/wp\/v2\/pages\/17048\/revisions"}],"predecessor-version":[{"id":17404,"href":"https:\/\/www.carrefourfga.ca\/SARCA-DEAFP\/wp-json\/wp\/v2\/pages\/17048\/revisions\/17404"}],"wp:attachment":[{"href":"https:\/\/www.carrefourfga.ca\/SARCA-DEAFP\/wp-json\/wp\/v2\/media?parent=17048"}],"curies":[{"name":"wp","href":"https:\/\/api.w.org\/{rel}","templated":true}]}}