{"id":17044,"date":"2020-11-25T18:06:27","date_gmt":"2020-11-25T18:06:27","guid":{"rendered":"http:\/\/www.carrefourfga.ca\/SARCA-DEAFP\/?page_id=17044"},"modified":"2023-10-22T18:35:06","modified_gmt":"2023-10-22T18:35:06","slug":"bibliotheque-exploration-des-acquis","status":"publish","type":"page","link":"https:\/\/www.carrefourfga.ca\/SARCA-DEAFP\/bibliotheque-exploration-des-acquis\/","title":{"rendered":"Biblioth\u00e8que &#8211; Exploration des acquis"},"content":{"rendered":"<section class=\"wpb-content-wrapper\"><div id=\"modal-ready\"><p>[vc_row css_animation=\u00a0\u00bb\u00a0\u00bb row_type=\u00a0\u00bbrow\u00a0\u00bb use_row_as_full_screen_section=\u00a0\u00bbno\u00a0\u00bb type=\u00a0\u00bbgrid\u00a0\u00bb anchor=\u00a0\u00bbACCUEIL\u00a0\u00bb in_content_menu=\u00a0\u00bbin_content_menu\u00a0\u00bb content_menu_title=\u00a0\u00bbExploration des acquis\u00a0\u00bb content_menu_icon=\u00a0\u00bbfa-puzzle-piece\u00a0\u00bb angled_section=\u00a0\u00bbno\u00a0\u00bb text_align=\u00a0\u00bbleft\u00a0\u00bb background_image_as_pattern=\u00a0\u00bbwithout_pattern\u00a0\u00bb background_color=\u00a0\u00bb#f1f1f1&Prime; padding_top=\u00a0\u00bb90&Prime; padding_bottom=\u00a0\u00bb0&Prime; z_index=\u00a0\u00bb\u00a0\u00bb][vc_column width=\u00a0\u00bb1\/2&Prime;][vc_separator type=\u00a0\u00bbtransparent\u00a0\u00bb up=\u00a0\u00bb50&Prime; down=\u00a0\u00bb0&Prime;][vc_column_text]<\/p>\n<h1 class=\"icon_title\">Exploration des acquis\u00a0<span data-type=\"normal\"  class=\"qode_icon_shortcode  q_font_awsome_icon fa-lg  \" style=\" \"><i class=\"qode_icon_font_awesome fa fa-puzzle-piece qode_icon_element\" style=\"\" ><\/i><\/span><\/h1>\n<p>[\/vc_column_text][vc_separator type=\u00a0\u00bbtransparent\u00a0\u00bb up=\u00a0\u00bb12&Prime; down=\u00a0\u00bb0&Prime;]<div class='q_list circle'><\/p>\n<ul>\n<li><strong><a class=\"\" href=\"http:\/\/www2.carrefourfga.com\/SARCA\/PDF\/Exploration%20des%20acquis_2014-2015.pdf\" target=\"_blank\" rel=\"noopener\">Document de r\u00e9f\u00e9rence<br \/>\nL&rsquo;exploration des acquis de l&rsquo;adulte : un effet de levier<\/a><\/strong><\/li>\n<li><strong><a class=\"\" href=\"http:\/\/www2.carrefourfga.com\/SARCA\/documents\/Exploration%20acquis_Rapportsynthese_Excel_29mars2016.xlsm\" target=\"\" rel=\"noopener\">Rapport synth\u00e8se informatis\u00e9 (\u00e9dition 2016)<\/a><\/strong><\/li>\n<li><strong><a class=\"\" href=\"http:\/\/www2.carrefourfga.com\/SARCA\/documents\/Exploration%20acquis_Rapport%20synthese_Excel2007_2014-2015.xlsm\" target=\"_blank\" rel=\"noopener\">Rapport synth\u00e8se informatis\u00e9 (\u00e9dition 2014)<\/a><\/strong><\/li>\n<li><strong><a class=\"\" href=\"http:\/\/www.carrefourfga.com\/documents\/FRAN_Explo%20acquis_Autochtones_Avril%202016.pdf\" target=\"_blank\" rel=\"noopener\">Outils d&rsquo;intervention pour la population autochtone<\/a><\/strong><\/li>\n<li><strong><a href=\"http:\/\/www.carrefourfga.ca\/SARCA-DEAFP\/eda-developper-les-sarca-dans-un-contexte-organise-de-lapproche-orientante\/\" target=\"_blank\" rel=\"noopener\">D\u00e9velopper les SARCA dans un contexte organis\u00e9 de l\u2019approche orientante<\/a><\/strong><\/li>\n<li><strong><a href=\"http:\/\/www.carrefourfga.ca\/SARCA-DEAFP\/eda-base-de-donnees-sarca\/\" target=\"_blank\" rel=\"noopener\">Base de donn\u00e9es SARCA <\/a><\/strong><\/li>\n<li><strong><a href=\"http:\/\/www.carrefourfga.ca\/SARCA-DEAFP\/exploration-des-acquis-video-sur-le-service-dexploration-des-acquis-dans-le-cadre-des-sarca\/\" target=\"_blank\" rel=\"noopener\">Vid\u00e9o sur le service d\u2019exploration des acquis dans le cadre des SARCA<\/a><\/strong><\/li>\n<\/ul>\n<p><\/div>[vc_separator type=\u00a0\u00bbtransparent\u00a0\u00bb up=\u00a0\u00bb5&Prime; down=\u00a0\u00bb16&Prime;][\/vc_column][vc_column width=\u00a0\u00bb1\/2&Prime;][vc_separator type=\u00a0\u00bbtransparent\u00a0\u00bb up=\u00a0\u00bb50&Prime; down=\u00a0\u00bb0&Prime;][vc_single_image image=\u00a0\u00bb1565&Prime; img_size=\u00a0\u00bb445&#215;297&Prime; qode_css_animation=\u00a0\u00bb\u00a0\u00bb][\/vc_column][\/vc_row][vc_row css_animation=\u00a0\u00bb\u00a0\u00bb row_type=\u00a0\u00bbrow\u00a0\u00bb use_row_as_full_screen_section=\u00a0\u00bbno\u00a0\u00bb type=\u00a0\u00bbfull_width\u00a0\u00bb angled_section=\u00a0\u00bbno\u00a0\u00bb text_align=\u00a0\u00bbleft\u00a0\u00bb background_image_as_pattern=\u00a0\u00bbwithout_pattern\u00a0\u00bb][vc_column][vc_column_text]<\/p>\n<p>[\/vc_column_text][\/vc_column][\/vc_row][vc_row css_animation=\u00a0\u00bb\u00a0\u00bb row_type=\u00a0\u00bbrow\u00a0\u00bb use_row_as_full_screen_section=\u00a0\u00bbno\u00a0\u00bb type=\u00a0\u00bbgrid\u00a0\u00bb angled_section=\u00a0\u00bbno\u00a0\u00bb text_align=\u00a0\u00bbcenter\u00a0\u00bb background_image_as_pattern=\u00a0\u00bbwithout_pattern\u00a0\u00bb background_color=\u00a0\u00bb#00afaa\u00a0\u00bb padding_top=\u00a0\u00bb48&Prime; padding_bottom=\u00a0\u00bb52&Prime; z_index=\u00a0\u00bb\u00a0\u00bb][vc_column][vc_column_text]<span style=\"color: #000000;\"><strong>\u00c0 PARTAGER<\/strong><\/span><\/p>\n<p><span style=\"color: #000000;\">Vous avez d\u00e9velopp\u00e9 du mat\u00e9riel (vid\u00e9o, capsule, document, atelier, etc.) qui pourrait inspirer le r\u00e9seau scolaire&#8230;\u00a0Partagez vos bons coups par le biais de l\u2019infolettre SARCA ou dans le r\u00e9pertoire d&rsquo;activit\u00e9s!<\/span>[\/vc_column_text][vc_separator type=\u00a0\u00bbtransparent\u00a0\u00bb up=\u00a0\u00bb5&Prime; down=\u00a0\u00bb16&Prime;]<a  itemprop=\"url\" href=\"http:\/\/www.carrefourfga.ca\/SARCA-DEAFP\/fr\/nous-joindre\" target=\"_self\"  class=\"qbutton  small center default btn_100\" style=\"margin: 10px; \">Nous joindre<\/a><a  itemprop=\"url\" href=\"http:\/\/www.carrefourfga.ca\/SARCA-DEAFP\/fr\/soumettre\/\" target=\"_self\" data-hover-background-color=#000000 data-hover-border-color=#000000 data-hover-color=#ffffff class=\"qbutton  small center white default btn_100\" style=\"color: #000000; border-color: #ffffff; margin: 10px; background-color: #ffffff;\">Soumettre<\/a>[\/vc_column][\/vc_row][vc_row css_animation=\u00a0\u00bb\u00a0\u00bb row_type=\u00a0\u00bbrow\u00a0\u00bb use_row_as_full_screen_section=\u00a0\u00bbno\u00a0\u00bb type=\u00a0\u00bbfull_width\u00a0\u00bb angled_section=\u00a0\u00bbno\u00a0\u00bb text_align=\u00a0\u00bbleft\u00a0\u00bb background_image_as_pattern=\u00a0\u00bbwithout_pattern\u00a0\u00bb][vc_column]<span data-type=\"normal\"  class=\"qode_icon_shortcode  q_font_awsome_icon fa-lg  \" style=\" \"><i class=\"qode_icon_font_awesome fa  qode_icon_element\" style=\"\" ><\/i><\/span>[\/vc_column][\/vc_row][vc_row css_animation=\u00a0\u00bb\u00a0\u00bb row_type=\u00a0\u00bbrow\u00a0\u00bb use_row_as_full_screen_section=\u00a0\u00bbno\u00a0\u00bb type=\u00a0\u00bbfull_width\u00a0\u00bb angled_section=\u00a0\u00bbno\u00a0\u00bb text_align=\u00a0\u00bbleft\u00a0\u00bb background_image_as_pattern=\u00a0\u00bbwithout_pattern\u00a0\u00bb][vc_column]<div class='q_icon_with_title tiny normal_icon center '><div class=\"icon_holder \" style=\" \"><span data-icon-type=\"normal\"   style=\"\" class=\"qode_iwt_icon_holder q_font_awsome_icon fa-lg  \"><i class=\"qode_icon_font_awesome fa fa-arrow-circle-o-up qode_iwt_icon_element\" style=\"\" ><\/i><\/span><\/div><div class=\"icon_text_holder\" style=\"\"><div class=\"icon_text_inner\" style=\"\"><h5 class=\"icon_title\" style=\"\"><\/h5><p style=''><\/p><\/div><\/div><\/div>[\/vc_column][\/vc_row]<\/p>\n<\/div><\/section>","protected":false},"excerpt":{"rendered":"<p>[vc_row css_animation=\u00a0\u00bb\u00a0\u00bb row_type=\u00a0\u00bbrow\u00a0\u00bb use_row_as_full_screen_section=\u00a0\u00bbno\u00a0\u00bb type=\u00a0\u00bbgrid\u00a0\u00bb anchor=\u00a0\u00bbACCUEIL\u00a0\u00bb in_content_menu=\u00a0\u00bbin_content_menu\u00a0\u00bb content_menu_title=\u00a0\u00bbExploration des acquis\u00a0\u00bb content_menu_icon=\u00a0\u00bbfa-puzzle-piece\u00a0\u00bb angled_section=\u00a0\u00bbno\u00a0\u00bb text_align=\u00a0\u00bbleft\u00a0\u00bb background_image_as_pattern=\u00a0\u00bbwithout_pattern\u00a0\u00bb background_color=\u00a0\u00bb#f1f1f1&Prime; padding_top=\u00a0\u00bb90&Prime; padding_bottom=\u00a0\u00bb0&Prime; z_index=\u00a0\u00bb\u00a0\u00bb][vc_column width=\u00a0\u00bb1\/2&Prime;][vc_separator type=\u00a0\u00bbtransparent\u00a0\u00bb up=\u00a0\u00bb50&Prime; down=\u00a0\u00bb0&Prime;][vc_column_text] Exploration des acquis\u00a0 [\/vc_column_text][vc_separator type=\u00a0\u00bbtransparent\u00a0\u00bb up=\u00a0\u00bb12&Prime; down=\u00a0\u00bb0&Prime;][vc_separator type=\u00a0\u00bbtransparent\u00a0\u00bb up=\u00a0\u00bb5&Prime; down=\u00a0\u00bb16&Prime;][\/vc_column][vc_column width=\u00a0\u00bb1\/2&Prime;][vc_separator type=\u00a0\u00bbtransparent\u00a0\u00bb up=\u00a0\u00bb50&Prime; down=\u00a0\u00bb0&Prime;][vc_single_image image=\u00a0\u00bb1565&Prime; img_size=\u00a0\u00bb445&#215;297&Prime; qode_css_animation=\u00a0\u00bb\u00a0\u00bb][\/vc_column][\/vc_row][vc_row css_animation=\u00a0\u00bb\u00a0\u00bb row_type=\u00a0\u00bbrow\u00a0\u00bb use_row_as_full_screen_section=\u00a0\u00bbno\u00a0\u00bb type=\u00a0\u00bbfull_width\u00a0\u00bb angled_section=\u00a0\u00bbno\u00a0\u00bb text_align=\u00a0\u00bbleft\u00a0\u00bb&#8230;<\/p>\n","protected":false},"author":1,"featured_media":0,"parent":0,"menu_order":3,"comment_status":"closed","ping_status":"closed","template":"full_width.php","meta":{"om_disable_all_campaigns":false,"_monsterinsights_skip_tracking":false,"_monsterinsights_sitenote_active":false,"_monsterinsights_sitenote_note":"","_monsterinsights_sitenote_category":0,"footnotes":"","_links_to":"","_links_to_target":""},"_links":{"self":[{"href":"https:\/\/www.carrefourfga.ca\/SARCA-DEAFP\/wp-json\/wp\/v2\/pages\/17044"}],"collection":[{"href":"https:\/\/www.carrefourfga.ca\/SARCA-DEAFP\/wp-json\/wp\/v2\/pages"}],"about":[{"href":"https:\/\/www.carrefourfga.ca\/SARCA-DEAFP\/wp-json\/wp\/v2\/types\/page"}],"author":[{"embeddable":true,"href":"https:\/\/www.carrefourfga.ca\/SARCA-DEAFP\/wp-json\/wp\/v2\/users\/1"}],"replies":[{"embeddable":true,"href":"https:\/\/www.carrefourfga.ca\/SARCA-DEAFP\/wp-json\/wp\/v2\/comments?post=17044"}],"version-history":[{"count":3,"href":"https:\/\/www.carrefourfga.ca\/SARCA-DEAFP\/wp-json\/wp\/v2\/pages\/17044\/revisions"}],"predecessor-version":[{"id":17401,"href":"https:\/\/www.carrefourfga.ca\/SARCA-DEAFP\/wp-json\/wp\/v2\/pages\/17044\/revisions\/17401"}],"wp:attachment":[{"href":"https:\/\/www.carrefourfga.ca\/SARCA-DEAFP\/wp-json\/wp\/v2\/media?parent=17044"}],"curies":[{"name":"wp","href":"https:\/\/api.w.org\/{rel}","templated":true}]}}