{"id":17032,"date":"2020-11-25T17:27:42","date_gmt":"2020-11-25T17:27:42","guid":{"rendered":"http:\/\/www.carrefourfga.ca\/SARCA-DEAFP\/?page_id=17032"},"modified":"2023-10-22T18:35:06","modified_gmt":"2023-10-22T18:35:06","slug":"bibliotheque-accueil","status":"publish","type":"page","link":"https:\/\/www.carrefourfga.ca\/SARCA-DEAFP\/bibliotheque-accueil\/","title":{"rendered":"Biblioth\u00e8que &#8211; Accueil"},"content":{"rendered":"<section class=\"wpb-content-wrapper\"><div id=\"modal-ready\"><p>[vc_row css_animation=\u00a0\u00bb\u00a0\u00bb row_type=\u00a0\u00bbrow\u00a0\u00bb use_row_as_full_screen_section=\u00a0\u00bbno\u00a0\u00bb type=\u00a0\u00bbgrid\u00a0\u00bb anchor=\u00a0\u00bbACCUEIL\u00a0\u00bb in_content_menu=\u00a0\u00bbin_content_menu\u00a0\u00bb content_menu_title=\u00a0\u00bbACCUEIL\u00a0\u00bb content_menu_icon=\u00a0\u00bbfa-arrow-circle-o-up\u00a0\u00bb angled_section=\u00a0\u00bbno\u00a0\u00bb text_align=\u00a0\u00bbleft\u00a0\u00bb background_image_as_pattern=\u00a0\u00bbwithout_pattern\u00a0\u00bb background_color=\u00a0\u00bb#f8f8f8&Prime; padding_top=\u00a0\u00bb90&Prime; padding_bottom=\u00a0\u00bb90&Prime; z_index=\u00a0\u00bb\u00a0\u00bb][vc_column width=\u00a0\u00bb1\/2&Prime;][vc_separator type=\u00a0\u00bbtransparent\u00a0\u00bb up=\u00a0\u00bb50&Prime;][vc_single_image image=\u00a0\u00bb1513&Prime; img_size=\u00a0\u00bb445&#215;297&Prime; alignment=\u00a0\u00bbcenter\u00a0\u00bb qode_css_animation=\u00a0\u00bbelement_from_left\u00a0\u00bb transition_delay=\u00a0\u00bb0.2&Prime;][\/vc_column][vc_column width=\u00a0\u00bb1\/2&Prime;][vc_separator type=\u00a0\u00bbtransparent\u00a0\u00bb up=\u00a0\u00bb50&Prime;][vc_column_text]<\/p>\n<h1 style=\"text-align: left;\">ACCUEIL\u00a0<span data-type=\"normal\"  class=\"qode_icon_shortcode  q_font_awsome_icon fa-lg  \" style=\" \"><i class=\"qode_icon_font_awesome fa fa-arrow-circle-o-up qode_icon_element\" style=\"\" ><\/i><\/span><\/h1>\n<p>[\/vc_column_text][vc_separator type=\u00a0\u00bbtransparent\u00a0\u00bb up=\u00a0\u00bb12&Prime; down=\u00a0\u00bb0&Prime;]<div class='q_list circle'><\/p>\n<h4>Les SARCA! (4 capsules de formation SARCA)<\/h4>\n<ul>\n<li><strong><a href=\"http:\/\/www.carrefourfga.ca\/SARCA-DEAFP\/accueil-1-4-les-sarca-les-quoi\/\" target=\"_blank\" rel=\"noopener\">1\/4 &#8211; Les SARCA! Les quoi?<\/a><\/strong><\/li>\n<li><strong><a href=\"http:\/\/www.carrefourfga.ca\/SARCA-DEAFP\/accueil-2-4-les-sarca-qui-fait-quoi-les-roles-et-responsabilites\/\" target=\"_blank\" rel=\"noopener\">2\/4 &#8211; Les SARCA! Qui fait quoi? Les r\u00f4les et responsabilit\u00e9s.<\/a><\/strong><\/li>\n<li><strong><a href=\"http:\/\/www.carrefourfga.ca\/SARCA-DEAFP\/accueil-3-4-les-sarca-service-a-la-clientele\/\" target=\"_blank\" rel=\"noopener\">3\/4 &#8211; Les SARCA! Service \u00e0 la client\u00e8le<\/a><\/strong><\/li>\n<li><strong><a href=\"http:\/\/www.carrefourfga.ca\/SARCA-DEAFP\/accueil-3-4-les-sarca-service-a-la-clientele\/\" target=\"_blank\" rel=\"noopener\">4\/4 &#8211; Les SARCA! Accueil des client\u00e8les particuli\u00e8res<\/a><\/strong><\/li>\n<\/ul>\n<h4>Autres ressources<\/h4>\n<ul>\n<li><strong><a href=\"http:\/\/www.carrefourfga.ca\/SARCA-DEAFP\/accueil-cartable-1er-niveau-daccueil\/\" target=\"_blank\" rel=\"noopener\">Cartable 1er niveau d&rsquo;accueil<\/a><\/strong><\/li>\n<li><strong><a href=\"http:\/\/www.carrefourfga.ca\/SARCA-DEAFP\/accueil-laccueil-des-personnes-immigrantes-dans-le-cadre-des-sarca\/\" target=\"_blank\" rel=\"noopener\">L&rsquo;accueil des personnes immigrantes dans le cadre des SARCA<\/a><\/strong><\/li>\n<li><strong><a href=\"http:\/\/www.carrefourfga.ca\/SARCA-DEAFP\/accueil-laccueil-des-personnes-peu-alphabetisees\/\" target=\"_blank\" rel=\"noopener\">L&rsquo;accueil des personnes peu alphab\u00e9tis\u00e9es<\/a><\/strong><\/li>\n<li><strong><a href=\"http:\/\/www.carrefourfga.ca\/SARCA-DEAFP\/accueil-laccueil-des-personnes-en-milieu-carceral-dans-le-cadre-des-sarca\/\" target=\"_blank\" rel=\"noopener\">L&rsquo;accueil des personnes en milieu carc\u00e9ral dans le cadre des SARCA<\/a><\/strong><\/li>\n<li><strong><a href=\"http:\/\/www.carrefourfga.ca\/SARCA-DEAFP\/accueil-laccueil-des-personnes-handicapees-dans-le-cadre-des-sarca\/\" target=\"_blank\" rel=\"noopener\">L&rsquo;accueil des personnes handicap\u00e9es dans le cadre des SARCA<\/a><\/strong><\/li>\n<li><strong><a href=\"http:\/\/www.carrefourfga.ca\/SARCA-DEAFP\/accueil-active-listening-workshop\/\" target=\"_blank\" rel=\"noopener\">Active listening workshop<\/a><\/strong><\/li>\n<li><strong><a href=\"http:\/\/www.carrefourfga.ca\/SARCA-DEAFP\/accueil-sondage-sur-laccueil-1er-et-2e-niveau-sarca\/\" target=\"_blank\" rel=\"noopener\">Sondage sur l\u2019accueil 1er et 2e niveau SARCA<\/a><\/strong><\/li>\n<li><strong><a href=\"http:\/\/www.carrefourfga.ca\/SARCA-DEAFP\/accueil-une-capsule-video-sur-le-second-niveau-daccueil\/\" target=\"_blank\" rel=\"noopener\">Une capsule vid\u00e9o sur le second niveau d\u2019accueil<\/a><\/strong><\/li>\n<li><strong><a href=\"http:\/\/www.carrefourfga.ca\/SARCA-DEAFP\/accueil-plan-de-formation-continue-sur-les-sarca-sadressant-principalement-au-personnel-du-premier-niveau-de-laccueil-et-autres-personnels\/\" target=\"_blank\" rel=\"noopener\">Plan de formation continue sur les SARCA s\u2019adressant principalement au personnel du premier niveau de l\u2019accueil et autres personnels<\/a><\/strong><\/li>\n<li><strong><a href=\"http:\/\/www.carrefourfga.ca\/SARCA-DEAFP\/accueil-session-de-formation-pour-le-personnel-administratif-offrant-le-service-du-premier-niveau-daccueil-des-sarca\/\" target=\"_blank\" rel=\"noopener\">Session de formation pour le personnel administratif offrant le service du premier niveau d\u2019accueil des SARCA<\/a><\/strong><\/li>\n<\/ul>\n<p><\/div>[vc_separator type=\u00a0\u00bbsmall\u00a0\u00bb position=\u00a0\u00bbcenter\u00a0\u00bb color=\u00a0\u00bb#c1c1c1&Prime;]<div class=\"qode-accordion-holder clearfix qode-toggle qode-initial \">\n\t<h6 class=\"clearfix qode-title-holder\">\n<span class=\"qode-tab-title\">\n\t    <span class=\"qode-tab-title-inner\">\n        Composante \u00abaccueil\u00bb dans une perspective de partenariat avec le milieu (Recherche-action, 2008-2009)    <\/span>\n<\/span>\n<span class=\"qode-accordion-mark\">\n    <span class=\"qode-accordion-mark-icon\">\n        <span class=\"icon_plus\"><\/span>\n        <span class=\"icon_minus-06\"><\/span>\n    <\/span>\n<\/span>\n<\/h6>\n<div  class=\"qode-accordion-content \" >\n    <div class=\"qode-accordion-content-inner\">\n        [vc_column_text]Le centre de services scolaire De La Jonqui\u00e8re a voulu explorer la possibilit\u00e9 d&rsquo;\u00e9laborer un service d&rsquo;accueil dans une perspective de partenariat avec le milieu ce qui \u00e9tait un d\u00e9fi en soi. La recherche-action a permis au centre de services scolaire de valider la possibilit\u00e9 que le service d&rsquo;accueil dans le cadre des SARCA soit viable et bonifi\u00e9 \u00e0 l&rsquo;int\u00e9rieur d&rsquo;un partenariat, avec les diff\u00e9rents acteurs du milieu et en fonction de la Politique gouvernementale d&rsquo;\u00e9ducation des adultes et de formation continue.[\/vc_column_text]<a  itemprop=\"url\" href=\"http:\/\/www.education.gouv.qc.ca\/references\/publications\/resultats-de-la-recherche\/detail\/article\/recherche-action-composante-accueil-dans-une-perspective-de-partenariat-avec-le-milieu-recherc\/\" target=\"_blank\"  class=\"qbutton  medium default\" style=\"\">Consulter<\/a>    <\/div>\n<\/div><\/div>[vc_separator type=\u00a0\u00bbtransparent\u00a0\u00bb up=\u00a0\u00bb50&Prime;][\/vc_column][\/vc_row][vc_row css_animation=\u00a0\u00bb\u00a0\u00bb row_type=\u00a0\u00bbrow\u00a0\u00bb use_row_as_full_screen_section=\u00a0\u00bbno\u00a0\u00bb type=\u00a0\u00bbfull_width\u00a0\u00bb angled_section=\u00a0\u00bbno\u00a0\u00bb text_align=\u00a0\u00bbleft\u00a0\u00bb background_image_as_pattern=\u00a0\u00bbwithout_pattern\u00a0\u00bb][vc_column][vc_column_text]<\/p>\n<p>[\/vc_column_text][\/vc_column][\/vc_row][vc_row css_animation=\u00a0\u00bb\u00a0\u00bb row_type=\u00a0\u00bbrow\u00a0\u00bb use_row_as_full_screen_section=\u00a0\u00bbno\u00a0\u00bb type=\u00a0\u00bbgrid\u00a0\u00bb angled_section=\u00a0\u00bbno\u00a0\u00bb text_align=\u00a0\u00bbcenter\u00a0\u00bb background_image_as_pattern=\u00a0\u00bbwithout_pattern\u00a0\u00bb background_color=\u00a0\u00bb#00afaa\u00a0\u00bb padding_top=\u00a0\u00bb48&Prime; padding_bottom=\u00a0\u00bb52&Prime; z_index=\u00a0\u00bb\u00a0\u00bb][vc_column][vc_column_text]<span style=\"color: #000000;\"><strong>\u00c0 PARTAGER<\/strong><\/span><\/p>\n<p><span style=\"color: #000000;\">Vous avez d\u00e9velopp\u00e9 du mat\u00e9riel (vid\u00e9o, capsule, document, atelier, etc.) qui pourrait inspirer le r\u00e9seau scolaire&#8230;\u00a0Partagez vos bons coups par le biais de l\u2019infolettre SARCA ou dans le r\u00e9pertoire d&rsquo;activit\u00e9s!<\/span>[\/vc_column_text][vc_separator type=\u00a0\u00bbtransparent\u00a0\u00bb up=\u00a0\u00bb5&Prime; down=\u00a0\u00bb16&Prime;]<a  itemprop=\"url\" href=\"http:\/\/www.carrefourfga.ca\/SARCA-DEAFP\/fr\/nous-joindre\" target=\"_self\"  class=\"qbutton  small center default btn_100\" style=\"margin: 10px; \">Nous joindre<\/a><a  itemprop=\"url\" href=\"http:\/\/www.carrefourfga.ca\/SARCA-DEAFP\/fr\/soumettre\/\" target=\"_self\" data-hover-background-color=#000000 data-hover-border-color=#000000 data-hover-color=#ffffff class=\"qbutton  small center white default btn_100\" style=\"color: #000000; border-color: #ffffff; margin: 10px; background-color: #ffffff;\">Soumettre<\/a>[\/vc_column][\/vc_row][vc_row css_animation=\u00a0\u00bb\u00a0\u00bb row_type=\u00a0\u00bbrow\u00a0\u00bb use_row_as_full_screen_section=\u00a0\u00bbno\u00a0\u00bb type=\u00a0\u00bbfull_width\u00a0\u00bb angled_section=\u00a0\u00bbno\u00a0\u00bb text_align=\u00a0\u00bbleft\u00a0\u00bb background_image_as_pattern=\u00a0\u00bbwithout_pattern\u00a0\u00bb][vc_column]<span data-type=\"normal\"  class=\"qode_icon_shortcode  q_font_awsome_icon fa-lg  \" style=\" \"><i class=\"qode_icon_font_awesome fa  qode_icon_element\" style=\"\" ><\/i><\/span>[\/vc_column][\/vc_row][vc_row css_animation=\u00a0\u00bb\u00a0\u00bb row_type=\u00a0\u00bbrow\u00a0\u00bb use_row_as_full_screen_section=\u00a0\u00bbno\u00a0\u00bb type=\u00a0\u00bbfull_width\u00a0\u00bb angled_section=\u00a0\u00bbno\u00a0\u00bb text_align=\u00a0\u00bbleft\u00a0\u00bb background_image_as_pattern=\u00a0\u00bbwithout_pattern\u00a0\u00bb][vc_column]<div class='q_icon_with_title tiny normal_icon center '><div class=\"icon_holder \" style=\" \"><span data-icon-type=\"normal\"   style=\"\" class=\"qode_iwt_icon_holder q_font_awsome_icon fa-lg  \"><i class=\"qode_icon_font_awesome fa fa-arrow-circle-o-up qode_iwt_icon_element\" style=\"\" ><\/i><\/span><\/div><div class=\"icon_text_holder\" style=\"\"><div class=\"icon_text_inner\" style=\"\"><h5 class=\"icon_title\" style=\"\"><\/h5><p style=''><\/p><\/div><\/div><\/div>[\/vc_column][\/vc_row]<\/p>\n<\/div><\/section>","protected":false},"excerpt":{"rendered":"<p>[vc_row css_animation=\u00a0\u00bb\u00a0\u00bb row_type=\u00a0\u00bbrow\u00a0\u00bb use_row_as_full_screen_section=\u00a0\u00bbno\u00a0\u00bb type=\u00a0\u00bbgrid\u00a0\u00bb anchor=\u00a0\u00bbACCUEIL\u00a0\u00bb in_content_menu=\u00a0\u00bbin_content_menu\u00a0\u00bb content_menu_title=\u00a0\u00bbACCUEIL\u00a0\u00bb content_menu_icon=\u00a0\u00bbfa-arrow-circle-o-up\u00a0\u00bb angled_section=\u00a0\u00bbno\u00a0\u00bb text_align=\u00a0\u00bbleft\u00a0\u00bb background_image_as_pattern=\u00a0\u00bbwithout_pattern\u00a0\u00bb background_color=\u00a0\u00bb#f8f8f8&Prime; padding_top=\u00a0\u00bb90&Prime; padding_bottom=\u00a0\u00bb90&Prime; z_index=\u00a0\u00bb\u00a0\u00bb][vc_column width=\u00a0\u00bb1\/2&Prime;][vc_separator type=\u00a0\u00bbtransparent\u00a0\u00bb up=\u00a0\u00bb50&Prime;][vc_single_image image=\u00a0\u00bb1513&Prime; img_size=\u00a0\u00bb445&#215;297&Prime; alignment=\u00a0\u00bbcenter\u00a0\u00bb qode_css_animation=\u00a0\u00bbelement_from_left\u00a0\u00bb transition_delay=\u00a0\u00bb0.2&Prime;][\/vc_column][vc_column width=\u00a0\u00bb1\/2&Prime;][vc_separator type=\u00a0\u00bbtransparent\u00a0\u00bb up=\u00a0\u00bb50&Prime;][vc_column_text] ACCUEIL\u00a0 [\/vc_column_text][vc_separator type=\u00a0\u00bbtransparent\u00a0\u00bb up=\u00a0\u00bb12&Prime; down=\u00a0\u00bb0&Prime;][vc_separator type=\u00a0\u00bbsmall\u00a0\u00bb position=\u00a0\u00bbcenter\u00a0\u00bb color=\u00a0\u00bb#c1c1c1&Prime;][vc_separator type=\u00a0\u00bbtransparent\u00a0\u00bb up=\u00a0\u00bb50&Prime;][\/vc_column][\/vc_row][vc_row css_animation=\u00a0\u00bb\u00a0\u00bb row_type=\u00a0\u00bbrow\u00a0\u00bb use_row_as_full_screen_section=\u00a0\u00bbno\u00a0\u00bb type=\u00a0\u00bbfull_width\u00a0\u00bb angled_section=\u00a0\u00bbno\u00a0\u00bb text_align=\u00a0\u00bbleft\u00a0\u00bb background_image_as_pattern=\u00a0\u00bbwithout_pattern\u00a0\u00bb][vc_column][vc_column_text] [\/vc_column_text][\/vc_column][\/vc_row][vc_row&#8230;<\/p>\n","protected":false},"author":1,"featured_media":0,"parent":0,"menu_order":3,"comment_status":"closed","ping_status":"closed","template":"full_width.php","meta":{"om_disable_all_campaigns":false,"_monsterinsights_skip_tracking":false,"_monsterinsights_sitenote_active":false,"_monsterinsights_sitenote_note":"","_monsterinsights_sitenote_category":0,"footnotes":"","_links_to":"","_links_to_target":""},"_links":{"self":[{"href":"https:\/\/www.carrefourfga.ca\/SARCA-DEAFP\/wp-json\/wp\/v2\/pages\/17032"}],"collection":[{"href":"https:\/\/www.carrefourfga.ca\/SARCA-DEAFP\/wp-json\/wp\/v2\/pages"}],"about":[{"href":"https:\/\/www.carrefourfga.ca\/SARCA-DEAFP\/wp-json\/wp\/v2\/types\/page"}],"author":[{"embeddable":true,"href":"https:\/\/www.carrefourfga.ca\/SARCA-DEAFP\/wp-json\/wp\/v2\/users\/1"}],"replies":[{"embeddable":true,"href":"https:\/\/www.carrefourfga.ca\/SARCA-DEAFP\/wp-json\/wp\/v2\/comments?post=17032"}],"version-history":[{"count":6,"href":"https:\/\/www.carrefourfga.ca\/SARCA-DEAFP\/wp-json\/wp\/v2\/pages\/17032\/revisions"}],"predecessor-version":[{"id":17400,"href":"https:\/\/www.carrefourfga.ca\/SARCA-DEAFP\/wp-json\/wp\/v2\/pages\/17032\/revisions\/17400"}],"wp:attachment":[{"href":"https:\/\/www.carrefourfga.ca\/SARCA-DEAFP\/wp-json\/wp\/v2\/media?parent=17032"}],"curies":[{"name":"wp","href":"https:\/\/api.w.org\/{rel}","templated":true}]}}