{"id":1677,"date":"2019-09-18T19:34:23","date_gmt":"2019-09-18T19:34:23","guid":{"rendered":"http:\/\/www.carrefourfga.ca\/SARCA-DEAFP\/?page_id=1677"},"modified":"2023-10-22T18:35:07","modified_gmt":"2023-10-22T18:35:07","slug":"infolettres","status":"publish","type":"page","link":"https:\/\/www.carrefourfga.ca\/SARCA-DEAFP\/_dossier-site-sarca\/infolettres\/","title":{"rendered":"Infolettres"},"content":{"rendered":"<section class=\"wpb-content-wrapper\"><div id=\"modal-ready\"><p>[vc_row rtl_reverse=\u00a0\u00bbyes\u00a0\u00bb css_animation=\u00a0\u00bb\u00a0\u00bb row_type=\u00a0\u00bbrow\u00a0\u00bb use_row_as_full_screen_section=\u00a0\u00bbyes\u00a0\u00bb type=\u00a0\u00bbfull_width\u00a0\u00bb angled_section=\u00a0\u00bbno\u00a0\u00bb text_align=\u00a0\u00bbleft\u00a0\u00bb background_image_as_pattern=\u00a0\u00bbwithout_pattern\u00a0\u00bb z_index=\u00a0\u00bb\u00a0\u00bb css=\u00a0\u00bb.vc_custom_1568836096525{background-color: #ffffff !important;}\u00a0\u00bb el_id=\u00a0\u00bb2013-2014&Prime;][vc_column css_animation=\u00a0\u00bbfadeInLeft\u00a0\u00bb width=\u00a0\u00bb1\/2&Prime; css=\u00a0\u00bb.vc_custom_1569874229904{padding-top: 25px !important;padding-right: 50px !important;padding-bottom: 25px !important;padding-left: 50px !important;background-image: url(http:\/\/www.carrefourfga.ca\/SARCA-DEAFP\/wp-content\/uploads\/2019\/09\/info2.jpg?id=1834) !important;background-position: center !important;background-repeat: no-repeat !important;background-size: cover !important;}\u00a0\u00bb][vc_empty_space height=\u00a0\u00bb40px\u00a0\u00bb][vc_column_text]<\/p>\n<h1 style=\"color: white !important; font-size: 70px !important; text-align: center;\"><span style=\"color: #000000;\">INFOLETTRES<\/span><\/h1>\n<p>[\/vc_column_text][vc_empty_space height=\u00a0\u00bb50px\u00a0\u00bb][vc_column_text]<\/p>\n<p style=\"text-align: center;\"><span style=\"color: #ffffff;\">Soyez inform\u00e9 sur les nouveaut\u00e9s du site, les \u00e9v\u00e9nements, <\/span><\/p>\n<p style=\"text-align: center;\"><span style=\"color: #ffffff;\">les annonces et toute autre information li\u00e9s aux SARCA.<\/span><\/p>\n<p>[\/vc_column_text][vc_empty_space height=\u00a0\u00bb30px\u00a0\u00bb][vc_raw_html]JTNDY2VudGVyJTNFJTBBJTNDJTIxLS0lMjBCZWdpbiUyME1haWxjaGltcCUyMFNpZ251cCUyMEZvcm0lMjAtLSUzRSUwQSUzQ2xpbmslMjBocmVmJTNEJTIyJTJGJTJGY2RuLWltYWdlcy5tYWlsY2hpbXAuY29tJTJGZW1iZWRjb2RlJTJGaG9yaXpvbnRhbC1zbGltLTEwXzcuY3NzJTIyJTIwcmVsJTNEJTIyc3R5bGVzaGVldCUyMiUyMHR5cGUlM0QlMjJ0ZXh0JTJGY3NzJTIyJTNFJTBBJTNDc3R5bGUlMjB0eXBlJTNEJTIydGV4dCUyRmNzcyUyMiUzRSUwQSUwOSUyM21jX2VtYmVkX3NpZ251cCU3QiUyMGNsZWFyJTNBbGVmdCUzQiUyMGZvbnQlM0ExNHB4JTIwSGVsdmV0aWNhJTJDQXJpYWwlMkNzYW5zLXNlcmlmJTNCJTIwd2lkdGglM0ExMDAlMjUlM0IlN0QlMEElMDklMkYlMkElMjBBZGQlMjB5b3VyJTIwb3duJTIwTWFpbGNoaW1wJTIwZm9ybSUyMHN0eWxlJTIwb3ZlcnJpZGVzJTIwaW4lMjB5b3VyJTIwc2l0ZSUyMHN0eWxlc2hlZXQlMjBvciUyMGluJTIwdGhpcyUyMHN0eWxlJTIwYmxvY2suJTBBJTA5JTIwJTIwJTIwV2UlMjByZWNvbW1lbmQlMjBtb3ZpbmclMjB0aGlzJTIwYmxvY2slMjBhbmQlMjB0aGUlMjBwcmVjZWRpbmclMjBDU1MlMjBsaW5rJTIwdG8lMjB0aGUlMjBIRUFEJTIwb2YlMjB5b3VyJTIwSFRNTCUyMGZpbGUuJTIwJTJBJTJGJTBBJTNDJTJGc3R5bGUlM0UlMEElM0NkaXYlMjBpZCUzRCUyMm1jX2VtYmVkX3NpZ251cCUyMiUzRSUwQSUzQ2Zvcm0lMjBhY3Rpb24lM0QlMjJodHRwcyUzQSUyRiUyRmNhcnJlZm91cmZnYS51czMubGlzdC1tYW5hZ2UuY29tJTJGc3Vic2NyaWJlJTJGcG9zdCUzRnUlM0QyOTM2YzAxZmUyYWVjYzU0ZDY2NzAzYmQ2JTI2YW1wJTNCaWQlM0Q4OTE1NDAxMzU2JTIyJTIwbWV0aG9kJTNEJTIycG9zdCUyMiUyMGlkJTNEJTIybWMtZW1iZWRkZWQtc3Vic2NyaWJlLWZvcm0lMjIlMjBuYW1lJTNEJTIybWMtZW1iZWRkZWQtc3Vic2NyaWJlLWZvcm0lMjIlMjBjbGFzcyUzRCUyMnZhbGlkYXRlJTIyJTIwdGFyZ2V0JTNEJTIyX2JsYW5rJTIyJTIwbm92YWxpZGF0ZSUzRSUwQSUyMCUyMCUyMCUyMCUzQ2RpdiUyMGlkJTNEJTIybWNfZW1iZWRfc2lnbnVwX3Njcm9sbCUyMiUzRSUwQSUwOSUwQSUwOSUzQ2lucHV0JTIwdHlwZSUzRCUyMmVtYWlsJTIyJTIwdmFsdWUlM0QlMjIlMjIlMjBuYW1lJTNEJTIyRU1BSUwlMjIlMjBjbGFzcyUzRCUyMmVtYWlsJTIyJTIwaWQlM0QlMjJtY2UtRU1BSUwlMjIlMjBwbGFjZWhvbGRlciUzRCUyMlZvdHJlJTIwY291cnJpZWwlMjIlMjByZXF1aXJlZCUzRSUwQSUyMCUyMCUyMCUyMCUzQyUyMS0tJTIwcmVhbCUyMHBlb3BsZSUyMHNob3VsZCUyMG5vdCUyMGZpbGwlMjB0aGlzJTIwaW4lMjBhbmQlMjBleHBlY3QlMjBnb29kJTIwdGhpbmdzJTIwLSUyMGRvJTIwbm90JTIwcmVtb3ZlJTIwdGhpcyUyMG9yJTIwcmlzayUyMGZvcm0lMjBib3QlMjBzaWdudXBzLS0lM0UlMEElMjAlMjAlMjAlMjAlM0NkaXYlMjBzdHlsZSUzRCUyMnBvc2l0aW9uJTNBJTIwYWJzb2x1dGUlM0IlMjBsZWZ0JTNBJTIwLTUwMDBweCUzQiUyMiUyMGFyaWEtaGlkZGVuJTNEJTIydHJ1ZSUyMiUzRSUzQ2lucHV0JTIwdHlwZSUzRCUyMnRleHQlMjIlMjBuYW1lJTNEJTIyYl8yOTM2YzAxZmUyYWVjYzU0ZDY2NzAzYmQ2Xzg5MTU0MDEzNTYlMjIlMjB0YWJpbmRleCUzRCUyMi0xJTIyJTIwdmFsdWUlM0QlMjIlMjIlM0UlM0MlMkZkaXYlM0UlMEElMjAlMjAlMjAlMjAlM0NkaXYlMjBjbGFzcyUzRCUyMmNsZWFyJTIyJTNFJTNDaW5wdXQlMjB0eXBlJTNEJTIyc3VibWl0JTIyJTIwdmFsdWUlM0QlMjJNJTI3aW5zY3JpcmUlMjIlMjBuYW1lJTNEJTIyc3Vic2NyaWJlJTIyJTIwaWQlM0QlMjJtYy1lbWJlZGRlZC1zdWJzY3JpYmUlMjIlMjBjbGFzcyUzRCUyMmJ1dHRvbiUyMiUzRSUzQyUyRmRpdiUzRSUwQSUyMCUyMCUyMCUyMCUzQyUyRmRpdiUzRSUwQSUzQyUyRmZvcm0lM0UlMEElM0MlMkZkaXYlM0UlMEElMEElM0MlMjEtLUVuZCUyMG1jX2VtYmVkX3NpZ251cC0tJTNFJTBBJTNDJTJGY2VudGVyJTNF[\/vc_raw_html][vc_empty_space height=\u00a0\u00bb300px\u00a0\u00bb][\/vc_column][vc_column css_animation=\u00a0\u00bbfadeInRight\u00a0\u00bb width=\u00a0\u00bb1\/2&Prime; css=\u00a0\u00bb.vc_custom_1568836135656{padding-left: 30px !important;background-color: #ffffff !important;}\u00a0\u00bb][vc_empty_space height=\u00a0\u00bb20px\u00a0\u00bb]<div class='q_icon_with_title small normal_icon left_from_title '><div class=\"icon_text_holder\" style=\"\"><div class=\"icon_text_inner\" style=\"\"><div class=\"icon_title_holder\"><div class=\"icon_holder \" style=\" \"><span data-icon-type=\"normal\"   style=\"\" class=\"qode_iwt_icon_holder q_font_awsome_icon fa-2x  \"><i class=\"qode_icon_font_awesome fa fa-envelope qode_iwt_icon_element\" style=\"\" ><\/i><\/span><\/div><h1 class=\"icon_title\" style=\"font-weight: 900;\">Archives des infolettres<\/h1><\/div><p style=''><\/p><\/div><\/div><\/div>[vc_empty_space height=\u00a0\u00bb20px\u00a0\u00bb][vc_row_inner row_type=\u00a0\u00bbrow\u00a0\u00bb type=\u00a0\u00bbfull_width\u00a0\u00bb text_align=\u00a0\u00bbleft\u00a0\u00bb css_animation=\u00a0\u00bb\u00a0\u00bb][vc_column_inner width=\u00a0\u00bb1\/4&Prime;][vc_column_text]<\/p>\n<h4 style=\"text-align: left;\"><strong>2019-2020<\/strong><\/h4>\n<ul>\n<li style=\"text-align: left;\">Octobre<\/li>\n<\/ul>\n<p>[\/vc_column_text][\/vc_column_inner][vc_column_inner width=\u00a0\u00bb1\/4&Prime;][vc_column_text]<\/p>\n<h4 style=\"text-align: left;\"><strong>2018-2019<\/strong><\/h4>\n<ul>\n<li style=\"text-align: left;\"><a href=\"https:\/\/us9.campaign-archive.com\/?u=bc6f030e621352feed53636b9&amp;id=cdab434cda\" target=\"_blank\" rel=\"noopener\">Novembre<\/a><\/li>\n<li style=\"text-align: left;\"><a href=\"http:\/\/eepurl.com\/gekczH\" target=\"_blank\" rel=\"noopener\">Janvier<\/a><\/li>\n<li style=\"text-align: left;\"><a href=\"http:\/\/eepurl.com\/gkTyIX\" target=\"_blank\" rel=\"noopener\">Mars<\/a><\/li>\n<li style=\"text-align: left;\"><a href=\"http:\/\/eepurl.com\/gt75Jn\" target=\"_blank\" rel=\"noopener\">Juin<\/a><\/li>\n<\/ul>\n<p>[\/vc_column_text][\/vc_column_inner][vc_column_inner width=\u00a0\u00bb1\/4&Prime;][vc_column_text]<\/p>\n<h4 style=\"text-align: left;\"><b>2017-2018<\/b><\/h4>\n<ul>\n<li><a href=\"http:\/\/eepurl.com\/c5oMh5\" target=\"_blank\" rel=\"noopener\">Octobre<\/a><\/li>\n<li><a href=\"http:\/\/eepurl.com\/deZh4v\" target=\"_blank\" rel=\"noopener\">D\u00e9cembre<\/a><\/li>\n<li><a href=\"http:\/\/eepurl.com\/dli8Yf\" target=\"_blank\" rel=\"noopener\">F\u00e9vrier<\/a><\/li>\n<li><a href=\"http:\/\/eepurl.com\/dsqjkH\" target=\"_blank\" rel=\"noopener\">Avril<\/a><\/li>\n<li><a href=\"http:\/\/eepurl.com\/dx5qoX\" target=\"_blank\" rel=\"noopener\">Juin<\/a><\/li>\n<\/ul>\n<p>[\/vc_column_text][\/vc_column_inner][vc_column_inner width=\u00a0\u00bb1\/4&Prime;][vc_column_text]<\/p>\n<h4 style=\"text-align: left;\"><b>2016-2017<\/b><\/h4>\n<ul>\n<li><a href=\"http:\/\/eepurl.com\/ciAk0L\" target=\"_blank\" rel=\"noopener\">Octobre<\/a><\/li>\n<li><a href=\"http:\/\/eepurl.com\/ctvjM1\" target=\"_blank\" rel=\"noopener\">D\u00e9cembre<\/a><\/li>\n<li><a href=\"http:\/\/eepurl.com\/cHVoXP\" target=\"_blank\" rel=\"noopener\">Mai<\/a><\/li>\n<li><a href=\"http:\/\/eepurl.com\/cR8g5j\" target=\"_blank\" rel=\"noopener\">Juin<\/a><\/li>\n<\/ul>\n<p>[\/vc_column_text][\/vc_column_inner][\/vc_row_inner][vc_empty_space height=\u00a0\u00bb20px\u00a0\u00bb][vc_row_inner row_type=\u00a0\u00bbrow\u00a0\u00bb type=\u00a0\u00bbfull_width\u00a0\u00bb text_align=\u00a0\u00bbleft\u00a0\u00bb css_animation=\u00a0\u00bb\u00a0\u00bb][vc_column_inner width=\u00a0\u00bb1\/4&Prime;][vc_column_text]<\/p>\n<h4 style=\"text-align: left;\"><b>2015-2016<\/b><\/h4>\n<ul>\n<li><a href=\"http:\/\/eepurl.com\/bARtCn\" target=\"_blank\" rel=\"noopener\">Septembre<\/a><\/li>\n<li><a href=\"http:\/\/eepurl.com\/bGIdlX\" target=\"_blank\" rel=\"noopener\">Novembre<\/a><\/li>\n<li><a href=\"http:\/\/eepurl.com\/bJT6mz\" target=\"_blank\" rel=\"noopener\">D\u00e9cembre<\/a><\/li>\n<li><a href=\"http:\/\/eepurl.com\/bQhI5v\" target=\"_blank\" rel=\"noopener\">F\u00e9vrier<\/a><\/li>\n<li><a href=\"http:\/\/eepurl.com\/bWhuWP\" target=\"_blank\" rel=\"noopener\">Avril<\/a><\/li>\n<li><a href=\"http:\/\/eepurl.com\/b6y7Cf\" target=\"_blank\" rel=\"noopener\">Juin<\/a><\/li>\n<\/ul>\n<p>[\/vc_column_text][\/vc_column_inner][vc_column_inner width=\u00a0\u00bb1\/4&Prime;][vc_column_text]<\/p>\n<h4 style=\"text-align: left;\"><b>2014-2015<\/b><\/h4>\n<ul>\n<li><a href=\"http:\/\/www2.carrefourfga.com\/SARCA\/infolettre1409.php\" target=\"_blank\" rel=\"noopener\">Septembre<\/a><\/li>\n<li><a href=\"http:\/\/www2.carrefourfga.com\/SARCA\/infolettre1411.php\" target=\"_blank\" rel=\"noopener\">Novembre<\/a><\/li>\n<li><a href=\"http:\/\/www2.carrefourfga.com\/SARCA\/infolettre1412.php\" target=\"_blank\" rel=\"noopener\">D\u00e9cembre<\/a><\/li>\n<li><a href=\"http:\/\/eepurl.com\/be6y7L\" target=\"_blank\" rel=\"noopener\">F\u00e9vrier<\/a><\/li>\n<li><a href=\"http:\/\/eepurl.com\/bmsGhP\" target=\"_blank\" rel=\"noopener\">Mai<\/a><\/li>\n<li><a href=\"http:\/\/eepurl.com\/brhOiH\" target=\"_blank\" rel=\"noopener\">Juin<\/a><\/li>\n<\/ul>\n<p>[\/vc_column_text][\/vc_column_inner][vc_column_inner width=\u00a0\u00bb1\/4&Prime;][vc_column_text]<\/p>\n<h4 style=\"text-align: left;\"><b>2013-2014<\/b><\/h4>\n<ul>\n<li><a href=\"http:\/\/www2.carrefourfga.com\/SARCA\/infolettre0913.php\" target=\"_blank\" rel=\"noopener\">Septembre<\/a><\/li>\n<li><a href=\"http:\/\/www2.carrefourfga.com\/SARCA\/infolettre1013.php\" target=\"_blank\" rel=\"noopener\">Octobre<\/a><\/li>\n<li><a href=\"http:\/\/www2.carrefourfga.com\/SARCA\/infolettre1213.php\" target=\"_blank\" rel=\"noopener\">D\u00e9cembre<\/a><\/li>\n<li><a href=\"http:\/\/www2.carrefourfga.com\/SARCA\/infolettre1402.php\" target=\"_blank\" rel=\"noopener\">F\u00e9vrier<\/a><\/li>\n<li><a href=\"http:\/\/www2.carrefourfga.com\/SARCA\/infolettre1404.php\" target=\"_blank\" rel=\"noopener\">Avril<\/a><\/li>\n<li><a href=\"http:\/\/www2.carrefourfga.com\/SARCA\/infolettre1406.php\" target=\"_blank\" rel=\"noopener\">Juin<\/a><\/li>\n<\/ul>\n<p>[\/vc_column_text][\/vc_column_inner][vc_column_inner width=\u00a0\u00bb1\/4&Prime;][vc_column_text]<\/p>\n<h4 style=\"text-align: left;\"><b>2012-2013<\/b><\/h4>\n<ul>\n<li><a href=\"http:\/\/www2.carrefourfga.com\/SARCA\/infolettre0513.php\" target=\"_blank\" rel=\"noopener\">Mai<\/a><\/li>\n<li><a href=\"http:\/\/www2.carrefourfga.com\/SARCA\/infolettre0613.php\" target=\"_blank\" rel=\"noopener\">Juin<\/a><\/li>\n<\/ul>\n<p>[\/vc_column_text][\/vc_column_inner][\/vc_row_inner][vc_empty_space height=\u00a0\u00bb30px\u00a0\u00bb][\/vc_column][\/vc_row]<\/p>\n<\/div><\/section>","protected":false},"excerpt":{"rendered":"<p>[vc_row rtl_reverse=\u00a0\u00bbyes\u00a0\u00bb css_animation=\u00a0\u00bb\u00a0\u00bb row_type=\u00a0\u00bbrow\u00a0\u00bb use_row_as_full_screen_section=\u00a0\u00bbyes\u00a0\u00bb type=\u00a0\u00bbfull_width\u00a0\u00bb angled_section=\u00a0\u00bbno\u00a0\u00bb text_align=\u00a0\u00bbleft\u00a0\u00bb background_image_as_pattern=\u00a0\u00bbwithout_pattern\u00a0\u00bb z_index=\u00a0\u00bb\u00a0\u00bb css=\u00a0\u00bb.vc_custom_1568836096525{background-color: #ffffff !important;}\u00a0\u00bb el_id=\u00a0\u00bb2013-2014&Prime;][vc_column css_animation=\u00a0\u00bbfadeInLeft\u00a0\u00bb width=\u00a0\u00bb1\/2&Prime; css=\u00a0\u00bb.vc_custom_1569874229904{padding-top: 25px !important;padding-right: 50px !important;padding-bottom: 25px !important;padding-left: 50px !important;background-image: url(http:\/\/www.carrefourfga.ca\/SARCA-DEAFP\/wp-content\/uploads\/2019\/09\/info2.jpg?id=1834) !important;background-position: center !important;background-repeat: no-repeat !important;background-size: cover !important;}\u00a0\u00bb][vc_empty_space height=\u00a0\u00bb40px\u00a0\u00bb][vc_column_text] INFOLETTRES [\/vc_column_text][vc_empty_space height=\u00a0\u00bb50px\u00a0\u00bb][vc_column_text] Soyez inform\u00e9 sur les nouveaut\u00e9s du site, les&#8230;<\/p>\n","protected":false},"author":1,"featured_media":0,"parent":15722,"menu_order":12,"comment_status":"closed","ping_status":"closed","template":"full_width.php","meta":{"om_disable_all_campaigns":false,"_monsterinsights_skip_tracking":false,"_monsterinsights_sitenote_active":false,"_monsterinsights_sitenote_note":"","_monsterinsights_sitenote_category":0,"footnotes":"","_links_to":"","_links_to_target":""},"_links":{"self":[{"href":"https:\/\/www.carrefourfga.ca\/SARCA-DEAFP\/wp-json\/wp\/v2\/pages\/1677"}],"collection":[{"href":"https:\/\/www.carrefourfga.ca\/SARCA-DEAFP\/wp-json\/wp\/v2\/pages"}],"about":[{"href":"https:\/\/www.carrefourfga.ca\/SARCA-DEAFP\/wp-json\/wp\/v2\/types\/page"}],"author":[{"embeddable":true,"href":"https:\/\/www.carrefourfga.ca\/SARCA-DEAFP\/wp-json\/wp\/v2\/users\/1"}],"replies":[{"embeddable":true,"href":"https:\/\/www.carrefourfga.ca\/SARCA-DEAFP\/wp-json\/wp\/v2\/comments?post=1677"}],"version-history":[{"count":32,"href":"https:\/\/www.carrefourfga.ca\/SARCA-DEAFP\/wp-json\/wp\/v2\/pages\/1677\/revisions"}],"predecessor-version":[{"id":1837,"href":"https:\/\/www.carrefourfga.ca\/SARCA-DEAFP\/wp-json\/wp\/v2\/pages\/1677\/revisions\/1837"}],"up":[{"embeddable":true,"href":"https:\/\/www.carrefourfga.ca\/SARCA-DEAFP\/wp-json\/wp\/v2\/pages\/15722"}],"wp:attachment":[{"href":"https:\/\/www.carrefourfga.ca\/SARCA-DEAFP\/wp-json\/wp\/v2\/media?parent=1677"}],"curies":[{"name":"wp","href":"https:\/\/api.w.org\/{rel}","templated":true}]}}