{"id":195,"date":"2016-02-22T13:14:22","date_gmt":"2016-02-22T13:14:22","guid":{"rendered":"http:\/\/bridge11.qodeinteractive.com\/?page_id=11"},"modified":"2017-11-20T16:51:39","modified_gmt":"2017-11-20T20:51:39","slug":"a-propos","status":"publish","type":"page","link":"http:\/\/www.carrefourfga.ca\/murdepartage\/a-propos\/","title":{"rendered":"\u00c0 propos"},"content":{"rendered":"<section class=\"wpb-content-wrapper\"><p>[vc_row css_animation=\u00a0\u00bb\u00a0\u00bb row_type=\u00a0\u00bbrow\u00a0\u00bb use_row_as_full_screen_section=\u00a0\u00bbno\u00a0\u00bb type=\u00a0\u00bbgrid\u00a0\u00bb angled_section=\u00a0\u00bbno\u00a0\u00bb text_align=\u00a0\u00bbleft\u00a0\u00bb background_image_as_pattern=\u00a0\u00bbwithout_pattern\u00a0\u00bb css=\u00a0\u00bb.vc_custom_1508956267444{padding-top: 56px !important;padding-bottom: 96px !important;}\u00a0\u00bb][vc_column css=\u00a0\u00bb.vc_custom_1456415394485{padding-right: 3% !important;}\u00a0\u00bb offset=\u00a0\u00bbvc_col-lg-6 vc_col-md-6 vc_col-xs-12&Prime;][vc_single_image image=\u00a0\u00bb243&Prime; img_size=\u00a0\u00bbfull\u00a0\u00bb alignment=\u00a0\u00bbcenter\u00a0\u00bb qode_css_animation=\u00a0\u00bb\u00a0\u00bb][vc_separator type=\u00a0\u00bbtransparent\u00a0\u00bb thickness=\u00a0\u00bb0&Prime; up=\u00a0\u00bb27&Prime; down=\u00a0\u00bb0&Prime;][\/vc_column][vc_column offset=\u00a0\u00bbvc_col-lg-6 vc_col-md-6 vc_col-xs-12&Prime;][vc_column_text]<\/p>\n<h2>Mur de PARTAGE<\/h2>\n<p>Le mur de partage permet le rayonnement du travail qui se fait dans toutes les r\u00e9gions et dans toutes les commissions scolaires (CS) du Qu\u00e9bec. Les conseillers p\u00e9dagogiques et les enseignants d\u00e9veloppeurs sont invit\u00e9s \u00e0 y inscrire les dossiers sur lesquels ils travaillent durant l&rsquo;ann\u00e9e scolaire en cours ainsi que leurs champs d&rsquo;expertise.<\/p>\n<p>&nbsp;<\/p>\n<h4>LES BUTS DU MUR SONT :<\/h4>\n<p>&gt; \u00c9viter le d\u00e9doublement de travail et ainsi optimiser les ressources (humaines et financi\u00e8res)<br \/>\n&gt; Cr\u00e9er des \u00e9quipes de travail interCS<br \/>\n&gt; Partager l&rsquo;expertise locale au niveau provincial[\/vc_column_text][vc_separator type=\u00a0\u00bbtransparent\u00a0\u00bb thickness=\u00a0\u00bb0&Prime; up=\u00a0\u00bb43&Prime; down=\u00a0\u00bb0&Prime;][vc_separator type=\u00a0\u00bbtransparent\u00a0\u00bb thickness=\u00a0\u00bb0&Prime; up=\u00a0\u00bb27&Prime; down=\u00a0\u00bb0&Prime;][\/vc_column][\/vc_row]<\/p>\n<\/section>","protected":false},"excerpt":{"rendered":"<p>[vc_row css_animation=\u00a0\u00bb\u00a0\u00bb row_type=\u00a0\u00bbrow\u00a0\u00bb use_row_as_full_screen_section=\u00a0\u00bbno\u00a0\u00bb type=\u00a0\u00bbgrid\u00a0\u00bb angled_section=\u00a0\u00bbno\u00a0\u00bb text_align=\u00a0\u00bbleft\u00a0\u00bb background_image_as_pattern=\u00a0\u00bbwithout_pattern\u00a0\u00bb css=\u00a0\u00bb.vc_custom_1508956267444{padding-top: 56px !important;padding-bottom: 96px !important;}\u00a0\u00bb][vc_column css=\u00a0\u00bb.vc_custom_1456415394485{padding-right: 3% !important;}\u00a0\u00bb offset=\u00a0\u00bbvc_col-lg-6 vc_col-md-6 vc_col-xs-12&Prime;][vc_single_image image=\u00a0\u00bb243&Prime; img_size=\u00a0\u00bbfull\u00a0\u00bb alignment=\u00a0\u00bbcenter\u00a0\u00bb qode_css_animation=\u00a0\u00bb\u00a0\u00bb][vc_separator type=\u00a0\u00bbtransparent\u00a0\u00bb thickness=\u00a0\u00bb0&Prime; up=\u00a0\u00bb27&Prime; down=\u00a0\u00bb0&Prime;][\/vc_column][vc_column offset=\u00a0\u00bbvc_col-lg-6 vc_col-md-6 vc_col-xs-12&Prime;][vc_column_text] Mur de PARTAGE Le mur de partage permet le rayonnement du travail qui se fait&#8230;<\/p>\n","protected":false},"author":1,"featured_media":0,"parent":0,"menu_order":0,"comment_status":"closed","ping_status":"closed","template":"full_width.php","meta":{"footnotes":""},"_links":{"self":[{"href":"http:\/\/www.carrefourfga.ca\/murdepartage\/wp-json\/wp\/v2\/pages\/195"}],"collection":[{"href":"http:\/\/www.carrefourfga.ca\/murdepartage\/wp-json\/wp\/v2\/pages"}],"about":[{"href":"http:\/\/www.carrefourfga.ca\/murdepartage\/wp-json\/wp\/v2\/types\/page"}],"author":[{"embeddable":true,"href":"http:\/\/www.carrefourfga.ca\/murdepartage\/wp-json\/wp\/v2\/users\/1"}],"replies":[{"embeddable":true,"href":"http:\/\/www.carrefourfga.ca\/murdepartage\/wp-json\/wp\/v2\/comments?post=195"}],"version-history":[{"count":9,"href":"http:\/\/www.carrefourfga.ca\/murdepartage\/wp-json\/wp\/v2\/pages\/195\/revisions"}],"predecessor-version":[{"id":663,"href":"http:\/\/www.carrefourfga.ca\/murdepartage\/wp-json\/wp\/v2\/pages\/195\/revisions\/663"}],"wp:attachment":[{"href":"http:\/\/www.carrefourfga.ca\/murdepartage\/wp-json\/wp\/v2\/media?parent=195"}],"curies":[{"name":"wp","href":"https:\/\/api.w.org\/{rel}","templated":true}]}}