{"id":7434,"date":"2020-02-13T16:16:33","date_gmt":"2020-02-13T21:16:33","guid":{"rendered":"http:\/\/www.carrefourfga.ca\/english\/?page_id=7434"},"modified":"2020-11-02T12:18:11","modified_gmt":"2020-11-02T17:18:11","slug":"basic-education-and-francization-in-the-workplace","status":"publish","type":"page","link":"http:\/\/www.carrefourfga.ca\/english\/basic-education-and-francization-in-the-workplace\/","title":{"rendered":"Basic Education and Francization in the workplace"},"content":{"rendered":"<section class=\"wpb-content-wrapper\"><p>[vc_row full_height=&#8221;yes&#8221; equal_height=&#8221;yes&#8221; css=&#8221;.vc_custom_1582663615917{background-image: url(http:\/\/www.carrefourfga.ca\/english\/wp-content\/uploads\/2017\/02\/bg2.jpg?id=2991) !important;background-position: center !important;background-repeat: no-repeat !important;background-size: cover !important;}&#8221;][vc_column css=&#8221;.vc_custom_1557402769361{margin-left: 50px !important;background-position: center !important;background-repeat: no-repeat !important;background-size: cover !important;}&#8221;][vc_row_inner equal_height=&#8221;yes&#8221; content_placement=&#8221;middle&#8221; css=&#8221;.vc_custom_1582663918900{margin-right: 30px !important;margin-left: 0px !important;}&#8221;][vc_column_inner width=&#8221;1\/4&#8243; css=&#8221;.vc_custom_1557489386229{background-color: #000000 !important;}&#8221;][vc_empty_space][vc_column_text css=&#8221;.vc_custom_1604337337536{margin-right: 25px !important;margin-left: 25px !important;}&#8221;]<\/p>\n<h2><span style=\"color: #ffffff; letter-spacing: 1px;\">DEAFP information<\/span><br \/>\n<span style=\"color: #c44b49; letter-spacing: 1px;\">Basic Education and Francization in the workplace<\/span> <span style=\"color: #ffffff; letter-spacing: 1px; font-size: 15px;\">(french content)<\/span><\/h2>\n<p>[\/vc_column_text][vc_empty_space height=&#8221;44px&#8221;][vc_empty_space height=&#8221;52px&#8221;][\/vc_column_inner][vc_column_inner width=&#8221;2\/4&#8243; css=&#8221;.vc_custom_1582663794935{padding-right: 15px !important;padding-left: 0px !important;background-color: #ffffff !important;}&#8221;][vc_empty_space][vc_column_text el_class=&#8221;marginLeft&#8221;]<\/p>\n<ul>\n<li><a href=\"http:\/\/www.carrefourfga.ca\/en\/wp-content\/uploads\/2017\/10\/1-ppt-orientation-22-sept.pdf\" target=\"_blank\" rel=\"noopener noreferrer\">Orientations minist\u00e9rielles \u00e0 l\u2019\u00e9gard de l\u2019offre de la formation g\u00e9n\u00e9rale de base et de la francisation en entreprise<\/a><\/li>\n<li><a href=\"http:\/\/www.carrefourfga.ca\/en\/wp-content\/uploads\/2017\/10\/2-Pr%C3%A9sentation_PEICA_SAE_ac.pdf\" target=\"_blank\" rel=\"noopener noreferrer\">Programme pour l\u2019\u00e9valuation internationale des comp\u00e9tences des adultes (PEICA)<\/a><\/li>\n<li><a href=\"http:\/\/www.carrefourfga.ca\/en\/wp-content\/uploads\/2017\/10\/3-PP_La-Francisation-en-entreprise-RN-2-15-22-sept17.pdf\" target=\"_blank\" rel=\"noopener noreferrer\">\u00c9laboration d\u2019un cadre de r\u00e9f\u00e9rence pour la francisation en entreprise<\/a><\/li>\n<li><a href=\"http:\/\/www.carrefourfga.ca\/en\/wp-content\/uploads\/2017\/10\/4-Presentation_PPT_FGBE_19sept17.pdf\" target=\"_blank\" rel=\"noopener noreferrer\">Travaux r\u00e9alis\u00e9s conjointement entre le Minist\u00e8re et le Comit\u00e9 sur la formation g\u00e9n\u00e9rale de base en entreprise de la TREAQFP<\/a><\/li>\n<li><a href=\"http:\/\/www.carrefourfga.ca\/en\/wp-content\/uploads\/2017\/10\/5-Plan-dintervention-en-formation-de-base-2017.pdf\" target=\"_blank\" rel=\"noopener noreferrer\">Plan d\u2019intervention en mati\u00e8re de rehaussement et de maintien des comp\u00e9tences aupr\u00e8s des partenaires du march\u00e9 du travail<\/a><\/li>\n<li><a href=\"http:\/\/www.carrefourfga.ca\/en\/wp-content\/uploads\/2017\/10\/6-PP_DMSEP2_MEES_08-09-17.pdf\" target=\"_blank\" rel=\"noopener noreferrer\">Mesures de formation de la main-d\u2019\u0153uvre \u2013 volet entreprises par Emploi-Qu\u00e9bec<\/a><\/li>\n<li><a href=\"http:\/\/www.carrefourfga.ca\/en\/wp-content\/uploads\/2017\/10\/7-r%C3%A8gles-budg%C3%A9taires-15-22-sept.pptx\">Mesures pr\u00e9vues aux r\u00e8gles budg\u00e9taires des centres de services scolaires<\/a><\/li>\n<\/ul>\n<p>[\/vc_column_text][vc_empty_space height=&#8221;62px&#8221;][\/vc_column_inner][vc_column_inner width=&#8221;1\/4&#8243;][\/vc_column_inner][\/vc_row_inner][vc_empty_space][\/vc_column][\/vc_row]<\/p>\n<\/section>","protected":false},"excerpt":{"rendered":"<p>[vc_row full_height=&#8221;yes&#8221; equal_height=&#8221;yes&#8221; css=&#8221;.vc_custom_1582663615917{background-image: url(http:\/\/www.carrefourfga.ca\/english\/wp-content\/uploads\/2017\/02\/bg2.jpg?id=2991) !important;background-position: center !important;background-repeat: no-repeat !important;background-size: cover !important;}&#8221;][vc_column css=&#8221;.vc_custom_1557402769361{margin-left: 50px !important;background-position: center [&hellip;]<\/p>\n","protected":false},"author":1,"featured_media":0,"parent":0,"menu_order":0,"comment_status":"closed","ping_status":"closed","template":"full-width.php","meta":{"footnotes":"","_links_to":"","_links_to_target":""},"_links":{"self":[{"href":"http:\/\/www.carrefourfga.ca\/english\/wp-json\/wp\/v2\/pages\/7434"}],"collection":[{"href":"http:\/\/www.carrefourfga.ca\/english\/wp-json\/wp\/v2\/pages"}],"about":[{"href":"http:\/\/www.carrefourfga.ca\/english\/wp-json\/wp\/v2\/types\/page"}],"author":[{"embeddable":true,"href":"http:\/\/www.carrefourfga.ca\/english\/wp-json\/wp\/v2\/users\/1"}],"replies":[{"embeddable":true,"href":"http:\/\/www.carrefourfga.ca\/english\/wp-json\/wp\/v2\/comments?post=7434"}],"version-history":[{"count":22,"href":"http:\/\/www.carrefourfga.ca\/english\/wp-json\/wp\/v2\/pages\/7434\/revisions"}],"predecessor-version":[{"id":7853,"href":"http:\/\/www.carrefourfga.ca\/english\/wp-json\/wp\/v2\/pages\/7434\/revisions\/7853"}],"wp:attachment":[{"href":"http:\/\/www.carrefourfga.ca\/english\/wp-json\/wp\/v2\/media?parent=7434"}],"curies":[{"name":"wp","href":"https:\/\/api.w.org\/{rel}","templated":true}]}}