{"id":320,"date":"2017-02-17T11:38:04","date_gmt":"2017-02-17T16:38:04","guid":{"rendered":"http:\/\/www.carrefourfga.ca\/?page_id=320"},"modified":"2020-02-21T13:30:41","modified_gmt":"2020-02-21T18:30:41","slug":"accompagnement-national","status":"publish","type":"page","link":"http:\/\/www.carrefourfga.ca\/english\/accompagnement-national\/","title":{"rendered":"Accompagnement national"},"content":{"rendered":"<section class=\"wpb-content-wrapper\"><p>[vc_row bottom_padding=&#8221;10px&#8221; css=&#8221;.vc_custom_1582309736839{margin-top: 15px !important;margin-right: 30px !important;margin-bottom: 15px !important;margin-left: 30px !important;}&#8221;][vc_column width=&#8221;1\/2&#8243;][vc_single_image image=&#8221;2689&#8243; img_size=&#8221;full&#8221; css=&#8221;.vc_custom_1549902934638{margin-top: 15px !important;margin-bottom: 15px !important;}&#8221;][\/vc_column][vc_column width=&#8221;1\/2&#8243;][vc_row_inner][vc_column_inner][vc_column_text]<\/p>\n<h3><strong>Accompagnement national<\/strong><\/h3>\n<p><strong>Afin d\u2019apporter le support n\u00e9cessaire aux enseignantes et aux enseignants dans le cadre de la mise en \u0153uvre des nouveaux programmes, la DEAFP offre cette ann\u00e9e un accompagnement portant sur diff\u00e9rents aspects du programme d\u2019\u00e9tudes et de l\u2019\u00e9valuation.<\/strong>[\/vc_column_text][vc_empty_space height=&#8221;15px&#8221;]<div class=\"qodef-news-holder qodef-layout6 img_rond qodef-news-columns-2 qodef-tiny-space\"  data-post-status=\"publish\" data-category-name=\"m_acc_nat\" data-post-in=\"6401,6405,6408,6417,6422,6425,6427,6430\" data-ignore-sticky-posts=\"1\" data-orderby=\"comment_count\" data-order=\"DESC\" data-posts-per-page=\"8\" data-sort=\"comments\" data-paged=\"1\" data-max-num-pages=\"1\" data-next-page=\"2\" data-title-tag=\"h5\" data-image-size=\"custom\" data-custom-image-width=\"40\" data-custom-image-height=\"40\" data-display-date=\"no\" data-date-format=\"difference\" data-layout=\"qodef_layout6\"><div class=\"qodef-news-list-inner qodef-outer-space\" data-number-of-items=\"1\"   data-slider-speed=\"5000\" data-slider-speed-animation=\"600\"  ><div class=\"qodef-news-item qodef-layout6-item qodef-item-space\">\n\t<div class=\"qodef-ni-item-inner\">\n\t\t<div class=\"qodef-ni-image-holder\">\n\t\t\t\t<div class=\"qodef-post-image\">\n\t\t<a itemprop=\"url\" href=\"http:\/\/www.accompagnementfga.ca\/isp\/\" title=\"Int\u00e9gration socioprofessionnelle\">\n\t\t\t<span class=\"qodef-post-image-overlay\"><\/span>\n\t\t\t<img src=\"http:\/\/www.carrefourfga.ca\/english\/wp-content\/uploads\/2019\/04\/adult-chair-digital-nomad-1181252-40x40.jpg\" alt=\"\" width=\"40\" height=\"40\" \/>\t\t<\/a>\n\t<\/div>\n\t\t<\/div>\n\t\t<div class=\"qodef-ni-content\">\n\t\t\t<div class=\"qodef-ni-info qodef-ni-info-top\">\n\t\t\t\t\t\t\t<\/div>\n\t\t\t\n<h5 itemprop=\"name\" class=\"entry-title qodef-post-title\">\n\t<a itemprop=\"url\" href=\"http:\/\/www.accompagnementfga.ca\/isp\/\" title=\"Int\u00e9gration socioprofessionnelle\">\n\t\tInt\u00e9gration socioprofessionnelle\t<\/a>\n<\/h5>\t\t<\/div>\n\t<\/div>\n<\/div><div class=\"qodef-news-item qodef-layout6-item qodef-item-space\">\n\t<div class=\"qodef-ni-item-inner\">\n\t\t<div class=\"qodef-ni-image-holder\">\n\t\t\t\t<div class=\"qodef-post-image\">\n\t\t<a itemprop=\"url\" href=\"http:\/\/www.accompagnementfga.ca\/fle\/\" title=\"Fran\u00e7ais, langue d\u2019enseignement\">\n\t\t\t<span class=\"qodef-post-image-overlay\"><\/span>\n\t\t\t<img src=\"http:\/\/www.carrefourfga.ca\/english\/wp-content\/uploads\/2019\/03\/blur-book-girl-373465-40x40.jpg\" alt=\"\" width=\"40\" height=\"40\" \/>\t\t<\/a>\n\t<\/div>\n\t\t<\/div>\n\t\t<div class=\"qodef-ni-content\">\n\t\t\t<div class=\"qodef-ni-info qodef-ni-info-top\">\n\t\t\t\t\t\t\t<\/div>\n\t\t\t\n<h5 itemprop=\"name\" class=\"entry-title qodef-post-title\">\n\t<a itemprop=\"url\" href=\"http:\/\/www.accompagnementfga.ca\/fle\/\" title=\"Fran\u00e7ais, langue d\u2019enseignement\">\n\t\tFran\u00e7ais, langue d\u2019enseignement\t<\/a>\n<\/h5>\t\t<\/div>\n\t<\/div>\n<\/div><div class=\"qodef-news-item qodef-layout6-item qodef-item-space\">\n\t<div class=\"qodef-ni-item-inner\">\n\t\t<div class=\"qodef-ni-image-holder\">\n\t\t\t\t<div class=\"qodef-post-image\">\n\t\t<a itemprop=\"url\" href=\"http:\/\/www.accompagnementfga.ca\/fls\/\" title=\"Fran\u00e7ais, langue seconde\">\n\t\t\t<span class=\"qodef-post-image-overlay\"><\/span>\n\t\t\t<img src=\"http:\/\/www.carrefourfga.ca\/english\/wp-content\/uploads\/2019\/03\/adult-architecture-black-and-white-247899-40x40.jpg\" alt=\"\" width=\"40\" height=\"40\" \/>\t\t<\/a>\n\t<\/div>\n\t\t<\/div>\n\t\t<div class=\"qodef-ni-content\">\n\t\t\t<div class=\"qodef-ni-info qodef-ni-info-top\">\n\t\t\t\t\t\t\t<\/div>\n\t\t\t\n<h5 itemprop=\"name\" class=\"entry-title qodef-post-title\">\n\t<a itemprop=\"url\" href=\"http:\/\/www.accompagnementfga.ca\/fls\/\" title=\"Fran\u00e7ais, langue seconde\">\n\t\tFran\u00e7ais, langue seconde\t<\/a>\n<\/h5>\t\t<\/div>\n\t<\/div>\n<\/div><div class=\"qodef-news-item qodef-layout6-item qodef-item-space\">\n\t<div class=\"qodef-ni-item-inner\">\n\t\t<div class=\"qodef-ni-image-holder\">\n\t\t\t\t<div class=\"qodef-post-image\">\n\t\t<a itemprop=\"url\" href=\"http:\/\/www.accompagnementfga.ca\/francisation\" title=\"Francisation\">\n\t\t\t<span class=\"qodef-post-image-overlay\"><\/span>\n\t\t\t<img src=\"http:\/\/www.carrefourfga.ca\/english\/wp-content\/uploads\/2017\/02\/Sans-titre-2-40x40.png\" alt=\"\" width=\"40\" height=\"40\" \/>\t\t<\/a>\n\t<\/div>\n\t\t<\/div>\n\t\t<div class=\"qodef-ni-content\">\n\t\t\t<div class=\"qodef-ni-info qodef-ni-info-top\">\n\t\t\t\t\t\t\t<\/div>\n\t\t\t\n<h5 itemprop=\"name\" class=\"entry-title qodef-post-title\">\n\t<a itemprop=\"url\" href=\"http:\/\/www.accompagnementfga.ca\/francisation\" title=\"Francisation\">\n\t\tFrancisation\t<\/a>\n<\/h5>\t\t<\/div>\n\t<\/div>\n<\/div><div class=\"qodef-news-item qodef-layout6-item qodef-item-space\">\n\t<div class=\"qodef-ni-item-inner\">\n\t\t<div class=\"qodef-ni-image-holder\">\n\t\t\t\t<div class=\"qodef-post-image\">\n\t\t<a itemprop=\"url\" href=\"http:\/\/www.accompagnementfga.ca\/mathematique\" title=\"Math\u00e9matiques\">\n\t\t\t<span class=\"qodef-post-image-overlay\"><\/span>\n\t\t\t<img src=\"http:\/\/www.carrefourfga.ca\/english\/wp-content\/uploads\/2010\/04\/accounting-blur-button-1028726-40x40.jpg\" alt=\"\" width=\"40\" height=\"40\" \/>\t\t<\/a>\n\t<\/div>\n\t\t<\/div>\n\t\t<div class=\"qodef-ni-content\">\n\t\t\t<div class=\"qodef-ni-info qodef-ni-info-top\">\n\t\t\t\t\t\t\t<\/div>\n\t\t\t\n<h5 itemprop=\"name\" class=\"entry-title qodef-post-title\">\n\t<a itemprop=\"url\" href=\"http:\/\/www.accompagnementfga.ca\/mathematique\" title=\"Math\u00e9matiques\">\n\t\tMath\u00e9matiques\t<\/a>\n<\/h5>\t\t<\/div>\n\t<\/div>\n<\/div><div class=\"qodef-news-item qodef-layout6-item qodef-item-space\">\n\t<div class=\"qodef-ni-item-inner\">\n\t\t<div class=\"qodef-ni-image-holder\">\n\t\t\t\t<div class=\"qodef-post-image\">\n\t\t<a itemprop=\"url\" href=\"http:\/\/www.accompagnementfga.ca\/stcpb\/\" title=\"Science et technologie\">\n\t\t\t<span class=\"qodef-post-image-overlay\"><\/span>\n\t\t\t<img src=\"http:\/\/www.carrefourfga.ca\/english\/wp-content\/uploads\/2019\/04\/art-artistic-background-247676-40x40.jpg\" alt=\"\" width=\"40\" height=\"40\" \/>\t\t<\/a>\n\t<\/div>\n\t\t<\/div>\n\t\t<div class=\"qodef-ni-content\">\n\t\t\t<div class=\"qodef-ni-info qodef-ni-info-top\">\n\t\t\t\t\t\t\t<\/div>\n\t\t\t\n<h5 itemprop=\"name\" class=\"entry-title qodef-post-title\">\n\t<a itemprop=\"url\" href=\"http:\/\/www.accompagnementfga.ca\/stcpb\/\" title=\"Science et technologie\">\n\t\tScience et technologie\t<\/a>\n<\/h5>\t\t<\/div>\n\t<\/div>\n<\/div><div class=\"qodef-news-item qodef-layout6-item qodef-item-space\">\n\t<div class=\"qodef-ni-item-inner\">\n\t\t<div class=\"qodef-ni-image-holder\">\n\t\t\t\t<div class=\"qodef-post-image\">\n\t\t<a itemprop=\"url\" href=\"http:\/\/www.accompagnementfga.ca\/informatique\/\" title=\"Informatique\">\n\t\t\t<span class=\"qodef-post-image-overlay\"><\/span>\n\t\t\t<img src=\"http:\/\/www.carrefourfga.ca\/english\/wp-content\/uploads\/2019\/01\/pexels-photo-238118-1-40x40.jpeg\" alt=\"\" width=\"40\" height=\"40\" \/>\t\t<\/a>\n\t<\/div>\n\t\t<\/div>\n\t\t<div class=\"qodef-ni-content\">\n\t\t\t<div class=\"qodef-ni-info qodef-ni-info-top\">\n\t\t\t\t\t\t\t<\/div>\n\t\t\t\n<h5 itemprop=\"name\" class=\"entry-title qodef-post-title\">\n\t<a itemprop=\"url\" href=\"http:\/\/www.accompagnementfga.ca\/informatique\/\" title=\"Informatique\">\n\t\tInformatique\t<\/a>\n<\/h5>\t\t<\/div>\n\t<\/div>\n<\/div><div class=\"qodef-news-item qodef-layout6-item qodef-item-space\">\n\t<div class=\"qodef-ni-item-inner\">\n\t\t<div class=\"qodef-ni-image-holder\">\n\t\t\t\t<div class=\"qodef-post-image\">\n\t\t<a itemprop=\"url\" href=\"http:\/\/www.accompagnementfga.ca\/universsocial\/\" title=\"Univers social\">\n\t\t\t<span class=\"qodef-post-image-overlay\"><\/span>\n\t\t\t<img src=\"http:\/\/www.carrefourfga.ca\/english\/wp-content\/uploads\/2019\/04\/buildings-busy-street-pedestrians-510419-40x40.jpg\" alt=\"\" width=\"40\" height=\"40\" \/>\t\t<\/a>\n\t<\/div>\n\t\t<\/div>\n\t\t<div class=\"qodef-ni-content\">\n\t\t\t<div class=\"qodef-ni-info qodef-ni-info-top\">\n\t\t\t\t\t\t\t<\/div>\n\t\t\t\n<h5 itemprop=\"name\" class=\"entry-title qodef-post-title\">\n\t<a itemprop=\"url\" href=\"http:\/\/www.accompagnementfga.ca\/universsocial\/\" title=\"Univers social\">\n\t\tUnivers social\t<\/a>\n<\/h5>\t\t<\/div>\n\t<\/div>\n<\/div><\/div><\/div><div class=\"qodef-news-holder qodef-layout6 img_rond qodef-news-columns-2 qodef-tiny-space\"  data-post-status=\"publish\" data-category-name=\"m_acc_nat\" data-post-in=\"6410,6413\" data-ignore-sticky-posts=\"1\" data-orderby=\"comment_count\" data-order=\"DESC\" data-posts-per-page=\"2\" data-sort=\"comments\" data-paged=\"1\" data-max-num-pages=\"1\" data-next-page=\"2\" data-title-tag=\"h5\" data-image-size=\"custom\" data-custom-image-width=\"40\" data-custom-image-height=\"40\" data-display-date=\"no\" data-date-format=\"difference\" data-layout=\"qodef_layout6\"><div class=\"qodef-news-list-inner qodef-outer-space\" data-number-of-items=\"1\"   data-slider-speed=\"5000\" data-slider-speed-animation=\"600\"  ><div class=\"qodef-news-item qodef-layout6-item qodef-item-space\">\n\t<div class=\"qodef-ni-item-inner\">\n\t\t<div class=\"qodef-ni-image-holder\">\n\t\t\t\t<div class=\"qodef-post-image\">\n\t\t<a itemprop=\"url\" href=\"http:\/\/www.accompagnementfga.ca\/esl\" title=\"English as a Second Language\">\n\t\t\t<span class=\"qodef-post-image-overlay\"><\/span>\n\t\t\t<img src=\"http:\/\/www.carrefourfga.ca\/english\/wp-content\/uploads\/2010\/04\/adult-business-meeting-business-people-1438072-40x40.jpg\" alt=\"\" width=\"40\" height=\"40\" \/>\t\t<\/a>\n\t<\/div>\n\t\t<\/div>\n\t\t<div class=\"qodef-ni-content\">\n\t\t\t<div class=\"qodef-ni-info qodef-ni-info-top\">\n\t\t\t\t\t\t\t<\/div>\n\t\t\t\n<h5 itemprop=\"name\" class=\"entry-title qodef-post-title\">\n\t<a itemprop=\"url\" href=\"http:\/\/www.accompagnementfga.ca\/esl\" title=\"English as a Second Language\">\n\t\tEnglish as a Second Language\t<\/a>\n<\/h5>\t\t<\/div>\n\t<\/div>\n<\/div><div class=\"qodef-news-item qodef-layout6-item qodef-item-space\">\n\t<div class=\"qodef-ni-item-inner\">\n\t\t<div class=\"qodef-ni-image-holder\">\n\t\t\t\t<div class=\"qodef-post-image\">\n\t\t<a itemprop=\"url\" href=\"http:\/\/www.accompagnementfga.ca\/eli-ela\/\" title=\"English Language of Instruction and English Language Arts\">\n\t\t\t<span class=\"qodef-post-image-overlay\"><\/span>\n\t\t\t<img src=\"http:\/\/www.carrefourfga.ca\/english\/wp-content\/uploads\/2010\/04\/learning-notebook-notes-6342-40x40.jpg\" alt=\"\" width=\"40\" height=\"40\" \/>\t\t<\/a>\n\t<\/div>\n\t\t<\/div>\n\t\t<div class=\"qodef-ni-content\">\n\t\t\t<div class=\"qodef-ni-info qodef-ni-info-top\">\n\t\t\t\t\t\t\t<\/div>\n\t\t\t\n<h5 itemprop=\"name\" class=\"entry-title qodef-post-title\">\n\t<a itemprop=\"url\" href=\"http:\/\/www.accompagnementfga.ca\/eli-ela\/\" title=\"English Language of Instruction and English Language Arts\">\n\t\tEnglish Language of Instruction and English Language Arts\t<\/a>\n<\/h5>\t\t<\/div>\n\t<\/div>\n<\/div><\/div><\/div>[\/vc_column_inner][\/vc_row_inner][vc_tta_accordion active_section=&#8221;0&#8243; collapsible_all=&#8221;true&#8221; css=&#8221;.vc_custom_1549490831307{margin-top: 20px !important;}&#8221;][vc_tta_section title=&#8221;Documents Int\u00e9gration sociale&#8221; tab_id=&#8221;1510948797112-ca75aed5-9daf&#8221;][vc_column_text]La direction de l\u2019\u00e9ducation des adultes et de la formation continue du MEES, en collaboration avec le r\u00e9seau, a d\u00e9velopp\u00e9 l\u2019outil d\u2019analyse et d\u2019orientation afin de guider le personnel des centres lors de l\u2019admission d\u2019un\u00a0adulte au programme d\u2019\u00e9tudes\u00a0<i>Int\u00e9gration sociale.<\/i><\/p>\n<p class=\"x_desc\">Il s\u2019agit d\u2019un<span class=\"x_apple-converted-space\">\u00a0<\/span><strong>outil non prescrit<\/strong><span class=\"x_apple-converted-space\">\u00a0<\/span>qui<span class=\"x_apple-converted-space\">\u00a0<\/span><strong>peut \u00eatre adapt\u00e9 ou personnalis\u00e9<\/strong><span class=\"x_apple-converted-space\">\u00a0<\/span>en fonction des besoins des milieux.<\/p>\n<ul>\n<li class=\"x_desc\"><a href=\"http:\/\/www.carrefourfga.ca\/wp-content\/uploads\/2017\/06\/Outil.docx\">Outil d\u2019analyse et d\u2019orientation de la client\u00e8le vis\u00e9e par le programme d\u2019\u00e9tudes int\u00e9gration sociale<br \/>\n<\/a><\/li>\n<li class=\"x_desc\"><a href=\"http:\/\/www.carrefourfga.ca\/wp-content\/uploads\/2017\/02\/outil_compilation-Excel-CollectInfo.xlsx\">Outil de compilation Excel CollectInfo<\/a><\/li>\n<\/ul>\n<hr \/>\n<p>Rencontre nationale des gestionnaires et des responsables\u00a0du soutien p\u00e9dagogique (26-27 janvier 2017)<\/p>\n<ul>\n<li><a href=\"http:\/\/www.carrefourfga.com\/documents\/Rencontre%20nationale%2026-27%20janvier%202017.pdf\" target=\"_blank\" rel=\"noopener noreferrer\">Les adultes vis\u00e9s par le programme d\u2019\u00e9tudes Int\u00e9gration sociale\u00a0de la formation g\u00e9n\u00e9rale des adultes<\/a><\/li>\n<li><a href=\"http:\/\/www.carrefourfga.com\/documents\/DHS%20en%20integration%20sociale.pdf\" target=\"_blank\" rel=\"noopener noreferrer\">Cours du d\u00e9veloppement des habilet\u00e9s sp\u00e9cifiques (DHS) en int\u00e9gration sociale<\/a><\/li>\n<\/ul>\n<hr \/>\n<p>S\u00e9ances d&#8217;information (21 et 27 novembre 2017)<\/p>\n<ul>\n<li><a href=\"http:\/\/www.carrefourfga.ca\/wp-content\/uploads\/2017\/12\/DHS-2127novembre-2017.pptx\">S\u00e9ances d\u2019information sur les codes de cours de d\u00e9veloppement d\u2019habilet\u00e9s sp\u00e9cifiques (DHS)<\/a><\/li>\n<li><a href=\"http:\/\/www.carrefourfga.ca\/wp-content\/uploads\/2017\/02\/Foire-aux-questions-DHS.pdf\" target=\"_blank\" rel=\"noopener noreferrer\">Foire aux questions DHS<\/a><\/li>\n<li><a href=\"http:\/\/www.carrefourfga.ca\/wp-content\/uploads\/2017\/12\/SI-DHS-nov-2017.docx\" target=\"_blank\" rel=\"noopener noreferrer\">\u00c9valuation des s\u00e9ances d\u2019information<\/a><\/li>\n<\/ul>\n<hr \/>\n<p>Webinaire concernant la d\u00e9marche soutenant la d\u00e9claration d\u2019\u00e9l\u00e8ves dans les codes de cours DHS (novembre 2018)<\/p>\n<ul>\n<li><a href=\"http:\/\/www.carrefourfga.ca\/wp-content\/uploads\/2018\/12\/PPT_webinaire_cours-DHS-21-nov-2018.pdf\">Pr\u00e9sentation<\/a><\/li>\n<li><a href=\"https:\/\/youtu.be\/7hAGK0OYPB8\" target=\"_blank\" rel=\"noopener noreferrer\">Enregistrement<\/a><\/li>\n<\/ul>\n<p>[\/vc_column_text][\/vc_tta_section][vc_tta_section title=&#8221;Grille d&#8217;appr\u00e9ciation du mat\u00e9riel d&#8217;apprentissage&#8221; tab_id=&#8221;1510948797230-d1fbbded-2c10&#8243;][vc_column_text]La direction de l\u2019\u00e9ducation des adultes et de la formation continue du MEES, en collaboration avec le r\u00e9seau, a d\u00e9velopp\u00e9 une grille d\u2019appr\u00e9ciation du mat\u00e9riel d\u2019apprentissage pour aider les enseignants et les conseillers p\u00e9dagogiques \u00e0 choisir leur mat\u00e9riel didactique.<\/p>\n<p class=\"desc\">Il s\u2019agit d\u2019un <strong>outil non prescrit<\/strong> qui <strong>peut \u00eatre adapt\u00e9 ou modifi\u00e9<\/strong> en fonction des besoins.<\/p>\n<p class=\"desc\">\u00c0 la demande du r\u00e9seau, cette grille est rendue disponible en <strong>version provisoire<\/strong>, en attendant que la version finale soit d\u00e9pos\u00e9e, accompagn\u00e9e d\u2019un guide d\u2019accompagnement qui apportera des pr\u00e9cisions sur l\u2019utilisation de la grille.<\/p>\n<p class=\"desc\">Une deuxi\u00e8me version de la grille a \u00e9t\u00e9 con\u00e7ue pour permettre l\u2019appr\u00e9ciation des guides dont les situations d\u2019apprentissage, les t\u00e2ches ou les activit\u00e9s ne sont pas pr\u00e9sent\u00e9es selon les\u00a0phases de pr\u00e9paration, de r\u00e9alisation et d\u2019int\u00e9gration. Elle contient g\u00e9n\u00e9ralement les m\u00eames \u00e9nonc\u00e9s que ceux de la premi\u00e8re grille, mais regroup\u00e9s diff\u00e9remment.<\/p>\n<p class=\"desc\">Vous pouvez <a href=\"http:\/\/www.carrefourfga.com\/documents\/PPT_atelier.pdf\" target=\"_blank\" rel=\"noopener noreferrer\">consulter\u00a0le PowerPoint<\/a> qui a \u00e9t\u00e9 utilis\u00e9 pour pr\u00e9senter l\u2019outil lors de la Rencontre nationale des gestionnaires et des responsables du soutien p\u00e9dagogique (27 janvier 2017)<\/p>\n<ul>\n<li><a href=\"http:\/\/www.carrefourfga.com\/documents\/Grille_FGA_13fevrier2017_phases.xlsx\">Grille d\u2019appr\u00e9ciation du mat\u00e9riel d\u2019apprentissage<\/a><\/li>\n<li><a href=\"http:\/\/www.carrefourfga.com\/documents\/Grille_FGA_13fevrier2017.xlsx\">Grille d\u2019appr\u00e9ciation du mat\u00e9riel d\u2019apprentissage<br \/>\n(version sans les phases de pr\u00e9paration, de r\u00e9alisation et d\u2019int\u00e9gration)<\/a><\/li>\n<\/ul>\n<p>[\/vc_column_text][\/vc_tta_section][\/vc_tta_accordion][\/vc_column][\/vc_row][vc_row css=&#8221;.vc_custom_1549491007866{margin-bottom: 40px !important;}&#8221;][vc_column][\/vc_column][\/vc_row]<\/p>\n<\/section>","protected":false},"excerpt":{"rendered":"<p>[vc_row bottom_padding=&#8221;10px&#8221; css=&#8221;.vc_custom_1582309736839{margin-top: 15px !important;margin-right: 30px !important;margin-bottom: 15px !important;margin-left: 30px !important;}&#8221;][vc_column width=&#8221;1\/2&#8243;][vc_single_image image=&#8221;2689&#8243; img_size=&#8221;full&#8221; css=&#8221;.vc_custom_1549902934638{margin-top: 15px [&hellip;]<\/p>\n","protected":false},"author":1,"featured_media":0,"parent":0,"menu_order":0,"comment_status":"closed","ping_status":"closed","template":"full-width.php","meta":{"footnotes":"","_links_to":"","_links_to_target":""},"_links":{"self":[{"href":"http:\/\/www.carrefourfga.ca\/english\/wp-json\/wp\/v2\/pages\/320"}],"collection":[{"href":"http:\/\/www.carrefourfga.ca\/english\/wp-json\/wp\/v2\/pages"}],"about":[{"href":"http:\/\/www.carrefourfga.ca\/english\/wp-json\/wp\/v2\/types\/page"}],"author":[{"embeddable":true,"href":"http:\/\/www.carrefourfga.ca\/english\/wp-json\/wp\/v2\/users\/1"}],"replies":[{"embeddable":true,"href":"http:\/\/www.carrefourfga.ca\/english\/wp-json\/wp\/v2\/comments?post=320"}],"version-history":[{"count":24,"href":"http:\/\/www.carrefourfga.ca\/english\/wp-json\/wp\/v2\/pages\/320\/revisions"}],"predecessor-version":[{"id":7554,"href":"http:\/\/www.carrefourfga.ca\/english\/wp-json\/wp\/v2\/pages\/320\/revisions\/7554"}],"wp:attachment":[{"href":"http:\/\/www.carrefourfga.ca\/english\/wp-json\/wp\/v2\/media?parent=320"}],"curies":[{"name":"wp","href":"https:\/\/api.w.org\/{rel}","templated":true}]}}